{"id":37056,"date":"2025-02-19T12:02:25","date_gmt":"2025-02-19T10:02:25","guid":{"rendered":"https:\/\/brilune.eu\/?post_type=product&#038;p=37056"},"modified":"2025-02-19T12:13:37","modified_gmt":"2025-02-19T10:13:37","slug":"musdienigs-stiligs-kresls","status":"publish","type":"product","link":"https:\/\/brilune.eu\/lv\/product\/musdienigs-stiligs-kresls\/","title":{"rendered":"M\u016bsdien\u012bgs stil\u012bgs kr\u0113sls"},"content":{"rendered":"<p>Modernais, stil\u012bgais kr\u0113sls pied\u0101v\u0101 perfektu grezn\u012bbas un komforta kombin\u0101ciju. Izgatavots no augst\u0101k\u0101s kvalit\u0101tes materi\u0101liem, tam ir polster\u0113ts s\u0113deklis un atzveltne, kas \u013caus jums justies \u0113rti un atp\u016bsties.<br \/>\nIzm\u0113ri: 60\u00d763\u00d772 cm<br \/>\nMateri\u0101li: m\u0101ksl\u012bg\u0101 \u0101da, audums.<\/p>\n","protected":false},"excerpt":{"rendered":"<p>Modernais, stil\u012bgais kr\u0113sls pied\u0101v\u0101 perfektu grezn\u012bbas un komforta kombin\u0101ciju. Izgatavots no augst\u0101k\u0101s kvalit\u0101tes materi\u0101liem, tam ir polster\u0113ts s\u0113deklis un atzveltne, kas nodro\u0161in\u0101s&#8230;<\/p>\n","protected":false},"featured_media":6203,"comment_status":"open","ping_status":"closed","template":"","meta":[],"product_brand":[],"product_cat":[1391,5513],"product_tag":[],"class_list":{"0":"post-37056","1":"product","2":"type-product","3":"status-publish","4":"has-post-thumbnail","6":"product_cat-atputas-kresls","7":"product_cat-atputas-kresls-kresli-4","9":"first","10":"instock","11":"shipping-taxable","12":"purchasable","13":"product-type-simple"},"yoast_head":"<!-- This site is optimized with the Yoast SEO plugin v26.0 - https:\/\/yoast.com\/wordpress\/plugins\/seo\/ -->\n<title>M\u016bsdien\u012bgs stil\u012bgs kr\u0113sls<\/title>\n<meta name=\"description\" content=\"Modernais, stil\u012bgais kr\u0113sls pied\u0101v\u0101 perfektu grezn\u012bbas un komforta kombin\u0101ciju. Izgatavots no augst\u0101k\u0101s kvalit\u0101tes materi\u0101liem, tam ir polster\u0113ts s\u0113deklis un atzveltne, kas nodro\u0161in\u0101s...\" \/>\n<meta name=\"robots\" content=\"index, follow, max-snippet:-1, max-image-preview:large, max-video-preview:-1\" \/>\n<link rel=\"canonical\" href=\"https:\/\/brilune.eu\/lv\/product\/musdienigs-stiligs-kresls\/\" \/>\n<meta property=\"og:locale\" content=\"lv_LV\" \/>\n<meta property=\"og:type\" content=\"article\" \/>\n<meta property=\"og:title\" content=\"M\u016bsdien\u012bgs stil\u012bgs kr\u0113sls\" \/>\n<meta property=\"og:description\" content=\"Modernais, stil\u012bgais kr\u0113sls pied\u0101v\u0101 perfektu grezn\u012bbas un komforta kombin\u0101ciju. Izgatavots no augst\u0101k\u0101s kvalit\u0101tes materi\u0101liem, tam ir polster\u0113ts s\u0113deklis un atzveltne, kas nodro\u0161in\u0101s...\" \/>\n<meta property=\"og:url\" content=\"https:\/\/brilune.eu\/lv\/product\/musdienigs-stiligs-kresls\/\" \/>\n<meta property=\"og:site_name\" content=\"Brilune\" \/>\n<meta property=\"article:modified_time\" content=\"2025-02-19T10:13:37+00:00\" \/>\n<meta property=\"og:image\" content=\"https:\/\/brilune.eu\/wp-content\/uploads\/2025\/01\/8-12.jpg\" \/>\n\t<meta property=\"og:image:width\" content=\"800\" \/>\n\t<meta property=\"og:image:height\" content=\"800\" \/>\n\t<meta property=\"og:image:type\" content=\"image\/jpeg\" \/>\n<meta name=\"twitter:card\" content=\"summary_large_image\" \/>\n<script type=\"application\/ld+json\" class=\"yoast-schema-graph\">{\"@context\":\"https:\/\/schema.org\",\"@graph\":[{\"@type\":\"WebPage\",\"@id\":\"https:\/\/brilune.eu\/lv\/product\/musdienigs-stiligs-kresls\/\",\"url\":\"https:\/\/brilune.eu\/lv\/product\/musdienigs-stiligs-kresls\/\",\"name\":\"M\u016bsdien\u012bgs stil\u012bgs kr\u0113sls\",\"isPartOf\":{\"@id\":\"https:\/\/brilune.eu\/lv\/#website\"},\"primaryImageOfPage\":{\"@id\":\"https:\/\/brilune.eu\/lv\/product\/musdienigs-stiligs-kresls\/#primaryimage\"},\"image\":{\"@id\":\"https:\/\/brilune.eu\/lv\/product\/musdienigs-stiligs-kresls\/#primaryimage\"},\"thumbnailUrl\":\"https:\/\/brilune.eu\/wp-content\/uploads\/2025\/01\/8-12.jpg\",\"datePublished\":\"2025-02-19T10:02:25+00:00\",\"dateModified\":\"2025-02-19T10:13:37+00:00\",\"description\":\"Modernais, stil\u012bgais kr\u0113sls pied\u0101v\u0101 perfektu grezn\u012bbas un komforta kombin\u0101ciju. Izgatavots no augst\u0101k\u0101s kvalit\u0101tes materi\u0101liem, tam ir polster\u0113ts s\u0113deklis un atzveltne, kas nodro\u0161in\u0101s...\",\"breadcrumb\":{\"@id\":\"https:\/\/brilune.eu\/lv\/product\/musdienigs-stiligs-kresls\/#breadcrumb\"},\"inLanguage\":\"lv-LV\",\"potentialAction\":[{\"@type\":\"ReadAction\",\"target\":[\"https:\/\/brilune.eu\/lv\/product\/musdienigs-stiligs-kresls\/\"]}]},{\"@type\":\"ImageObject\",\"inLanguage\":\"lv-LV\",\"@id\":\"https:\/\/brilune.eu\/lv\/product\/musdienigs-stiligs-kresls\/#primaryimage\",\"url\":\"https:\/\/brilune.eu\/wp-content\/uploads\/2025\/01\/8-12.jpg\",\"contentUrl\":\"https:\/\/brilune.eu\/wp-content\/uploads\/2025\/01\/8-12.jpg\",\"width\":800,\"height\":800},{\"@type\":\"BreadcrumbList\",\"@id\":\"https:\/\/brilune.eu\/lv\/product\/musdienigs-stiligs-kresls\/#breadcrumb\",\"itemListElement\":[{\"@type\":\"ListItem\",\"position\":1,\"name\":\"S\u0101kums\",\"item\":\"https:\/\/brilune.eu\/lv\/brilune-mebeles\/\"},{\"@type\":\"ListItem\",\"position\":2,\"name\":\"Visi produkti\",\"item\":\"https:\/\/brilune.eu\/lv\/shop\/\"},{\"@type\":\"ListItem\",\"position\":3,\"name\":\"M\u016bsdien\u012bgs stil\u012bgs kr\u0113sls\"}]},{\"@type\":\"WebSite\",\"@id\":\"https:\/\/brilune.eu\/lv\/#website\",\"url\":\"https:\/\/brilune.eu\/lv\/\",\"name\":\"Brilune\",\"description\":\"M\u0113s pied\u0101v\u0101jam unik\u0101lus un nebiju\u0161us dizainus, kas apvieno eleganci, funkcionalit\u0101ti un rado\u0161umu.\",\"potentialAction\":[{\"@type\":\"SearchAction\",\"target\":{\"@type\":\"EntryPoint\",\"urlTemplate\":\"https:\/\/brilune.eu\/lv\/?s={search_term_string}\"},\"query-input\":{\"@type\":\"PropertyValueSpecification\",\"valueRequired\":true,\"valueName\":\"search_term_string\"}}],\"inLanguage\":\"lv-LV\"}]}<\/script>\n<!-- \/ Yoast SEO plugin. -->","yoast_head_json":{"title":"M\u016bsdien\u012bgs stil\u012bgs kr\u0113sls","description":"Modernais, stil\u012bgais kr\u0113sls pied\u0101v\u0101 perfektu grezn\u012bbas un komforta kombin\u0101ciju. Izgatavots no augst\u0101k\u0101s kvalit\u0101tes materi\u0101liem, tam ir polster\u0113ts s\u0113deklis un atzveltne, kas nodro\u0161in\u0101s...","robots":{"index":"index","follow":"follow","max-snippet":"max-snippet:-1","max-image-preview":"max-image-preview:large","max-video-preview":"max-video-preview:-1"},"canonical":"https:\/\/brilune.eu\/lv\/product\/musdienigs-stiligs-kresls\/","og_locale":"lv_LV","og_type":"article","og_title":"M\u016bsdien\u012bgs stil\u012bgs kr\u0113sls","og_description":"Modernais, stil\u012bgais kr\u0113sls pied\u0101v\u0101 perfektu grezn\u012bbas un komforta kombin\u0101ciju. Izgatavots no augst\u0101k\u0101s kvalit\u0101tes materi\u0101liem, tam ir polster\u0113ts s\u0113deklis un atzveltne, kas nodro\u0161in\u0101s...","og_url":"https:\/\/brilune.eu\/lv\/product\/musdienigs-stiligs-kresls\/","og_site_name":"Brilune","article_modified_time":"2025-02-19T10:13:37+00:00","og_image":[{"width":800,"height":800,"url":"https:\/\/brilune.eu\/wp-content\/uploads\/2025\/01\/8-12.jpg","type":"image\/jpeg"}],"twitter_card":"summary_large_image","schema":{"@context":"https:\/\/schema.org","@graph":[{"@type":"WebPage","@id":"https:\/\/brilune.eu\/lv\/product\/musdienigs-stiligs-kresls\/","url":"https:\/\/brilune.eu\/lv\/product\/musdienigs-stiligs-kresls\/","name":"M\u016bsdien\u012bgs stil\u012bgs kr\u0113sls","isPartOf":{"@id":"https:\/\/brilune.eu\/lv\/#website"},"primaryImageOfPage":{"@id":"https:\/\/brilune.eu\/lv\/product\/musdienigs-stiligs-kresls\/#primaryimage"},"image":{"@id":"https:\/\/brilune.eu\/lv\/product\/musdienigs-stiligs-kresls\/#primaryimage"},"thumbnailUrl":"https:\/\/brilune.eu\/wp-content\/uploads\/2025\/01\/8-12.jpg","datePublished":"2025-02-19T10:02:25+00:00","dateModified":"2025-02-19T10:13:37+00:00","description":"Modernais, stil\u012bgais kr\u0113sls pied\u0101v\u0101 perfektu grezn\u012bbas un komforta kombin\u0101ciju. Izgatavots no augst\u0101k\u0101s kvalit\u0101tes materi\u0101liem, tam ir polster\u0113ts s\u0113deklis un atzveltne, kas nodro\u0161in\u0101s...","breadcrumb":{"@id":"https:\/\/brilune.eu\/lv\/product\/musdienigs-stiligs-kresls\/#breadcrumb"},"inLanguage":"lv-LV","potentialAction":[{"@type":"ReadAction","target":["https:\/\/brilune.eu\/lv\/product\/musdienigs-stiligs-kresls\/"]}]},{"@type":"ImageObject","inLanguage":"lv-LV","@id":"https:\/\/brilune.eu\/lv\/product\/musdienigs-stiligs-kresls\/#primaryimage","url":"https:\/\/brilune.eu\/wp-content\/uploads\/2025\/01\/8-12.jpg","contentUrl":"https:\/\/brilune.eu\/wp-content\/uploads\/2025\/01\/8-12.jpg","width":800,"height":800},{"@type":"BreadcrumbList","@id":"https:\/\/brilune.eu\/lv\/product\/musdienigs-stiligs-kresls\/#breadcrumb","itemListElement":[{"@type":"ListItem","position":1,"name":"S\u0101kums","item":"https:\/\/brilune.eu\/lv\/brilune-mebeles\/"},{"@type":"ListItem","position":2,"name":"Visi produkti","item":"https:\/\/brilune.eu\/lv\/shop\/"},{"@type":"ListItem","position":3,"name":"M\u016bsdien\u012bgs stil\u012bgs kr\u0113sls"}]},{"@type":"WebSite","@id":"https:\/\/brilune.eu\/lv\/#website","url":"https:\/\/brilune.eu\/lv\/","name":"Brilune","description":"M\u0113s pied\u0101v\u0101jam unik\u0101lus un nebiju\u0161us dizainus, kas apvieno eleganci, funkcionalit\u0101ti un rado\u0161umu.","potentialAction":[{"@type":"SearchAction","target":{"@type":"EntryPoint","urlTemplate":"https:\/\/brilune.eu\/lv\/?s={search_term_string}"},"query-input":{"@type":"PropertyValueSpecification","valueRequired":true,"valueName":"search_term_string"}}],"inLanguage":"lv-LV"}]}},"jetpack_sharing_enabled":true,"_links":{"self":[{"href":"https:\/\/brilune.eu\/lv\/wp-json\/wp\/v2\/product\/37056","targetHints":{"allow":["GET"]}}],"collection":[{"href":"https:\/\/brilune.eu\/lv\/wp-json\/wp\/v2\/product"}],"about":[{"href":"https:\/\/brilune.eu\/lv\/wp-json\/wp\/v2\/types\/product"}],"replies":[{"embeddable":true,"href":"https:\/\/brilune.eu\/lv\/wp-json\/wp\/v2\/comments?post=37056"}],"version-history":[{"count":1,"href":"https:\/\/brilune.eu\/lv\/wp-json\/wp\/v2\/product\/37056\/revisions"}],"predecessor-version":[{"id":37102,"href":"https:\/\/brilune.eu\/lv\/wp-json\/wp\/v2\/product\/37056\/revisions\/37102"}],"wp:featuredmedia":[{"embeddable":true,"href":"https:\/\/brilune.eu\/lv\/wp-json\/wp\/v2\/media\/6203"}],"wp:attachment":[{"href":"https:\/\/brilune.eu\/lv\/wp-json\/wp\/v2\/media?parent=37056"}],"wp:term":[{"taxonomy":"product_brand","embeddable":true,"href":"https:\/\/brilune.eu\/lv\/wp-json\/wp\/v2\/product_brand?post=37056"},{"taxonomy":"product_cat","embeddable":true,"href":"https:\/\/brilune.eu\/lv\/wp-json\/wp\/v2\/product_cat?post=37056"},{"taxonomy":"product_tag","embeddable":true,"href":"https:\/\/brilune.eu\/lv\/wp-json\/wp\/v2\/product_tag?post=37056"}],"curies":[{"name":"wp","href":"https:\/\/api.w.org\/{rel}","templated":true}]}}