{"id":37050,"date":"2025-02-19T12:02:24","date_gmt":"2025-02-19T10:02:24","guid":{"rendered":"https:\/\/brilune.eu\/?post_type=product&#038;p=37050"},"modified":"2025-02-19T12:13:31","modified_gmt":"2025-02-19T10:13:31","slug":"adas-kresls-5","status":"publish","type":"product","link":"https:\/\/brilune.eu\/lv\/product\/adas-kresls-5\/","title":{"rendered":"\u0100das kr\u0113sls"},"content":{"rendered":"<p>Iegremd\u0113jiet sevi augst\u0101k\u0101s kvalit\u0101tes komfort\u0101 ar \u0161o kr\u0113slu. \u0160is kr\u0113sls ir apvilkts ar augst\u0101k\u0101s kvalit\u0101tes \u0101du, un tas izstaro eleganci un izsmalcin\u0101t\u012bbu, padarot to par ide\u0101lu papildin\u0101jumu jebkurai dz\u012bves telpai. \u0100das materi\u0101ls ir ne tikai iztur\u012bgs un iztur\u012bgs, bet ar\u012b viegli t\u012br\u0101ms, nodro\u0161inot, ka j\u016bsu atp\u016btas kr\u0113sls izskat\u012bsies k\u0101 jauns pat p\u0113c gadiem ilgas lieto\u0161anas.<br \/>\nAr klasisku dizainu un izciliem materi\u0101liem \u0161is kr\u0113sls ir m\u016b\u017e\u012bgs ieguld\u012bjums, kas pie\u0161\u0137irs izsmalcin\u0101t\u012bbu jebkurai j\u016bsu m\u0101jas telpai.<br \/>\nIzm\u0113ri: 78\u00d790\u00d798cm<br \/>\nMateri\u0101li: \u0101da, r\u0101mis: sapl\u0101ksnis, o\u0161a koks, spilvena pild\u012bjums: putas un sint\u0113tisk\u0101 \u0161\u0137iedra, k\u0101jas: met\u0101ls.<\/p>\n","protected":false},"excerpt":{"rendered":"<p>Iegremd\u0113jiet sevi augst\u0101k\u0101s kvalit\u0101tes komfort\u0101 ar \u0161o kr\u0113slu. \u0160is kr\u0113sls ir apvilkts ar augst\u0101k\u0101s kvalit\u0101tes \u0101du, un tas izstaro eleganci un izsmalcin\u0101t\u012bbu, padarot to par perfektu&#8230;<\/p>\n","protected":false},"featured_media":6173,"comment_status":"open","ping_status":"closed","template":"","meta":[],"product_brand":[],"product_cat":[5513,1391],"product_tag":[],"class_list":{"0":"post-37050","1":"product","2":"type-product","3":"status-publish","4":"has-post-thumbnail","6":"product_cat-atputas-kresls-kresli-4","7":"product_cat-atputas-kresls","9":"first","10":"instock","11":"shipping-taxable","12":"purchasable","13":"product-type-simple"},"yoast_head":"<!-- This site is optimized with the Yoast SEO plugin v26.0 - https:\/\/yoast.com\/wordpress\/plugins\/seo\/ -->\n<title>\u0100das kr\u0113sls<\/title>\n<meta name=\"description\" content=\"Iegremd\u0113jiet sevi augst\u0101k\u0101s kvalit\u0101tes komfort\u0101 ar \u0161o kr\u0113slu. \u0160is kr\u0113sls ir apvilkts ar augst\u0101k\u0101s kvalit\u0101tes \u0101du, un tas izstaro eleganci un izsmalcin\u0101t\u012bbu, padarot to par perfektu...\" \/>\n<meta name=\"robots\" content=\"index, follow, max-snippet:-1, max-image-preview:large, max-video-preview:-1\" \/>\n<link rel=\"canonical\" href=\"https:\/\/brilune.eu\/lv\/product\/adas-kresls-5\/\" \/>\n<meta property=\"og:locale\" content=\"lv_LV\" \/>\n<meta property=\"og:type\" content=\"article\" \/>\n<meta property=\"og:title\" content=\"\u0100das kr\u0113sls\" \/>\n<meta property=\"og:description\" content=\"Iegremd\u0113jiet sevi augst\u0101k\u0101s kvalit\u0101tes komfort\u0101 ar \u0161o kr\u0113slu. \u0160is kr\u0113sls ir apvilkts ar augst\u0101k\u0101s kvalit\u0101tes \u0101du, un tas izstaro eleganci un izsmalcin\u0101t\u012bbu, padarot to par perfektu...\" \/>\n<meta property=\"og:url\" content=\"https:\/\/brilune.eu\/lv\/product\/adas-kresls-5\/\" \/>\n<meta property=\"og:site_name\" content=\"Brilune\" \/>\n<meta property=\"article:modified_time\" content=\"2025-02-19T10:13:31+00:00\" \/>\n<meta property=\"og:image\" content=\"https:\/\/brilune.eu\/wp-content\/uploads\/2025\/01\/5-13-3.jpg\" \/>\n\t<meta property=\"og:image:width\" content=\"800\" \/>\n\t<meta property=\"og:image:height\" content=\"800\" \/>\n\t<meta property=\"og:image:type\" content=\"image\/jpeg\" \/>\n<meta name=\"twitter:card\" content=\"summary_large_image\" \/>\n<meta name=\"twitter:label1\" content=\"Est. reading time\" \/>\n\t<meta name=\"twitter:data1\" content=\"1 minute\" \/>\n<script type=\"application\/ld+json\" class=\"yoast-schema-graph\">{\"@context\":\"https:\/\/schema.org\",\"@graph\":[{\"@type\":\"WebPage\",\"@id\":\"https:\/\/brilune.eu\/lv\/product\/adas-kresls-5\/\",\"url\":\"https:\/\/brilune.eu\/lv\/product\/adas-kresls-5\/\",\"name\":\"\u0100das kr\u0113sls\",\"isPartOf\":{\"@id\":\"https:\/\/brilune.eu\/lv\/#website\"},\"primaryImageOfPage\":{\"@id\":\"https:\/\/brilune.eu\/lv\/product\/adas-kresls-5\/#primaryimage\"},\"image\":{\"@id\":\"https:\/\/brilune.eu\/lv\/product\/adas-kresls-5\/#primaryimage\"},\"thumbnailUrl\":\"https:\/\/brilune.eu\/wp-content\/uploads\/2025\/01\/5-13-3.jpg\",\"datePublished\":\"2025-02-19T10:02:24+00:00\",\"dateModified\":\"2025-02-19T10:13:31+00:00\",\"description\":\"Iegremd\u0113jiet sevi augst\u0101k\u0101s kvalit\u0101tes komfort\u0101 ar \u0161o kr\u0113slu. \u0160is kr\u0113sls ir apvilkts ar augst\u0101k\u0101s kvalit\u0101tes \u0101du, un tas izstaro eleganci un izsmalcin\u0101t\u012bbu, padarot to par perfektu...\",\"breadcrumb\":{\"@id\":\"https:\/\/brilune.eu\/lv\/product\/adas-kresls-5\/#breadcrumb\"},\"inLanguage\":\"lv-LV\",\"potentialAction\":[{\"@type\":\"ReadAction\",\"target\":[\"https:\/\/brilune.eu\/lv\/product\/adas-kresls-5\/\"]}]},{\"@type\":\"ImageObject\",\"inLanguage\":\"lv-LV\",\"@id\":\"https:\/\/brilune.eu\/lv\/product\/adas-kresls-5\/#primaryimage\",\"url\":\"https:\/\/brilune.eu\/wp-content\/uploads\/2025\/01\/5-13-3.jpg\",\"contentUrl\":\"https:\/\/brilune.eu\/wp-content\/uploads\/2025\/01\/5-13-3.jpg\",\"width\":800,\"height\":800},{\"@type\":\"BreadcrumbList\",\"@id\":\"https:\/\/brilune.eu\/lv\/product\/adas-kresls-5\/#breadcrumb\",\"itemListElement\":[{\"@type\":\"ListItem\",\"position\":1,\"name\":\"S\u0101kums\",\"item\":\"https:\/\/brilune.eu\/lv\/brilune-mebeles\/\"},{\"@type\":\"ListItem\",\"position\":2,\"name\":\"Visi produkti\",\"item\":\"https:\/\/brilune.eu\/lv\/shop\/\"},{\"@type\":\"ListItem\",\"position\":3,\"name\":\"\u0100das kr\u0113sls\"}]},{\"@type\":\"WebSite\",\"@id\":\"https:\/\/brilune.eu\/lv\/#website\",\"url\":\"https:\/\/brilune.eu\/lv\/\",\"name\":\"Brilune\",\"description\":\"M\u0113s pied\u0101v\u0101jam unik\u0101lus un nebiju\u0161us dizainus, kas apvieno eleganci, funkcionalit\u0101ti un rado\u0161umu.\",\"potentialAction\":[{\"@type\":\"SearchAction\",\"target\":{\"@type\":\"EntryPoint\",\"urlTemplate\":\"https:\/\/brilune.eu\/lv\/?s={search_term_string}\"},\"query-input\":{\"@type\":\"PropertyValueSpecification\",\"valueRequired\":true,\"valueName\":\"search_term_string\"}}],\"inLanguage\":\"lv-LV\"}]}<\/script>\n<!-- \/ Yoast SEO plugin. -->","yoast_head_json":{"title":"\u0100das kr\u0113sls","description":"Iegremd\u0113jiet sevi augst\u0101k\u0101s kvalit\u0101tes komfort\u0101 ar \u0161o kr\u0113slu. \u0160is kr\u0113sls ir apvilkts ar augst\u0101k\u0101s kvalit\u0101tes \u0101du, un tas izstaro eleganci un izsmalcin\u0101t\u012bbu, padarot to par perfektu...","robots":{"index":"index","follow":"follow","max-snippet":"max-snippet:-1","max-image-preview":"max-image-preview:large","max-video-preview":"max-video-preview:-1"},"canonical":"https:\/\/brilune.eu\/lv\/product\/adas-kresls-5\/","og_locale":"lv_LV","og_type":"article","og_title":"\u0100das kr\u0113sls","og_description":"Iegremd\u0113jiet sevi augst\u0101k\u0101s kvalit\u0101tes komfort\u0101 ar \u0161o kr\u0113slu. \u0160is kr\u0113sls ir apvilkts ar augst\u0101k\u0101s kvalit\u0101tes \u0101du, un tas izstaro eleganci un izsmalcin\u0101t\u012bbu, padarot to par perfektu...","og_url":"https:\/\/brilune.eu\/lv\/product\/adas-kresls-5\/","og_site_name":"Brilune","article_modified_time":"2025-02-19T10:13:31+00:00","og_image":[{"width":800,"height":800,"url":"https:\/\/brilune.eu\/wp-content\/uploads\/2025\/01\/5-13-3.jpg","type":"image\/jpeg"}],"twitter_card":"summary_large_image","twitter_misc":{"Est. reading time":"1 minute"},"schema":{"@context":"https:\/\/schema.org","@graph":[{"@type":"WebPage","@id":"https:\/\/brilune.eu\/lv\/product\/adas-kresls-5\/","url":"https:\/\/brilune.eu\/lv\/product\/adas-kresls-5\/","name":"\u0100das kr\u0113sls","isPartOf":{"@id":"https:\/\/brilune.eu\/lv\/#website"},"primaryImageOfPage":{"@id":"https:\/\/brilune.eu\/lv\/product\/adas-kresls-5\/#primaryimage"},"image":{"@id":"https:\/\/brilune.eu\/lv\/product\/adas-kresls-5\/#primaryimage"},"thumbnailUrl":"https:\/\/brilune.eu\/wp-content\/uploads\/2025\/01\/5-13-3.jpg","datePublished":"2025-02-19T10:02:24+00:00","dateModified":"2025-02-19T10:13:31+00:00","description":"Iegremd\u0113jiet sevi augst\u0101k\u0101s kvalit\u0101tes komfort\u0101 ar \u0161o kr\u0113slu. \u0160is kr\u0113sls ir apvilkts ar augst\u0101k\u0101s kvalit\u0101tes \u0101du, un tas izstaro eleganci un izsmalcin\u0101t\u012bbu, padarot to par perfektu...","breadcrumb":{"@id":"https:\/\/brilune.eu\/lv\/product\/adas-kresls-5\/#breadcrumb"},"inLanguage":"lv-LV","potentialAction":[{"@type":"ReadAction","target":["https:\/\/brilune.eu\/lv\/product\/adas-kresls-5\/"]}]},{"@type":"ImageObject","inLanguage":"lv-LV","@id":"https:\/\/brilune.eu\/lv\/product\/adas-kresls-5\/#primaryimage","url":"https:\/\/brilune.eu\/wp-content\/uploads\/2025\/01\/5-13-3.jpg","contentUrl":"https:\/\/brilune.eu\/wp-content\/uploads\/2025\/01\/5-13-3.jpg","width":800,"height":800},{"@type":"BreadcrumbList","@id":"https:\/\/brilune.eu\/lv\/product\/adas-kresls-5\/#breadcrumb","itemListElement":[{"@type":"ListItem","position":1,"name":"S\u0101kums","item":"https:\/\/brilune.eu\/lv\/brilune-mebeles\/"},{"@type":"ListItem","position":2,"name":"Visi produkti","item":"https:\/\/brilune.eu\/lv\/shop\/"},{"@type":"ListItem","position":3,"name":"\u0100das kr\u0113sls"}]},{"@type":"WebSite","@id":"https:\/\/brilune.eu\/lv\/#website","url":"https:\/\/brilune.eu\/lv\/","name":"Brilune","description":"M\u0113s pied\u0101v\u0101jam unik\u0101lus un nebiju\u0161us dizainus, kas apvieno eleganci, funkcionalit\u0101ti un rado\u0161umu.","potentialAction":[{"@type":"SearchAction","target":{"@type":"EntryPoint","urlTemplate":"https:\/\/brilune.eu\/lv\/?s={search_term_string}"},"query-input":{"@type":"PropertyValueSpecification","valueRequired":true,"valueName":"search_term_string"}}],"inLanguage":"lv-LV"}]}},"jetpack_sharing_enabled":true,"_links":{"self":[{"href":"https:\/\/brilune.eu\/lv\/wp-json\/wp\/v2\/product\/37050","targetHints":{"allow":["GET"]}}],"collection":[{"href":"https:\/\/brilune.eu\/lv\/wp-json\/wp\/v2\/product"}],"about":[{"href":"https:\/\/brilune.eu\/lv\/wp-json\/wp\/v2\/types\/product"}],"replies":[{"embeddable":true,"href":"https:\/\/brilune.eu\/lv\/wp-json\/wp\/v2\/comments?post=37050"}],"version-history":[{"count":1,"href":"https:\/\/brilune.eu\/lv\/wp-json\/wp\/v2\/product\/37050\/revisions"}],"predecessor-version":[{"id":37096,"href":"https:\/\/brilune.eu\/lv\/wp-json\/wp\/v2\/product\/37050\/revisions\/37096"}],"wp:featuredmedia":[{"embeddable":true,"href":"https:\/\/brilune.eu\/lv\/wp-json\/wp\/v2\/media\/6173"}],"wp:attachment":[{"href":"https:\/\/brilune.eu\/lv\/wp-json\/wp\/v2\/media?parent=37050"}],"wp:term":[{"taxonomy":"product_brand","embeddable":true,"href":"https:\/\/brilune.eu\/lv\/wp-json\/wp\/v2\/product_brand?post=37050"},{"taxonomy":"product_cat","embeddable":true,"href":"https:\/\/brilune.eu\/lv\/wp-json\/wp\/v2\/product_cat?post=37050"},{"taxonomy":"product_tag","embeddable":true,"href":"https:\/\/brilune.eu\/lv\/wp-json\/wp\/v2\/product_tag?post=37050"}],"curies":[{"name":"wp","href":"https:\/\/api.w.org\/{rel}","templated":true}]}}