{"id":36995,"date":"2025-02-19T12:01:35","date_gmt":"2025-02-19T10:01:35","guid":{"rendered":"https:\/\/brilune.eu\/?post_type=product&#038;p=36995"},"modified":"2025-02-19T12:13:17","modified_gmt":"2025-02-19T10:13:17","slug":"atzveltnes-kresls-gulamistabai","status":"publish","type":"product","link":"https:\/\/brilune.eu\/lv\/product\/atzveltnes-kresls-gulamistabai\/","title":{"rendered":"Atzveltnes kr\u0113sls gu\u013camistabai"},"content":{"rendered":"<p>Iegrimstiet \u0161\u012b gu\u013camistabas kr\u0113sla m\u012bkstaj\u0101 apsk\u0101vien\u0101 un izbaudiet nep\u0101rsp\u0113jamu komfortu. \u0160is kr\u0113sls ir izstr\u0101d\u0101ts ar visliel\u0101ko precizit\u0101ti un j\u016bsu atp\u016btu, un tas sola sv\u0113tlaim\u012bgu vientul\u012bbu garas dienas beig\u0101s. \u0112rts s\u0113deklis un atzveltne nodro\u0161ina izcilu atbalstu, ieskaujot j\u016bsu \u0137ermeni maiguma m\u0101kon\u012b. Neatkar\u012bgi no t\u0101, vai t\u0101 ir gr\u0101matas las\u012b\u0161ana, iecien\u012bt\u0101k\u0101 dz\u0113riena baud\u012b\u0161ana vai vienk\u0101r\u0161i miera mirklis, kr\u0113sls b\u016bs j\u016bsu ide\u0101ls pavadonis.<br \/>\nIzm\u0113ri: 72\u00d795\u00d776cm<br \/>\nMateri\u0101li: \u012bsta \u0101da, m\u0101ksl\u012bg\u0101 \u0101da, audums, samts, ka\u0161mirs.<\/p>\n","protected":false},"excerpt":{"rendered":"<p>Iegrimstiet \u0161\u012b gu\u013camistabas kr\u0113sla m\u012bkstaj\u0101 apsk\u0101vien\u0101 un izbaudiet nep\u0101rsp\u0113jamu komfortu. \u0160is c&#8230;<\/p>\n","protected":false},"featured_media":6050,"comment_status":"open","ping_status":"closed","template":"","meta":[],"product_brand":[],"product_cat":[1391,5513,5525],"product_tag":[],"class_list":{"0":"post-36995","1":"product","2":"type-product","3":"status-publish","4":"has-post-thumbnail","6":"product_cat-atputas-kresls","7":"product_cat-atputas-kresls-kresli-4","8":"product_cat-atzveltnes-kresls-kresli-4","10":"first","11":"instock","12":"shipping-taxable","13":"purchasable","14":"product-type-simple"},"yoast_head":"<!-- This site is optimized with the Yoast SEO plugin v26.0 - https:\/\/yoast.com\/wordpress\/plugins\/seo\/ -->\n<title>Atzveltnes kr\u0113sls gu\u013camistabai<\/title>\n<meta name=\"description\" content=\"Iegrimstiet \u0161\u012b gu\u013camistabas kr\u0113sla m\u012bkstaj\u0101 apsk\u0101vien\u0101 un izbaudiet nep\u0101rsp\u0113jamu komfortu. \u0160is c...\" \/>\n<meta name=\"robots\" content=\"index, follow, max-snippet:-1, max-image-preview:large, max-video-preview:-1\" \/>\n<link rel=\"canonical\" href=\"https:\/\/brilune.eu\/lv\/product\/atzveltnes-kresls-gulamistabai\/\" \/>\n<meta property=\"og:locale\" content=\"lv_LV\" \/>\n<meta property=\"og:type\" content=\"article\" \/>\n<meta property=\"og:title\" content=\"Atzveltnes kr\u0113sls gu\u013camistabai\" \/>\n<meta property=\"og:description\" content=\"Iegrimstiet \u0161\u012b gu\u013camistabas kr\u0113sla m\u012bkstaj\u0101 apsk\u0101vien\u0101 un izbaudiet nep\u0101rsp\u0113jamu komfortu. \u0160is c...\" \/>\n<meta property=\"og:url\" content=\"https:\/\/brilune.eu\/lv\/product\/atzveltnes-kresls-gulamistabai\/\" \/>\n<meta property=\"og:site_name\" content=\"Brilune\" \/>\n<meta property=\"article:modified_time\" content=\"2025-02-19T10:13:17+00:00\" \/>\n<meta property=\"og:image\" content=\"https:\/\/brilune.eu\/wp-content\/uploads\/2025\/01\/5-11-1.jpg\" \/>\n\t<meta property=\"og:image:width\" content=\"800\" \/>\n\t<meta property=\"og:image:height\" content=\"800\" \/>\n\t<meta property=\"og:image:type\" content=\"image\/jpeg\" \/>\n<meta name=\"twitter:card\" content=\"summary_large_image\" \/>\n<meta name=\"twitter:label1\" content=\"Est. reading time\" \/>\n\t<meta name=\"twitter:data1\" content=\"1 minute\" \/>\n<script type=\"application\/ld+json\" class=\"yoast-schema-graph\">{\"@context\":\"https:\/\/schema.org\",\"@graph\":[{\"@type\":\"WebPage\",\"@id\":\"https:\/\/brilune.eu\/lv\/product\/atzveltnes-kresls-gulamistabai\/\",\"url\":\"https:\/\/brilune.eu\/lv\/product\/atzveltnes-kresls-gulamistabai\/\",\"name\":\"Atzveltnes kr\u0113sls gu\u013camistabai\",\"isPartOf\":{\"@id\":\"https:\/\/brilune.eu\/lv\/#website\"},\"primaryImageOfPage\":{\"@id\":\"https:\/\/brilune.eu\/lv\/product\/atzveltnes-kresls-gulamistabai\/#primaryimage\"},\"image\":{\"@id\":\"https:\/\/brilune.eu\/lv\/product\/atzveltnes-kresls-gulamistabai\/#primaryimage\"},\"thumbnailUrl\":\"https:\/\/brilune.eu\/wp-content\/uploads\/2025\/01\/5-11-1.jpg\",\"datePublished\":\"2025-02-19T10:01:35+00:00\",\"dateModified\":\"2025-02-19T10:13:17+00:00\",\"description\":\"Iegrimstiet \u0161\u012b gu\u013camistabas kr\u0113sla m\u012bkstaj\u0101 apsk\u0101vien\u0101 un izbaudiet nep\u0101rsp\u0113jamu komfortu. \u0160is c...\",\"breadcrumb\":{\"@id\":\"https:\/\/brilune.eu\/lv\/product\/atzveltnes-kresls-gulamistabai\/#breadcrumb\"},\"inLanguage\":\"lv-LV\",\"potentialAction\":[{\"@type\":\"ReadAction\",\"target\":[\"https:\/\/brilune.eu\/lv\/product\/atzveltnes-kresls-gulamistabai\/\"]}]},{\"@type\":\"ImageObject\",\"inLanguage\":\"lv-LV\",\"@id\":\"https:\/\/brilune.eu\/lv\/product\/atzveltnes-kresls-gulamistabai\/#primaryimage\",\"url\":\"https:\/\/brilune.eu\/wp-content\/uploads\/2025\/01\/5-11-1.jpg\",\"contentUrl\":\"https:\/\/brilune.eu\/wp-content\/uploads\/2025\/01\/5-11-1.jpg\",\"width\":800,\"height\":800},{\"@type\":\"BreadcrumbList\",\"@id\":\"https:\/\/brilune.eu\/lv\/product\/atzveltnes-kresls-gulamistabai\/#breadcrumb\",\"itemListElement\":[{\"@type\":\"ListItem\",\"position\":1,\"name\":\"S\u0101kums\",\"item\":\"https:\/\/brilune.eu\/lv\/brilune-mebeles\/\"},{\"@type\":\"ListItem\",\"position\":2,\"name\":\"Visi produkti\",\"item\":\"https:\/\/brilune.eu\/lv\/shop\/\"},{\"@type\":\"ListItem\",\"position\":3,\"name\":\"Atzveltnes kr\u0113sls gu\u013camistabai\"}]},{\"@type\":\"WebSite\",\"@id\":\"https:\/\/brilune.eu\/lv\/#website\",\"url\":\"https:\/\/brilune.eu\/lv\/\",\"name\":\"Brilune\",\"description\":\"M\u0113s pied\u0101v\u0101jam unik\u0101lus un nebiju\u0161us dizainus, kas apvieno eleganci, funkcionalit\u0101ti un rado\u0161umu.\",\"potentialAction\":[{\"@type\":\"SearchAction\",\"target\":{\"@type\":\"EntryPoint\",\"urlTemplate\":\"https:\/\/brilune.eu\/lv\/?s={search_term_string}\"},\"query-input\":{\"@type\":\"PropertyValueSpecification\",\"valueRequired\":true,\"valueName\":\"search_term_string\"}}],\"inLanguage\":\"lv-LV\"}]}<\/script>\n<!-- \/ Yoast SEO plugin. -->","yoast_head_json":{"title":"Atzveltnes kr\u0113sls gu\u013camistabai","description":"Iegrimstiet \u0161\u012b gu\u013camistabas kr\u0113sla m\u012bkstaj\u0101 apsk\u0101vien\u0101 un izbaudiet nep\u0101rsp\u0113jamu komfortu. \u0160is c...","robots":{"index":"index","follow":"follow","max-snippet":"max-snippet:-1","max-image-preview":"max-image-preview:large","max-video-preview":"max-video-preview:-1"},"canonical":"https:\/\/brilune.eu\/lv\/product\/atzveltnes-kresls-gulamistabai\/","og_locale":"lv_LV","og_type":"article","og_title":"Atzveltnes kr\u0113sls gu\u013camistabai","og_description":"Iegrimstiet \u0161\u012b gu\u013camistabas kr\u0113sla m\u012bkstaj\u0101 apsk\u0101vien\u0101 un izbaudiet nep\u0101rsp\u0113jamu komfortu. \u0160is c...","og_url":"https:\/\/brilune.eu\/lv\/product\/atzveltnes-kresls-gulamistabai\/","og_site_name":"Brilune","article_modified_time":"2025-02-19T10:13:17+00:00","og_image":[{"width":800,"height":800,"url":"https:\/\/brilune.eu\/wp-content\/uploads\/2025\/01\/5-11-1.jpg","type":"image\/jpeg"}],"twitter_card":"summary_large_image","twitter_misc":{"Est. reading time":"1 minute"},"schema":{"@context":"https:\/\/schema.org","@graph":[{"@type":"WebPage","@id":"https:\/\/brilune.eu\/lv\/product\/atzveltnes-kresls-gulamistabai\/","url":"https:\/\/brilune.eu\/lv\/product\/atzveltnes-kresls-gulamistabai\/","name":"Atzveltnes kr\u0113sls gu\u013camistabai","isPartOf":{"@id":"https:\/\/brilune.eu\/lv\/#website"},"primaryImageOfPage":{"@id":"https:\/\/brilune.eu\/lv\/product\/atzveltnes-kresls-gulamistabai\/#primaryimage"},"image":{"@id":"https:\/\/brilune.eu\/lv\/product\/atzveltnes-kresls-gulamistabai\/#primaryimage"},"thumbnailUrl":"https:\/\/brilune.eu\/wp-content\/uploads\/2025\/01\/5-11-1.jpg","datePublished":"2025-02-19T10:01:35+00:00","dateModified":"2025-02-19T10:13:17+00:00","description":"Iegrimstiet \u0161\u012b gu\u013camistabas kr\u0113sla m\u012bkstaj\u0101 apsk\u0101vien\u0101 un izbaudiet nep\u0101rsp\u0113jamu komfortu. \u0160is c...","breadcrumb":{"@id":"https:\/\/brilune.eu\/lv\/product\/atzveltnes-kresls-gulamistabai\/#breadcrumb"},"inLanguage":"lv-LV","potentialAction":[{"@type":"ReadAction","target":["https:\/\/brilune.eu\/lv\/product\/atzveltnes-kresls-gulamistabai\/"]}]},{"@type":"ImageObject","inLanguage":"lv-LV","@id":"https:\/\/brilune.eu\/lv\/product\/atzveltnes-kresls-gulamistabai\/#primaryimage","url":"https:\/\/brilune.eu\/wp-content\/uploads\/2025\/01\/5-11-1.jpg","contentUrl":"https:\/\/brilune.eu\/wp-content\/uploads\/2025\/01\/5-11-1.jpg","width":800,"height":800},{"@type":"BreadcrumbList","@id":"https:\/\/brilune.eu\/lv\/product\/atzveltnes-kresls-gulamistabai\/#breadcrumb","itemListElement":[{"@type":"ListItem","position":1,"name":"S\u0101kums","item":"https:\/\/brilune.eu\/lv\/brilune-mebeles\/"},{"@type":"ListItem","position":2,"name":"Visi produkti","item":"https:\/\/brilune.eu\/lv\/shop\/"},{"@type":"ListItem","position":3,"name":"Atzveltnes kr\u0113sls gu\u013camistabai"}]},{"@type":"WebSite","@id":"https:\/\/brilune.eu\/lv\/#website","url":"https:\/\/brilune.eu\/lv\/","name":"Brilune","description":"M\u0113s pied\u0101v\u0101jam unik\u0101lus un nebiju\u0161us dizainus, kas apvieno eleganci, funkcionalit\u0101ti un rado\u0161umu.","potentialAction":[{"@type":"SearchAction","target":{"@type":"EntryPoint","urlTemplate":"https:\/\/brilune.eu\/lv\/?s={search_term_string}"},"query-input":{"@type":"PropertyValueSpecification","valueRequired":true,"valueName":"search_term_string"}}],"inLanguage":"lv-LV"}]}},"jetpack_sharing_enabled":true,"_links":{"self":[{"href":"https:\/\/brilune.eu\/lv\/wp-json\/wp\/v2\/product\/36995","targetHints":{"allow":["GET"]}}],"collection":[{"href":"https:\/\/brilune.eu\/lv\/wp-json\/wp\/v2\/product"}],"about":[{"href":"https:\/\/brilune.eu\/lv\/wp-json\/wp\/v2\/types\/product"}],"replies":[{"embeddable":true,"href":"https:\/\/brilune.eu\/lv\/wp-json\/wp\/v2\/comments?post=36995"}],"version-history":[{"count":1,"href":"https:\/\/brilune.eu\/lv\/wp-json\/wp\/v2\/product\/36995\/revisions"}],"predecessor-version":[{"id":37041,"href":"https:\/\/brilune.eu\/lv\/wp-json\/wp\/v2\/product\/36995\/revisions\/37041"}],"wp:featuredmedia":[{"embeddable":true,"href":"https:\/\/brilune.eu\/lv\/wp-json\/wp\/v2\/media\/6050"}],"wp:attachment":[{"href":"https:\/\/brilune.eu\/lv\/wp-json\/wp\/v2\/media?parent=36995"}],"wp:term":[{"taxonomy":"product_brand","embeddable":true,"href":"https:\/\/brilune.eu\/lv\/wp-json\/wp\/v2\/product_brand?post=36995"},{"taxonomy":"product_cat","embeddable":true,"href":"https:\/\/brilune.eu\/lv\/wp-json\/wp\/v2\/product_cat?post=36995"},{"taxonomy":"product_tag","embeddable":true,"href":"https:\/\/brilune.eu\/lv\/wp-json\/wp\/v2\/product_tag?post=36995"}],"curies":[{"name":"wp","href":"https:\/\/api.w.org\/{rel}","templated":true}]}}