{"id":36992,"date":"2025-02-19T12:01:34","date_gmt":"2025-02-19T10:01:34","guid":{"rendered":"https:\/\/brilune.eu\/?post_type=product&#038;p=36992"},"modified":"2025-02-19T12:13:16","modified_gmt":"2025-02-19T10:13:16","slug":"adas-kresls-4","status":"publish","type":"product","link":"https:\/\/brilune.eu\/lv\/product\/adas-kresls-4\/","title":{"rendered":"\u0100das kr\u0113sls"},"content":{"rendered":"<p>Kr\u0113slam ir sp\u0113c\u012bgs koka r\u0101mis, kas nodro\u0161ina stabilit\u0101ti un iztur\u012bbu. \u0100das apdare pie\u0161\u0137ir eleganci un stilu jebkurai dz\u012bves telpai. Parasti tiek izmantota piln\u0101da vai kvalitat\u012bva sint\u0113tiska alternat\u012bva.<br \/>\nKr\u0113sla dizain\u0101 ir iek\u013cauti m\u012bksti spilveni papildu komfortam, parasti pild\u012bti ar put\u0101m vai putuplasta un spalvu kombin\u0101ciju, radot m\u0101j\u012bgu vietu s\u0113d\u0113\u0161anai. Ergonomiski roku balsti nodro\u0161ina optim\u0101lu atbalstu rok\u0101m un plaukstas loc\u012btav\u0101m.<br \/>\nIzm\u0113ri: 83\u00d780\u00d776cm<br \/>\nMateri\u0101li: \u012bsta \u0101da, m\u0101ksl\u012bg\u0101 \u0101da, audums, samts, ka\u0161mirs.<\/p>\n","protected":false},"excerpt":{"rendered":"<p>Kr\u0113slam ir sp\u0113c\u012bgs koka r\u0101mis, kas nodro\u0161ina stabilit\u0101ti un iztur\u012bbu. \u0100das apdare pie\u0161\u0137ir eleganci un stilu jebkurai dz\u012bves telpai. Izmantot\u0101 \u0101da ir u&#8230;<\/p>\n","protected":false},"featured_media":6037,"comment_status":"open","ping_status":"closed","template":"","meta":[],"product_brand":[],"product_cat":[1391,5513,5525],"product_tag":[],"class_list":{"0":"post-36992","1":"product","2":"type-product","3":"status-publish","4":"has-post-thumbnail","6":"product_cat-atputas-kresls","7":"product_cat-atputas-kresls-kresli-4","8":"product_cat-atzveltnes-kresls-kresli-4","10":"first","11":"instock","12":"shipping-taxable","13":"purchasable","14":"product-type-simple"},"yoast_head":"<!-- This site is optimized with the Yoast SEO plugin v26.0 - https:\/\/yoast.com\/wordpress\/plugins\/seo\/ -->\n<title>\u0100das kr\u0113sls<\/title>\n<meta name=\"description\" content=\"Kr\u0113slam ir sp\u0113c\u012bgs koka r\u0101mis, kas nodro\u0161ina stabilit\u0101ti un iztur\u012bbu. \u0100das apdare pie\u0161\u0137ir eleganci un stilu jebkurai dz\u012bves telpai. Izmantot\u0101 \u0101da ir u...\" \/>\n<meta name=\"robots\" content=\"index, follow, max-snippet:-1, max-image-preview:large, max-video-preview:-1\" \/>\n<link rel=\"canonical\" href=\"https:\/\/brilune.eu\/lv\/product\/adas-kresls-4\/\" \/>\n<meta property=\"og:locale\" content=\"lv_LV\" \/>\n<meta property=\"og:type\" content=\"article\" \/>\n<meta property=\"og:title\" content=\"\u0100das kr\u0113sls\" \/>\n<meta property=\"og:description\" content=\"Kr\u0113slam ir sp\u0113c\u012bgs koka r\u0101mis, kas nodro\u0161ina stabilit\u0101ti un iztur\u012bbu. \u0100das apdare pie\u0161\u0137ir eleganci un stilu jebkurai dz\u012bves telpai. Izmantot\u0101 \u0101da ir u...\" \/>\n<meta property=\"og:url\" content=\"https:\/\/brilune.eu\/lv\/product\/adas-kresls-4\/\" \/>\n<meta property=\"og:site_name\" content=\"Brilune\" \/>\n<meta property=\"article:modified_time\" content=\"2025-02-19T10:13:16+00:00\" \/>\n<meta property=\"og:image\" content=\"https:\/\/brilune.eu\/wp-content\/uploads\/2025\/01\/8-3-2.jpg\" \/>\n\t<meta property=\"og:image:width\" content=\"800\" \/>\n\t<meta property=\"og:image:height\" content=\"800\" \/>\n\t<meta property=\"og:image:type\" content=\"image\/jpeg\" \/>\n<meta name=\"twitter:card\" content=\"summary_large_image\" \/>\n<meta name=\"twitter:label1\" content=\"Est. reading time\" \/>\n\t<meta name=\"twitter:data1\" content=\"1 minute\" \/>\n<script type=\"application\/ld+json\" class=\"yoast-schema-graph\">{\"@context\":\"https:\/\/schema.org\",\"@graph\":[{\"@type\":\"WebPage\",\"@id\":\"https:\/\/brilune.eu\/lv\/product\/adas-kresls-4\/\",\"url\":\"https:\/\/brilune.eu\/lv\/product\/adas-kresls-4\/\",\"name\":\"\u0100das kr\u0113sls\",\"isPartOf\":{\"@id\":\"https:\/\/brilune.eu\/lv\/#website\"},\"primaryImageOfPage\":{\"@id\":\"https:\/\/brilune.eu\/lv\/product\/adas-kresls-4\/#primaryimage\"},\"image\":{\"@id\":\"https:\/\/brilune.eu\/lv\/product\/adas-kresls-4\/#primaryimage\"},\"thumbnailUrl\":\"https:\/\/brilune.eu\/wp-content\/uploads\/2025\/01\/8-3-2.jpg\",\"datePublished\":\"2025-02-19T10:01:34+00:00\",\"dateModified\":\"2025-02-19T10:13:16+00:00\",\"description\":\"Kr\u0113slam ir sp\u0113c\u012bgs koka r\u0101mis, kas nodro\u0161ina stabilit\u0101ti un iztur\u012bbu. \u0100das apdare pie\u0161\u0137ir eleganci un stilu jebkurai dz\u012bves telpai. Izmantot\u0101 \u0101da ir u...\",\"breadcrumb\":{\"@id\":\"https:\/\/brilune.eu\/lv\/product\/adas-kresls-4\/#breadcrumb\"},\"inLanguage\":\"lv-LV\",\"potentialAction\":[{\"@type\":\"ReadAction\",\"target\":[\"https:\/\/brilune.eu\/lv\/product\/adas-kresls-4\/\"]}]},{\"@type\":\"ImageObject\",\"inLanguage\":\"lv-LV\",\"@id\":\"https:\/\/brilune.eu\/lv\/product\/adas-kresls-4\/#primaryimage\",\"url\":\"https:\/\/brilune.eu\/wp-content\/uploads\/2025\/01\/8-3-2.jpg\",\"contentUrl\":\"https:\/\/brilune.eu\/wp-content\/uploads\/2025\/01\/8-3-2.jpg\",\"width\":800,\"height\":800},{\"@type\":\"BreadcrumbList\",\"@id\":\"https:\/\/brilune.eu\/lv\/product\/adas-kresls-4\/#breadcrumb\",\"itemListElement\":[{\"@type\":\"ListItem\",\"position\":1,\"name\":\"S\u0101kums\",\"item\":\"https:\/\/brilune.eu\/lv\/brilune-mebeles\/\"},{\"@type\":\"ListItem\",\"position\":2,\"name\":\"Visi produkti\",\"item\":\"https:\/\/brilune.eu\/lv\/shop\/\"},{\"@type\":\"ListItem\",\"position\":3,\"name\":\"\u0100das kr\u0113sls\"}]},{\"@type\":\"WebSite\",\"@id\":\"https:\/\/brilune.eu\/lv\/#website\",\"url\":\"https:\/\/brilune.eu\/lv\/\",\"name\":\"Brilune\",\"description\":\"M\u0113s pied\u0101v\u0101jam unik\u0101lus un nebiju\u0161us dizainus, kas apvieno eleganci, funkcionalit\u0101ti un rado\u0161umu.\",\"potentialAction\":[{\"@type\":\"SearchAction\",\"target\":{\"@type\":\"EntryPoint\",\"urlTemplate\":\"https:\/\/brilune.eu\/lv\/?s={search_term_string}\"},\"query-input\":{\"@type\":\"PropertyValueSpecification\",\"valueRequired\":true,\"valueName\":\"search_term_string\"}}],\"inLanguage\":\"lv-LV\"}]}<\/script>\n<!-- \/ Yoast SEO plugin. -->","yoast_head_json":{"title":"\u0100das kr\u0113sls","description":"Kr\u0113slam ir sp\u0113c\u012bgs koka r\u0101mis, kas nodro\u0161ina stabilit\u0101ti un iztur\u012bbu. \u0100das apdare pie\u0161\u0137ir eleganci un stilu jebkurai dz\u012bves telpai. Izmantot\u0101 \u0101da ir u...","robots":{"index":"index","follow":"follow","max-snippet":"max-snippet:-1","max-image-preview":"max-image-preview:large","max-video-preview":"max-video-preview:-1"},"canonical":"https:\/\/brilune.eu\/lv\/product\/adas-kresls-4\/","og_locale":"lv_LV","og_type":"article","og_title":"\u0100das kr\u0113sls","og_description":"Kr\u0113slam ir sp\u0113c\u012bgs koka r\u0101mis, kas nodro\u0161ina stabilit\u0101ti un iztur\u012bbu. \u0100das apdare pie\u0161\u0137ir eleganci un stilu jebkurai dz\u012bves telpai. Izmantot\u0101 \u0101da ir u...","og_url":"https:\/\/brilune.eu\/lv\/product\/adas-kresls-4\/","og_site_name":"Brilune","article_modified_time":"2025-02-19T10:13:16+00:00","og_image":[{"width":800,"height":800,"url":"https:\/\/brilune.eu\/wp-content\/uploads\/2025\/01\/8-3-2.jpg","type":"image\/jpeg"}],"twitter_card":"summary_large_image","twitter_misc":{"Est. reading time":"1 minute"},"schema":{"@context":"https:\/\/schema.org","@graph":[{"@type":"WebPage","@id":"https:\/\/brilune.eu\/lv\/product\/adas-kresls-4\/","url":"https:\/\/brilune.eu\/lv\/product\/adas-kresls-4\/","name":"\u0100das kr\u0113sls","isPartOf":{"@id":"https:\/\/brilune.eu\/lv\/#website"},"primaryImageOfPage":{"@id":"https:\/\/brilune.eu\/lv\/product\/adas-kresls-4\/#primaryimage"},"image":{"@id":"https:\/\/brilune.eu\/lv\/product\/adas-kresls-4\/#primaryimage"},"thumbnailUrl":"https:\/\/brilune.eu\/wp-content\/uploads\/2025\/01\/8-3-2.jpg","datePublished":"2025-02-19T10:01:34+00:00","dateModified":"2025-02-19T10:13:16+00:00","description":"Kr\u0113slam ir sp\u0113c\u012bgs koka r\u0101mis, kas nodro\u0161ina stabilit\u0101ti un iztur\u012bbu. \u0100das apdare pie\u0161\u0137ir eleganci un stilu jebkurai dz\u012bves telpai. Izmantot\u0101 \u0101da ir u...","breadcrumb":{"@id":"https:\/\/brilune.eu\/lv\/product\/adas-kresls-4\/#breadcrumb"},"inLanguage":"lv-LV","potentialAction":[{"@type":"ReadAction","target":["https:\/\/brilune.eu\/lv\/product\/adas-kresls-4\/"]}]},{"@type":"ImageObject","inLanguage":"lv-LV","@id":"https:\/\/brilune.eu\/lv\/product\/adas-kresls-4\/#primaryimage","url":"https:\/\/brilune.eu\/wp-content\/uploads\/2025\/01\/8-3-2.jpg","contentUrl":"https:\/\/brilune.eu\/wp-content\/uploads\/2025\/01\/8-3-2.jpg","width":800,"height":800},{"@type":"BreadcrumbList","@id":"https:\/\/brilune.eu\/lv\/product\/adas-kresls-4\/#breadcrumb","itemListElement":[{"@type":"ListItem","position":1,"name":"S\u0101kums","item":"https:\/\/brilune.eu\/lv\/brilune-mebeles\/"},{"@type":"ListItem","position":2,"name":"Visi produkti","item":"https:\/\/brilune.eu\/lv\/shop\/"},{"@type":"ListItem","position":3,"name":"\u0100das kr\u0113sls"}]},{"@type":"WebSite","@id":"https:\/\/brilune.eu\/lv\/#website","url":"https:\/\/brilune.eu\/lv\/","name":"Brilune","description":"M\u0113s pied\u0101v\u0101jam unik\u0101lus un nebiju\u0161us dizainus, kas apvieno eleganci, funkcionalit\u0101ti un rado\u0161umu.","potentialAction":[{"@type":"SearchAction","target":{"@type":"EntryPoint","urlTemplate":"https:\/\/brilune.eu\/lv\/?s={search_term_string}"},"query-input":{"@type":"PropertyValueSpecification","valueRequired":true,"valueName":"search_term_string"}}],"inLanguage":"lv-LV"}]}},"jetpack_sharing_enabled":true,"_links":{"self":[{"href":"https:\/\/brilune.eu\/lv\/wp-json\/wp\/v2\/product\/36992","targetHints":{"allow":["GET"]}}],"collection":[{"href":"https:\/\/brilune.eu\/lv\/wp-json\/wp\/v2\/product"}],"about":[{"href":"https:\/\/brilune.eu\/lv\/wp-json\/wp\/v2\/types\/product"}],"replies":[{"embeddable":true,"href":"https:\/\/brilune.eu\/lv\/wp-json\/wp\/v2\/comments?post=36992"}],"version-history":[{"count":1,"href":"https:\/\/brilune.eu\/lv\/wp-json\/wp\/v2\/product\/36992\/revisions"}],"predecessor-version":[{"id":37038,"href":"https:\/\/brilune.eu\/lv\/wp-json\/wp\/v2\/product\/36992\/revisions\/37038"}],"wp:featuredmedia":[{"embeddable":true,"href":"https:\/\/brilune.eu\/lv\/wp-json\/wp\/v2\/media\/6037"}],"wp:attachment":[{"href":"https:\/\/brilune.eu\/lv\/wp-json\/wp\/v2\/media?parent=36992"}],"wp:term":[{"taxonomy":"product_brand","embeddable":true,"href":"https:\/\/brilune.eu\/lv\/wp-json\/wp\/v2\/product_brand?post=36992"},{"taxonomy":"product_cat","embeddable":true,"href":"https:\/\/brilune.eu\/lv\/wp-json\/wp\/v2\/product_cat?post=36992"},{"taxonomy":"product_tag","embeddable":true,"href":"https:\/\/brilune.eu\/lv\/wp-json\/wp\/v2\/product_tag?post=36992"}],"curies":[{"name":"wp","href":"https:\/\/api.w.org\/{rel}","templated":true}]}}