{"id":36989,"date":"2025-02-19T12:01:34","date_gmt":"2025-02-19T10:01:34","guid":{"rendered":"https:\/\/brilune.eu\/?post_type=product&#038;p=36989"},"modified":"2025-02-19T12:13:14","modified_gmt":"2025-02-19T10:13:14","slug":"adas-kresls-3","status":"publish","type":"product","link":"https:\/\/brilune.eu\/lv\/product\/adas-kresls-3\/","title":{"rendered":"\u0100das kr\u0113sls"},"content":{"rendered":"<p>Iegremd\u0113jieties komforta pasaul\u0113 ar greznu \u0101das kr\u0113slu, kas paredz\u0113ts j\u016bsu komfortam. Pl\u012b\u0161a \u0101das apdare maigi apskauj j\u016bsu \u0137ermeni, radot bezsvara saj\u016btu un relaks\u0101ciju. Ergonomiskais dizains nodro\u0161ina lielisku atbalstu, \u013caujot aizmirst par ikdienas r\u016bp\u0113m.<br \/>\nIzgatavots no augstas kvalit\u0101tes materi\u0101liem, kr\u0113sls apvieno augst\u0101k\u0101s kvalit\u0101tes \u0101du un iztur\u012bgu r\u0101mi, padarot to par ide\u0101lu ieguld\u012bjumu j\u016bsu interjer\u0101. \u0160is kr\u0113sls priec\u0113s J\u016bs ar komfortu daudzus gadus.<br \/>\nIzm\u0113ri: 75\u00d790\u00d7106cm<br \/>\nMateri\u0101li: dab\u012bg\u0101 \u0101da, m\u0101ksl\u012bg\u0101 \u0101da, audums, samts, ka\u0161mirs.<\/p>\n","protected":false},"excerpt":{"rendered":"<p>Iegremd\u0113jieties komforta pasaul\u0113 ar greznu \u0101das kr\u0113slu, kas paredz\u0113ts j\u016bsu komfortam. Pl\u012b\u0161a \u0101das apdare maigi apskauj j\u016bsu \u0137ermeni, radot saj\u016btu&#8230;<\/p>\n","protected":false},"featured_media":6019,"comment_status":"open","ping_status":"closed","template":"","meta":[],"product_brand":[],"product_cat":[1391,5513],"product_tag":[],"class_list":{"0":"post-36989","1":"product","2":"type-product","3":"status-publish","4":"has-post-thumbnail","6":"product_cat-atputas-kresls","7":"product_cat-atputas-kresls-kresli-4","9":"first","10":"instock","11":"shipping-taxable","12":"purchasable","13":"product-type-simple"},"yoast_head":"<!-- This site is optimized with the Yoast SEO plugin v26.0 - https:\/\/yoast.com\/wordpress\/plugins\/seo\/ -->\n<title>\u0100das kr\u0113sls<\/title>\n<meta name=\"description\" content=\"Iegremd\u0113jieties komforta pasaul\u0113 ar greznu \u0101das kr\u0113slu, kas paredz\u0113ts j\u016bsu komfortam. Pl\u012b\u0161a \u0101das apdare maigi apskauj j\u016bsu \u0137ermeni, radot saj\u016btu...\" \/>\n<meta name=\"robots\" content=\"index, follow, max-snippet:-1, max-image-preview:large, max-video-preview:-1\" \/>\n<link rel=\"canonical\" href=\"https:\/\/brilune.eu\/lv\/product\/adas-kresls-3\/\" \/>\n<meta property=\"og:locale\" content=\"lv_LV\" \/>\n<meta property=\"og:type\" content=\"article\" \/>\n<meta property=\"og:title\" content=\"\u0100das kr\u0113sls\" \/>\n<meta property=\"og:description\" content=\"Iegremd\u0113jieties komforta pasaul\u0113 ar greznu \u0101das kr\u0113slu, kas paredz\u0113ts j\u016bsu komfortam. Pl\u012b\u0161a \u0101das apdare maigi apskauj j\u016bsu \u0137ermeni, radot saj\u016btu...\" \/>\n<meta property=\"og:url\" content=\"https:\/\/brilune.eu\/lv\/product\/adas-kresls-3\/\" \/>\n<meta property=\"og:site_name\" content=\"Brilune\" \/>\n<meta property=\"article:modified_time\" content=\"2025-02-19T10:13:14+00:00\" \/>\n<meta property=\"og:image\" content=\"https:\/\/brilune.eu\/wp-content\/uploads\/2025\/01\/1-4-5.jpg\" \/>\n\t<meta property=\"og:image:width\" content=\"800\" \/>\n\t<meta property=\"og:image:height\" content=\"800\" \/>\n\t<meta property=\"og:image:type\" content=\"image\/jpeg\" \/>\n<meta name=\"twitter:card\" content=\"summary_large_image\" \/>\n<meta name=\"twitter:label1\" content=\"Est. reading time\" \/>\n\t<meta name=\"twitter:data1\" content=\"1 minute\" \/>\n<script type=\"application\/ld+json\" class=\"yoast-schema-graph\">{\"@context\":\"https:\/\/schema.org\",\"@graph\":[{\"@type\":\"WebPage\",\"@id\":\"https:\/\/brilune.eu\/lv\/product\/adas-kresls-3\/\",\"url\":\"https:\/\/brilune.eu\/lv\/product\/adas-kresls-3\/\",\"name\":\"\u0100das kr\u0113sls\",\"isPartOf\":{\"@id\":\"https:\/\/brilune.eu\/lv\/#website\"},\"primaryImageOfPage\":{\"@id\":\"https:\/\/brilune.eu\/lv\/product\/adas-kresls-3\/#primaryimage\"},\"image\":{\"@id\":\"https:\/\/brilune.eu\/lv\/product\/adas-kresls-3\/#primaryimage\"},\"thumbnailUrl\":\"https:\/\/brilune.eu\/wp-content\/uploads\/2025\/01\/1-4-5.jpg\",\"datePublished\":\"2025-02-19T10:01:34+00:00\",\"dateModified\":\"2025-02-19T10:13:14+00:00\",\"description\":\"Iegremd\u0113jieties komforta pasaul\u0113 ar greznu \u0101das kr\u0113slu, kas paredz\u0113ts j\u016bsu komfortam. Pl\u012b\u0161a \u0101das apdare maigi apskauj j\u016bsu \u0137ermeni, radot saj\u016btu...\",\"breadcrumb\":{\"@id\":\"https:\/\/brilune.eu\/lv\/product\/adas-kresls-3\/#breadcrumb\"},\"inLanguage\":\"lv-LV\",\"potentialAction\":[{\"@type\":\"ReadAction\",\"target\":[\"https:\/\/brilune.eu\/lv\/product\/adas-kresls-3\/\"]}]},{\"@type\":\"ImageObject\",\"inLanguage\":\"lv-LV\",\"@id\":\"https:\/\/brilune.eu\/lv\/product\/adas-kresls-3\/#primaryimage\",\"url\":\"https:\/\/brilune.eu\/wp-content\/uploads\/2025\/01\/1-4-5.jpg\",\"contentUrl\":\"https:\/\/brilune.eu\/wp-content\/uploads\/2025\/01\/1-4-5.jpg\",\"width\":800,\"height\":800},{\"@type\":\"BreadcrumbList\",\"@id\":\"https:\/\/brilune.eu\/lv\/product\/adas-kresls-3\/#breadcrumb\",\"itemListElement\":[{\"@type\":\"ListItem\",\"position\":1,\"name\":\"S\u0101kums\",\"item\":\"https:\/\/brilune.eu\/lv\/brilune-mebeles\/\"},{\"@type\":\"ListItem\",\"position\":2,\"name\":\"Visi produkti\",\"item\":\"https:\/\/brilune.eu\/lv\/shop\/\"},{\"@type\":\"ListItem\",\"position\":3,\"name\":\"\u0100das kr\u0113sls\"}]},{\"@type\":\"WebSite\",\"@id\":\"https:\/\/brilune.eu\/lv\/#website\",\"url\":\"https:\/\/brilune.eu\/lv\/\",\"name\":\"Brilune\",\"description\":\"M\u0113s pied\u0101v\u0101jam unik\u0101lus un nebiju\u0161us dizainus, kas apvieno eleganci, funkcionalit\u0101ti un rado\u0161umu.\",\"potentialAction\":[{\"@type\":\"SearchAction\",\"target\":{\"@type\":\"EntryPoint\",\"urlTemplate\":\"https:\/\/brilune.eu\/lv\/?s={search_term_string}\"},\"query-input\":{\"@type\":\"PropertyValueSpecification\",\"valueRequired\":true,\"valueName\":\"search_term_string\"}}],\"inLanguage\":\"lv-LV\"}]}<\/script>\n<!-- \/ Yoast SEO plugin. -->","yoast_head_json":{"title":"\u0100das kr\u0113sls","description":"Iegremd\u0113jieties komforta pasaul\u0113 ar greznu \u0101das kr\u0113slu, kas paredz\u0113ts j\u016bsu komfortam. Pl\u012b\u0161a \u0101das apdare maigi apskauj j\u016bsu \u0137ermeni, radot saj\u016btu...","robots":{"index":"index","follow":"follow","max-snippet":"max-snippet:-1","max-image-preview":"max-image-preview:large","max-video-preview":"max-video-preview:-1"},"canonical":"https:\/\/brilune.eu\/lv\/product\/adas-kresls-3\/","og_locale":"lv_LV","og_type":"article","og_title":"\u0100das kr\u0113sls","og_description":"Iegremd\u0113jieties komforta pasaul\u0113 ar greznu \u0101das kr\u0113slu, kas paredz\u0113ts j\u016bsu komfortam. Pl\u012b\u0161a \u0101das apdare maigi apskauj j\u016bsu \u0137ermeni, radot saj\u016btu...","og_url":"https:\/\/brilune.eu\/lv\/product\/adas-kresls-3\/","og_site_name":"Brilune","article_modified_time":"2025-02-19T10:13:14+00:00","og_image":[{"width":800,"height":800,"url":"https:\/\/brilune.eu\/wp-content\/uploads\/2025\/01\/1-4-5.jpg","type":"image\/jpeg"}],"twitter_card":"summary_large_image","twitter_misc":{"Est. reading time":"1 minute"},"schema":{"@context":"https:\/\/schema.org","@graph":[{"@type":"WebPage","@id":"https:\/\/brilune.eu\/lv\/product\/adas-kresls-3\/","url":"https:\/\/brilune.eu\/lv\/product\/adas-kresls-3\/","name":"\u0100das kr\u0113sls","isPartOf":{"@id":"https:\/\/brilune.eu\/lv\/#website"},"primaryImageOfPage":{"@id":"https:\/\/brilune.eu\/lv\/product\/adas-kresls-3\/#primaryimage"},"image":{"@id":"https:\/\/brilune.eu\/lv\/product\/adas-kresls-3\/#primaryimage"},"thumbnailUrl":"https:\/\/brilune.eu\/wp-content\/uploads\/2025\/01\/1-4-5.jpg","datePublished":"2025-02-19T10:01:34+00:00","dateModified":"2025-02-19T10:13:14+00:00","description":"Iegremd\u0113jieties komforta pasaul\u0113 ar greznu \u0101das kr\u0113slu, kas paredz\u0113ts j\u016bsu komfortam. Pl\u012b\u0161a \u0101das apdare maigi apskauj j\u016bsu \u0137ermeni, radot saj\u016btu...","breadcrumb":{"@id":"https:\/\/brilune.eu\/lv\/product\/adas-kresls-3\/#breadcrumb"},"inLanguage":"lv-LV","potentialAction":[{"@type":"ReadAction","target":["https:\/\/brilune.eu\/lv\/product\/adas-kresls-3\/"]}]},{"@type":"ImageObject","inLanguage":"lv-LV","@id":"https:\/\/brilune.eu\/lv\/product\/adas-kresls-3\/#primaryimage","url":"https:\/\/brilune.eu\/wp-content\/uploads\/2025\/01\/1-4-5.jpg","contentUrl":"https:\/\/brilune.eu\/wp-content\/uploads\/2025\/01\/1-4-5.jpg","width":800,"height":800},{"@type":"BreadcrumbList","@id":"https:\/\/brilune.eu\/lv\/product\/adas-kresls-3\/#breadcrumb","itemListElement":[{"@type":"ListItem","position":1,"name":"S\u0101kums","item":"https:\/\/brilune.eu\/lv\/brilune-mebeles\/"},{"@type":"ListItem","position":2,"name":"Visi produkti","item":"https:\/\/brilune.eu\/lv\/shop\/"},{"@type":"ListItem","position":3,"name":"\u0100das kr\u0113sls"}]},{"@type":"WebSite","@id":"https:\/\/brilune.eu\/lv\/#website","url":"https:\/\/brilune.eu\/lv\/","name":"Brilune","description":"M\u0113s pied\u0101v\u0101jam unik\u0101lus un nebiju\u0161us dizainus, kas apvieno eleganci, funkcionalit\u0101ti un rado\u0161umu.","potentialAction":[{"@type":"SearchAction","target":{"@type":"EntryPoint","urlTemplate":"https:\/\/brilune.eu\/lv\/?s={search_term_string}"},"query-input":{"@type":"PropertyValueSpecification","valueRequired":true,"valueName":"search_term_string"}}],"inLanguage":"lv-LV"}]}},"jetpack_sharing_enabled":true,"_links":{"self":[{"href":"https:\/\/brilune.eu\/lv\/wp-json\/wp\/v2\/product\/36989","targetHints":{"allow":["GET"]}}],"collection":[{"href":"https:\/\/brilune.eu\/lv\/wp-json\/wp\/v2\/product"}],"about":[{"href":"https:\/\/brilune.eu\/lv\/wp-json\/wp\/v2\/types\/product"}],"replies":[{"embeddable":true,"href":"https:\/\/brilune.eu\/lv\/wp-json\/wp\/v2\/comments?post=36989"}],"version-history":[{"count":1,"href":"https:\/\/brilune.eu\/lv\/wp-json\/wp\/v2\/product\/36989\/revisions"}],"predecessor-version":[{"id":37035,"href":"https:\/\/brilune.eu\/lv\/wp-json\/wp\/v2\/product\/36989\/revisions\/37035"}],"wp:featuredmedia":[{"embeddable":true,"href":"https:\/\/brilune.eu\/lv\/wp-json\/wp\/v2\/media\/6019"}],"wp:attachment":[{"href":"https:\/\/brilune.eu\/lv\/wp-json\/wp\/v2\/media?parent=36989"}],"wp:term":[{"taxonomy":"product_brand","embeddable":true,"href":"https:\/\/brilune.eu\/lv\/wp-json\/wp\/v2\/product_brand?post=36989"},{"taxonomy":"product_cat","embeddable":true,"href":"https:\/\/brilune.eu\/lv\/wp-json\/wp\/v2\/product_cat?post=36989"},{"taxonomy":"product_tag","embeddable":true,"href":"https:\/\/brilune.eu\/lv\/wp-json\/wp\/v2\/product_tag?post=36989"}],"curies":[{"name":"wp","href":"https:\/\/api.w.org\/{rel}","templated":true}]}}