{"id":36986,"date":"2025-02-19T12:01:12","date_gmt":"2025-02-19T10:01:12","guid":{"rendered":"https:\/\/brilune.eu\/?post_type=product&#038;p=36986"},"modified":"2025-02-19T12:13:11","modified_gmt":"2025-02-19T10:13:11","slug":"atputas-stila-kresls","status":"publish","type":"product","link":"https:\/\/brilune.eu\/lv\/product\/atputas-stila-kresls\/","title":{"rendered":"Atp\u016btas stila kr\u0113sls"},"content":{"rendered":"<p>Pie\u0161\u0137iriet savai m\u0101jai m\u016b\u017e\u012bgas elegances piesk\u0101rienu ar atp\u016btas kr\u0113slu ar klasisku su\u0146u zoba rakstu melnbalt\u0101 kr\u0101s\u0101. \u0160is kr\u0113sls pie\u0161\u0137ir izsmalcin\u0101t\u012bbu jebkurai dz\u012bves telpai. Raksts ir ne tikai vizu\u0101li pievilc\u012bgs, bet ar\u012b iztur\u012bgs, nodro\u0161inot, ka tas saglab\u0101sies stil\u012bgs daudzus gadus. Pateicoties klasiskajam dizainam un kvalitat\u012bvajiem materi\u0101liem, kr\u0113sls k\u013c\u016bs par spilgtu akcentu jebkur\u0101 interjer\u0101.<br \/>\nIzm\u0113ri: 79\u00d771\u00d776cm<br \/>\nMateri\u0101li: \u0101da, r\u0101mis: sapl\u0101ksnis, osis, spilvena pild\u012bjums: putas un \u0161\u0137iedra, met\u0101la k\u0101jas.<\/p>\n","protected":false},"excerpt":{"rendered":"<p>Pie\u0161\u0137iriet savai m\u0101jai m\u016b\u017e\u012bgas elegances piesk\u0101rienu ar atp\u016btas kr\u0113slu ar klasisku su\u0146u zoba rakstu melnbalt\u0101 kr\u0101s\u0101. \u0160is kr\u0113sls pie\u0161\u0137ir izsmalcin\u0101t\u012bbu&#8230;<\/p>\n","protected":false},"featured_media":6009,"comment_status":"open","ping_status":"closed","template":"","meta":[],"product_brand":[],"product_cat":[5513,1495],"product_tag":[],"class_list":{"0":"post-36986","1":"product","2":"type-product","3":"status-publish","4":"has-post-thumbnail","6":"product_cat-atputas-kresls-kresli-4","7":"product_cat-atputas-kresls-kresli-2-3","9":"first","10":"instock","11":"shipping-taxable","12":"purchasable","13":"product-type-simple"},"yoast_head":"<!-- This site is optimized with the Yoast SEO plugin v26.0 - https:\/\/yoast.com\/wordpress\/plugins\/seo\/ -->\n<title>Atp\u016btas stila kr\u0113sls<\/title>\n<meta name=\"description\" content=\"Pie\u0161\u0137iriet savai m\u0101jai m\u016b\u017e\u012bgas elegances piesk\u0101rienu ar atp\u016btas kr\u0113slu ar klasisku su\u0146u zoba rakstu melnbalt\u0101 kr\u0101s\u0101. \u0160is kr\u0113sls pie\u0161\u0137ir izsmalcin\u0101t\u012bbu...\" \/>\n<meta name=\"robots\" content=\"index, follow, max-snippet:-1, max-image-preview:large, max-video-preview:-1\" \/>\n<link rel=\"canonical\" href=\"https:\/\/brilune.eu\/lv\/product\/atputas-stila-kresls\/\" \/>\n<meta property=\"og:locale\" content=\"lv_LV\" \/>\n<meta property=\"og:type\" content=\"article\" \/>\n<meta property=\"og:title\" content=\"Atp\u016btas stila kr\u0113sls\" \/>\n<meta property=\"og:description\" content=\"Pie\u0161\u0137iriet savai m\u0101jai m\u016b\u017e\u012bgas elegances piesk\u0101rienu ar atp\u016btas kr\u0113slu ar klasisku su\u0146u zoba rakstu melnbalt\u0101 kr\u0101s\u0101. \u0160is kr\u0113sls pie\u0161\u0137ir izsmalcin\u0101t\u012bbu...\" \/>\n<meta property=\"og:url\" content=\"https:\/\/brilune.eu\/lv\/product\/atputas-stila-kresls\/\" \/>\n<meta property=\"og:site_name\" content=\"Brilune\" \/>\n<meta property=\"article:modified_time\" content=\"2025-02-19T10:13:11+00:00\" \/>\n<meta property=\"og:image\" content=\"https:\/\/brilune.eu\/wp-content\/uploads\/2025\/01\/6-4-4.jpg\" \/>\n\t<meta property=\"og:image:width\" content=\"800\" \/>\n\t<meta property=\"og:image:height\" content=\"800\" \/>\n\t<meta property=\"og:image:type\" content=\"image\/jpeg\" \/>\n<meta name=\"twitter:card\" content=\"summary_large_image\" \/>\n<script type=\"application\/ld+json\" class=\"yoast-schema-graph\">{\"@context\":\"https:\/\/schema.org\",\"@graph\":[{\"@type\":\"WebPage\",\"@id\":\"https:\/\/brilune.eu\/lv\/product\/atputas-stila-kresls\/\",\"url\":\"https:\/\/brilune.eu\/lv\/product\/atputas-stila-kresls\/\",\"name\":\"Atp\u016btas stila kr\u0113sls\",\"isPartOf\":{\"@id\":\"https:\/\/brilune.eu\/lv\/#website\"},\"primaryImageOfPage\":{\"@id\":\"https:\/\/brilune.eu\/lv\/product\/atputas-stila-kresls\/#primaryimage\"},\"image\":{\"@id\":\"https:\/\/brilune.eu\/lv\/product\/atputas-stila-kresls\/#primaryimage\"},\"thumbnailUrl\":\"https:\/\/brilune.eu\/wp-content\/uploads\/2025\/01\/6-4-4.jpg\",\"datePublished\":\"2025-02-19T10:01:12+00:00\",\"dateModified\":\"2025-02-19T10:13:11+00:00\",\"description\":\"Pie\u0161\u0137iriet savai m\u0101jai m\u016b\u017e\u012bgas elegances piesk\u0101rienu ar atp\u016btas kr\u0113slu ar klasisku su\u0146u zoba rakstu melnbalt\u0101 kr\u0101s\u0101. \u0160is kr\u0113sls pie\u0161\u0137ir izsmalcin\u0101t\u012bbu...\",\"breadcrumb\":{\"@id\":\"https:\/\/brilune.eu\/lv\/product\/atputas-stila-kresls\/#breadcrumb\"},\"inLanguage\":\"lv-LV\",\"potentialAction\":[{\"@type\":\"ReadAction\",\"target\":[\"https:\/\/brilune.eu\/lv\/product\/atputas-stila-kresls\/\"]}]},{\"@type\":\"ImageObject\",\"inLanguage\":\"lv-LV\",\"@id\":\"https:\/\/brilune.eu\/lv\/product\/atputas-stila-kresls\/#primaryimage\",\"url\":\"https:\/\/brilune.eu\/wp-content\/uploads\/2025\/01\/6-4-4.jpg\",\"contentUrl\":\"https:\/\/brilune.eu\/wp-content\/uploads\/2025\/01\/6-4-4.jpg\",\"width\":800,\"height\":800},{\"@type\":\"BreadcrumbList\",\"@id\":\"https:\/\/brilune.eu\/lv\/product\/atputas-stila-kresls\/#breadcrumb\",\"itemListElement\":[{\"@type\":\"ListItem\",\"position\":1,\"name\":\"S\u0101kums\",\"item\":\"https:\/\/brilune.eu\/lv\/brilune-mebeles\/\"},{\"@type\":\"ListItem\",\"position\":2,\"name\":\"Visi produkti\",\"item\":\"https:\/\/brilune.eu\/lv\/shop\/\"},{\"@type\":\"ListItem\",\"position\":3,\"name\":\"Atp\u016btas stila kr\u0113sls\"}]},{\"@type\":\"WebSite\",\"@id\":\"https:\/\/brilune.eu\/lv\/#website\",\"url\":\"https:\/\/brilune.eu\/lv\/\",\"name\":\"Brilune\",\"description\":\"M\u0113s pied\u0101v\u0101jam unik\u0101lus un nebiju\u0161us dizainus, kas apvieno eleganci, funkcionalit\u0101ti un rado\u0161umu.\",\"potentialAction\":[{\"@type\":\"SearchAction\",\"target\":{\"@type\":\"EntryPoint\",\"urlTemplate\":\"https:\/\/brilune.eu\/lv\/?s={search_term_string}\"},\"query-input\":{\"@type\":\"PropertyValueSpecification\",\"valueRequired\":true,\"valueName\":\"search_term_string\"}}],\"inLanguage\":\"lv-LV\"}]}<\/script>\n<!-- \/ Yoast SEO plugin. -->","yoast_head_json":{"title":"Atp\u016btas stila kr\u0113sls","description":"Pie\u0161\u0137iriet savai m\u0101jai m\u016b\u017e\u012bgas elegances piesk\u0101rienu ar atp\u016btas kr\u0113slu ar klasisku su\u0146u zoba rakstu melnbalt\u0101 kr\u0101s\u0101. \u0160is kr\u0113sls pie\u0161\u0137ir izsmalcin\u0101t\u012bbu...","robots":{"index":"index","follow":"follow","max-snippet":"max-snippet:-1","max-image-preview":"max-image-preview:large","max-video-preview":"max-video-preview:-1"},"canonical":"https:\/\/brilune.eu\/lv\/product\/atputas-stila-kresls\/","og_locale":"lv_LV","og_type":"article","og_title":"Atp\u016btas stila kr\u0113sls","og_description":"Pie\u0161\u0137iriet savai m\u0101jai m\u016b\u017e\u012bgas elegances piesk\u0101rienu ar atp\u016btas kr\u0113slu ar klasisku su\u0146u zoba rakstu melnbalt\u0101 kr\u0101s\u0101. \u0160is kr\u0113sls pie\u0161\u0137ir izsmalcin\u0101t\u012bbu...","og_url":"https:\/\/brilune.eu\/lv\/product\/atputas-stila-kresls\/","og_site_name":"Brilune","article_modified_time":"2025-02-19T10:13:11+00:00","og_image":[{"width":800,"height":800,"url":"https:\/\/brilune.eu\/wp-content\/uploads\/2025\/01\/6-4-4.jpg","type":"image\/jpeg"}],"twitter_card":"summary_large_image","schema":{"@context":"https:\/\/schema.org","@graph":[{"@type":"WebPage","@id":"https:\/\/brilune.eu\/lv\/product\/atputas-stila-kresls\/","url":"https:\/\/brilune.eu\/lv\/product\/atputas-stila-kresls\/","name":"Atp\u016btas stila kr\u0113sls","isPartOf":{"@id":"https:\/\/brilune.eu\/lv\/#website"},"primaryImageOfPage":{"@id":"https:\/\/brilune.eu\/lv\/product\/atputas-stila-kresls\/#primaryimage"},"image":{"@id":"https:\/\/brilune.eu\/lv\/product\/atputas-stila-kresls\/#primaryimage"},"thumbnailUrl":"https:\/\/brilune.eu\/wp-content\/uploads\/2025\/01\/6-4-4.jpg","datePublished":"2025-02-19T10:01:12+00:00","dateModified":"2025-02-19T10:13:11+00:00","description":"Pie\u0161\u0137iriet savai m\u0101jai m\u016b\u017e\u012bgas elegances piesk\u0101rienu ar atp\u016btas kr\u0113slu ar klasisku su\u0146u zoba rakstu melnbalt\u0101 kr\u0101s\u0101. \u0160is kr\u0113sls pie\u0161\u0137ir izsmalcin\u0101t\u012bbu...","breadcrumb":{"@id":"https:\/\/brilune.eu\/lv\/product\/atputas-stila-kresls\/#breadcrumb"},"inLanguage":"lv-LV","potentialAction":[{"@type":"ReadAction","target":["https:\/\/brilune.eu\/lv\/product\/atputas-stila-kresls\/"]}]},{"@type":"ImageObject","inLanguage":"lv-LV","@id":"https:\/\/brilune.eu\/lv\/product\/atputas-stila-kresls\/#primaryimage","url":"https:\/\/brilune.eu\/wp-content\/uploads\/2025\/01\/6-4-4.jpg","contentUrl":"https:\/\/brilune.eu\/wp-content\/uploads\/2025\/01\/6-4-4.jpg","width":800,"height":800},{"@type":"BreadcrumbList","@id":"https:\/\/brilune.eu\/lv\/product\/atputas-stila-kresls\/#breadcrumb","itemListElement":[{"@type":"ListItem","position":1,"name":"S\u0101kums","item":"https:\/\/brilune.eu\/lv\/brilune-mebeles\/"},{"@type":"ListItem","position":2,"name":"Visi produkti","item":"https:\/\/brilune.eu\/lv\/shop\/"},{"@type":"ListItem","position":3,"name":"Atp\u016btas stila kr\u0113sls"}]},{"@type":"WebSite","@id":"https:\/\/brilune.eu\/lv\/#website","url":"https:\/\/brilune.eu\/lv\/","name":"Brilune","description":"M\u0113s pied\u0101v\u0101jam unik\u0101lus un nebiju\u0161us dizainus, kas apvieno eleganci, funkcionalit\u0101ti un rado\u0161umu.","potentialAction":[{"@type":"SearchAction","target":{"@type":"EntryPoint","urlTemplate":"https:\/\/brilune.eu\/lv\/?s={search_term_string}"},"query-input":{"@type":"PropertyValueSpecification","valueRequired":true,"valueName":"search_term_string"}}],"inLanguage":"lv-LV"}]}},"jetpack_sharing_enabled":true,"_links":{"self":[{"href":"https:\/\/brilune.eu\/lv\/wp-json\/wp\/v2\/product\/36986","targetHints":{"allow":["GET"]}}],"collection":[{"href":"https:\/\/brilune.eu\/lv\/wp-json\/wp\/v2\/product"}],"about":[{"href":"https:\/\/brilune.eu\/lv\/wp-json\/wp\/v2\/types\/product"}],"replies":[{"embeddable":true,"href":"https:\/\/brilune.eu\/lv\/wp-json\/wp\/v2\/comments?post=36986"}],"version-history":[{"count":1,"href":"https:\/\/brilune.eu\/lv\/wp-json\/wp\/v2\/product\/36986\/revisions"}],"predecessor-version":[{"id":37016,"href":"https:\/\/brilune.eu\/lv\/wp-json\/wp\/v2\/product\/36986\/revisions\/37016"}],"wp:featuredmedia":[{"embeddable":true,"href":"https:\/\/brilune.eu\/lv\/wp-json\/wp\/v2\/media\/6009"}],"wp:attachment":[{"href":"https:\/\/brilune.eu\/lv\/wp-json\/wp\/v2\/media?parent=36986"}],"wp:term":[{"taxonomy":"product_brand","embeddable":true,"href":"https:\/\/brilune.eu\/lv\/wp-json\/wp\/v2\/product_brand?post=36986"},{"taxonomy":"product_cat","embeddable":true,"href":"https:\/\/brilune.eu\/lv\/wp-json\/wp\/v2\/product_cat?post=36986"},{"taxonomy":"product_tag","embeddable":true,"href":"https:\/\/brilune.eu\/lv\/wp-json\/wp\/v2\/product_tag?post=36986"}],"curies":[{"name":"wp","href":"https:\/\/api.w.org\/{rel}","templated":true}]}}