{"id":36967,"date":"2025-02-19T12:01:11","date_gmt":"2025-02-19T10:01:11","guid":{"rendered":"https:\/\/brilune.eu\/?post_type=product&#038;p=36967"},"modified":"2025-02-19T12:13:10","modified_gmt":"2025-02-19T10:13:10","slug":"bruns-adas-kresls","status":"publish","type":"product","link":"https:\/\/brilune.eu\/lv\/product\/bruns-adas-kresls\/","title":{"rendered":"Br\u016bns \u0101das kr\u0113sls"},"content":{"rendered":"<p>\u0160is \u0101das groz\u0101mais kr\u0113sls ir ide\u0101ls papildin\u0101jums j\u016bsu m\u0101jas birojam. Izgatavots no augst\u0101k\u0101s kvalit\u0101tes \u0101das un iztur\u012bgas pamatnes, tas pied\u0101v\u0101 izcilu komfortu un iztur\u012bbu. Neatkar\u012bgi no t\u0101, vai str\u0101d\u0101jat pie datora vai atp\u016b\u0161aties, kr\u0113sls pal\u012bdz\u0113s saglab\u0101t perfektu st\u0101ju un rad\u012bs komfortablu saj\u016btu.<br \/>\nIlgsto\u0161a s\u0113d\u0113\u0161ana var negat\u012bvi ietekm\u0113t muguru un st\u0101ju. Ar \u0161o kr\u0113slu j\u016bs varat str\u0101d\u0101t bez diskomforta. Kont\u016brveida s\u0113deklis un atzveltne nodro\u0161ina lielisku jostas atbalstu, un groz\u0101m\u0101 pamatne \u013cauj viegli p\u0101rvietoties, samazinot musku\u013cu sasprindzin\u0101juma risku. \u0160is ergonomiskais kr\u0113sls ir ieguld\u012bjums j\u016bsu vesel\u012bb\u0101.<br \/>\nIzm\u0113ri: 78\u00d786\u00d782cm<br \/>\nMateri\u0101li: \u012bsta \u0101da, m\u0101ksl\u012bg\u0101 \u0101da, audums, samts, ka\u0161mirs.<\/p>\n","protected":false},"excerpt":{"rendered":"<p>\u0160is \u0101das groz\u0101mais kr\u0113sls ir ide\u0101ls papildin\u0101jums j\u016bsu m\u0101jas birojam. Izgatavots no augst\u0101k\u0101s kvalit\u0101tes \u0101das un iztur\u012bgas pamatnes, tas pied\u0101v\u0101 izcilu komfortu un&#8230;<\/p>\n","protected":false},"featured_media":5996,"comment_status":"open","ping_status":"closed","template":"","meta":[],"product_brand":[],"product_cat":[1495,5513],"product_tag":[],"class_list":{"0":"post-36967","1":"product","2":"type-product","3":"status-publish","4":"has-post-thumbnail","6":"product_cat-atputas-kresls-kresli-2-3","7":"product_cat-atputas-kresls-kresli-4","9":"first","10":"instock","11":"shipping-taxable","12":"purchasable","13":"product-type-simple"},"yoast_head":"<!-- This site is optimized with the Yoast SEO plugin v26.0 - https:\/\/yoast.com\/wordpress\/plugins\/seo\/ -->\n<title>Br\u016bns \u0101das kr\u0113sls<\/title>\n<meta name=\"description\" content=\"\u0160is \u0101das groz\u0101mais kr\u0113sls ir ide\u0101ls papildin\u0101jums j\u016bsu m\u0101jas birojam. Izgatavots no augst\u0101k\u0101s kvalit\u0101tes \u0101das un iztur\u012bgas pamatnes, tas pied\u0101v\u0101 izcilu komfortu un...\" \/>\n<meta name=\"robots\" content=\"index, follow, max-snippet:-1, max-image-preview:large, max-video-preview:-1\" \/>\n<link rel=\"canonical\" href=\"https:\/\/brilune.eu\/lv\/product\/bruns-adas-kresls\/\" \/>\n<meta property=\"og:locale\" content=\"lv_LV\" \/>\n<meta property=\"og:type\" content=\"article\" \/>\n<meta property=\"og:title\" content=\"Br\u016bns \u0101das kr\u0113sls\" \/>\n<meta property=\"og:description\" content=\"\u0160is \u0101das groz\u0101mais kr\u0113sls ir ide\u0101ls papildin\u0101jums j\u016bsu m\u0101jas birojam. Izgatavots no augst\u0101k\u0101s kvalit\u0101tes \u0101das un iztur\u012bgas pamatnes, tas pied\u0101v\u0101 izcilu komfortu un...\" \/>\n<meta property=\"og:url\" content=\"https:\/\/brilune.eu\/lv\/product\/bruns-adas-kresls\/\" \/>\n<meta property=\"og:site_name\" content=\"Brilune\" \/>\n<meta property=\"article:modified_time\" content=\"2025-02-19T10:13:10+00:00\" \/>\n<meta property=\"og:image\" content=\"https:\/\/brilune.eu\/wp-content\/uploads\/2025\/01\/4-11-4.jpg\" \/>\n\t<meta property=\"og:image:width\" content=\"750\" \/>\n\t<meta property=\"og:image:height\" content=\"750\" \/>\n\t<meta property=\"og:image:type\" content=\"image\/jpeg\" \/>\n<meta name=\"twitter:card\" content=\"summary_large_image\" \/>\n<meta name=\"twitter:label1\" content=\"Est. reading time\" \/>\n\t<meta name=\"twitter:data1\" content=\"1 minute\" \/>\n<script type=\"application\/ld+json\" class=\"yoast-schema-graph\">{\"@context\":\"https:\/\/schema.org\",\"@graph\":[{\"@type\":\"WebPage\",\"@id\":\"https:\/\/brilune.eu\/lv\/product\/bruns-adas-kresls\/\",\"url\":\"https:\/\/brilune.eu\/lv\/product\/bruns-adas-kresls\/\",\"name\":\"Br\u016bns \u0101das kr\u0113sls\",\"isPartOf\":{\"@id\":\"https:\/\/brilune.eu\/lv\/#website\"},\"primaryImageOfPage\":{\"@id\":\"https:\/\/brilune.eu\/lv\/product\/bruns-adas-kresls\/#primaryimage\"},\"image\":{\"@id\":\"https:\/\/brilune.eu\/lv\/product\/bruns-adas-kresls\/#primaryimage\"},\"thumbnailUrl\":\"https:\/\/brilune.eu\/wp-content\/uploads\/2025\/01\/4-11-4.jpg\",\"datePublished\":\"2025-02-19T10:01:11+00:00\",\"dateModified\":\"2025-02-19T10:13:10+00:00\",\"description\":\"\u0160is \u0101das groz\u0101mais kr\u0113sls ir ide\u0101ls papildin\u0101jums j\u016bsu m\u0101jas birojam. Izgatavots no augst\u0101k\u0101s kvalit\u0101tes \u0101das un iztur\u012bgas pamatnes, tas pied\u0101v\u0101 izcilu komfortu un...\",\"breadcrumb\":{\"@id\":\"https:\/\/brilune.eu\/lv\/product\/bruns-adas-kresls\/#breadcrumb\"},\"inLanguage\":\"lv-LV\",\"potentialAction\":[{\"@type\":\"ReadAction\",\"target\":[\"https:\/\/brilune.eu\/lv\/product\/bruns-adas-kresls\/\"]}]},{\"@type\":\"ImageObject\",\"inLanguage\":\"lv-LV\",\"@id\":\"https:\/\/brilune.eu\/lv\/product\/bruns-adas-kresls\/#primaryimage\",\"url\":\"https:\/\/brilune.eu\/wp-content\/uploads\/2025\/01\/4-11-4.jpg\",\"contentUrl\":\"https:\/\/brilune.eu\/wp-content\/uploads\/2025\/01\/4-11-4.jpg\",\"width\":750,\"height\":750},{\"@type\":\"BreadcrumbList\",\"@id\":\"https:\/\/brilune.eu\/lv\/product\/bruns-adas-kresls\/#breadcrumb\",\"itemListElement\":[{\"@type\":\"ListItem\",\"position\":1,\"name\":\"S\u0101kums\",\"item\":\"https:\/\/brilune.eu\/lv\/brilune-mebeles\/\"},{\"@type\":\"ListItem\",\"position\":2,\"name\":\"Visi produkti\",\"item\":\"https:\/\/brilune.eu\/lv\/shop\/\"},{\"@type\":\"ListItem\",\"position\":3,\"name\":\"Br\u016bns \u0101das kr\u0113sls\"}]},{\"@type\":\"WebSite\",\"@id\":\"https:\/\/brilune.eu\/lv\/#website\",\"url\":\"https:\/\/brilune.eu\/lv\/\",\"name\":\"Brilune\",\"description\":\"M\u0113s pied\u0101v\u0101jam unik\u0101lus un nebiju\u0161us dizainus, kas apvieno eleganci, funkcionalit\u0101ti un rado\u0161umu.\",\"potentialAction\":[{\"@type\":\"SearchAction\",\"target\":{\"@type\":\"EntryPoint\",\"urlTemplate\":\"https:\/\/brilune.eu\/lv\/?s={search_term_string}\"},\"query-input\":{\"@type\":\"PropertyValueSpecification\",\"valueRequired\":true,\"valueName\":\"search_term_string\"}}],\"inLanguage\":\"lv-LV\"}]}<\/script>\n<!-- \/ Yoast SEO plugin. -->","yoast_head_json":{"title":"Br\u016bns \u0101das kr\u0113sls","description":"\u0160is \u0101das groz\u0101mais kr\u0113sls ir ide\u0101ls papildin\u0101jums j\u016bsu m\u0101jas birojam. Izgatavots no augst\u0101k\u0101s kvalit\u0101tes \u0101das un iztur\u012bgas pamatnes, tas pied\u0101v\u0101 izcilu komfortu un...","robots":{"index":"index","follow":"follow","max-snippet":"max-snippet:-1","max-image-preview":"max-image-preview:large","max-video-preview":"max-video-preview:-1"},"canonical":"https:\/\/brilune.eu\/lv\/product\/bruns-adas-kresls\/","og_locale":"lv_LV","og_type":"article","og_title":"Br\u016bns \u0101das kr\u0113sls","og_description":"\u0160is \u0101das groz\u0101mais kr\u0113sls ir ide\u0101ls papildin\u0101jums j\u016bsu m\u0101jas birojam. Izgatavots no augst\u0101k\u0101s kvalit\u0101tes \u0101das un iztur\u012bgas pamatnes, tas pied\u0101v\u0101 izcilu komfortu un...","og_url":"https:\/\/brilune.eu\/lv\/product\/bruns-adas-kresls\/","og_site_name":"Brilune","article_modified_time":"2025-02-19T10:13:10+00:00","og_image":[{"width":750,"height":750,"url":"https:\/\/brilune.eu\/wp-content\/uploads\/2025\/01\/4-11-4.jpg","type":"image\/jpeg"}],"twitter_card":"summary_large_image","twitter_misc":{"Est. reading time":"1 minute"},"schema":{"@context":"https:\/\/schema.org","@graph":[{"@type":"WebPage","@id":"https:\/\/brilune.eu\/lv\/product\/bruns-adas-kresls\/","url":"https:\/\/brilune.eu\/lv\/product\/bruns-adas-kresls\/","name":"Br\u016bns \u0101das kr\u0113sls","isPartOf":{"@id":"https:\/\/brilune.eu\/lv\/#website"},"primaryImageOfPage":{"@id":"https:\/\/brilune.eu\/lv\/product\/bruns-adas-kresls\/#primaryimage"},"image":{"@id":"https:\/\/brilune.eu\/lv\/product\/bruns-adas-kresls\/#primaryimage"},"thumbnailUrl":"https:\/\/brilune.eu\/wp-content\/uploads\/2025\/01\/4-11-4.jpg","datePublished":"2025-02-19T10:01:11+00:00","dateModified":"2025-02-19T10:13:10+00:00","description":"\u0160is \u0101das groz\u0101mais kr\u0113sls ir ide\u0101ls papildin\u0101jums j\u016bsu m\u0101jas birojam. Izgatavots no augst\u0101k\u0101s kvalit\u0101tes \u0101das un iztur\u012bgas pamatnes, tas pied\u0101v\u0101 izcilu komfortu un...","breadcrumb":{"@id":"https:\/\/brilune.eu\/lv\/product\/bruns-adas-kresls\/#breadcrumb"},"inLanguage":"lv-LV","potentialAction":[{"@type":"ReadAction","target":["https:\/\/brilune.eu\/lv\/product\/bruns-adas-kresls\/"]}]},{"@type":"ImageObject","inLanguage":"lv-LV","@id":"https:\/\/brilune.eu\/lv\/product\/bruns-adas-kresls\/#primaryimage","url":"https:\/\/brilune.eu\/wp-content\/uploads\/2025\/01\/4-11-4.jpg","contentUrl":"https:\/\/brilune.eu\/wp-content\/uploads\/2025\/01\/4-11-4.jpg","width":750,"height":750},{"@type":"BreadcrumbList","@id":"https:\/\/brilune.eu\/lv\/product\/bruns-adas-kresls\/#breadcrumb","itemListElement":[{"@type":"ListItem","position":1,"name":"S\u0101kums","item":"https:\/\/brilune.eu\/lv\/brilune-mebeles\/"},{"@type":"ListItem","position":2,"name":"Visi produkti","item":"https:\/\/brilune.eu\/lv\/shop\/"},{"@type":"ListItem","position":3,"name":"Br\u016bns \u0101das kr\u0113sls"}]},{"@type":"WebSite","@id":"https:\/\/brilune.eu\/lv\/#website","url":"https:\/\/brilune.eu\/lv\/","name":"Brilune","description":"M\u0113s pied\u0101v\u0101jam unik\u0101lus un nebiju\u0161us dizainus, kas apvieno eleganci, funkcionalit\u0101ti un rado\u0161umu.","potentialAction":[{"@type":"SearchAction","target":{"@type":"EntryPoint","urlTemplate":"https:\/\/brilune.eu\/lv\/?s={search_term_string}"},"query-input":{"@type":"PropertyValueSpecification","valueRequired":true,"valueName":"search_term_string"}}],"inLanguage":"lv-LV"}]}},"jetpack_sharing_enabled":true,"_links":{"self":[{"href":"https:\/\/brilune.eu\/lv\/wp-json\/wp\/v2\/product\/36967","targetHints":{"allow":["GET"]}}],"collection":[{"href":"https:\/\/brilune.eu\/lv\/wp-json\/wp\/v2\/product"}],"about":[{"href":"https:\/\/brilune.eu\/lv\/wp-json\/wp\/v2\/types\/product"}],"replies":[{"embeddable":true,"href":"https:\/\/brilune.eu\/lv\/wp-json\/wp\/v2\/comments?post=36967"}],"version-history":[{"count":1,"href":"https:\/\/brilune.eu\/lv\/wp-json\/wp\/v2\/product\/36967\/revisions"}],"predecessor-version":[{"id":37013,"href":"https:\/\/brilune.eu\/lv\/wp-json\/wp\/v2\/product\/36967\/revisions\/37013"}],"wp:featuredmedia":[{"embeddable":true,"href":"https:\/\/brilune.eu\/lv\/wp-json\/wp\/v2\/media\/5996"}],"wp:attachment":[{"href":"https:\/\/brilune.eu\/lv\/wp-json\/wp\/v2\/media?parent=36967"}],"wp:term":[{"taxonomy":"product_brand","embeddable":true,"href":"https:\/\/brilune.eu\/lv\/wp-json\/wp\/v2\/product_brand?post=36967"},{"taxonomy":"product_cat","embeddable":true,"href":"https:\/\/brilune.eu\/lv\/wp-json\/wp\/v2\/product_cat?post=36967"},{"taxonomy":"product_tag","embeddable":true,"href":"https:\/\/brilune.eu\/lv\/wp-json\/wp\/v2\/product_tag?post=36967"}],"curies":[{"name":"wp","href":"https:\/\/api.w.org\/{rel}","templated":true}]}}