{"id":36964,"date":"2025-02-19T12:01:11","date_gmt":"2025-02-19T10:01:11","guid":{"rendered":"https:\/\/brilune.eu\/?post_type=product&#038;p=36964"},"modified":"2025-02-19T12:13:08","modified_gmt":"2025-02-19T10:13:08","slug":"miksts-velveta-kresls","status":"publish","type":"product","link":"https:\/\/brilune.eu\/lv\/product\/miksts-velveta-kresls\/","title":{"rendered":"M\u012bksts velveta kr\u0113sls"},"content":{"rendered":"<p>Kr\u0113sls pied\u0101v\u0101 greznu atp\u016btu ar m\u012bkstiem spilveniem un samta polster\u0113jumu. Tas ir lieliski piem\u0113rots m\u0101j\u012bgiem vakariem un ned\u0113\u013cas nogal\u0113m. Iztur\u012bg\u0101 konstrukcija nodro\u0161ina ilgm\u016b\u017e\u012bbu, un elegantais dizains padara to par stil\u012bgu papildin\u0101jumu jebkuram dekoram. \u0160\u012b ir daudzpus\u012bga m\u0113bele, ko var izmantot viesistab\u0101, gu\u013camistab\u0101 vai m\u0101jas biroj\u0101.<br \/>\nIzm\u0113ri: 82\u00d790\u00d777cm<br \/>\nMateri\u0101li: dab\u012bg\u0101 \u0101da, m\u0101ksl\u012bg\u0101 \u0101da, audums, samts, ka\u0161mirs.<\/p>\n","protected":false},"excerpt":{"rendered":"<p>Kr\u0113sls pied\u0101v\u0101 greznu atp\u016btu ar m\u012bkstiem spilveniem un samta polster\u0113jumu. Tas ir lieliski piem\u0113rots m\u0101j\u012bgiem vakariem un ned\u0113\u013cas nogal\u0113m. Iztur\u012bg\u0101 konstrukcija nodro\u0161ina ilgu&#8230;<\/p>\n","protected":false},"featured_media":5983,"comment_status":"open","ping_status":"closed","template":"","meta":[],"product_brand":[],"product_cat":[5513,1495],"product_tag":[],"class_list":{"0":"post-36964","1":"product","2":"type-product","3":"status-publish","4":"has-post-thumbnail","6":"product_cat-atputas-kresls-kresli-4","7":"product_cat-atputas-kresls-kresli-2-3","9":"first","10":"instock","11":"shipping-taxable","12":"purchasable","13":"product-type-simple"},"yoast_head":"<!-- This site is optimized with the Yoast SEO plugin v26.0 - https:\/\/yoast.com\/wordpress\/plugins\/seo\/ -->\n<title>M\u012bksts velveta kr\u0113sls<\/title>\n<meta name=\"description\" content=\"Kr\u0113sls pied\u0101v\u0101 greznu atp\u016btu ar m\u012bkstiem spilveniem un samta polster\u0113jumu. Tas ir lieliski piem\u0113rots m\u0101j\u012bgiem vakariem un ned\u0113\u013cas nogal\u0113m. Iztur\u012bg\u0101 konstrukcija nodro\u0161ina ilgu...\" \/>\n<meta name=\"robots\" content=\"index, follow, max-snippet:-1, max-image-preview:large, max-video-preview:-1\" \/>\n<link rel=\"canonical\" href=\"https:\/\/brilune.eu\/lv\/product\/miksts-velveta-kresls\/\" \/>\n<meta property=\"og:locale\" content=\"lv_LV\" \/>\n<meta property=\"og:type\" content=\"article\" \/>\n<meta property=\"og:title\" content=\"M\u012bksts velveta kr\u0113sls\" \/>\n<meta property=\"og:description\" content=\"Kr\u0113sls pied\u0101v\u0101 greznu atp\u016btu ar m\u012bkstiem spilveniem un samta polster\u0113jumu. Tas ir lieliski piem\u0113rots m\u0101j\u012bgiem vakariem un ned\u0113\u013cas nogal\u0113m. Iztur\u012bg\u0101 konstrukcija nodro\u0161ina ilgu...\" \/>\n<meta property=\"og:url\" content=\"https:\/\/brilune.eu\/lv\/product\/miksts-velveta-kresls\/\" \/>\n<meta property=\"og:site_name\" content=\"Brilune\" \/>\n<meta property=\"article:modified_time\" content=\"2025-02-19T10:13:08+00:00\" \/>\n<meta property=\"og:image\" content=\"https:\/\/brilune.eu\/wp-content\/uploads\/2025\/01\/10-5-2.jpg\" \/>\n\t<meta property=\"og:image:width\" content=\"800\" \/>\n\t<meta property=\"og:image:height\" content=\"800\" \/>\n\t<meta property=\"og:image:type\" content=\"image\/jpeg\" \/>\n<meta name=\"twitter:card\" content=\"summary_large_image\" \/>\n<script type=\"application\/ld+json\" class=\"yoast-schema-graph\">{\"@context\":\"https:\/\/schema.org\",\"@graph\":[{\"@type\":\"WebPage\",\"@id\":\"https:\/\/brilune.eu\/lv\/product\/miksts-velveta-kresls\/\",\"url\":\"https:\/\/brilune.eu\/lv\/product\/miksts-velveta-kresls\/\",\"name\":\"M\u012bksts velveta kr\u0113sls\",\"isPartOf\":{\"@id\":\"https:\/\/brilune.eu\/lv\/#website\"},\"primaryImageOfPage\":{\"@id\":\"https:\/\/brilune.eu\/lv\/product\/miksts-velveta-kresls\/#primaryimage\"},\"image\":{\"@id\":\"https:\/\/brilune.eu\/lv\/product\/miksts-velveta-kresls\/#primaryimage\"},\"thumbnailUrl\":\"https:\/\/brilune.eu\/wp-content\/uploads\/2025\/01\/10-5-2.jpg\",\"datePublished\":\"2025-02-19T10:01:11+00:00\",\"dateModified\":\"2025-02-19T10:13:08+00:00\",\"description\":\"Kr\u0113sls pied\u0101v\u0101 greznu atp\u016btu ar m\u012bkstiem spilveniem un samta polster\u0113jumu. Tas ir lieliski piem\u0113rots m\u0101j\u012bgiem vakariem un ned\u0113\u013cas nogal\u0113m. Iztur\u012bg\u0101 konstrukcija nodro\u0161ina ilgu...\",\"breadcrumb\":{\"@id\":\"https:\/\/brilune.eu\/lv\/product\/miksts-velveta-kresls\/#breadcrumb\"},\"inLanguage\":\"lv-LV\",\"potentialAction\":[{\"@type\":\"ReadAction\",\"target\":[\"https:\/\/brilune.eu\/lv\/product\/miksts-velveta-kresls\/\"]}]},{\"@type\":\"ImageObject\",\"inLanguage\":\"lv-LV\",\"@id\":\"https:\/\/brilune.eu\/lv\/product\/miksts-velveta-kresls\/#primaryimage\",\"url\":\"https:\/\/brilune.eu\/wp-content\/uploads\/2025\/01\/10-5-2.jpg\",\"contentUrl\":\"https:\/\/brilune.eu\/wp-content\/uploads\/2025\/01\/10-5-2.jpg\",\"width\":800,\"height\":800},{\"@type\":\"BreadcrumbList\",\"@id\":\"https:\/\/brilune.eu\/lv\/product\/miksts-velveta-kresls\/#breadcrumb\",\"itemListElement\":[{\"@type\":\"ListItem\",\"position\":1,\"name\":\"S\u0101kums\",\"item\":\"https:\/\/brilune.eu\/lv\/brilune-mebeles\/\"},{\"@type\":\"ListItem\",\"position\":2,\"name\":\"Visi produkti\",\"item\":\"https:\/\/brilune.eu\/lv\/shop\/\"},{\"@type\":\"ListItem\",\"position\":3,\"name\":\"M\u012bksts velveta kr\u0113sls\"}]},{\"@type\":\"WebSite\",\"@id\":\"https:\/\/brilune.eu\/lv\/#website\",\"url\":\"https:\/\/brilune.eu\/lv\/\",\"name\":\"Brilune\",\"description\":\"M\u0113s pied\u0101v\u0101jam unik\u0101lus un nebiju\u0161us dizainus, kas apvieno eleganci, funkcionalit\u0101ti un rado\u0161umu.\",\"potentialAction\":[{\"@type\":\"SearchAction\",\"target\":{\"@type\":\"EntryPoint\",\"urlTemplate\":\"https:\/\/brilune.eu\/lv\/?s={search_term_string}\"},\"query-input\":{\"@type\":\"PropertyValueSpecification\",\"valueRequired\":true,\"valueName\":\"search_term_string\"}}],\"inLanguage\":\"lv-LV\"}]}<\/script>\n<!-- \/ Yoast SEO plugin. -->","yoast_head_json":{"title":"M\u012bksts velveta kr\u0113sls","description":"Kr\u0113sls pied\u0101v\u0101 greznu atp\u016btu ar m\u012bkstiem spilveniem un samta polster\u0113jumu. Tas ir lieliski piem\u0113rots m\u0101j\u012bgiem vakariem un ned\u0113\u013cas nogal\u0113m. Iztur\u012bg\u0101 konstrukcija nodro\u0161ina ilgu...","robots":{"index":"index","follow":"follow","max-snippet":"max-snippet:-1","max-image-preview":"max-image-preview:large","max-video-preview":"max-video-preview:-1"},"canonical":"https:\/\/brilune.eu\/lv\/product\/miksts-velveta-kresls\/","og_locale":"lv_LV","og_type":"article","og_title":"M\u012bksts velveta kr\u0113sls","og_description":"Kr\u0113sls pied\u0101v\u0101 greznu atp\u016btu ar m\u012bkstiem spilveniem un samta polster\u0113jumu. Tas ir lieliski piem\u0113rots m\u0101j\u012bgiem vakariem un ned\u0113\u013cas nogal\u0113m. Iztur\u012bg\u0101 konstrukcija nodro\u0161ina ilgu...","og_url":"https:\/\/brilune.eu\/lv\/product\/miksts-velveta-kresls\/","og_site_name":"Brilune","article_modified_time":"2025-02-19T10:13:08+00:00","og_image":[{"width":800,"height":800,"url":"https:\/\/brilune.eu\/wp-content\/uploads\/2025\/01\/10-5-2.jpg","type":"image\/jpeg"}],"twitter_card":"summary_large_image","schema":{"@context":"https:\/\/schema.org","@graph":[{"@type":"WebPage","@id":"https:\/\/brilune.eu\/lv\/product\/miksts-velveta-kresls\/","url":"https:\/\/brilune.eu\/lv\/product\/miksts-velveta-kresls\/","name":"M\u012bksts velveta kr\u0113sls","isPartOf":{"@id":"https:\/\/brilune.eu\/lv\/#website"},"primaryImageOfPage":{"@id":"https:\/\/brilune.eu\/lv\/product\/miksts-velveta-kresls\/#primaryimage"},"image":{"@id":"https:\/\/brilune.eu\/lv\/product\/miksts-velveta-kresls\/#primaryimage"},"thumbnailUrl":"https:\/\/brilune.eu\/wp-content\/uploads\/2025\/01\/10-5-2.jpg","datePublished":"2025-02-19T10:01:11+00:00","dateModified":"2025-02-19T10:13:08+00:00","description":"Kr\u0113sls pied\u0101v\u0101 greznu atp\u016btu ar m\u012bkstiem spilveniem un samta polster\u0113jumu. Tas ir lieliski piem\u0113rots m\u0101j\u012bgiem vakariem un ned\u0113\u013cas nogal\u0113m. Iztur\u012bg\u0101 konstrukcija nodro\u0161ina ilgu...","breadcrumb":{"@id":"https:\/\/brilune.eu\/lv\/product\/miksts-velveta-kresls\/#breadcrumb"},"inLanguage":"lv-LV","potentialAction":[{"@type":"ReadAction","target":["https:\/\/brilune.eu\/lv\/product\/miksts-velveta-kresls\/"]}]},{"@type":"ImageObject","inLanguage":"lv-LV","@id":"https:\/\/brilune.eu\/lv\/product\/miksts-velveta-kresls\/#primaryimage","url":"https:\/\/brilune.eu\/wp-content\/uploads\/2025\/01\/10-5-2.jpg","contentUrl":"https:\/\/brilune.eu\/wp-content\/uploads\/2025\/01\/10-5-2.jpg","width":800,"height":800},{"@type":"BreadcrumbList","@id":"https:\/\/brilune.eu\/lv\/product\/miksts-velveta-kresls\/#breadcrumb","itemListElement":[{"@type":"ListItem","position":1,"name":"S\u0101kums","item":"https:\/\/brilune.eu\/lv\/brilune-mebeles\/"},{"@type":"ListItem","position":2,"name":"Visi produkti","item":"https:\/\/brilune.eu\/lv\/shop\/"},{"@type":"ListItem","position":3,"name":"M\u012bksts velveta kr\u0113sls"}]},{"@type":"WebSite","@id":"https:\/\/brilune.eu\/lv\/#website","url":"https:\/\/brilune.eu\/lv\/","name":"Brilune","description":"M\u0113s pied\u0101v\u0101jam unik\u0101lus un nebiju\u0161us dizainus, kas apvieno eleganci, funkcionalit\u0101ti un rado\u0161umu.","potentialAction":[{"@type":"SearchAction","target":{"@type":"EntryPoint","urlTemplate":"https:\/\/brilune.eu\/lv\/?s={search_term_string}"},"query-input":{"@type":"PropertyValueSpecification","valueRequired":true,"valueName":"search_term_string"}}],"inLanguage":"lv-LV"}]}},"jetpack_sharing_enabled":true,"_links":{"self":[{"href":"https:\/\/brilune.eu\/lv\/wp-json\/wp\/v2\/product\/36964","targetHints":{"allow":["GET"]}}],"collection":[{"href":"https:\/\/brilune.eu\/lv\/wp-json\/wp\/v2\/product"}],"about":[{"href":"https:\/\/brilune.eu\/lv\/wp-json\/wp\/v2\/types\/product"}],"replies":[{"embeddable":true,"href":"https:\/\/brilune.eu\/lv\/wp-json\/wp\/v2\/comments?post=36964"}],"version-history":[{"count":1,"href":"https:\/\/brilune.eu\/lv\/wp-json\/wp\/v2\/product\/36964\/revisions"}],"predecessor-version":[{"id":37010,"href":"https:\/\/brilune.eu\/lv\/wp-json\/wp\/v2\/product\/36964\/revisions\/37010"}],"wp:featuredmedia":[{"embeddable":true,"href":"https:\/\/brilune.eu\/lv\/wp-json\/wp\/v2\/media\/5983"}],"wp:attachment":[{"href":"https:\/\/brilune.eu\/lv\/wp-json\/wp\/v2\/media?parent=36964"}],"wp:term":[{"taxonomy":"product_brand","embeddable":true,"href":"https:\/\/brilune.eu\/lv\/wp-json\/wp\/v2\/product_brand?post=36964"},{"taxonomy":"product_cat","embeddable":true,"href":"https:\/\/brilune.eu\/lv\/wp-json\/wp\/v2\/product_cat?post=36964"},{"taxonomy":"product_tag","embeddable":true,"href":"https:\/\/brilune.eu\/lv\/wp-json\/wp\/v2\/product_tag?post=36964"}],"curies":[{"name":"wp","href":"https:\/\/api.w.org\/{rel}","templated":true}]}}