{"id":36961,"date":"2025-02-19T12:01:10","date_gmt":"2025-02-19T10:01:10","guid":{"rendered":"https:\/\/brilune.eu\/?post_type=product&#038;p=36961"},"modified":"2025-02-19T12:13:07","modified_gmt":"2025-02-19T10:13:07","slug":"apals-kresls-ar-roku-balstiem","status":"publish","type":"product","link":"https:\/\/brilune.eu\/lv\/product\/apals-kresls-ar-roku-balstiem\/","title":{"rendered":"Apa\u013c\u0161 kr\u0113sls ar roku balstiem"},"content":{"rendered":"<p>Ar m\u012bkstiem spilveniem un pla\u0161u izliektu atzveltni kr\u0113sls nodro\u0161ina komfortu un lielisku atbalstu, \u013caujot atp\u016bsties un relaks\u0113ties. Pieejami da\u017e\u0101di polster\u0113juma varianti, kas \u013cauj izv\u0113l\u0113ties stilu, kas atbilstu jebkuram dekoram. \u0160is kr\u0113sls apvieno komfortu, stilu un funkcionalit\u0101ti.<br \/>\nIzm\u0113ri: 96\u00d792\u00d773cm<br \/>\nMateri\u0101li: dab\u012bg\u0101 \u0101da, m\u0101ksl\u012bg\u0101 \u0101da, audums, samts, ka\u0161mirs.<\/p>\n","protected":false},"excerpt":{"rendered":"<p>Ar m\u012bkstiem spilveniem un pla\u0161u izliektu atzveltni kr\u0113sls nodro\u0161ina komfortu un lielisku atbalstu, \u013caujot atp\u016bsties un relaks\u0113ties. Pieejami da\u017e\u0101di polster\u0113jumi&#8230;<\/p>\n","protected":false},"featured_media":5967,"comment_status":"open","ping_status":"closed","template":"","meta":[],"product_brand":[],"product_cat":[1495,5513],"product_tag":[],"class_list":{"0":"post-36961","1":"product","2":"type-product","3":"status-publish","4":"has-post-thumbnail","6":"product_cat-atputas-kresls-kresli-2-3","7":"product_cat-atputas-kresls-kresli-4","9":"first","10":"instock","11":"shipping-taxable","12":"purchasable","13":"product-type-simple"},"yoast_head":"<!-- This site is optimized with the Yoast SEO plugin v26.0 - https:\/\/yoast.com\/wordpress\/plugins\/seo\/ -->\n<title>Apa\u013c\u0161 kr\u0113sls ar roku balstiem<\/title>\n<meta name=\"description\" content=\"Ar m\u012bkstiem spilveniem un pla\u0161u izliektu atzveltni kr\u0113sls nodro\u0161ina komfortu un lielisku atbalstu, \u013caujot atp\u016bsties un relaks\u0113ties. Pieejami da\u017e\u0101di polster\u0113jumi...\" \/>\n<meta name=\"robots\" content=\"index, follow, max-snippet:-1, max-image-preview:large, max-video-preview:-1\" \/>\n<link rel=\"canonical\" href=\"https:\/\/brilune.eu\/lv\/product\/apals-kresls-ar-roku-balstiem\/\" \/>\n<meta property=\"og:locale\" content=\"lv_LV\" \/>\n<meta property=\"og:type\" content=\"article\" \/>\n<meta property=\"og:title\" content=\"Apa\u013c\u0161 kr\u0113sls ar roku balstiem\" \/>\n<meta property=\"og:description\" content=\"Ar m\u012bkstiem spilveniem un pla\u0161u izliektu atzveltni kr\u0113sls nodro\u0161ina komfortu un lielisku atbalstu, \u013caujot atp\u016bsties un relaks\u0113ties. Pieejami da\u017e\u0101di polster\u0113jumi...\" \/>\n<meta property=\"og:url\" content=\"https:\/\/brilune.eu\/lv\/product\/apals-kresls-ar-roku-balstiem\/\" \/>\n<meta property=\"og:site_name\" content=\"Brilune\" \/>\n<meta property=\"article:modified_time\" content=\"2025-02-19T10:13:07+00:00\" \/>\n<meta property=\"og:image\" content=\"https:\/\/brilune.eu\/wp-content\/uploads\/2025\/01\/5-5-1.jpg\" \/>\n\t<meta property=\"og:image:width\" content=\"800\" \/>\n\t<meta property=\"og:image:height\" content=\"800\" \/>\n\t<meta property=\"og:image:type\" content=\"image\/jpeg\" \/>\n<meta name=\"twitter:card\" content=\"summary_large_image\" \/>\n<script type=\"application\/ld+json\" class=\"yoast-schema-graph\">{\"@context\":\"https:\/\/schema.org\",\"@graph\":[{\"@type\":\"WebPage\",\"@id\":\"https:\/\/brilune.eu\/lv\/product\/apals-kresls-ar-roku-balstiem\/\",\"url\":\"https:\/\/brilune.eu\/lv\/product\/apals-kresls-ar-roku-balstiem\/\",\"name\":\"Apa\u013c\u0161 kr\u0113sls ar roku balstiem\",\"isPartOf\":{\"@id\":\"https:\/\/brilune.eu\/lv\/#website\"},\"primaryImageOfPage\":{\"@id\":\"https:\/\/brilune.eu\/lv\/product\/apals-kresls-ar-roku-balstiem\/#primaryimage\"},\"image\":{\"@id\":\"https:\/\/brilune.eu\/lv\/product\/apals-kresls-ar-roku-balstiem\/#primaryimage\"},\"thumbnailUrl\":\"https:\/\/brilune.eu\/wp-content\/uploads\/2025\/01\/5-5-1.jpg\",\"datePublished\":\"2025-02-19T10:01:10+00:00\",\"dateModified\":\"2025-02-19T10:13:07+00:00\",\"description\":\"Ar m\u012bkstiem spilveniem un pla\u0161u izliektu atzveltni kr\u0113sls nodro\u0161ina komfortu un lielisku atbalstu, \u013caujot atp\u016bsties un relaks\u0113ties. Pieejami da\u017e\u0101di polster\u0113jumi...\",\"breadcrumb\":{\"@id\":\"https:\/\/brilune.eu\/lv\/product\/apals-kresls-ar-roku-balstiem\/#breadcrumb\"},\"inLanguage\":\"lv-LV\",\"potentialAction\":[{\"@type\":\"ReadAction\",\"target\":[\"https:\/\/brilune.eu\/lv\/product\/apals-kresls-ar-roku-balstiem\/\"]}]},{\"@type\":\"ImageObject\",\"inLanguage\":\"lv-LV\",\"@id\":\"https:\/\/brilune.eu\/lv\/product\/apals-kresls-ar-roku-balstiem\/#primaryimage\",\"url\":\"https:\/\/brilune.eu\/wp-content\/uploads\/2025\/01\/5-5-1.jpg\",\"contentUrl\":\"https:\/\/brilune.eu\/wp-content\/uploads\/2025\/01\/5-5-1.jpg\",\"width\":800,\"height\":800},{\"@type\":\"BreadcrumbList\",\"@id\":\"https:\/\/brilune.eu\/lv\/product\/apals-kresls-ar-roku-balstiem\/#breadcrumb\",\"itemListElement\":[{\"@type\":\"ListItem\",\"position\":1,\"name\":\"S\u0101kums\",\"item\":\"https:\/\/brilune.eu\/lv\/brilune-mebeles\/\"},{\"@type\":\"ListItem\",\"position\":2,\"name\":\"Visi produkti\",\"item\":\"https:\/\/brilune.eu\/lv\/shop\/\"},{\"@type\":\"ListItem\",\"position\":3,\"name\":\"Apa\u013c\u0161 kr\u0113sls ar roku balstiem\"}]},{\"@type\":\"WebSite\",\"@id\":\"https:\/\/brilune.eu\/lv\/#website\",\"url\":\"https:\/\/brilune.eu\/lv\/\",\"name\":\"Brilune\",\"description\":\"M\u0113s pied\u0101v\u0101jam unik\u0101lus un nebiju\u0161us dizainus, kas apvieno eleganci, funkcionalit\u0101ti un rado\u0161umu.\",\"potentialAction\":[{\"@type\":\"SearchAction\",\"target\":{\"@type\":\"EntryPoint\",\"urlTemplate\":\"https:\/\/brilune.eu\/lv\/?s={search_term_string}\"},\"query-input\":{\"@type\":\"PropertyValueSpecification\",\"valueRequired\":true,\"valueName\":\"search_term_string\"}}],\"inLanguage\":\"lv-LV\"}]}<\/script>\n<!-- \/ Yoast SEO plugin. -->","yoast_head_json":{"title":"Apa\u013c\u0161 kr\u0113sls ar roku balstiem","description":"Ar m\u012bkstiem spilveniem un pla\u0161u izliektu atzveltni kr\u0113sls nodro\u0161ina komfortu un lielisku atbalstu, \u013caujot atp\u016bsties un relaks\u0113ties. Pieejami da\u017e\u0101di polster\u0113jumi...","robots":{"index":"index","follow":"follow","max-snippet":"max-snippet:-1","max-image-preview":"max-image-preview:large","max-video-preview":"max-video-preview:-1"},"canonical":"https:\/\/brilune.eu\/lv\/product\/apals-kresls-ar-roku-balstiem\/","og_locale":"lv_LV","og_type":"article","og_title":"Apa\u013c\u0161 kr\u0113sls ar roku balstiem","og_description":"Ar m\u012bkstiem spilveniem un pla\u0161u izliektu atzveltni kr\u0113sls nodro\u0161ina komfortu un lielisku atbalstu, \u013caujot atp\u016bsties un relaks\u0113ties. Pieejami da\u017e\u0101di polster\u0113jumi...","og_url":"https:\/\/brilune.eu\/lv\/product\/apals-kresls-ar-roku-balstiem\/","og_site_name":"Brilune","article_modified_time":"2025-02-19T10:13:07+00:00","og_image":[{"width":800,"height":800,"url":"https:\/\/brilune.eu\/wp-content\/uploads\/2025\/01\/5-5-1.jpg","type":"image\/jpeg"}],"twitter_card":"summary_large_image","schema":{"@context":"https:\/\/schema.org","@graph":[{"@type":"WebPage","@id":"https:\/\/brilune.eu\/lv\/product\/apals-kresls-ar-roku-balstiem\/","url":"https:\/\/brilune.eu\/lv\/product\/apals-kresls-ar-roku-balstiem\/","name":"Apa\u013c\u0161 kr\u0113sls ar roku balstiem","isPartOf":{"@id":"https:\/\/brilune.eu\/lv\/#website"},"primaryImageOfPage":{"@id":"https:\/\/brilune.eu\/lv\/product\/apals-kresls-ar-roku-balstiem\/#primaryimage"},"image":{"@id":"https:\/\/brilune.eu\/lv\/product\/apals-kresls-ar-roku-balstiem\/#primaryimage"},"thumbnailUrl":"https:\/\/brilune.eu\/wp-content\/uploads\/2025\/01\/5-5-1.jpg","datePublished":"2025-02-19T10:01:10+00:00","dateModified":"2025-02-19T10:13:07+00:00","description":"Ar m\u012bkstiem spilveniem un pla\u0161u izliektu atzveltni kr\u0113sls nodro\u0161ina komfortu un lielisku atbalstu, \u013caujot atp\u016bsties un relaks\u0113ties. Pieejami da\u017e\u0101di polster\u0113jumi...","breadcrumb":{"@id":"https:\/\/brilune.eu\/lv\/product\/apals-kresls-ar-roku-balstiem\/#breadcrumb"},"inLanguage":"lv-LV","potentialAction":[{"@type":"ReadAction","target":["https:\/\/brilune.eu\/lv\/product\/apals-kresls-ar-roku-balstiem\/"]}]},{"@type":"ImageObject","inLanguage":"lv-LV","@id":"https:\/\/brilune.eu\/lv\/product\/apals-kresls-ar-roku-balstiem\/#primaryimage","url":"https:\/\/brilune.eu\/wp-content\/uploads\/2025\/01\/5-5-1.jpg","contentUrl":"https:\/\/brilune.eu\/wp-content\/uploads\/2025\/01\/5-5-1.jpg","width":800,"height":800},{"@type":"BreadcrumbList","@id":"https:\/\/brilune.eu\/lv\/product\/apals-kresls-ar-roku-balstiem\/#breadcrumb","itemListElement":[{"@type":"ListItem","position":1,"name":"S\u0101kums","item":"https:\/\/brilune.eu\/lv\/brilune-mebeles\/"},{"@type":"ListItem","position":2,"name":"Visi produkti","item":"https:\/\/brilune.eu\/lv\/shop\/"},{"@type":"ListItem","position":3,"name":"Apa\u013c\u0161 kr\u0113sls ar roku balstiem"}]},{"@type":"WebSite","@id":"https:\/\/brilune.eu\/lv\/#website","url":"https:\/\/brilune.eu\/lv\/","name":"Brilune","description":"M\u0113s pied\u0101v\u0101jam unik\u0101lus un nebiju\u0161us dizainus, kas apvieno eleganci, funkcionalit\u0101ti un rado\u0161umu.","potentialAction":[{"@type":"SearchAction","target":{"@type":"EntryPoint","urlTemplate":"https:\/\/brilune.eu\/lv\/?s={search_term_string}"},"query-input":{"@type":"PropertyValueSpecification","valueRequired":true,"valueName":"search_term_string"}}],"inLanguage":"lv-LV"}]}},"jetpack_sharing_enabled":true,"_links":{"self":[{"href":"https:\/\/brilune.eu\/lv\/wp-json\/wp\/v2\/product\/36961","targetHints":{"allow":["GET"]}}],"collection":[{"href":"https:\/\/brilune.eu\/lv\/wp-json\/wp\/v2\/product"}],"about":[{"href":"https:\/\/brilune.eu\/lv\/wp-json\/wp\/v2\/types\/product"}],"replies":[{"embeddable":true,"href":"https:\/\/brilune.eu\/lv\/wp-json\/wp\/v2\/comments?post=36961"}],"version-history":[{"count":1,"href":"https:\/\/brilune.eu\/lv\/wp-json\/wp\/v2\/product\/36961\/revisions"}],"predecessor-version":[{"id":37007,"href":"https:\/\/brilune.eu\/lv\/wp-json\/wp\/v2\/product\/36961\/revisions\/37007"}],"wp:featuredmedia":[{"embeddable":true,"href":"https:\/\/brilune.eu\/lv\/wp-json\/wp\/v2\/media\/5967"}],"wp:attachment":[{"href":"https:\/\/brilune.eu\/lv\/wp-json\/wp\/v2\/media?parent=36961"}],"wp:term":[{"taxonomy":"product_brand","embeddable":true,"href":"https:\/\/brilune.eu\/lv\/wp-json\/wp\/v2\/product_brand?post=36961"},{"taxonomy":"product_cat","embeddable":true,"href":"https:\/\/brilune.eu\/lv\/wp-json\/wp\/v2\/product_cat?post=36961"},{"taxonomy":"product_tag","embeddable":true,"href":"https:\/\/brilune.eu\/lv\/wp-json\/wp\/v2\/product_tag?post=36961"}],"curies":[{"name":"wp","href":"https:\/\/api.w.org\/{rel}","templated":true}]}}