{"id":36908,"date":"2025-02-19T12:00:20","date_gmt":"2025-02-19T10:00:20","guid":{"rendered":"https:\/\/brilune.eu\/?post_type=product&#038;p=36908"},"modified":"2025-02-19T12:12:49","modified_gmt":"2025-02-19T10:12:49","slug":"musdienigs-atputas-kresls-6","status":"publish","type":"product","link":"https:\/\/brilune.eu\/lv\/product\/musdienigs-atputas-kresls-6\/","title":{"rendered":"M\u016bsdien\u012bgs atp\u016btas kr\u0113sls"},"content":{"rendered":"<p>Atzveltnes kr\u0113sls Emily ir stil\u012bgs un \u0113rts risin\u0101jums jebkuram modernam interjeram. T\u0101s gludais dizains ar t\u012br\u0101m l\u012bnij\u0101m un nepietiekamu eleganci papildin\u0101s jebkuru dekoru. Izgatavots no augstas kvalit\u0101tes materi\u0101liem, kr\u0113sls ir veidots t\u0101, lai tas kalpotu un nodro\u0161in\u0101tu komfortu gadiem ilgi. M\u012bkstais putu polster\u0113jums uz s\u0113dek\u013ca un atzveltnes nodro\u0161ina m\u0101j\u012bgu un komfortablu saj\u016btu, ide\u0101li piem\u0113rots atp\u016btai, las\u012b\u0161anai vai TV skat\u012b\u0161anai.<br \/>\nIzm\u0113ri: 64\u00d758\u00d781cm<br \/>\nMateri\u0101ls: \u012bsta \u0101da, m\u0101ksl\u012bg\u0101 \u0101da, audums, samts, ka\u0161mirs.<\/p>\n","protected":false},"excerpt":{"rendered":"<p>Atzveltnes kr\u0113sls Emily ir stil\u012bgs un \u0113rts risin\u0101jums jebkuram modernam interjeram. T\u0101 gludais dizains ar t\u012br\u0101m l\u012bnij\u0101m un nepietiekamu eleganci papildin\u0101s jebkuru&#8230;<\/p>\n","protected":false},"featured_media":5826,"comment_status":"open","ping_status":"closed","template":"","meta":[],"product_brand":[],"product_cat":[5513,1391],"product_tag":[],"class_list":{"0":"post-36908","1":"product","2":"type-product","3":"status-publish","4":"has-post-thumbnail","6":"product_cat-atputas-kresls-kresli-4","7":"product_cat-atputas-kresls","9":"first","10":"instock","11":"shipping-taxable","12":"purchasable","13":"product-type-simple"},"yoast_head":"<!-- This site is optimized with the Yoast SEO plugin v26.0 - https:\/\/yoast.com\/wordpress\/plugins\/seo\/ -->\n<title>M\u016bsdien\u012bgs atp\u016btas kr\u0113sls<\/title>\n<meta name=\"description\" content=\"Atzveltnes kr\u0113sls Emily ir stil\u012bgs un \u0113rts risin\u0101jums jebkuram modernam interjeram. T\u0101 gludais dizains ar t\u012br\u0101m l\u012bnij\u0101m un nepietiekamu eleganci papildin\u0101s jebkuru...\" \/>\n<meta name=\"robots\" content=\"index, follow, max-snippet:-1, max-image-preview:large, max-video-preview:-1\" \/>\n<link rel=\"canonical\" href=\"https:\/\/brilune.eu\/lv\/product\/musdienigs-atputas-kresls-6\/\" \/>\n<meta property=\"og:locale\" content=\"lv_LV\" \/>\n<meta property=\"og:type\" content=\"article\" \/>\n<meta property=\"og:title\" content=\"M\u016bsdien\u012bgs atp\u016btas kr\u0113sls\" \/>\n<meta property=\"og:description\" content=\"Atzveltnes kr\u0113sls Emily ir stil\u012bgs un \u0113rts risin\u0101jums jebkuram modernam interjeram. T\u0101 gludais dizains ar t\u012br\u0101m l\u012bnij\u0101m un nepietiekamu eleganci papildin\u0101s jebkuru...\" \/>\n<meta property=\"og:url\" content=\"https:\/\/brilune.eu\/lv\/product\/musdienigs-atputas-kresls-6\/\" \/>\n<meta property=\"og:site_name\" content=\"Brilune\" \/>\n<meta property=\"article:modified_time\" content=\"2025-02-19T10:12:49+00:00\" \/>\n<meta property=\"og:image\" content=\"https:\/\/brilune.eu\/wp-content\/uploads\/2025\/01\/4-7.png\" \/>\n\t<meta property=\"og:image:width\" content=\"1000\" \/>\n\t<meta property=\"og:image:height\" content=\"1000\" \/>\n\t<meta property=\"og:image:type\" content=\"image\/png\" \/>\n<meta name=\"twitter:card\" content=\"summary_large_image\" \/>\n<meta name=\"twitter:label1\" content=\"Est. reading time\" \/>\n\t<meta name=\"twitter:data1\" content=\"1 minute\" \/>\n<script type=\"application\/ld+json\" class=\"yoast-schema-graph\">{\"@context\":\"https:\/\/schema.org\",\"@graph\":[{\"@type\":\"WebPage\",\"@id\":\"https:\/\/brilune.eu\/lv\/product\/musdienigs-atputas-kresls-6\/\",\"url\":\"https:\/\/brilune.eu\/lv\/product\/musdienigs-atputas-kresls-6\/\",\"name\":\"M\u016bsdien\u012bgs atp\u016btas kr\u0113sls\",\"isPartOf\":{\"@id\":\"https:\/\/brilune.eu\/lv\/#website\"},\"primaryImageOfPage\":{\"@id\":\"https:\/\/brilune.eu\/lv\/product\/musdienigs-atputas-kresls-6\/#primaryimage\"},\"image\":{\"@id\":\"https:\/\/brilune.eu\/lv\/product\/musdienigs-atputas-kresls-6\/#primaryimage\"},\"thumbnailUrl\":\"https:\/\/brilune.eu\/wp-content\/uploads\/2025\/01\/4-7.png\",\"datePublished\":\"2025-02-19T10:00:20+00:00\",\"dateModified\":\"2025-02-19T10:12:49+00:00\",\"description\":\"Atzveltnes kr\u0113sls Emily ir stil\u012bgs un \u0113rts risin\u0101jums jebkuram modernam interjeram. T\u0101 gludais dizains ar t\u012br\u0101m l\u012bnij\u0101m un nepietiekamu eleganci papildin\u0101s jebkuru...\",\"breadcrumb\":{\"@id\":\"https:\/\/brilune.eu\/lv\/product\/musdienigs-atputas-kresls-6\/#breadcrumb\"},\"inLanguage\":\"lv-LV\",\"potentialAction\":[{\"@type\":\"ReadAction\",\"target\":[\"https:\/\/brilune.eu\/lv\/product\/musdienigs-atputas-kresls-6\/\"]}]},{\"@type\":\"ImageObject\",\"inLanguage\":\"lv-LV\",\"@id\":\"https:\/\/brilune.eu\/lv\/product\/musdienigs-atputas-kresls-6\/#primaryimage\",\"url\":\"https:\/\/brilune.eu\/wp-content\/uploads\/2025\/01\/4-7.png\",\"contentUrl\":\"https:\/\/brilune.eu\/wp-content\/uploads\/2025\/01\/4-7.png\",\"width\":1000,\"height\":1000},{\"@type\":\"BreadcrumbList\",\"@id\":\"https:\/\/brilune.eu\/lv\/product\/musdienigs-atputas-kresls-6\/#breadcrumb\",\"itemListElement\":[{\"@type\":\"ListItem\",\"position\":1,\"name\":\"S\u0101kums\",\"item\":\"https:\/\/brilune.eu\/lv\/brilune-mebeles\/\"},{\"@type\":\"ListItem\",\"position\":2,\"name\":\"Visi produkti\",\"item\":\"https:\/\/brilune.eu\/lv\/shop\/\"},{\"@type\":\"ListItem\",\"position\":3,\"name\":\"M\u016bsdien\u012bgs atp\u016btas kr\u0113sls\"}]},{\"@type\":\"WebSite\",\"@id\":\"https:\/\/brilune.eu\/lv\/#website\",\"url\":\"https:\/\/brilune.eu\/lv\/\",\"name\":\"Brilune\",\"description\":\"M\u0113s pied\u0101v\u0101jam unik\u0101lus un nebiju\u0161us dizainus, kas apvieno eleganci, funkcionalit\u0101ti un rado\u0161umu.\",\"potentialAction\":[{\"@type\":\"SearchAction\",\"target\":{\"@type\":\"EntryPoint\",\"urlTemplate\":\"https:\/\/brilune.eu\/lv\/?s={search_term_string}\"},\"query-input\":{\"@type\":\"PropertyValueSpecification\",\"valueRequired\":true,\"valueName\":\"search_term_string\"}}],\"inLanguage\":\"lv-LV\"}]}<\/script>\n<!-- \/ Yoast SEO plugin. -->","yoast_head_json":{"title":"M\u016bsdien\u012bgs atp\u016btas kr\u0113sls","description":"Atzveltnes kr\u0113sls Emily ir stil\u012bgs un \u0113rts risin\u0101jums jebkuram modernam interjeram. T\u0101 gludais dizains ar t\u012br\u0101m l\u012bnij\u0101m un nepietiekamu eleganci papildin\u0101s jebkuru...","robots":{"index":"index","follow":"follow","max-snippet":"max-snippet:-1","max-image-preview":"max-image-preview:large","max-video-preview":"max-video-preview:-1"},"canonical":"https:\/\/brilune.eu\/lv\/product\/musdienigs-atputas-kresls-6\/","og_locale":"lv_LV","og_type":"article","og_title":"M\u016bsdien\u012bgs atp\u016btas kr\u0113sls","og_description":"Atzveltnes kr\u0113sls Emily ir stil\u012bgs un \u0113rts risin\u0101jums jebkuram modernam interjeram. T\u0101 gludais dizains ar t\u012br\u0101m l\u012bnij\u0101m un nepietiekamu eleganci papildin\u0101s jebkuru...","og_url":"https:\/\/brilune.eu\/lv\/product\/musdienigs-atputas-kresls-6\/","og_site_name":"Brilune","article_modified_time":"2025-02-19T10:12:49+00:00","og_image":[{"width":1000,"height":1000,"url":"https:\/\/brilune.eu\/wp-content\/uploads\/2025\/01\/4-7.png","type":"image\/png"}],"twitter_card":"summary_large_image","twitter_misc":{"Est. reading time":"1 minute"},"schema":{"@context":"https:\/\/schema.org","@graph":[{"@type":"WebPage","@id":"https:\/\/brilune.eu\/lv\/product\/musdienigs-atputas-kresls-6\/","url":"https:\/\/brilune.eu\/lv\/product\/musdienigs-atputas-kresls-6\/","name":"M\u016bsdien\u012bgs atp\u016btas kr\u0113sls","isPartOf":{"@id":"https:\/\/brilune.eu\/lv\/#website"},"primaryImageOfPage":{"@id":"https:\/\/brilune.eu\/lv\/product\/musdienigs-atputas-kresls-6\/#primaryimage"},"image":{"@id":"https:\/\/brilune.eu\/lv\/product\/musdienigs-atputas-kresls-6\/#primaryimage"},"thumbnailUrl":"https:\/\/brilune.eu\/wp-content\/uploads\/2025\/01\/4-7.png","datePublished":"2025-02-19T10:00:20+00:00","dateModified":"2025-02-19T10:12:49+00:00","description":"Atzveltnes kr\u0113sls Emily ir stil\u012bgs un \u0113rts risin\u0101jums jebkuram modernam interjeram. T\u0101 gludais dizains ar t\u012br\u0101m l\u012bnij\u0101m un nepietiekamu eleganci papildin\u0101s jebkuru...","breadcrumb":{"@id":"https:\/\/brilune.eu\/lv\/product\/musdienigs-atputas-kresls-6\/#breadcrumb"},"inLanguage":"lv-LV","potentialAction":[{"@type":"ReadAction","target":["https:\/\/brilune.eu\/lv\/product\/musdienigs-atputas-kresls-6\/"]}]},{"@type":"ImageObject","inLanguage":"lv-LV","@id":"https:\/\/brilune.eu\/lv\/product\/musdienigs-atputas-kresls-6\/#primaryimage","url":"https:\/\/brilune.eu\/wp-content\/uploads\/2025\/01\/4-7.png","contentUrl":"https:\/\/brilune.eu\/wp-content\/uploads\/2025\/01\/4-7.png","width":1000,"height":1000},{"@type":"BreadcrumbList","@id":"https:\/\/brilune.eu\/lv\/product\/musdienigs-atputas-kresls-6\/#breadcrumb","itemListElement":[{"@type":"ListItem","position":1,"name":"S\u0101kums","item":"https:\/\/brilune.eu\/lv\/brilune-mebeles\/"},{"@type":"ListItem","position":2,"name":"Visi produkti","item":"https:\/\/brilune.eu\/lv\/shop\/"},{"@type":"ListItem","position":3,"name":"M\u016bsdien\u012bgs atp\u016btas kr\u0113sls"}]},{"@type":"WebSite","@id":"https:\/\/brilune.eu\/lv\/#website","url":"https:\/\/brilune.eu\/lv\/","name":"Brilune","description":"M\u0113s pied\u0101v\u0101jam unik\u0101lus un nebiju\u0161us dizainus, kas apvieno eleganci, funkcionalit\u0101ti un rado\u0161umu.","potentialAction":[{"@type":"SearchAction","target":{"@type":"EntryPoint","urlTemplate":"https:\/\/brilune.eu\/lv\/?s={search_term_string}"},"query-input":{"@type":"PropertyValueSpecification","valueRequired":true,"valueName":"search_term_string"}}],"inLanguage":"lv-LV"}]}},"jetpack_sharing_enabled":true,"_links":{"self":[{"href":"https:\/\/brilune.eu\/lv\/wp-json\/wp\/v2\/product\/36908","targetHints":{"allow":["GET"]}}],"collection":[{"href":"https:\/\/brilune.eu\/lv\/wp-json\/wp\/v2\/product"}],"about":[{"href":"https:\/\/brilune.eu\/lv\/wp-json\/wp\/v2\/types\/product"}],"replies":[{"embeddable":true,"href":"https:\/\/brilune.eu\/lv\/wp-json\/wp\/v2\/comments?post=36908"}],"version-history":[{"count":1,"href":"https:\/\/brilune.eu\/lv\/wp-json\/wp\/v2\/product\/36908\/revisions"}],"predecessor-version":[{"id":36950,"href":"https:\/\/brilune.eu\/lv\/wp-json\/wp\/v2\/product\/36908\/revisions\/36950"}],"wp:featuredmedia":[{"embeddable":true,"href":"https:\/\/brilune.eu\/lv\/wp-json\/wp\/v2\/media\/5826"}],"wp:attachment":[{"href":"https:\/\/brilune.eu\/lv\/wp-json\/wp\/v2\/media?parent=36908"}],"wp:term":[{"taxonomy":"product_brand","embeddable":true,"href":"https:\/\/brilune.eu\/lv\/wp-json\/wp\/v2\/product_brand?post=36908"},{"taxonomy":"product_cat","embeddable":true,"href":"https:\/\/brilune.eu\/lv\/wp-json\/wp\/v2\/product_cat?post=36908"},{"taxonomy":"product_tag","embeddable":true,"href":"https:\/\/brilune.eu\/lv\/wp-json\/wp\/v2\/product_tag?post=36908"}],"curies":[{"name":"wp","href":"https:\/\/api.w.org\/{rel}","templated":true}]}}