{"id":36905,"date":"2025-02-19T12:00:19","date_gmt":"2025-02-19T10:00:19","guid":{"rendered":"https:\/\/brilune.eu\/?post_type=product&#038;p=36905"},"modified":"2025-02-19T12:12:48","modified_gmt":"2025-02-19T10:12:48","slug":"kresls-bez-roku-balstiem","status":"publish","type":"product","link":"https:\/\/brilune.eu\/lv\/product\/kresls-bez-roku-balstiem\/","title":{"rendered":"Kr\u0113sls bez roku balstiem"},"content":{"rendered":"<p>Iegremd\u0113jieties absol\u016bt\u0101 baud\u0101 ar \u0161o kr\u0113slu. \u0160\u012b stil\u012bg\u0101 m\u0113bele pie\u0161\u0137irs j\u016bsu telpai modernu eleganci un nodro\u0161in\u0101s augstu komforta l\u012bmeni. M\u012bkstie spilveni un augst\u0101k\u0101s kvalit\u0101tes polster\u0113jums rada m\u0101j\u012bgu saj\u016btu, savuk\u0101rt roku balstu neesam\u012bba sniedz liel\u0101ku kust\u012bbu br\u012bv\u012bbu. \u0160is ir ide\u0101ls kr\u0113sls atp\u016btai ar gr\u0101matu vai int\u012bm\u0101m sarun\u0101m. Tas b\u016bs lielisks akcents viesistab\u0101, gu\u013camistab\u0101 vai biroj\u0101, radot komforta atmosf\u0113ru.<br \/>\nIzm\u0113ri: 76\u00d790\u00d765cm<br \/>\nMateri\u0101ls: dab\u012bg\u0101 \u0101da, m\u0101ksl\u012bg\u0101 \u0101da, audums, samts, ka\u0161mirs.<\/p>\n","protected":false},"excerpt":{"rendered":"<p>Iegremd\u0113jieties absol\u016bt\u0101 baud\u0101 ar \u0161o kr\u0113slu. \u0160\u012b stil\u012bg\u0101 m\u0113bele pie\u0161\u0137irs j\u016bsu telpai modernu eleganci un nodro\u0161in\u0101s augstu komforta l\u012bmeni&#8230;<\/p>\n","protected":false},"featured_media":5813,"comment_status":"open","ping_status":"closed","template":"","meta":[],"product_brand":[],"product_cat":[1480,5523,5513],"product_tag":[],"class_list":{"0":"post-36905","1":"product","2":"type-product","3":"status-publish","4":"has-post-thumbnail","6":"product_cat-accent-chair-kresli","7":"product_cat-accent-chair-kresli-4","8":"product_cat-atputas-kresls-kresli-4","10":"first","11":"instock","12":"shipping-taxable","13":"purchasable","14":"product-type-simple"},"yoast_head":"<!-- This site is optimized with the Yoast SEO plugin v26.0 - https:\/\/yoast.com\/wordpress\/plugins\/seo\/ -->\n<title>Kr\u0113sls bez roku balstiem<\/title>\n<meta name=\"description\" content=\"Iegremd\u0113jieties absol\u016bt\u0101 baud\u0101 ar \u0161o kr\u0113slu. \u0160\u012b stil\u012bg\u0101 m\u0113bele pie\u0161\u0137irs j\u016bsu telpai modernu eleganci un nodro\u0161in\u0101s augstu komforta l\u012bmeni...\" \/>\n<meta name=\"robots\" content=\"index, follow, max-snippet:-1, max-image-preview:large, max-video-preview:-1\" \/>\n<link rel=\"canonical\" href=\"https:\/\/brilune.eu\/lv\/product\/kresls-bez-roku-balstiem\/\" \/>\n<meta property=\"og:locale\" content=\"lv_LV\" \/>\n<meta property=\"og:type\" content=\"article\" \/>\n<meta property=\"og:title\" content=\"Kr\u0113sls bez roku balstiem\" \/>\n<meta property=\"og:description\" content=\"Iegremd\u0113jieties absol\u016bt\u0101 baud\u0101 ar \u0161o kr\u0113slu. \u0160\u012b stil\u012bg\u0101 m\u0113bele pie\u0161\u0137irs j\u016bsu telpai modernu eleganci un nodro\u0161in\u0101s augstu komforta l\u012bmeni...\" \/>\n<meta property=\"og:url\" content=\"https:\/\/brilune.eu\/lv\/product\/kresls-bez-roku-balstiem\/\" \/>\n<meta property=\"og:site_name\" content=\"Brilune\" \/>\n<meta property=\"article:modified_time\" content=\"2025-02-19T10:12:48+00:00\" \/>\n<meta property=\"og:image\" content=\"https:\/\/brilune.eu\/wp-content\/uploads\/2025\/01\/6-2-1-985x1024.png\" \/>\n\t<meta property=\"og:image:width\" content=\"985\" \/>\n\t<meta property=\"og:image:height\" content=\"1024\" \/>\n\t<meta property=\"og:image:type\" content=\"image\/png\" \/>\n<meta name=\"twitter:card\" content=\"summary_large_image\" \/>\n<meta name=\"twitter:label1\" content=\"Est. reading time\" \/>\n\t<meta name=\"twitter:data1\" content=\"1 minute\" \/>\n<script type=\"application\/ld+json\" class=\"yoast-schema-graph\">{\"@context\":\"https:\/\/schema.org\",\"@graph\":[{\"@type\":\"WebPage\",\"@id\":\"https:\/\/brilune.eu\/lv\/product\/kresls-bez-roku-balstiem\/\",\"url\":\"https:\/\/brilune.eu\/lv\/product\/kresls-bez-roku-balstiem\/\",\"name\":\"Kr\u0113sls bez roku balstiem\",\"isPartOf\":{\"@id\":\"https:\/\/brilune.eu\/lv\/#website\"},\"primaryImageOfPage\":{\"@id\":\"https:\/\/brilune.eu\/lv\/product\/kresls-bez-roku-balstiem\/#primaryimage\"},\"image\":{\"@id\":\"https:\/\/brilune.eu\/lv\/product\/kresls-bez-roku-balstiem\/#primaryimage\"},\"thumbnailUrl\":\"https:\/\/brilune.eu\/wp-content\/uploads\/2025\/01\/6-2-1.png\",\"datePublished\":\"2025-02-19T10:00:19+00:00\",\"dateModified\":\"2025-02-19T10:12:48+00:00\",\"description\":\"Iegremd\u0113jieties absol\u016bt\u0101 baud\u0101 ar \u0161o kr\u0113slu. \u0160\u012b stil\u012bg\u0101 m\u0113bele pie\u0161\u0137irs j\u016bsu telpai modernu eleganci un nodro\u0161in\u0101s augstu komforta l\u012bmeni...\",\"breadcrumb\":{\"@id\":\"https:\/\/brilune.eu\/lv\/product\/kresls-bez-roku-balstiem\/#breadcrumb\"},\"inLanguage\":\"lv-LV\",\"potentialAction\":[{\"@type\":\"ReadAction\",\"target\":[\"https:\/\/brilune.eu\/lv\/product\/kresls-bez-roku-balstiem\/\"]}]},{\"@type\":\"ImageObject\",\"inLanguage\":\"lv-LV\",\"@id\":\"https:\/\/brilune.eu\/lv\/product\/kresls-bez-roku-balstiem\/#primaryimage\",\"url\":\"https:\/\/brilune.eu\/wp-content\/uploads\/2025\/01\/6-2-1.png\",\"contentUrl\":\"https:\/\/brilune.eu\/wp-content\/uploads\/2025\/01\/6-2-1.png\",\"width\":3790,\"height\":3942},{\"@type\":\"BreadcrumbList\",\"@id\":\"https:\/\/brilune.eu\/lv\/product\/kresls-bez-roku-balstiem\/#breadcrumb\",\"itemListElement\":[{\"@type\":\"ListItem\",\"position\":1,\"name\":\"S\u0101kums\",\"item\":\"https:\/\/brilune.eu\/lv\/brilune-mebeles\/\"},{\"@type\":\"ListItem\",\"position\":2,\"name\":\"Visi produkti\",\"item\":\"https:\/\/brilune.eu\/lv\/shop\/\"},{\"@type\":\"ListItem\",\"position\":3,\"name\":\"Kr\u0113sls bez roku balstiem\"}]},{\"@type\":\"WebSite\",\"@id\":\"https:\/\/brilune.eu\/lv\/#website\",\"url\":\"https:\/\/brilune.eu\/lv\/\",\"name\":\"Brilune\",\"description\":\"M\u0113s pied\u0101v\u0101jam unik\u0101lus un nebiju\u0161us dizainus, kas apvieno eleganci, funkcionalit\u0101ti un rado\u0161umu.\",\"potentialAction\":[{\"@type\":\"SearchAction\",\"target\":{\"@type\":\"EntryPoint\",\"urlTemplate\":\"https:\/\/brilune.eu\/lv\/?s={search_term_string}\"},\"query-input\":{\"@type\":\"PropertyValueSpecification\",\"valueRequired\":true,\"valueName\":\"search_term_string\"}}],\"inLanguage\":\"lv-LV\"}]}<\/script>\n<!-- \/ Yoast SEO plugin. -->","yoast_head_json":{"title":"Kr\u0113sls bez roku balstiem","description":"Iegremd\u0113jieties absol\u016bt\u0101 baud\u0101 ar \u0161o kr\u0113slu. \u0160\u012b stil\u012bg\u0101 m\u0113bele pie\u0161\u0137irs j\u016bsu telpai modernu eleganci un nodro\u0161in\u0101s augstu komforta l\u012bmeni...","robots":{"index":"index","follow":"follow","max-snippet":"max-snippet:-1","max-image-preview":"max-image-preview:large","max-video-preview":"max-video-preview:-1"},"canonical":"https:\/\/brilune.eu\/lv\/product\/kresls-bez-roku-balstiem\/","og_locale":"lv_LV","og_type":"article","og_title":"Kr\u0113sls bez roku balstiem","og_description":"Iegremd\u0113jieties absol\u016bt\u0101 baud\u0101 ar \u0161o kr\u0113slu. \u0160\u012b stil\u012bg\u0101 m\u0113bele pie\u0161\u0137irs j\u016bsu telpai modernu eleganci un nodro\u0161in\u0101s augstu komforta l\u012bmeni...","og_url":"https:\/\/brilune.eu\/lv\/product\/kresls-bez-roku-balstiem\/","og_site_name":"Brilune","article_modified_time":"2025-02-19T10:12:48+00:00","og_image":[{"width":985,"height":1024,"url":"https:\/\/brilune.eu\/wp-content\/uploads\/2025\/01\/6-2-1-985x1024.png","type":"image\/png"}],"twitter_card":"summary_large_image","twitter_misc":{"Est. reading time":"1 minute"},"schema":{"@context":"https:\/\/schema.org","@graph":[{"@type":"WebPage","@id":"https:\/\/brilune.eu\/lv\/product\/kresls-bez-roku-balstiem\/","url":"https:\/\/brilune.eu\/lv\/product\/kresls-bez-roku-balstiem\/","name":"Kr\u0113sls bez roku balstiem","isPartOf":{"@id":"https:\/\/brilune.eu\/lv\/#website"},"primaryImageOfPage":{"@id":"https:\/\/brilune.eu\/lv\/product\/kresls-bez-roku-balstiem\/#primaryimage"},"image":{"@id":"https:\/\/brilune.eu\/lv\/product\/kresls-bez-roku-balstiem\/#primaryimage"},"thumbnailUrl":"https:\/\/brilune.eu\/wp-content\/uploads\/2025\/01\/6-2-1.png","datePublished":"2025-02-19T10:00:19+00:00","dateModified":"2025-02-19T10:12:48+00:00","description":"Iegremd\u0113jieties absol\u016bt\u0101 baud\u0101 ar \u0161o kr\u0113slu. \u0160\u012b stil\u012bg\u0101 m\u0113bele pie\u0161\u0137irs j\u016bsu telpai modernu eleganci un nodro\u0161in\u0101s augstu komforta l\u012bmeni...","breadcrumb":{"@id":"https:\/\/brilune.eu\/lv\/product\/kresls-bez-roku-balstiem\/#breadcrumb"},"inLanguage":"lv-LV","potentialAction":[{"@type":"ReadAction","target":["https:\/\/brilune.eu\/lv\/product\/kresls-bez-roku-balstiem\/"]}]},{"@type":"ImageObject","inLanguage":"lv-LV","@id":"https:\/\/brilune.eu\/lv\/product\/kresls-bez-roku-balstiem\/#primaryimage","url":"https:\/\/brilune.eu\/wp-content\/uploads\/2025\/01\/6-2-1.png","contentUrl":"https:\/\/brilune.eu\/wp-content\/uploads\/2025\/01\/6-2-1.png","width":3790,"height":3942},{"@type":"BreadcrumbList","@id":"https:\/\/brilune.eu\/lv\/product\/kresls-bez-roku-balstiem\/#breadcrumb","itemListElement":[{"@type":"ListItem","position":1,"name":"S\u0101kums","item":"https:\/\/brilune.eu\/lv\/brilune-mebeles\/"},{"@type":"ListItem","position":2,"name":"Visi produkti","item":"https:\/\/brilune.eu\/lv\/shop\/"},{"@type":"ListItem","position":3,"name":"Kr\u0113sls bez roku balstiem"}]},{"@type":"WebSite","@id":"https:\/\/brilune.eu\/lv\/#website","url":"https:\/\/brilune.eu\/lv\/","name":"Brilune","description":"M\u0113s pied\u0101v\u0101jam unik\u0101lus un nebiju\u0161us dizainus, kas apvieno eleganci, funkcionalit\u0101ti un rado\u0161umu.","potentialAction":[{"@type":"SearchAction","target":{"@type":"EntryPoint","urlTemplate":"https:\/\/brilune.eu\/lv\/?s={search_term_string}"},"query-input":{"@type":"PropertyValueSpecification","valueRequired":true,"valueName":"search_term_string"}}],"inLanguage":"lv-LV"}]}},"jetpack_sharing_enabled":true,"_links":{"self":[{"href":"https:\/\/brilune.eu\/lv\/wp-json\/wp\/v2\/product\/36905","targetHints":{"allow":["GET"]}}],"collection":[{"href":"https:\/\/brilune.eu\/lv\/wp-json\/wp\/v2\/product"}],"about":[{"href":"https:\/\/brilune.eu\/lv\/wp-json\/wp\/v2\/types\/product"}],"replies":[{"embeddable":true,"href":"https:\/\/brilune.eu\/lv\/wp-json\/wp\/v2\/comments?post=36905"}],"version-history":[{"count":1,"href":"https:\/\/brilune.eu\/lv\/wp-json\/wp\/v2\/product\/36905\/revisions"}],"predecessor-version":[{"id":36947,"href":"https:\/\/brilune.eu\/lv\/wp-json\/wp\/v2\/product\/36905\/revisions\/36947"}],"wp:featuredmedia":[{"embeddable":true,"href":"https:\/\/brilune.eu\/lv\/wp-json\/wp\/v2\/media\/5813"}],"wp:attachment":[{"href":"https:\/\/brilune.eu\/lv\/wp-json\/wp\/v2\/media?parent=36905"}],"wp:term":[{"taxonomy":"product_brand","embeddable":true,"href":"https:\/\/brilune.eu\/lv\/wp-json\/wp\/v2\/product_brand?post=36905"},{"taxonomy":"product_cat","embeddable":true,"href":"https:\/\/brilune.eu\/lv\/wp-json\/wp\/v2\/product_cat?post=36905"},{"taxonomy":"product_tag","embeddable":true,"href":"https:\/\/brilune.eu\/lv\/wp-json\/wp\/v2\/product_tag?post=36905"}],"curies":[{"name":"wp","href":"https:\/\/api.w.org\/{rel}","templated":true}]}}