{"id":36859,"date":"2025-02-19T11:59:32","date_gmt":"2025-02-19T09:59:32","guid":{"rendered":"https:\/\/brilune.eu\/?post_type=product&#038;p=36859"},"modified":"2025-02-19T12:12:38","modified_gmt":"2025-02-19T10:12:38","slug":"biroja-kresls-ar-roku-balstiem","status":"publish","type":"product","link":"https:\/\/brilune.eu\/lv\/product\/biroja-kresls-ar-roku-balstiem\/","title":{"rendered":"Biroja kr\u0113sls ar roku balstiem"},"content":{"rendered":"<p>\u0160is modernais melnais \u0101das biroja kr\u0113sls ar roku balstiem apvieno komfortu un stilu darbam. \u0100das apdare rada elegantu izskatu, savuk\u0101rt izliekt\u0101 koka aizmugure un sapl\u0101k\u0161\u0146a deta\u013cas nodro\u0161ina iztur\u012bbu un komfortu. Met\u0101la k\u0101jas un iztur\u012bgi konstrukcijas elementi garant\u0113 kr\u0113sla iztur\u012bbu. Ergonomisk\u0101 atzveltnes un s\u0113dek\u013ca forma atbalsta \u0137ermeni pareiz\u0101 st\u0101vokl\u012b, padarot to par ide\u0101lu izv\u0113li ilg\u0101m darba stund\u0101m.<br \/>\nIzm\u0113rs: 57\u00d767\u00d7121 cm, materi\u0101ls: \u0101das apdare, sapl\u0101ksnis, liekts koks, met\u0101la k\u0101jas.<\/p>\n","protected":false},"excerpt":{"rendered":"<p>\u0160is modernais melnais \u0101das biroja kr\u0113sls ar roku balstiem apvieno komfortu un stilu darbam. \u0100das polster\u0113jums rada elegantu izskatu, savuk\u0101rt izliektais vilina&#8230;<\/p>\n","protected":false},"featured_media":5709,"comment_status":"open","ping_status":"closed","template":"","meta":[],"product_brand":[],"product_cat":[1551,5531],"product_tag":[],"class_list":{"0":"post-36859","1":"product","2":"type-product","3":"status-publish","4":"has-post-thumbnail","6":"product_cat-biroja-kresls-kresli-2","7":"product_cat-biroja-kresls-kresli-4","9":"first","10":"instock","11":"shipping-taxable","12":"purchasable","13":"product-type-simple"},"yoast_head":"<!-- This site is optimized with the Yoast SEO plugin v26.0 - https:\/\/yoast.com\/wordpress\/plugins\/seo\/ -->\n<title>Biroja kr\u0113sls ar roku balstiem<\/title>\n<meta name=\"description\" content=\"\u0160is modernais melnais \u0101das biroja kr\u0113sls ar roku balstiem apvieno komfortu un stilu darbam. \u0100das polster\u0113jums rada elegantu izskatu, savuk\u0101rt izliektais vilina...\" \/>\n<meta name=\"robots\" content=\"index, follow, max-snippet:-1, max-image-preview:large, max-video-preview:-1\" \/>\n<link rel=\"canonical\" href=\"https:\/\/brilune.eu\/lv\/product\/biroja-kresls-ar-roku-balstiem\/\" \/>\n<meta property=\"og:locale\" content=\"lv_LV\" \/>\n<meta property=\"og:type\" content=\"article\" \/>\n<meta property=\"og:title\" content=\"Biroja kr\u0113sls ar roku balstiem\" \/>\n<meta property=\"og:description\" content=\"\u0160is modernais melnais \u0101das biroja kr\u0113sls ar roku balstiem apvieno komfortu un stilu darbam. \u0100das polster\u0113jums rada elegantu izskatu, savuk\u0101rt izliektais vilina...\" \/>\n<meta property=\"og:url\" content=\"https:\/\/brilune.eu\/lv\/product\/biroja-kresls-ar-roku-balstiem\/\" \/>\n<meta property=\"og:site_name\" content=\"Brilune\" \/>\n<meta property=\"article:modified_time\" content=\"2025-02-19T10:12:38+00:00\" \/>\n<meta property=\"og:image\" content=\"https:\/\/brilune.eu\/wp-content\/uploads\/2025\/01\/6-2-3.jpg\" \/>\n\t<meta property=\"og:image:width\" content=\"800\" \/>\n\t<meta property=\"og:image:height\" content=\"800\" \/>\n\t<meta property=\"og:image:type\" content=\"image\/jpeg\" \/>\n<meta name=\"twitter:card\" content=\"summary_large_image\" \/>\n<script type=\"application\/ld+json\" class=\"yoast-schema-graph\">{\"@context\":\"https:\/\/schema.org\",\"@graph\":[{\"@type\":\"WebPage\",\"@id\":\"https:\/\/brilune.eu\/lv\/product\/biroja-kresls-ar-roku-balstiem\/\",\"url\":\"https:\/\/brilune.eu\/lv\/product\/biroja-kresls-ar-roku-balstiem\/\",\"name\":\"Biroja kr\u0113sls ar roku balstiem\",\"isPartOf\":{\"@id\":\"https:\/\/brilune.eu\/lv\/#website\"},\"primaryImageOfPage\":{\"@id\":\"https:\/\/brilune.eu\/lv\/product\/biroja-kresls-ar-roku-balstiem\/#primaryimage\"},\"image\":{\"@id\":\"https:\/\/brilune.eu\/lv\/product\/biroja-kresls-ar-roku-balstiem\/#primaryimage\"},\"thumbnailUrl\":\"https:\/\/brilune.eu\/wp-content\/uploads\/2025\/01\/6-2-3.jpg\",\"datePublished\":\"2025-02-19T09:59:32+00:00\",\"dateModified\":\"2025-02-19T10:12:38+00:00\",\"description\":\"\u0160is modernais melnais \u0101das biroja kr\u0113sls ar roku balstiem apvieno komfortu un stilu darbam. \u0100das polster\u0113jums rada elegantu izskatu, savuk\u0101rt izliektais vilina...\",\"breadcrumb\":{\"@id\":\"https:\/\/brilune.eu\/lv\/product\/biroja-kresls-ar-roku-balstiem\/#breadcrumb\"},\"inLanguage\":\"lv-LV\",\"potentialAction\":[{\"@type\":\"ReadAction\",\"target\":[\"https:\/\/brilune.eu\/lv\/product\/biroja-kresls-ar-roku-balstiem\/\"]}]},{\"@type\":\"ImageObject\",\"inLanguage\":\"lv-LV\",\"@id\":\"https:\/\/brilune.eu\/lv\/product\/biroja-kresls-ar-roku-balstiem\/#primaryimage\",\"url\":\"https:\/\/brilune.eu\/wp-content\/uploads\/2025\/01\/6-2-3.jpg\",\"contentUrl\":\"https:\/\/brilune.eu\/wp-content\/uploads\/2025\/01\/6-2-3.jpg\",\"width\":800,\"height\":800},{\"@type\":\"BreadcrumbList\",\"@id\":\"https:\/\/brilune.eu\/lv\/product\/biroja-kresls-ar-roku-balstiem\/#breadcrumb\",\"itemListElement\":[{\"@type\":\"ListItem\",\"position\":1,\"name\":\"S\u0101kums\",\"item\":\"https:\/\/brilune.eu\/lv\/brilune-mebeles\/\"},{\"@type\":\"ListItem\",\"position\":2,\"name\":\"Visi produkti\",\"item\":\"https:\/\/brilune.eu\/lv\/shop\/\"},{\"@type\":\"ListItem\",\"position\":3,\"name\":\"Biroja kr\u0113sls ar roku balstiem\"}]},{\"@type\":\"WebSite\",\"@id\":\"https:\/\/brilune.eu\/lv\/#website\",\"url\":\"https:\/\/brilune.eu\/lv\/\",\"name\":\"Brilune\",\"description\":\"M\u0113s pied\u0101v\u0101jam unik\u0101lus un nebiju\u0161us dizainus, kas apvieno eleganci, funkcionalit\u0101ti un rado\u0161umu.\",\"potentialAction\":[{\"@type\":\"SearchAction\",\"target\":{\"@type\":\"EntryPoint\",\"urlTemplate\":\"https:\/\/brilune.eu\/lv\/?s={search_term_string}\"},\"query-input\":{\"@type\":\"PropertyValueSpecification\",\"valueRequired\":true,\"valueName\":\"search_term_string\"}}],\"inLanguage\":\"lv-LV\"}]}<\/script>\n<!-- \/ Yoast SEO plugin. -->","yoast_head_json":{"title":"Biroja kr\u0113sls ar roku balstiem","description":"\u0160is modernais melnais \u0101das biroja kr\u0113sls ar roku balstiem apvieno komfortu un stilu darbam. \u0100das polster\u0113jums rada elegantu izskatu, savuk\u0101rt izliektais vilina...","robots":{"index":"index","follow":"follow","max-snippet":"max-snippet:-1","max-image-preview":"max-image-preview:large","max-video-preview":"max-video-preview:-1"},"canonical":"https:\/\/brilune.eu\/lv\/product\/biroja-kresls-ar-roku-balstiem\/","og_locale":"lv_LV","og_type":"article","og_title":"Biroja kr\u0113sls ar roku balstiem","og_description":"\u0160is modernais melnais \u0101das biroja kr\u0113sls ar roku balstiem apvieno komfortu un stilu darbam. \u0100das polster\u0113jums rada elegantu izskatu, savuk\u0101rt izliektais vilina...","og_url":"https:\/\/brilune.eu\/lv\/product\/biroja-kresls-ar-roku-balstiem\/","og_site_name":"Brilune","article_modified_time":"2025-02-19T10:12:38+00:00","og_image":[{"width":800,"height":800,"url":"https:\/\/brilune.eu\/wp-content\/uploads\/2025\/01\/6-2-3.jpg","type":"image\/jpeg"}],"twitter_card":"summary_large_image","schema":{"@context":"https:\/\/schema.org","@graph":[{"@type":"WebPage","@id":"https:\/\/brilune.eu\/lv\/product\/biroja-kresls-ar-roku-balstiem\/","url":"https:\/\/brilune.eu\/lv\/product\/biroja-kresls-ar-roku-balstiem\/","name":"Biroja kr\u0113sls ar roku balstiem","isPartOf":{"@id":"https:\/\/brilune.eu\/lv\/#website"},"primaryImageOfPage":{"@id":"https:\/\/brilune.eu\/lv\/product\/biroja-kresls-ar-roku-balstiem\/#primaryimage"},"image":{"@id":"https:\/\/brilune.eu\/lv\/product\/biroja-kresls-ar-roku-balstiem\/#primaryimage"},"thumbnailUrl":"https:\/\/brilune.eu\/wp-content\/uploads\/2025\/01\/6-2-3.jpg","datePublished":"2025-02-19T09:59:32+00:00","dateModified":"2025-02-19T10:12:38+00:00","description":"\u0160is modernais melnais \u0101das biroja kr\u0113sls ar roku balstiem apvieno komfortu un stilu darbam. \u0100das polster\u0113jums rada elegantu izskatu, savuk\u0101rt izliektais vilina...","breadcrumb":{"@id":"https:\/\/brilune.eu\/lv\/product\/biroja-kresls-ar-roku-balstiem\/#breadcrumb"},"inLanguage":"lv-LV","potentialAction":[{"@type":"ReadAction","target":["https:\/\/brilune.eu\/lv\/product\/biroja-kresls-ar-roku-balstiem\/"]}]},{"@type":"ImageObject","inLanguage":"lv-LV","@id":"https:\/\/brilune.eu\/lv\/product\/biroja-kresls-ar-roku-balstiem\/#primaryimage","url":"https:\/\/brilune.eu\/wp-content\/uploads\/2025\/01\/6-2-3.jpg","contentUrl":"https:\/\/brilune.eu\/wp-content\/uploads\/2025\/01\/6-2-3.jpg","width":800,"height":800},{"@type":"BreadcrumbList","@id":"https:\/\/brilune.eu\/lv\/product\/biroja-kresls-ar-roku-balstiem\/#breadcrumb","itemListElement":[{"@type":"ListItem","position":1,"name":"S\u0101kums","item":"https:\/\/brilune.eu\/lv\/brilune-mebeles\/"},{"@type":"ListItem","position":2,"name":"Visi produkti","item":"https:\/\/brilune.eu\/lv\/shop\/"},{"@type":"ListItem","position":3,"name":"Biroja kr\u0113sls ar roku balstiem"}]},{"@type":"WebSite","@id":"https:\/\/brilune.eu\/lv\/#website","url":"https:\/\/brilune.eu\/lv\/","name":"Brilune","description":"M\u0113s pied\u0101v\u0101jam unik\u0101lus un nebiju\u0161us dizainus, kas apvieno eleganci, funkcionalit\u0101ti un rado\u0161umu.","potentialAction":[{"@type":"SearchAction","target":{"@type":"EntryPoint","urlTemplate":"https:\/\/brilune.eu\/lv\/?s={search_term_string}"},"query-input":{"@type":"PropertyValueSpecification","valueRequired":true,"valueName":"search_term_string"}}],"inLanguage":"lv-LV"}]}},"jetpack_sharing_enabled":true,"_links":{"self":[{"href":"https:\/\/brilune.eu\/lv\/wp-json\/wp\/v2\/product\/36859","targetHints":{"allow":["GET"]}}],"collection":[{"href":"https:\/\/brilune.eu\/lv\/wp-json\/wp\/v2\/product"}],"about":[{"href":"https:\/\/brilune.eu\/lv\/wp-json\/wp\/v2\/types\/product"}],"replies":[{"embeddable":true,"href":"https:\/\/brilune.eu\/lv\/wp-json\/wp\/v2\/comments?post=36859"}],"version-history":[{"count":1,"href":"https:\/\/brilune.eu\/lv\/wp-json\/wp\/v2\/product\/36859\/revisions"}],"predecessor-version":[{"id":36903,"href":"https:\/\/brilune.eu\/lv\/wp-json\/wp\/v2\/product\/36859\/revisions\/36903"}],"wp:featuredmedia":[{"embeddable":true,"href":"https:\/\/brilune.eu\/lv\/wp-json\/wp\/v2\/media\/5709"}],"wp:attachment":[{"href":"https:\/\/brilune.eu\/lv\/wp-json\/wp\/v2\/media?parent=36859"}],"wp:term":[{"taxonomy":"product_brand","embeddable":true,"href":"https:\/\/brilune.eu\/lv\/wp-json\/wp\/v2\/product_brand?post=36859"},{"taxonomy":"product_cat","embeddable":true,"href":"https:\/\/brilune.eu\/lv\/wp-json\/wp\/v2\/product_cat?post=36859"},{"taxonomy":"product_tag","embeddable":true,"href":"https:\/\/brilune.eu\/lv\/wp-json\/wp\/v2\/product_tag?post=36859"}],"curies":[{"name":"wp","href":"https:\/\/api.w.org\/{rel}","templated":true}]}}