{"id":36829,"date":"2025-02-19T11:59:05","date_gmt":"2025-02-19T09:59:05","guid":{"rendered":"https:\/\/brilune.eu\/?post_type=product&#038;p=36829"},"modified":"2025-02-19T12:12:28","modified_gmt":"2025-02-19T10:12:28","slug":"moderns-liels-cetrvietigs-divans","status":"publish","type":"product","link":"https:\/\/brilune.eu\/lv\/product\/moderns-liels-cetrvietigs-divans\/","title":{"rendered":"Moderns liels \u010detrviet\u012bgs d\u012bv\u0101ns"},"content":{"rendered":"<p>Liels d\u012bv\u0101ns iederas jebkur\u0101 interjer\u0101, radot komfortu un stilu. Pateicoties p\u0101rdom\u0101tajam dizainam, tas ir viegli p\u0101rn\u0113s\u0101jams un piem\u0113rots gan maz\u0101m telp\u0101m, gan pla\u0161\u0101m hall\u0113m. Atbalsta k\u0101jas ar parastu skatienu paliek neredzamas.<br \/>\nIzm\u0113ri: 250\u00d7110\u00d785cm.<br \/>\nMateri\u0101li: samts, putuplasta gumija, koka k\u0101jas.<\/p>\n","protected":false},"excerpt":{"rendered":"<p>Liels d\u012bv\u0101ns iederas jebkur\u0101 interjer\u0101, radot komfortu un stilu. Tas ir viegli p\u0101rn\u0113s\u0101jams, pateicoties t\u0101 p\u0101rdom\u0101tajam dizainam un ir piem\u0113rots gan maz\u0101m telp\u0101m, gan &#8230;<\/p>\n","protected":false},"featured_media":2147,"comment_status":"open","ping_status":"closed","template":"","meta":[],"product_brand":[],"product_cat":[1482,5489],"product_tag":[],"class_list":{"0":"post-36829","1":"product","2":"type-product","3":"status-publish","4":"has-post-thumbnail","6":"product_cat-divans","7":"product_cat-divans-divani-7-4","9":"first","10":"instock","11":"shipping-taxable","12":"purchasable","13":"product-type-simple"},"yoast_head":"<!-- This site is optimized with the Yoast SEO plugin v26.0 - https:\/\/yoast.com\/wordpress\/plugins\/seo\/ -->\n<title>Moderns liels \u010detrviet\u012bgs d\u012bv\u0101ns<\/title>\n<meta name=\"description\" content=\"Liels d\u012bv\u0101ns iederas jebkur\u0101 interjer\u0101, radot komfortu un stilu. Tas ir viegli p\u0101rn\u0113s\u0101jams, pateicoties t\u0101 p\u0101rdom\u0101tajam dizainam un ir piem\u0113rots gan maz\u0101m telp\u0101m, gan ...\" \/>\n<meta name=\"robots\" content=\"index, follow, max-snippet:-1, max-image-preview:large, max-video-preview:-1\" \/>\n<link rel=\"canonical\" href=\"https:\/\/brilune.eu\/lv\/product\/moderns-liels-cetrvietigs-divans\/\" \/>\n<meta property=\"og:locale\" content=\"lv_LV\" \/>\n<meta property=\"og:type\" content=\"article\" \/>\n<meta property=\"og:title\" content=\"Moderns liels \u010detrviet\u012bgs d\u012bv\u0101ns\" \/>\n<meta property=\"og:description\" content=\"Liels d\u012bv\u0101ns iederas jebkur\u0101 interjer\u0101, radot komfortu un stilu. Tas ir viegli p\u0101rn\u0113s\u0101jams, pateicoties t\u0101 p\u0101rdom\u0101tajam dizainam un ir piem\u0113rots gan maz\u0101m telp\u0101m, gan ...\" \/>\n<meta property=\"og:url\" content=\"https:\/\/brilune.eu\/lv\/product\/moderns-liels-cetrvietigs-divans\/\" \/>\n<meta property=\"og:site_name\" content=\"Brilune\" \/>\n<meta property=\"article:modified_time\" content=\"2025-02-19T10:12:28+00:00\" \/>\n<meta property=\"og:image\" content=\"https:\/\/brilune.eu\/wp-content\/uploads\/2024\/12\/9.jpg\" \/>\n\t<meta property=\"og:image:width\" content=\"800\" \/>\n\t<meta property=\"og:image:height\" content=\"800\" \/>\n\t<meta property=\"og:image:type\" content=\"image\/jpeg\" \/>\n<meta name=\"twitter:card\" content=\"summary_large_image\" \/>\n<script type=\"application\/ld+json\" class=\"yoast-schema-graph\">{\"@context\":\"https:\/\/schema.org\",\"@graph\":[{\"@type\":\"WebPage\",\"@id\":\"https:\/\/brilune.eu\/lv\/product\/moderns-liels-cetrvietigs-divans\/\",\"url\":\"https:\/\/brilune.eu\/lv\/product\/moderns-liels-cetrvietigs-divans\/\",\"name\":\"Moderns liels \u010detrviet\u012bgs d\u012bv\u0101ns\",\"isPartOf\":{\"@id\":\"https:\/\/brilune.eu\/lv\/#website\"},\"primaryImageOfPage\":{\"@id\":\"https:\/\/brilune.eu\/lv\/product\/moderns-liels-cetrvietigs-divans\/#primaryimage\"},\"image\":{\"@id\":\"https:\/\/brilune.eu\/lv\/product\/moderns-liels-cetrvietigs-divans\/#primaryimage\"},\"thumbnailUrl\":\"https:\/\/brilune.eu\/wp-content\/uploads\/2024\/12\/9.jpg\",\"datePublished\":\"2025-02-19T09:59:05+00:00\",\"dateModified\":\"2025-02-19T10:12:28+00:00\",\"description\":\"Liels d\u012bv\u0101ns iederas jebkur\u0101 interjer\u0101, radot komfortu un stilu. Tas ir viegli p\u0101rn\u0113s\u0101jams, pateicoties t\u0101 p\u0101rdom\u0101tajam dizainam un ir piem\u0113rots gan maz\u0101m telp\u0101m, gan ...\",\"breadcrumb\":{\"@id\":\"https:\/\/brilune.eu\/lv\/product\/moderns-liels-cetrvietigs-divans\/#breadcrumb\"},\"inLanguage\":\"lv-LV\",\"potentialAction\":[{\"@type\":\"ReadAction\",\"target\":[\"https:\/\/brilune.eu\/lv\/product\/moderns-liels-cetrvietigs-divans\/\"]}]},{\"@type\":\"ImageObject\",\"inLanguage\":\"lv-LV\",\"@id\":\"https:\/\/brilune.eu\/lv\/product\/moderns-liels-cetrvietigs-divans\/#primaryimage\",\"url\":\"https:\/\/brilune.eu\/wp-content\/uploads\/2024\/12\/9.jpg\",\"contentUrl\":\"https:\/\/brilune.eu\/wp-content\/uploads\/2024\/12\/9.jpg\",\"width\":800,\"height\":800},{\"@type\":\"BreadcrumbList\",\"@id\":\"https:\/\/brilune.eu\/lv\/product\/moderns-liels-cetrvietigs-divans\/#breadcrumb\",\"itemListElement\":[{\"@type\":\"ListItem\",\"position\":1,\"name\":\"S\u0101kums\",\"item\":\"https:\/\/brilune.eu\/lv\/brilune-mebeles\/\"},{\"@type\":\"ListItem\",\"position\":2,\"name\":\"Visi produkti\",\"item\":\"https:\/\/brilune.eu\/lv\/shop\/\"},{\"@type\":\"ListItem\",\"position\":3,\"name\":\"Moderns liels \u010detrviet\u012bgs d\u012bv\u0101ns\"}]},{\"@type\":\"WebSite\",\"@id\":\"https:\/\/brilune.eu\/lv\/#website\",\"url\":\"https:\/\/brilune.eu\/lv\/\",\"name\":\"Brilune\",\"description\":\"M\u0113s pied\u0101v\u0101jam unik\u0101lus un nebiju\u0161us dizainus, kas apvieno eleganci, funkcionalit\u0101ti un rado\u0161umu.\",\"potentialAction\":[{\"@type\":\"SearchAction\",\"target\":{\"@type\":\"EntryPoint\",\"urlTemplate\":\"https:\/\/brilune.eu\/lv\/?s={search_term_string}\"},\"query-input\":{\"@type\":\"PropertyValueSpecification\",\"valueRequired\":true,\"valueName\":\"search_term_string\"}}],\"inLanguage\":\"lv-LV\"}]}<\/script>\n<!-- \/ Yoast SEO plugin. -->","yoast_head_json":{"title":"Moderns liels \u010detrviet\u012bgs d\u012bv\u0101ns","description":"Liels d\u012bv\u0101ns iederas jebkur\u0101 interjer\u0101, radot komfortu un stilu. Tas ir viegli p\u0101rn\u0113s\u0101jams, pateicoties t\u0101 p\u0101rdom\u0101tajam dizainam un ir piem\u0113rots gan maz\u0101m telp\u0101m, gan ...","robots":{"index":"index","follow":"follow","max-snippet":"max-snippet:-1","max-image-preview":"max-image-preview:large","max-video-preview":"max-video-preview:-1"},"canonical":"https:\/\/brilune.eu\/lv\/product\/moderns-liels-cetrvietigs-divans\/","og_locale":"lv_LV","og_type":"article","og_title":"Moderns liels \u010detrviet\u012bgs d\u012bv\u0101ns","og_description":"Liels d\u012bv\u0101ns iederas jebkur\u0101 interjer\u0101, radot komfortu un stilu. Tas ir viegli p\u0101rn\u0113s\u0101jams, pateicoties t\u0101 p\u0101rdom\u0101tajam dizainam un ir piem\u0113rots gan maz\u0101m telp\u0101m, gan ...","og_url":"https:\/\/brilune.eu\/lv\/product\/moderns-liels-cetrvietigs-divans\/","og_site_name":"Brilune","article_modified_time":"2025-02-19T10:12:28+00:00","og_image":[{"width":800,"height":800,"url":"https:\/\/brilune.eu\/wp-content\/uploads\/2024\/12\/9.jpg","type":"image\/jpeg"}],"twitter_card":"summary_large_image","schema":{"@context":"https:\/\/schema.org","@graph":[{"@type":"WebPage","@id":"https:\/\/brilune.eu\/lv\/product\/moderns-liels-cetrvietigs-divans\/","url":"https:\/\/brilune.eu\/lv\/product\/moderns-liels-cetrvietigs-divans\/","name":"Moderns liels \u010detrviet\u012bgs d\u012bv\u0101ns","isPartOf":{"@id":"https:\/\/brilune.eu\/lv\/#website"},"primaryImageOfPage":{"@id":"https:\/\/brilune.eu\/lv\/product\/moderns-liels-cetrvietigs-divans\/#primaryimage"},"image":{"@id":"https:\/\/brilune.eu\/lv\/product\/moderns-liels-cetrvietigs-divans\/#primaryimage"},"thumbnailUrl":"https:\/\/brilune.eu\/wp-content\/uploads\/2024\/12\/9.jpg","datePublished":"2025-02-19T09:59:05+00:00","dateModified":"2025-02-19T10:12:28+00:00","description":"Liels d\u012bv\u0101ns iederas jebkur\u0101 interjer\u0101, radot komfortu un stilu. Tas ir viegli p\u0101rn\u0113s\u0101jams, pateicoties t\u0101 p\u0101rdom\u0101tajam dizainam un ir piem\u0113rots gan maz\u0101m telp\u0101m, gan ...","breadcrumb":{"@id":"https:\/\/brilune.eu\/lv\/product\/moderns-liels-cetrvietigs-divans\/#breadcrumb"},"inLanguage":"lv-LV","potentialAction":[{"@type":"ReadAction","target":["https:\/\/brilune.eu\/lv\/product\/moderns-liels-cetrvietigs-divans\/"]}]},{"@type":"ImageObject","inLanguage":"lv-LV","@id":"https:\/\/brilune.eu\/lv\/product\/moderns-liels-cetrvietigs-divans\/#primaryimage","url":"https:\/\/brilune.eu\/wp-content\/uploads\/2024\/12\/9.jpg","contentUrl":"https:\/\/brilune.eu\/wp-content\/uploads\/2024\/12\/9.jpg","width":800,"height":800},{"@type":"BreadcrumbList","@id":"https:\/\/brilune.eu\/lv\/product\/moderns-liels-cetrvietigs-divans\/#breadcrumb","itemListElement":[{"@type":"ListItem","position":1,"name":"S\u0101kums","item":"https:\/\/brilune.eu\/lv\/brilune-mebeles\/"},{"@type":"ListItem","position":2,"name":"Visi produkti","item":"https:\/\/brilune.eu\/lv\/shop\/"},{"@type":"ListItem","position":3,"name":"Moderns liels \u010detrviet\u012bgs d\u012bv\u0101ns"}]},{"@type":"WebSite","@id":"https:\/\/brilune.eu\/lv\/#website","url":"https:\/\/brilune.eu\/lv\/","name":"Brilune","description":"M\u0113s pied\u0101v\u0101jam unik\u0101lus un nebiju\u0161us dizainus, kas apvieno eleganci, funkcionalit\u0101ti un rado\u0161umu.","potentialAction":[{"@type":"SearchAction","target":{"@type":"EntryPoint","urlTemplate":"https:\/\/brilune.eu\/lv\/?s={search_term_string}"},"query-input":{"@type":"PropertyValueSpecification","valueRequired":true,"valueName":"search_term_string"}}],"inLanguage":"lv-LV"}]}},"jetpack_sharing_enabled":true,"_links":{"self":[{"href":"https:\/\/brilune.eu\/lv\/wp-json\/wp\/v2\/product\/36829","targetHints":{"allow":["GET"]}}],"collection":[{"href":"https:\/\/brilune.eu\/lv\/wp-json\/wp\/v2\/product"}],"about":[{"href":"https:\/\/brilune.eu\/lv\/wp-json\/wp\/v2\/types\/product"}],"replies":[{"embeddable":true,"href":"https:\/\/brilune.eu\/lv\/wp-json\/wp\/v2\/comments?post=36829"}],"version-history":[{"count":1,"href":"https:\/\/brilune.eu\/lv\/wp-json\/wp\/v2\/product\/36829\/revisions"}],"predecessor-version":[{"id":36874,"href":"https:\/\/brilune.eu\/lv\/wp-json\/wp\/v2\/product\/36829\/revisions\/36874"}],"wp:featuredmedia":[{"embeddable":true,"href":"https:\/\/brilune.eu\/lv\/wp-json\/wp\/v2\/media\/2147"}],"wp:attachment":[{"href":"https:\/\/brilune.eu\/lv\/wp-json\/wp\/v2\/media?parent=36829"}],"wp:term":[{"taxonomy":"product_brand","embeddable":true,"href":"https:\/\/brilune.eu\/lv\/wp-json\/wp\/v2\/product_brand?post=36829"},{"taxonomy":"product_cat","embeddable":true,"href":"https:\/\/brilune.eu\/lv\/wp-json\/wp\/v2\/product_cat?post=36829"},{"taxonomy":"product_tag","embeddable":true,"href":"https:\/\/brilune.eu\/lv\/wp-json\/wp\/v2\/product_tag?post=36829"}],"curies":[{"name":"wp","href":"https:\/\/api.w.org\/{rel}","templated":true}]}}