{"id":36757,"date":"2025-02-19T11:58:11","date_gmt":"2025-02-19T09:58:11","guid":{"rendered":"https:\/\/brilune.eu\/?post_type=product&#038;p=36757"},"modified":"2025-02-19T12:12:04","modified_gmt":"2025-02-19T10:12:04","slug":"akrila-apals-sanu-galds","status":"publish","type":"product","link":"https:\/\/brilune.eu\/lv\/product\/akrila-apals-sanu-galds\/","title":{"rendered":"Akrila apa\u013c\u0161 s\u0101nu galds"},"content":{"rendered":"<p>Akrila apa\u013cais galds ir stil\u012bgs un moderns jebkura interjera papildin\u0101jums. T\u0101s vieglais un caursp\u012bd\u012bgais materi\u0101ls \u013cauj vizu\u0101li palielin\u0101t telpu, savuk\u0101rt apa\u013c\u0101 forma pie\u0161\u0137ir maigumu un komfortu. Galds ir ide\u0101li piem\u0113rots lieto\u0161anai blakus d\u012bv\u0101nam vai atzveltnes kr\u0113slam, radot \u0113rtu vietu gr\u0101matu, dz\u0113rienu vai dekorat\u012bvu priek\u0161metu uzglab\u0101\u0161anai. Izm\u0113rs: 40\u00d740\u00d755 cm, materi\u0101ls: akrils.<\/p>\n","protected":false},"excerpt":{"rendered":"<p>Akrila apa\u013cais galds ir stil\u012bgs un moderns jebkura interjera papildin\u0101jums. T\u0101s vieglais un caursp\u012bd\u012bgais materi\u0101ls \u013cauj vizu\u0101li palielin\u0101t telpu, un t\u0101 r&#8230;<\/p>\n","protected":false},"featured_media":5502,"comment_status":"open","ping_status":"closed","template":"","meta":[],"product_brand":[],"product_cat":[5528],"product_tag":[],"class_list":{"0":"post-36757","1":"product","2":"type-product","3":"status-publish","4":"has-post-thumbnail","6":"product_cat-kafijas-galdins-galdi-4","8":"first","9":"instock","10":"shipping-taxable","11":"purchasable","12":"product-type-simple"},"yoast_head":"<!-- This site is optimized with the Yoast SEO plugin v26.0 - https:\/\/yoast.com\/wordpress\/plugins\/seo\/ -->\n<title>Akrila apa\u013c\u0161 s\u0101nu galds<\/title>\n<meta name=\"description\" content=\"Akrila apa\u013cais galds ir stil\u012bgs un moderns jebkura interjera papildin\u0101jums. T\u0101s vieglais un caursp\u012bd\u012bgais materi\u0101ls \u013cauj vizu\u0101li palielin\u0101t telpu, un t\u0101 r...\" \/>\n<meta name=\"robots\" content=\"index, follow, max-snippet:-1, max-image-preview:large, max-video-preview:-1\" \/>\n<link rel=\"canonical\" href=\"https:\/\/brilune.eu\/lv\/product\/akrila-apals-sanu-galds\/\" \/>\n<meta property=\"og:locale\" content=\"lv_LV\" \/>\n<meta property=\"og:type\" content=\"article\" \/>\n<meta property=\"og:title\" content=\"Akrila apa\u013c\u0161 s\u0101nu galds\" \/>\n<meta property=\"og:description\" content=\"Akrila apa\u013cais galds ir stil\u012bgs un moderns jebkura interjera papildin\u0101jums. T\u0101s vieglais un caursp\u012bd\u012bgais materi\u0101ls \u013cauj vizu\u0101li palielin\u0101t telpu, un t\u0101 r...\" \/>\n<meta property=\"og:url\" content=\"https:\/\/brilune.eu\/lv\/product\/akrila-apals-sanu-galds\/\" \/>\n<meta property=\"og:site_name\" content=\"Brilune\" \/>\n<meta property=\"article:modified_time\" content=\"2025-02-19T10:12:04+00:00\" \/>\n<meta property=\"og:image\" content=\"https:\/\/brilune.eu\/wp-content\/uploads\/2025\/01\/4-3-3.jpg\" \/>\n\t<meta property=\"og:image:width\" content=\"800\" \/>\n\t<meta property=\"og:image:height\" content=\"800\" \/>\n\t<meta property=\"og:image:type\" content=\"image\/jpeg\" \/>\n<meta name=\"twitter:card\" content=\"summary_large_image\" \/>\n<script type=\"application\/ld+json\" class=\"yoast-schema-graph\">{\"@context\":\"https:\/\/schema.org\",\"@graph\":[{\"@type\":\"WebPage\",\"@id\":\"https:\/\/brilune.eu\/lv\/product\/akrila-apals-sanu-galds\/\",\"url\":\"https:\/\/brilune.eu\/lv\/product\/akrila-apals-sanu-galds\/\",\"name\":\"Akrila apa\u013c\u0161 s\u0101nu galds\",\"isPartOf\":{\"@id\":\"https:\/\/brilune.eu\/lv\/#website\"},\"primaryImageOfPage\":{\"@id\":\"https:\/\/brilune.eu\/lv\/product\/akrila-apals-sanu-galds\/#primaryimage\"},\"image\":{\"@id\":\"https:\/\/brilune.eu\/lv\/product\/akrila-apals-sanu-galds\/#primaryimage\"},\"thumbnailUrl\":\"https:\/\/brilune.eu\/wp-content\/uploads\/2025\/01\/4-3-3.jpg\",\"datePublished\":\"2025-02-19T09:58:11+00:00\",\"dateModified\":\"2025-02-19T10:12:04+00:00\",\"description\":\"Akrila apa\u013cais galds ir stil\u012bgs un moderns jebkura interjera papildin\u0101jums. T\u0101s vieglais un caursp\u012bd\u012bgais materi\u0101ls \u013cauj vizu\u0101li palielin\u0101t telpu, un t\u0101 r...\",\"breadcrumb\":{\"@id\":\"https:\/\/brilune.eu\/lv\/product\/akrila-apals-sanu-galds\/#breadcrumb\"},\"inLanguage\":\"lv-LV\",\"potentialAction\":[{\"@type\":\"ReadAction\",\"target\":[\"https:\/\/brilune.eu\/lv\/product\/akrila-apals-sanu-galds\/\"]}]},{\"@type\":\"ImageObject\",\"inLanguage\":\"lv-LV\",\"@id\":\"https:\/\/brilune.eu\/lv\/product\/akrila-apals-sanu-galds\/#primaryimage\",\"url\":\"https:\/\/brilune.eu\/wp-content\/uploads\/2025\/01\/4-3-3.jpg\",\"contentUrl\":\"https:\/\/brilune.eu\/wp-content\/uploads\/2025\/01\/4-3-3.jpg\",\"width\":800,\"height\":800},{\"@type\":\"BreadcrumbList\",\"@id\":\"https:\/\/brilune.eu\/lv\/product\/akrila-apals-sanu-galds\/#breadcrumb\",\"itemListElement\":[{\"@type\":\"ListItem\",\"position\":1,\"name\":\"S\u0101kums\",\"item\":\"https:\/\/brilune.eu\/lv\/brilune-mebeles\/\"},{\"@type\":\"ListItem\",\"position\":2,\"name\":\"Visi produkti\",\"item\":\"https:\/\/brilune.eu\/lv\/shop\/\"},{\"@type\":\"ListItem\",\"position\":3,\"name\":\"Akrila apa\u013c\u0161 s\u0101nu galds\"}]},{\"@type\":\"WebSite\",\"@id\":\"https:\/\/brilune.eu\/lv\/#website\",\"url\":\"https:\/\/brilune.eu\/lv\/\",\"name\":\"Brilune\",\"description\":\"M\u0113s pied\u0101v\u0101jam unik\u0101lus un nebiju\u0161us dizainus, kas apvieno eleganci, funkcionalit\u0101ti un rado\u0161umu.\",\"potentialAction\":[{\"@type\":\"SearchAction\",\"target\":{\"@type\":\"EntryPoint\",\"urlTemplate\":\"https:\/\/brilune.eu\/lv\/?s={search_term_string}\"},\"query-input\":{\"@type\":\"PropertyValueSpecification\",\"valueRequired\":true,\"valueName\":\"search_term_string\"}}],\"inLanguage\":\"lv-LV\"}]}<\/script>\n<!-- \/ Yoast SEO plugin. -->","yoast_head_json":{"title":"Akrila apa\u013c\u0161 s\u0101nu galds","description":"Akrila apa\u013cais galds ir stil\u012bgs un moderns jebkura interjera papildin\u0101jums. T\u0101s vieglais un caursp\u012bd\u012bgais materi\u0101ls \u013cauj vizu\u0101li palielin\u0101t telpu, un t\u0101 r...","robots":{"index":"index","follow":"follow","max-snippet":"max-snippet:-1","max-image-preview":"max-image-preview:large","max-video-preview":"max-video-preview:-1"},"canonical":"https:\/\/brilune.eu\/lv\/product\/akrila-apals-sanu-galds\/","og_locale":"lv_LV","og_type":"article","og_title":"Akrila apa\u013c\u0161 s\u0101nu galds","og_description":"Akrila apa\u013cais galds ir stil\u012bgs un moderns jebkura interjera papildin\u0101jums. T\u0101s vieglais un caursp\u012bd\u012bgais materi\u0101ls \u013cauj vizu\u0101li palielin\u0101t telpu, un t\u0101 r...","og_url":"https:\/\/brilune.eu\/lv\/product\/akrila-apals-sanu-galds\/","og_site_name":"Brilune","article_modified_time":"2025-02-19T10:12:04+00:00","og_image":[{"width":800,"height":800,"url":"https:\/\/brilune.eu\/wp-content\/uploads\/2025\/01\/4-3-3.jpg","type":"image\/jpeg"}],"twitter_card":"summary_large_image","schema":{"@context":"https:\/\/schema.org","@graph":[{"@type":"WebPage","@id":"https:\/\/brilune.eu\/lv\/product\/akrila-apals-sanu-galds\/","url":"https:\/\/brilune.eu\/lv\/product\/akrila-apals-sanu-galds\/","name":"Akrila apa\u013c\u0161 s\u0101nu galds","isPartOf":{"@id":"https:\/\/brilune.eu\/lv\/#website"},"primaryImageOfPage":{"@id":"https:\/\/brilune.eu\/lv\/product\/akrila-apals-sanu-galds\/#primaryimage"},"image":{"@id":"https:\/\/brilune.eu\/lv\/product\/akrila-apals-sanu-galds\/#primaryimage"},"thumbnailUrl":"https:\/\/brilune.eu\/wp-content\/uploads\/2025\/01\/4-3-3.jpg","datePublished":"2025-02-19T09:58:11+00:00","dateModified":"2025-02-19T10:12:04+00:00","description":"Akrila apa\u013cais galds ir stil\u012bgs un moderns jebkura interjera papildin\u0101jums. T\u0101s vieglais un caursp\u012bd\u012bgais materi\u0101ls \u013cauj vizu\u0101li palielin\u0101t telpu, un t\u0101 r...","breadcrumb":{"@id":"https:\/\/brilune.eu\/lv\/product\/akrila-apals-sanu-galds\/#breadcrumb"},"inLanguage":"lv-LV","potentialAction":[{"@type":"ReadAction","target":["https:\/\/brilune.eu\/lv\/product\/akrila-apals-sanu-galds\/"]}]},{"@type":"ImageObject","inLanguage":"lv-LV","@id":"https:\/\/brilune.eu\/lv\/product\/akrila-apals-sanu-galds\/#primaryimage","url":"https:\/\/brilune.eu\/wp-content\/uploads\/2025\/01\/4-3-3.jpg","contentUrl":"https:\/\/brilune.eu\/wp-content\/uploads\/2025\/01\/4-3-3.jpg","width":800,"height":800},{"@type":"BreadcrumbList","@id":"https:\/\/brilune.eu\/lv\/product\/akrila-apals-sanu-galds\/#breadcrumb","itemListElement":[{"@type":"ListItem","position":1,"name":"S\u0101kums","item":"https:\/\/brilune.eu\/lv\/brilune-mebeles\/"},{"@type":"ListItem","position":2,"name":"Visi produkti","item":"https:\/\/brilune.eu\/lv\/shop\/"},{"@type":"ListItem","position":3,"name":"Akrila apa\u013c\u0161 s\u0101nu galds"}]},{"@type":"WebSite","@id":"https:\/\/brilune.eu\/lv\/#website","url":"https:\/\/brilune.eu\/lv\/","name":"Brilune","description":"M\u0113s pied\u0101v\u0101jam unik\u0101lus un nebiju\u0161us dizainus, kas apvieno eleganci, funkcionalit\u0101ti un rado\u0161umu.","potentialAction":[{"@type":"SearchAction","target":{"@type":"EntryPoint","urlTemplate":"https:\/\/brilune.eu\/lv\/?s={search_term_string}"},"query-input":{"@type":"PropertyValueSpecification","valueRequired":true,"valueName":"search_term_string"}}],"inLanguage":"lv-LV"}]}},"jetpack_sharing_enabled":true,"_links":{"self":[{"href":"https:\/\/brilune.eu\/lv\/wp-json\/wp\/v2\/product\/36757","targetHints":{"allow":["GET"]}}],"collection":[{"href":"https:\/\/brilune.eu\/lv\/wp-json\/wp\/v2\/product"}],"about":[{"href":"https:\/\/brilune.eu\/lv\/wp-json\/wp\/v2\/types\/product"}],"replies":[{"embeddable":true,"href":"https:\/\/brilune.eu\/lv\/wp-json\/wp\/v2\/comments?post=36757"}],"version-history":[{"count":1,"href":"https:\/\/brilune.eu\/lv\/wp-json\/wp\/v2\/product\/36757\/revisions"}],"predecessor-version":[{"id":36802,"href":"https:\/\/brilune.eu\/lv\/wp-json\/wp\/v2\/product\/36757\/revisions\/36802"}],"wp:featuredmedia":[{"embeddable":true,"href":"https:\/\/brilune.eu\/lv\/wp-json\/wp\/v2\/media\/5502"}],"wp:attachment":[{"href":"https:\/\/brilune.eu\/lv\/wp-json\/wp\/v2\/media?parent=36757"}],"wp:term":[{"taxonomy":"product_brand","embeddable":true,"href":"https:\/\/brilune.eu\/lv\/wp-json\/wp\/v2\/product_brand?post=36757"},{"taxonomy":"product_cat","embeddable":true,"href":"https:\/\/brilune.eu\/lv\/wp-json\/wp\/v2\/product_cat?post=36757"},{"taxonomy":"product_tag","embeddable":true,"href":"https:\/\/brilune.eu\/lv\/wp-json\/wp\/v2\/product_tag?post=36757"}],"curies":[{"name":"wp","href":"https:\/\/api.w.org\/{rel}","templated":true}]}}