{"id":36738,"date":"2025-02-19T11:57:50","date_gmt":"2025-02-19T09:57:50","guid":{"rendered":"https:\/\/brilune.eu\/?post_type=product&#038;p=36738"},"modified":"2025-02-19T12:12:03","modified_gmt":"2025-02-19T10:12:03","slug":"stura-divans-zila-samta-pusmeness-forma","status":"publish","type":"product","link":"https:\/\/brilune.eu\/lv\/product\/stura-divans-zila-samta-pusmeness-forma\/","title":{"rendered":"St\u016bra d\u012bv\u0101ns zil\u0101 samta pusm\u0113ness form\u0101"},"content":{"rendered":"<p>J\u016bs varat baud\u012bt komfortu, modernu stilu un pla\u0161umu pat neliel\u0101 dz\u012bvokl\u012b. Zil\u0101 pusm\u0113ness formas st\u016bra d\u012bv\u0101ns viesistabai ir ide\u0101li piem\u0113rots kompakt\u0101m telp\u0101m, radot m\u016bsdien\u012bgu dizainu. \u0160is vel\u016bra d\u012bv\u0101ns ir salikts vien\u0101 gabal\u0101, kas atvieglo p\u0101rvieto\u0161anos pa \u0161aur\u0101m k\u0101pn\u0113m un durv\u012bm. Neredzam\u0101s atbalsta k\u0101jas nodro\u0161ina stabilit\u0101ti, neapdraudot est\u0113tiku. Funkcion\u0101li un stil\u012bgi, harmoniski izskat\u012bsies gan maz\u0101 dz\u012bvokl\u012b, gan liel\u0101 m\u0101j\u0101.<br \/>\nIzm\u0113ri: 270\u00d790\u00d770 cm<br \/>\nMateri\u0101ls: vel\u016brs, porolona, \u200b\u200bkoka k\u0101jas.<\/p>\n","protected":false},"excerpt":{"rendered":"<p>J\u016bs varat baud\u012bt komfortu, modernu stilu un pla\u0161umu pat neliel\u0101 dz\u012bvokl\u012b. Zil\u0101 pusm\u0113ness formas st\u016bra d\u012bv\u0101ns viesistabai ir ide\u0101li piem\u0113rots kompaktiem&#8230;<\/p>\n","protected":false},"featured_media":5486,"comment_status":"open","ping_status":"closed","template":"","meta":[],"product_brand":[],"product_cat":[1998,5489],"product_tag":[],"class_list":{"0":"post-36738","1":"product","2":"type-product","3":"status-publish","4":"has-post-thumbnail","6":"product_cat-divans-divani-2-2","7":"product_cat-divans-divani-7-4","9":"first","10":"instock","11":"shipping-taxable","12":"purchasable","13":"product-type-simple"},"yoast_head":"<!-- This site is optimized with the Yoast SEO plugin v26.0 - https:\/\/yoast.com\/wordpress\/plugins\/seo\/ -->\n<title>St\u016bra d\u012bv\u0101ns zil\u0101 samta pusm\u0113ness form\u0101<\/title>\n<meta name=\"description\" content=\"J\u016bs varat baud\u012bt komfortu, modernu stilu un pla\u0161umu pat neliel\u0101 dz\u012bvokl\u012b. Zil\u0101 pusm\u0113ness formas st\u016bra d\u012bv\u0101ns viesistabai ir ide\u0101li piem\u0113rots kompaktiem...\" \/>\n<meta name=\"robots\" content=\"index, follow, max-snippet:-1, max-image-preview:large, max-video-preview:-1\" \/>\n<link rel=\"canonical\" href=\"https:\/\/brilune.eu\/lv\/product\/stura-divans-zila-samta-pusmeness-forma\/\" \/>\n<meta property=\"og:locale\" content=\"lv_LV\" \/>\n<meta property=\"og:type\" content=\"article\" \/>\n<meta property=\"og:title\" content=\"St\u016bra d\u012bv\u0101ns zil\u0101 samta pusm\u0113ness form\u0101\" \/>\n<meta property=\"og:description\" content=\"J\u016bs varat baud\u012bt komfortu, modernu stilu un pla\u0161umu pat neliel\u0101 dz\u012bvokl\u012b. Zil\u0101 pusm\u0113ness formas st\u016bra d\u012bv\u0101ns viesistabai ir ide\u0101li piem\u0113rots kompaktiem...\" \/>\n<meta property=\"og:url\" content=\"https:\/\/brilune.eu\/lv\/product\/stura-divans-zila-samta-pusmeness-forma\/\" \/>\n<meta property=\"og:site_name\" content=\"Brilune\" \/>\n<meta property=\"article:modified_time\" content=\"2025-02-19T10:12:03+00:00\" \/>\n<meta property=\"og:image\" content=\"https:\/\/brilune.eu\/wp-content\/uploads\/2025\/01\/4-3-2.jpg\" \/>\n\t<meta property=\"og:image:width\" content=\"800\" \/>\n\t<meta property=\"og:image:height\" content=\"800\" \/>\n\t<meta property=\"og:image:type\" content=\"image\/jpeg\" \/>\n<meta name=\"twitter:card\" content=\"summary_large_image\" \/>\n<meta name=\"twitter:label1\" content=\"Est. reading time\" \/>\n\t<meta name=\"twitter:data1\" content=\"1 minute\" \/>\n<script type=\"application\/ld+json\" class=\"yoast-schema-graph\">{\"@context\":\"https:\/\/schema.org\",\"@graph\":[{\"@type\":\"WebPage\",\"@id\":\"https:\/\/brilune.eu\/lv\/product\/stura-divans-zila-samta-pusmeness-forma\/\",\"url\":\"https:\/\/brilune.eu\/lv\/product\/stura-divans-zila-samta-pusmeness-forma\/\",\"name\":\"St\u016bra d\u012bv\u0101ns zil\u0101 samta pusm\u0113ness form\u0101\",\"isPartOf\":{\"@id\":\"https:\/\/brilune.eu\/lv\/#website\"},\"primaryImageOfPage\":{\"@id\":\"https:\/\/brilune.eu\/lv\/product\/stura-divans-zila-samta-pusmeness-forma\/#primaryimage\"},\"image\":{\"@id\":\"https:\/\/brilune.eu\/lv\/product\/stura-divans-zila-samta-pusmeness-forma\/#primaryimage\"},\"thumbnailUrl\":\"https:\/\/brilune.eu\/wp-content\/uploads\/2025\/01\/4-3-2.jpg\",\"datePublished\":\"2025-02-19T09:57:50+00:00\",\"dateModified\":\"2025-02-19T10:12:03+00:00\",\"description\":\"J\u016bs varat baud\u012bt komfortu, modernu stilu un pla\u0161umu pat neliel\u0101 dz\u012bvokl\u012b. Zil\u0101 pusm\u0113ness formas st\u016bra d\u012bv\u0101ns viesistabai ir ide\u0101li piem\u0113rots kompaktiem...\",\"breadcrumb\":{\"@id\":\"https:\/\/brilune.eu\/lv\/product\/stura-divans-zila-samta-pusmeness-forma\/#breadcrumb\"},\"inLanguage\":\"lv-LV\",\"potentialAction\":[{\"@type\":\"ReadAction\",\"target\":[\"https:\/\/brilune.eu\/lv\/product\/stura-divans-zila-samta-pusmeness-forma\/\"]}]},{\"@type\":\"ImageObject\",\"inLanguage\":\"lv-LV\",\"@id\":\"https:\/\/brilune.eu\/lv\/product\/stura-divans-zila-samta-pusmeness-forma\/#primaryimage\",\"url\":\"https:\/\/brilune.eu\/wp-content\/uploads\/2025\/01\/4-3-2.jpg\",\"contentUrl\":\"https:\/\/brilune.eu\/wp-content\/uploads\/2025\/01\/4-3-2.jpg\",\"width\":800,\"height\":800},{\"@type\":\"BreadcrumbList\",\"@id\":\"https:\/\/brilune.eu\/lv\/product\/stura-divans-zila-samta-pusmeness-forma\/#breadcrumb\",\"itemListElement\":[{\"@type\":\"ListItem\",\"position\":1,\"name\":\"S\u0101kums\",\"item\":\"https:\/\/brilune.eu\/lv\/brilune-mebeles\/\"},{\"@type\":\"ListItem\",\"position\":2,\"name\":\"Visi produkti\",\"item\":\"https:\/\/brilune.eu\/lv\/shop\/\"},{\"@type\":\"ListItem\",\"position\":3,\"name\":\"St\u016bra d\u012bv\u0101ns zil\u0101 samta pusm\u0113ness form\u0101\"}]},{\"@type\":\"WebSite\",\"@id\":\"https:\/\/brilune.eu\/lv\/#website\",\"url\":\"https:\/\/brilune.eu\/lv\/\",\"name\":\"Brilune\",\"description\":\"M\u0113s pied\u0101v\u0101jam unik\u0101lus un nebiju\u0161us dizainus, kas apvieno eleganci, funkcionalit\u0101ti un rado\u0161umu.\",\"potentialAction\":[{\"@type\":\"SearchAction\",\"target\":{\"@type\":\"EntryPoint\",\"urlTemplate\":\"https:\/\/brilune.eu\/lv\/?s={search_term_string}\"},\"query-input\":{\"@type\":\"PropertyValueSpecification\",\"valueRequired\":true,\"valueName\":\"search_term_string\"}}],\"inLanguage\":\"lv-LV\"}]}<\/script>\n<!-- \/ Yoast SEO plugin. -->","yoast_head_json":{"title":"St\u016bra d\u012bv\u0101ns zil\u0101 samta pusm\u0113ness form\u0101","description":"J\u016bs varat baud\u012bt komfortu, modernu stilu un pla\u0161umu pat neliel\u0101 dz\u012bvokl\u012b. Zil\u0101 pusm\u0113ness formas st\u016bra d\u012bv\u0101ns viesistabai ir ide\u0101li piem\u0113rots kompaktiem...","robots":{"index":"index","follow":"follow","max-snippet":"max-snippet:-1","max-image-preview":"max-image-preview:large","max-video-preview":"max-video-preview:-1"},"canonical":"https:\/\/brilune.eu\/lv\/product\/stura-divans-zila-samta-pusmeness-forma\/","og_locale":"lv_LV","og_type":"article","og_title":"St\u016bra d\u012bv\u0101ns zil\u0101 samta pusm\u0113ness form\u0101","og_description":"J\u016bs varat baud\u012bt komfortu, modernu stilu un pla\u0161umu pat neliel\u0101 dz\u012bvokl\u012b. Zil\u0101 pusm\u0113ness formas st\u016bra d\u012bv\u0101ns viesistabai ir ide\u0101li piem\u0113rots kompaktiem...","og_url":"https:\/\/brilune.eu\/lv\/product\/stura-divans-zila-samta-pusmeness-forma\/","og_site_name":"Brilune","article_modified_time":"2025-02-19T10:12:03+00:00","og_image":[{"width":800,"height":800,"url":"https:\/\/brilune.eu\/wp-content\/uploads\/2025\/01\/4-3-2.jpg","type":"image\/jpeg"}],"twitter_card":"summary_large_image","twitter_misc":{"Est. reading time":"1 minute"},"schema":{"@context":"https:\/\/schema.org","@graph":[{"@type":"WebPage","@id":"https:\/\/brilune.eu\/lv\/product\/stura-divans-zila-samta-pusmeness-forma\/","url":"https:\/\/brilune.eu\/lv\/product\/stura-divans-zila-samta-pusmeness-forma\/","name":"St\u016bra d\u012bv\u0101ns zil\u0101 samta pusm\u0113ness form\u0101","isPartOf":{"@id":"https:\/\/brilune.eu\/lv\/#website"},"primaryImageOfPage":{"@id":"https:\/\/brilune.eu\/lv\/product\/stura-divans-zila-samta-pusmeness-forma\/#primaryimage"},"image":{"@id":"https:\/\/brilune.eu\/lv\/product\/stura-divans-zila-samta-pusmeness-forma\/#primaryimage"},"thumbnailUrl":"https:\/\/brilune.eu\/wp-content\/uploads\/2025\/01\/4-3-2.jpg","datePublished":"2025-02-19T09:57:50+00:00","dateModified":"2025-02-19T10:12:03+00:00","description":"J\u016bs varat baud\u012bt komfortu, modernu stilu un pla\u0161umu pat neliel\u0101 dz\u012bvokl\u012b. Zil\u0101 pusm\u0113ness formas st\u016bra d\u012bv\u0101ns viesistabai ir ide\u0101li piem\u0113rots kompaktiem...","breadcrumb":{"@id":"https:\/\/brilune.eu\/lv\/product\/stura-divans-zila-samta-pusmeness-forma\/#breadcrumb"},"inLanguage":"lv-LV","potentialAction":[{"@type":"ReadAction","target":["https:\/\/brilune.eu\/lv\/product\/stura-divans-zila-samta-pusmeness-forma\/"]}]},{"@type":"ImageObject","inLanguage":"lv-LV","@id":"https:\/\/brilune.eu\/lv\/product\/stura-divans-zila-samta-pusmeness-forma\/#primaryimage","url":"https:\/\/brilune.eu\/wp-content\/uploads\/2025\/01\/4-3-2.jpg","contentUrl":"https:\/\/brilune.eu\/wp-content\/uploads\/2025\/01\/4-3-2.jpg","width":800,"height":800},{"@type":"BreadcrumbList","@id":"https:\/\/brilune.eu\/lv\/product\/stura-divans-zila-samta-pusmeness-forma\/#breadcrumb","itemListElement":[{"@type":"ListItem","position":1,"name":"S\u0101kums","item":"https:\/\/brilune.eu\/lv\/brilune-mebeles\/"},{"@type":"ListItem","position":2,"name":"Visi produkti","item":"https:\/\/brilune.eu\/lv\/shop\/"},{"@type":"ListItem","position":3,"name":"St\u016bra d\u012bv\u0101ns zil\u0101 samta pusm\u0113ness form\u0101"}]},{"@type":"WebSite","@id":"https:\/\/brilune.eu\/lv\/#website","url":"https:\/\/brilune.eu\/lv\/","name":"Brilune","description":"M\u0113s pied\u0101v\u0101jam unik\u0101lus un nebiju\u0161us dizainus, kas apvieno eleganci, funkcionalit\u0101ti un rado\u0161umu.","potentialAction":[{"@type":"SearchAction","target":{"@type":"EntryPoint","urlTemplate":"https:\/\/brilune.eu\/lv\/?s={search_term_string}"},"query-input":{"@type":"PropertyValueSpecification","valueRequired":true,"valueName":"search_term_string"}}],"inLanguage":"lv-LV"}]}},"jetpack_sharing_enabled":true,"_links":{"self":[{"href":"https:\/\/brilune.eu\/lv\/wp-json\/wp\/v2\/product\/36738","targetHints":{"allow":["GET"]}}],"collection":[{"href":"https:\/\/brilune.eu\/lv\/wp-json\/wp\/v2\/product"}],"about":[{"href":"https:\/\/brilune.eu\/lv\/wp-json\/wp\/v2\/types\/product"}],"replies":[{"embeddable":true,"href":"https:\/\/brilune.eu\/lv\/wp-json\/wp\/v2\/comments?post=36738"}],"version-history":[{"count":1,"href":"https:\/\/brilune.eu\/lv\/wp-json\/wp\/v2\/product\/36738\/revisions"}],"predecessor-version":[{"id":36784,"href":"https:\/\/brilune.eu\/lv\/wp-json\/wp\/v2\/product\/36738\/revisions\/36784"}],"wp:featuredmedia":[{"embeddable":true,"href":"https:\/\/brilune.eu\/lv\/wp-json\/wp\/v2\/media\/5486"}],"wp:attachment":[{"href":"https:\/\/brilune.eu\/lv\/wp-json\/wp\/v2\/media?parent=36738"}],"wp:term":[{"taxonomy":"product_brand","embeddable":true,"href":"https:\/\/brilune.eu\/lv\/wp-json\/wp\/v2\/product_brand?post=36738"},{"taxonomy":"product_cat","embeddable":true,"href":"https:\/\/brilune.eu\/lv\/wp-json\/wp\/v2\/product_cat?post=36738"},{"taxonomy":"product_tag","embeddable":true,"href":"https:\/\/brilune.eu\/lv\/wp-json\/wp\/v2\/product_tag?post=36738"}],"curies":[{"name":"wp","href":"https:\/\/api.w.org\/{rel}","templated":true}]}}