{"id":36665,"date":"2025-02-19T11:56:57","date_gmt":"2025-02-19T09:56:57","guid":{"rendered":"https:\/\/brilune.eu\/?post_type=product&#038;p=36665"},"modified":"2025-02-19T12:11:38","modified_gmt":"2025-02-19T10:11:38","slug":"mikstas-adas-edamistabas-kresls","status":"publish","type":"product","link":"https:\/\/brilune.eu\/lv\/product\/mikstas-adas-edamistabas-kresls\/","title":{"rendered":"M\u012bkstas \u0101das \u0113damistabas kr\u0113sls"},"content":{"rendered":"<p>\u0160im skaisti izstr\u0101d\u0101tajam \u0113damistabas kr\u0113slam, kas ir izgatavots no m\u012bkstas oran\u017eas \u0101das, ir p\u0101rsteidzo\u0161s dizains, un tas ir izgatavots no organiskiem materi\u0101liem, kas pie\u0161\u0137ir tam \u012bpa\u0161u piesk\u0101rienu. \u0160is kr\u0113sls ir ide\u0101li piem\u0113rots j\u016bsu \u0101ra \u0113damzonai, un tas ir izgatavots no t\u012bkkoka un sapl\u0101k\u0161\u0146a, radot dabisku gaisotni, kas iemieso autentiskumu.<br \/>\nIzm\u0113ri: 42\u00d745\u00d787 cm<br \/>\nMateri\u0101li: \u012bsta \u0101da, m\u0101ksl\u012bg\u0101 \u0101da, audums, samts, ka\u0161mirs.<\/p>\n","protected":false},"excerpt":{"rendered":"<p>Izgatavots no m\u012bkstas oran\u017eas \u0101das, \u0161im skaisti izstr\u0101d\u0101tajam \u0113damistabas kr\u0113slam ir p\u0101rsteidzo\u0161s dizains, un tas ir izgatavots no organiskiem materi\u0101liem, kas pie\u0161\u0137ir tam \u012bpa\u0161u &#8230;<\/p>\n","protected":false},"featured_media":5269,"comment_status":"open","ping_status":"closed","template":"","meta":[],"product_brand":[],"product_cat":[1517,5520],"product_tag":[],"class_list":{"0":"post-36665","1":"product","2":"type-product","3":"status-publish","4":"has-post-thumbnail","6":"product_cat-edamistabas-kresli-kresli-2","7":"product_cat-edamistabas-kresls-kresli-4","9":"first","10":"instock","11":"shipping-taxable","12":"purchasable","13":"product-type-simple"},"yoast_head":"<!-- This site is optimized with the Yoast SEO plugin v26.0 - https:\/\/yoast.com\/wordpress\/plugins\/seo\/ -->\n<title>M\u012bkstas \u0101das \u0113damistabas kr\u0113sls<\/title>\n<meta name=\"description\" content=\"Izgatavots no m\u012bkstas oran\u017eas \u0101das, \u0161im skaisti izstr\u0101d\u0101tajam \u0113damistabas kr\u0113slam ir p\u0101rsteidzo\u0161s dizains, un tas ir izgatavots no organiskiem materi\u0101liem, kas pie\u0161\u0137ir tam \u012bpa\u0161u ...\" \/>\n<meta name=\"robots\" content=\"index, follow, max-snippet:-1, max-image-preview:large, max-video-preview:-1\" \/>\n<link rel=\"canonical\" href=\"https:\/\/brilune.eu\/lv\/product\/mikstas-adas-edamistabas-kresls\/\" \/>\n<meta property=\"og:locale\" content=\"lv_LV\" \/>\n<meta property=\"og:type\" content=\"article\" \/>\n<meta property=\"og:title\" content=\"M\u012bkstas \u0101das \u0113damistabas kr\u0113sls\" \/>\n<meta property=\"og:description\" content=\"Izgatavots no m\u012bkstas oran\u017eas \u0101das, \u0161im skaisti izstr\u0101d\u0101tajam \u0113damistabas kr\u0113slam ir p\u0101rsteidzo\u0161s dizains, un tas ir izgatavots no organiskiem materi\u0101liem, kas pie\u0161\u0137ir tam \u012bpa\u0161u ...\" \/>\n<meta property=\"og:url\" content=\"https:\/\/brilune.eu\/lv\/product\/mikstas-adas-edamistabas-kresls\/\" \/>\n<meta property=\"og:site_name\" content=\"Brilune\" \/>\n<meta property=\"article:modified_time\" content=\"2025-02-19T10:11:38+00:00\" \/>\n<meta property=\"og:image\" content=\"https:\/\/brilune.eu\/wp-content\/uploads\/2025\/01\/4-19-2.jpg\" \/>\n\t<meta property=\"og:image:width\" content=\"800\" \/>\n\t<meta property=\"og:image:height\" content=\"800\" \/>\n\t<meta property=\"og:image:type\" content=\"image\/jpeg\" \/>\n<meta name=\"twitter:card\" content=\"summary_large_image\" \/>\n<script type=\"application\/ld+json\" class=\"yoast-schema-graph\">{\"@context\":\"https:\/\/schema.org\",\"@graph\":[{\"@type\":\"WebPage\",\"@id\":\"https:\/\/brilune.eu\/lv\/product\/mikstas-adas-edamistabas-kresls\/\",\"url\":\"https:\/\/brilune.eu\/lv\/product\/mikstas-adas-edamistabas-kresls\/\",\"name\":\"M\u012bkstas \u0101das \u0113damistabas kr\u0113sls\",\"isPartOf\":{\"@id\":\"https:\/\/brilune.eu\/lv\/#website\"},\"primaryImageOfPage\":{\"@id\":\"https:\/\/brilune.eu\/lv\/product\/mikstas-adas-edamistabas-kresls\/#primaryimage\"},\"image\":{\"@id\":\"https:\/\/brilune.eu\/lv\/product\/mikstas-adas-edamistabas-kresls\/#primaryimage\"},\"thumbnailUrl\":\"https:\/\/brilune.eu\/wp-content\/uploads\/2025\/01\/4-19-2.jpg\",\"datePublished\":\"2025-02-19T09:56:57+00:00\",\"dateModified\":\"2025-02-19T10:11:38+00:00\",\"description\":\"Izgatavots no m\u012bkstas oran\u017eas \u0101das, \u0161im skaisti izstr\u0101d\u0101tajam \u0113damistabas kr\u0113slam ir p\u0101rsteidzo\u0161s dizains, un tas ir izgatavots no organiskiem materi\u0101liem, kas pie\u0161\u0137ir tam \u012bpa\u0161u ...\",\"breadcrumb\":{\"@id\":\"https:\/\/brilune.eu\/lv\/product\/mikstas-adas-edamistabas-kresls\/#breadcrumb\"},\"inLanguage\":\"lv-LV\",\"potentialAction\":[{\"@type\":\"ReadAction\",\"target\":[\"https:\/\/brilune.eu\/lv\/product\/mikstas-adas-edamistabas-kresls\/\"]}]},{\"@type\":\"ImageObject\",\"inLanguage\":\"lv-LV\",\"@id\":\"https:\/\/brilune.eu\/lv\/product\/mikstas-adas-edamistabas-kresls\/#primaryimage\",\"url\":\"https:\/\/brilune.eu\/wp-content\/uploads\/2025\/01\/4-19-2.jpg\",\"contentUrl\":\"https:\/\/brilune.eu\/wp-content\/uploads\/2025\/01\/4-19-2.jpg\",\"width\":800,\"height\":800},{\"@type\":\"BreadcrumbList\",\"@id\":\"https:\/\/brilune.eu\/lv\/product\/mikstas-adas-edamistabas-kresls\/#breadcrumb\",\"itemListElement\":[{\"@type\":\"ListItem\",\"position\":1,\"name\":\"S\u0101kums\",\"item\":\"https:\/\/brilune.eu\/lv\/brilune-mebeles\/\"},{\"@type\":\"ListItem\",\"position\":2,\"name\":\"Visi produkti\",\"item\":\"https:\/\/brilune.eu\/lv\/shop\/\"},{\"@type\":\"ListItem\",\"position\":3,\"name\":\"M\u012bkstas \u0101das \u0113damistabas kr\u0113sls\"}]},{\"@type\":\"WebSite\",\"@id\":\"https:\/\/brilune.eu\/lv\/#website\",\"url\":\"https:\/\/brilune.eu\/lv\/\",\"name\":\"Brilune\",\"description\":\"M\u0113s pied\u0101v\u0101jam unik\u0101lus un nebiju\u0161us dizainus, kas apvieno eleganci, funkcionalit\u0101ti un rado\u0161umu.\",\"potentialAction\":[{\"@type\":\"SearchAction\",\"target\":{\"@type\":\"EntryPoint\",\"urlTemplate\":\"https:\/\/brilune.eu\/lv\/?s={search_term_string}\"},\"query-input\":{\"@type\":\"PropertyValueSpecification\",\"valueRequired\":true,\"valueName\":\"search_term_string\"}}],\"inLanguage\":\"lv-LV\"}]}<\/script>\n<!-- \/ Yoast SEO plugin. -->","yoast_head_json":{"title":"M\u012bkstas \u0101das \u0113damistabas kr\u0113sls","description":"Izgatavots no m\u012bkstas oran\u017eas \u0101das, \u0161im skaisti izstr\u0101d\u0101tajam \u0113damistabas kr\u0113slam ir p\u0101rsteidzo\u0161s dizains, un tas ir izgatavots no organiskiem materi\u0101liem, kas pie\u0161\u0137ir tam \u012bpa\u0161u ...","robots":{"index":"index","follow":"follow","max-snippet":"max-snippet:-1","max-image-preview":"max-image-preview:large","max-video-preview":"max-video-preview:-1"},"canonical":"https:\/\/brilune.eu\/lv\/product\/mikstas-adas-edamistabas-kresls\/","og_locale":"lv_LV","og_type":"article","og_title":"M\u012bkstas \u0101das \u0113damistabas kr\u0113sls","og_description":"Izgatavots no m\u012bkstas oran\u017eas \u0101das, \u0161im skaisti izstr\u0101d\u0101tajam \u0113damistabas kr\u0113slam ir p\u0101rsteidzo\u0161s dizains, un tas ir izgatavots no organiskiem materi\u0101liem, kas pie\u0161\u0137ir tam \u012bpa\u0161u ...","og_url":"https:\/\/brilune.eu\/lv\/product\/mikstas-adas-edamistabas-kresls\/","og_site_name":"Brilune","article_modified_time":"2025-02-19T10:11:38+00:00","og_image":[{"width":800,"height":800,"url":"https:\/\/brilune.eu\/wp-content\/uploads\/2025\/01\/4-19-2.jpg","type":"image\/jpeg"}],"twitter_card":"summary_large_image","schema":{"@context":"https:\/\/schema.org","@graph":[{"@type":"WebPage","@id":"https:\/\/brilune.eu\/lv\/product\/mikstas-adas-edamistabas-kresls\/","url":"https:\/\/brilune.eu\/lv\/product\/mikstas-adas-edamistabas-kresls\/","name":"M\u012bkstas \u0101das \u0113damistabas kr\u0113sls","isPartOf":{"@id":"https:\/\/brilune.eu\/lv\/#website"},"primaryImageOfPage":{"@id":"https:\/\/brilune.eu\/lv\/product\/mikstas-adas-edamistabas-kresls\/#primaryimage"},"image":{"@id":"https:\/\/brilune.eu\/lv\/product\/mikstas-adas-edamistabas-kresls\/#primaryimage"},"thumbnailUrl":"https:\/\/brilune.eu\/wp-content\/uploads\/2025\/01\/4-19-2.jpg","datePublished":"2025-02-19T09:56:57+00:00","dateModified":"2025-02-19T10:11:38+00:00","description":"Izgatavots no m\u012bkstas oran\u017eas \u0101das, \u0161im skaisti izstr\u0101d\u0101tajam \u0113damistabas kr\u0113slam ir p\u0101rsteidzo\u0161s dizains, un tas ir izgatavots no organiskiem materi\u0101liem, kas pie\u0161\u0137ir tam \u012bpa\u0161u ...","breadcrumb":{"@id":"https:\/\/brilune.eu\/lv\/product\/mikstas-adas-edamistabas-kresls\/#breadcrumb"},"inLanguage":"lv-LV","potentialAction":[{"@type":"ReadAction","target":["https:\/\/brilune.eu\/lv\/product\/mikstas-adas-edamistabas-kresls\/"]}]},{"@type":"ImageObject","inLanguage":"lv-LV","@id":"https:\/\/brilune.eu\/lv\/product\/mikstas-adas-edamistabas-kresls\/#primaryimage","url":"https:\/\/brilune.eu\/wp-content\/uploads\/2025\/01\/4-19-2.jpg","contentUrl":"https:\/\/brilune.eu\/wp-content\/uploads\/2025\/01\/4-19-2.jpg","width":800,"height":800},{"@type":"BreadcrumbList","@id":"https:\/\/brilune.eu\/lv\/product\/mikstas-adas-edamistabas-kresls\/#breadcrumb","itemListElement":[{"@type":"ListItem","position":1,"name":"S\u0101kums","item":"https:\/\/brilune.eu\/lv\/brilune-mebeles\/"},{"@type":"ListItem","position":2,"name":"Visi produkti","item":"https:\/\/brilune.eu\/lv\/shop\/"},{"@type":"ListItem","position":3,"name":"M\u012bkstas \u0101das \u0113damistabas kr\u0113sls"}]},{"@type":"WebSite","@id":"https:\/\/brilune.eu\/lv\/#website","url":"https:\/\/brilune.eu\/lv\/","name":"Brilune","description":"M\u0113s pied\u0101v\u0101jam unik\u0101lus un nebiju\u0161us dizainus, kas apvieno eleganci, funkcionalit\u0101ti un rado\u0161umu.","potentialAction":[{"@type":"SearchAction","target":{"@type":"EntryPoint","urlTemplate":"https:\/\/brilune.eu\/lv\/?s={search_term_string}"},"query-input":{"@type":"PropertyValueSpecification","valueRequired":true,"valueName":"search_term_string"}}],"inLanguage":"lv-LV"}]}},"jetpack_sharing_enabled":true,"_links":{"self":[{"href":"https:\/\/brilune.eu\/lv\/wp-json\/wp\/v2\/product\/36665","targetHints":{"allow":["GET"]}}],"collection":[{"href":"https:\/\/brilune.eu\/lv\/wp-json\/wp\/v2\/product"}],"about":[{"href":"https:\/\/brilune.eu\/lv\/wp-json\/wp\/v2\/types\/product"}],"replies":[{"embeddable":true,"href":"https:\/\/brilune.eu\/lv\/wp-json\/wp\/v2\/comments?post=36665"}],"version-history":[{"count":1,"href":"https:\/\/brilune.eu\/lv\/wp-json\/wp\/v2\/product\/36665\/revisions"}],"predecessor-version":[{"id":36710,"href":"https:\/\/brilune.eu\/lv\/wp-json\/wp\/v2\/product\/36665\/revisions\/36710"}],"wp:featuredmedia":[{"embeddable":true,"href":"https:\/\/brilune.eu\/lv\/wp-json\/wp\/v2\/media\/5269"}],"wp:attachment":[{"href":"https:\/\/brilune.eu\/lv\/wp-json\/wp\/v2\/media?parent=36665"}],"wp:term":[{"taxonomy":"product_brand","embeddable":true,"href":"https:\/\/brilune.eu\/lv\/wp-json\/wp\/v2\/product_brand?post=36665"},{"taxonomy":"product_cat","embeddable":true,"href":"https:\/\/brilune.eu\/lv\/wp-json\/wp\/v2\/product_cat?post=36665"},{"taxonomy":"product_tag","embeddable":true,"href":"https:\/\/brilune.eu\/lv\/wp-json\/wp\/v2\/product_tag?post=36665"}],"curies":[{"name":"wp","href":"https:\/\/api.w.org\/{rel}","templated":true}]}}