{"id":36645,"date":"2025-02-19T11:56:35","date_gmt":"2025-02-19T09:56:35","guid":{"rendered":"https:\/\/brilune.eu\/?post_type=product&#038;p=36645"},"modified":"2025-02-19T12:11:35","modified_gmt":"2025-02-19T10:11:35","slug":"maksligas-adas-edamistabas-kresls-2","status":"publish","type":"product","link":"https:\/\/brilune.eu\/lv\/product\/maksligas-adas-edamistabas-kresls-2\/","title":{"rendered":"M\u0101ksl\u012bg\u0101s \u0101das \u0113damistabas kr\u0113sls"},"content":{"rendered":"<p>\u0160im skaisti izstr\u0101d\u0101tajam m\u0101ksl\u012bg\u0101s \u0101das kr\u0113slam ir dinamisks dizains, un tas ir izgatavots no organiskiem materi\u0101liem, pie\u0161\u0137irot tam \u012bpa\u0161u \u0161armu. Ide\u0101li piem\u0113rots j\u016bsu \u0101ra \u0113damzonai, tas ir izgatavots no t\u012bkkoka un sapl\u0101k\u0161\u0146a, radot dabisku atmosf\u0113ru, kas iemieso autentiskumu.<br \/>\nIzm\u0113ri: 53\u00d755\u00d793 cm<br \/>\nMateri\u0101li: \u012bsta \u0101da, m\u0101ksl\u012bg\u0101 \u0101da, audums, samts, ka\u0161mirs.<\/p>\n","protected":false},"excerpt":{"rendered":"<p>\u0160im skaisti izstr\u0101d\u0101tajam m\u0101ksl\u012bg\u0101s \u0101das kr\u0113slam ir dinamisks dizains, un tas ir izgatavots no organiskiem materi\u0101liem, pie\u0161\u0137irot tam \u012bpa\u0161u \u0161armu. Ide\u0101li piem\u0113rots j\u016bsu vakari\u0146\u0101m br\u012bv\u0101 dab\u0101&#8230;<\/p>\n","protected":false},"featured_media":5234,"comment_status":"open","ping_status":"closed","template":"","meta":[],"product_brand":[],"product_cat":[1517,5520],"product_tag":[],"class_list":{"0":"post-36645","1":"product","2":"type-product","3":"status-publish","4":"has-post-thumbnail","6":"product_cat-edamistabas-kresli-kresli-2","7":"product_cat-edamistabas-kresls-kresli-4","9":"first","10":"instock","11":"shipping-taxable","12":"purchasable","13":"product-type-simple"},"yoast_head":"<!-- This site is optimized with the Yoast SEO plugin v26.0 - https:\/\/yoast.com\/wordpress\/plugins\/seo\/ -->\n<title>M\u0101ksl\u012bg\u0101s \u0101das \u0113damistabas kr\u0113sls<\/title>\n<meta name=\"description\" content=\"\u0160im skaisti izstr\u0101d\u0101tajam m\u0101ksl\u012bg\u0101s \u0101das kr\u0113slam ir dinamisks dizains, un tas ir izgatavots no organiskiem materi\u0101liem, pie\u0161\u0137irot tam \u012bpa\u0161u \u0161armu. Ide\u0101li piem\u0113rots j\u016bsu vakari\u0146\u0101m br\u012bv\u0101 dab\u0101...\" \/>\n<meta name=\"robots\" content=\"index, follow, max-snippet:-1, max-image-preview:large, max-video-preview:-1\" \/>\n<link rel=\"canonical\" href=\"https:\/\/brilune.eu\/lv\/product\/maksligas-adas-edamistabas-kresls-2\/\" \/>\n<meta property=\"og:locale\" content=\"lv_LV\" \/>\n<meta property=\"og:type\" content=\"article\" \/>\n<meta property=\"og:title\" content=\"M\u0101ksl\u012bg\u0101s \u0101das \u0113damistabas kr\u0113sls\" \/>\n<meta property=\"og:description\" content=\"\u0160im skaisti izstr\u0101d\u0101tajam m\u0101ksl\u012bg\u0101s \u0101das kr\u0113slam ir dinamisks dizains, un tas ir izgatavots no organiskiem materi\u0101liem, pie\u0161\u0137irot tam \u012bpa\u0161u \u0161armu. Ide\u0101li piem\u0113rots j\u016bsu vakari\u0146\u0101m br\u012bv\u0101 dab\u0101...\" \/>\n<meta property=\"og:url\" content=\"https:\/\/brilune.eu\/lv\/product\/maksligas-adas-edamistabas-kresls-2\/\" \/>\n<meta property=\"og:site_name\" content=\"Brilune\" \/>\n<meta property=\"article:modified_time\" content=\"2025-02-19T10:11:35+00:00\" \/>\n<meta property=\"og:image\" content=\"https:\/\/brilune.eu\/wp-content\/uploads\/2025\/01\/28.jpg\" \/>\n\t<meta property=\"og:image:width\" content=\"800\" \/>\n\t<meta property=\"og:image:height\" content=\"800\" \/>\n\t<meta property=\"og:image:type\" content=\"image\/jpeg\" \/>\n<meta name=\"twitter:card\" content=\"summary_large_image\" \/>\n<script type=\"application\/ld+json\" class=\"yoast-schema-graph\">{\"@context\":\"https:\/\/schema.org\",\"@graph\":[{\"@type\":\"WebPage\",\"@id\":\"https:\/\/brilune.eu\/lv\/product\/maksligas-adas-edamistabas-kresls-2\/\",\"url\":\"https:\/\/brilune.eu\/lv\/product\/maksligas-adas-edamistabas-kresls-2\/\",\"name\":\"M\u0101ksl\u012bg\u0101s \u0101das \u0113damistabas kr\u0113sls\",\"isPartOf\":{\"@id\":\"https:\/\/brilune.eu\/lv\/#website\"},\"primaryImageOfPage\":{\"@id\":\"https:\/\/brilune.eu\/lv\/product\/maksligas-adas-edamistabas-kresls-2\/#primaryimage\"},\"image\":{\"@id\":\"https:\/\/brilune.eu\/lv\/product\/maksligas-adas-edamistabas-kresls-2\/#primaryimage\"},\"thumbnailUrl\":\"https:\/\/brilune.eu\/wp-content\/uploads\/2025\/01\/28.jpg\",\"datePublished\":\"2025-02-19T09:56:35+00:00\",\"dateModified\":\"2025-02-19T10:11:35+00:00\",\"description\":\"\u0160im skaisti izstr\u0101d\u0101tajam m\u0101ksl\u012bg\u0101s \u0101das kr\u0113slam ir dinamisks dizains, un tas ir izgatavots no organiskiem materi\u0101liem, pie\u0161\u0137irot tam \u012bpa\u0161u \u0161armu. Ide\u0101li piem\u0113rots j\u016bsu vakari\u0146\u0101m br\u012bv\u0101 dab\u0101...\",\"breadcrumb\":{\"@id\":\"https:\/\/brilune.eu\/lv\/product\/maksligas-adas-edamistabas-kresls-2\/#breadcrumb\"},\"inLanguage\":\"lv-LV\",\"potentialAction\":[{\"@type\":\"ReadAction\",\"target\":[\"https:\/\/brilune.eu\/lv\/product\/maksligas-adas-edamistabas-kresls-2\/\"]}]},{\"@type\":\"ImageObject\",\"inLanguage\":\"lv-LV\",\"@id\":\"https:\/\/brilune.eu\/lv\/product\/maksligas-adas-edamistabas-kresls-2\/#primaryimage\",\"url\":\"https:\/\/brilune.eu\/wp-content\/uploads\/2025\/01\/28.jpg\",\"contentUrl\":\"https:\/\/brilune.eu\/wp-content\/uploads\/2025\/01\/28.jpg\",\"width\":800,\"height\":800},{\"@type\":\"BreadcrumbList\",\"@id\":\"https:\/\/brilune.eu\/lv\/product\/maksligas-adas-edamistabas-kresls-2\/#breadcrumb\",\"itemListElement\":[{\"@type\":\"ListItem\",\"position\":1,\"name\":\"S\u0101kums\",\"item\":\"https:\/\/brilune.eu\/lv\/brilune-mebeles\/\"},{\"@type\":\"ListItem\",\"position\":2,\"name\":\"Visi produkti\",\"item\":\"https:\/\/brilune.eu\/lv\/shop\/\"},{\"@type\":\"ListItem\",\"position\":3,\"name\":\"M\u0101ksl\u012bg\u0101s \u0101das \u0113damistabas kr\u0113sls\"}]},{\"@type\":\"WebSite\",\"@id\":\"https:\/\/brilune.eu\/lv\/#website\",\"url\":\"https:\/\/brilune.eu\/lv\/\",\"name\":\"Brilune\",\"description\":\"M\u0113s pied\u0101v\u0101jam unik\u0101lus un nebiju\u0161us dizainus, kas apvieno eleganci, funkcionalit\u0101ti un rado\u0161umu.\",\"potentialAction\":[{\"@type\":\"SearchAction\",\"target\":{\"@type\":\"EntryPoint\",\"urlTemplate\":\"https:\/\/brilune.eu\/lv\/?s={search_term_string}\"},\"query-input\":{\"@type\":\"PropertyValueSpecification\",\"valueRequired\":true,\"valueName\":\"search_term_string\"}}],\"inLanguage\":\"lv-LV\"}]}<\/script>\n<!-- \/ Yoast SEO plugin. -->","yoast_head_json":{"title":"M\u0101ksl\u012bg\u0101s \u0101das \u0113damistabas kr\u0113sls","description":"\u0160im skaisti izstr\u0101d\u0101tajam m\u0101ksl\u012bg\u0101s \u0101das kr\u0113slam ir dinamisks dizains, un tas ir izgatavots no organiskiem materi\u0101liem, pie\u0161\u0137irot tam \u012bpa\u0161u \u0161armu. Ide\u0101li piem\u0113rots j\u016bsu vakari\u0146\u0101m br\u012bv\u0101 dab\u0101...","robots":{"index":"index","follow":"follow","max-snippet":"max-snippet:-1","max-image-preview":"max-image-preview:large","max-video-preview":"max-video-preview:-1"},"canonical":"https:\/\/brilune.eu\/lv\/product\/maksligas-adas-edamistabas-kresls-2\/","og_locale":"lv_LV","og_type":"article","og_title":"M\u0101ksl\u012bg\u0101s \u0101das \u0113damistabas kr\u0113sls","og_description":"\u0160im skaisti izstr\u0101d\u0101tajam m\u0101ksl\u012bg\u0101s \u0101das kr\u0113slam ir dinamisks dizains, un tas ir izgatavots no organiskiem materi\u0101liem, pie\u0161\u0137irot tam \u012bpa\u0161u \u0161armu. Ide\u0101li piem\u0113rots j\u016bsu vakari\u0146\u0101m br\u012bv\u0101 dab\u0101...","og_url":"https:\/\/brilune.eu\/lv\/product\/maksligas-adas-edamistabas-kresls-2\/","og_site_name":"Brilune","article_modified_time":"2025-02-19T10:11:35+00:00","og_image":[{"width":800,"height":800,"url":"https:\/\/brilune.eu\/wp-content\/uploads\/2025\/01\/28.jpg","type":"image\/jpeg"}],"twitter_card":"summary_large_image","schema":{"@context":"https:\/\/schema.org","@graph":[{"@type":"WebPage","@id":"https:\/\/brilune.eu\/lv\/product\/maksligas-adas-edamistabas-kresls-2\/","url":"https:\/\/brilune.eu\/lv\/product\/maksligas-adas-edamistabas-kresls-2\/","name":"M\u0101ksl\u012bg\u0101s \u0101das \u0113damistabas kr\u0113sls","isPartOf":{"@id":"https:\/\/brilune.eu\/lv\/#website"},"primaryImageOfPage":{"@id":"https:\/\/brilune.eu\/lv\/product\/maksligas-adas-edamistabas-kresls-2\/#primaryimage"},"image":{"@id":"https:\/\/brilune.eu\/lv\/product\/maksligas-adas-edamistabas-kresls-2\/#primaryimage"},"thumbnailUrl":"https:\/\/brilune.eu\/wp-content\/uploads\/2025\/01\/28.jpg","datePublished":"2025-02-19T09:56:35+00:00","dateModified":"2025-02-19T10:11:35+00:00","description":"\u0160im skaisti izstr\u0101d\u0101tajam m\u0101ksl\u012bg\u0101s \u0101das kr\u0113slam ir dinamisks dizains, un tas ir izgatavots no organiskiem materi\u0101liem, pie\u0161\u0137irot tam \u012bpa\u0161u \u0161armu. Ide\u0101li piem\u0113rots j\u016bsu vakari\u0146\u0101m br\u012bv\u0101 dab\u0101...","breadcrumb":{"@id":"https:\/\/brilune.eu\/lv\/product\/maksligas-adas-edamistabas-kresls-2\/#breadcrumb"},"inLanguage":"lv-LV","potentialAction":[{"@type":"ReadAction","target":["https:\/\/brilune.eu\/lv\/product\/maksligas-adas-edamistabas-kresls-2\/"]}]},{"@type":"ImageObject","inLanguage":"lv-LV","@id":"https:\/\/brilune.eu\/lv\/product\/maksligas-adas-edamistabas-kresls-2\/#primaryimage","url":"https:\/\/brilune.eu\/wp-content\/uploads\/2025\/01\/28.jpg","contentUrl":"https:\/\/brilune.eu\/wp-content\/uploads\/2025\/01\/28.jpg","width":800,"height":800},{"@type":"BreadcrumbList","@id":"https:\/\/brilune.eu\/lv\/product\/maksligas-adas-edamistabas-kresls-2\/#breadcrumb","itemListElement":[{"@type":"ListItem","position":1,"name":"S\u0101kums","item":"https:\/\/brilune.eu\/lv\/brilune-mebeles\/"},{"@type":"ListItem","position":2,"name":"Visi produkti","item":"https:\/\/brilune.eu\/lv\/shop\/"},{"@type":"ListItem","position":3,"name":"M\u0101ksl\u012bg\u0101s \u0101das \u0113damistabas kr\u0113sls"}]},{"@type":"WebSite","@id":"https:\/\/brilune.eu\/lv\/#website","url":"https:\/\/brilune.eu\/lv\/","name":"Brilune","description":"M\u0113s pied\u0101v\u0101jam unik\u0101lus un nebiju\u0161us dizainus, kas apvieno eleganci, funkcionalit\u0101ti un rado\u0161umu.","potentialAction":[{"@type":"SearchAction","target":{"@type":"EntryPoint","urlTemplate":"https:\/\/brilune.eu\/lv\/?s={search_term_string}"},"query-input":{"@type":"PropertyValueSpecification","valueRequired":true,"valueName":"search_term_string"}}],"inLanguage":"lv-LV"}]}},"jetpack_sharing_enabled":true,"_links":{"self":[{"href":"https:\/\/brilune.eu\/lv\/wp-json\/wp\/v2\/product\/36645","targetHints":{"allow":["GET"]}}],"collection":[{"href":"https:\/\/brilune.eu\/lv\/wp-json\/wp\/v2\/product"}],"about":[{"href":"https:\/\/brilune.eu\/lv\/wp-json\/wp\/v2\/types\/product"}],"replies":[{"embeddable":true,"href":"https:\/\/brilune.eu\/lv\/wp-json\/wp\/v2\/comments?post=36645"}],"version-history":[{"count":1,"href":"https:\/\/brilune.eu\/lv\/wp-json\/wp\/v2\/product\/36645\/revisions"}],"predecessor-version":[{"id":36689,"href":"https:\/\/brilune.eu\/lv\/wp-json\/wp\/v2\/product\/36645\/revisions\/36689"}],"wp:featuredmedia":[{"embeddable":true,"href":"https:\/\/brilune.eu\/lv\/wp-json\/wp\/v2\/media\/5234"}],"wp:attachment":[{"href":"https:\/\/brilune.eu\/lv\/wp-json\/wp\/v2\/media?parent=36645"}],"wp:term":[{"taxonomy":"product_brand","embeddable":true,"href":"https:\/\/brilune.eu\/lv\/wp-json\/wp\/v2\/product_brand?post=36645"},{"taxonomy":"product_cat","embeddable":true,"href":"https:\/\/brilune.eu\/lv\/wp-json\/wp\/v2\/product_cat?post=36645"},{"taxonomy":"product_tag","embeddable":true,"href":"https:\/\/brilune.eu\/lv\/wp-json\/wp\/v2\/product_tag?post=36645"}],"curies":[{"name":"wp","href":"https:\/\/api.w.org\/{rel}","templated":true}]}}