{"id":36618,"date":"2025-02-19T11:56:12","date_gmt":"2025-02-19T09:56:12","guid":{"rendered":"https:\/\/brilune.eu\/?post_type=product&#038;p=36618"},"modified":"2025-02-19T12:11:25","modified_gmt":"2025-02-19T10:11:25","slug":"edamistabas-kresls-ar-greznu-polsterejumu","status":"publish","type":"product","link":"https:\/\/brilune.eu\/lv\/product\/edamistabas-kresls-ar-greznu-polsterejumu\/","title":{"rendered":"\u0112damistabas kr\u0113sls ar greznu polster\u0113jumu"},"content":{"rendered":"<p>Uzlabojiet savas \u0113damistabas gaisotni ar grezni polster\u0113tu \u0113damistabas kr\u0113slu. T\u0101 elegantajam dizainam ir graciozi izliekumi, izsmalcin\u0101tas l\u012bnijas un grezns polster\u0113jums, kas izstaro komfortu un stilu. \u0160is kr\u0113sls lieliski papildin\u0101s jebkuru interjeru \u2013 no moderna l\u012bdz klasiskam. \u013baujiet tai k\u013c\u016bt par j\u016bsu \u0113damistabas centr\u0101lo punktu, pie\u0161\u0137irot izsmalcin\u0101t\u012bbu un piesaistot ikviena pie galda san\u0101ku\u0161o uzman\u012bbu.<br \/>\nIzm\u0113ri: 53\u00d743\u00d782 cm<br \/>\nMateri\u0101li: samta polster\u0113jums, mas\u012bvkoks, ner\u016bs\u0113jo\u0161\u0101 t\u0113rauda k\u0101jas.<\/p>\n","protected":false},"excerpt":{"rendered":"<p>Uzlabojiet savas \u0113damistabas gaisotni ar grezni polster\u0113tu \u0113damistabas kr\u0113slu. T\u0101 elegantajam dizainam ir graciozi izliekumi, izsmalcin\u0101tas l\u012bnijas un greznas&#8230;<\/p>\n","protected":false},"featured_media":3395,"comment_status":"open","ping_status":"closed","template":"","meta":[],"product_brand":[],"product_cat":[1517,5520],"product_tag":[],"class_list":{"0":"post-36618","1":"product","2":"type-product","3":"status-publish","4":"has-post-thumbnail","6":"product_cat-edamistabas-kresli-kresli-2","7":"product_cat-edamistabas-kresls-kresli-4","9":"first","10":"instock","11":"shipping-taxable","12":"purchasable","13":"product-type-simple"},"yoast_head":"<!-- This site is optimized with the Yoast SEO plugin v26.0 - https:\/\/yoast.com\/wordpress\/plugins\/seo\/ -->\n<title>\u0112damistabas kr\u0113sls ar greznu polster\u0113jumu<\/title>\n<meta name=\"description\" content=\"Uzlabojiet savas \u0113damistabas gaisotni ar grezni polster\u0113tu \u0113damistabas kr\u0113slu. T\u0101 elegantajam dizainam ir graciozi izliekumi, izsmalcin\u0101tas l\u012bnijas un greznas...\" \/>\n<meta name=\"robots\" content=\"index, follow, max-snippet:-1, max-image-preview:large, max-video-preview:-1\" \/>\n<link rel=\"canonical\" href=\"https:\/\/brilune.eu\/lv\/product\/edamistabas-kresls-ar-greznu-polsterejumu\/\" \/>\n<meta property=\"og:locale\" content=\"lv_LV\" \/>\n<meta property=\"og:type\" content=\"article\" \/>\n<meta property=\"og:title\" content=\"\u0112damistabas kr\u0113sls ar greznu polster\u0113jumu\" \/>\n<meta property=\"og:description\" content=\"Uzlabojiet savas \u0113damistabas gaisotni ar grezni polster\u0113tu \u0113damistabas kr\u0113slu. T\u0101 elegantajam dizainam ir graciozi izliekumi, izsmalcin\u0101tas l\u012bnijas un greznas...\" \/>\n<meta property=\"og:url\" content=\"https:\/\/brilune.eu\/lv\/product\/edamistabas-kresls-ar-greznu-polsterejumu\/\" \/>\n<meta property=\"og:site_name\" content=\"Brilune\" \/>\n<meta property=\"article:modified_time\" content=\"2025-02-19T10:11:25+00:00\" \/>\n<meta property=\"og:image\" content=\"https:\/\/brilune.eu\/wp-content\/uploads\/2025\/01\/6-1.jpg\" \/>\n\t<meta property=\"og:image:width\" content=\"800\" \/>\n\t<meta property=\"og:image:height\" content=\"800\" \/>\n\t<meta property=\"og:image:type\" content=\"image\/jpeg\" \/>\n<meta name=\"twitter:card\" content=\"summary_large_image\" \/>\n<script type=\"application\/ld+json\" class=\"yoast-schema-graph\">{\"@context\":\"https:\/\/schema.org\",\"@graph\":[{\"@type\":\"WebPage\",\"@id\":\"https:\/\/brilune.eu\/lv\/product\/edamistabas-kresls-ar-greznu-polsterejumu\/\",\"url\":\"https:\/\/brilune.eu\/lv\/product\/edamistabas-kresls-ar-greznu-polsterejumu\/\",\"name\":\"\u0112damistabas kr\u0113sls ar greznu polster\u0113jumu\",\"isPartOf\":{\"@id\":\"https:\/\/brilune.eu\/lv\/#website\"},\"primaryImageOfPage\":{\"@id\":\"https:\/\/brilune.eu\/lv\/product\/edamistabas-kresls-ar-greznu-polsterejumu\/#primaryimage\"},\"image\":{\"@id\":\"https:\/\/brilune.eu\/lv\/product\/edamistabas-kresls-ar-greznu-polsterejumu\/#primaryimage\"},\"thumbnailUrl\":\"https:\/\/brilune.eu\/wp-content\/uploads\/2025\/01\/6-1.jpg\",\"datePublished\":\"2025-02-19T09:56:12+00:00\",\"dateModified\":\"2025-02-19T10:11:25+00:00\",\"description\":\"Uzlabojiet savas \u0113damistabas gaisotni ar grezni polster\u0113tu \u0113damistabas kr\u0113slu. T\u0101 elegantajam dizainam ir graciozi izliekumi, izsmalcin\u0101tas l\u012bnijas un greznas...\",\"breadcrumb\":{\"@id\":\"https:\/\/brilune.eu\/lv\/product\/edamistabas-kresls-ar-greznu-polsterejumu\/#breadcrumb\"},\"inLanguage\":\"lv-LV\",\"potentialAction\":[{\"@type\":\"ReadAction\",\"target\":[\"https:\/\/brilune.eu\/lv\/product\/edamistabas-kresls-ar-greznu-polsterejumu\/\"]}]},{\"@type\":\"ImageObject\",\"inLanguage\":\"lv-LV\",\"@id\":\"https:\/\/brilune.eu\/lv\/product\/edamistabas-kresls-ar-greznu-polsterejumu\/#primaryimage\",\"url\":\"https:\/\/brilune.eu\/wp-content\/uploads\/2025\/01\/6-1.jpg\",\"contentUrl\":\"https:\/\/brilune.eu\/wp-content\/uploads\/2025\/01\/6-1.jpg\",\"width\":800,\"height\":800},{\"@type\":\"BreadcrumbList\",\"@id\":\"https:\/\/brilune.eu\/lv\/product\/edamistabas-kresls-ar-greznu-polsterejumu\/#breadcrumb\",\"itemListElement\":[{\"@type\":\"ListItem\",\"position\":1,\"name\":\"S\u0101kums\",\"item\":\"https:\/\/brilune.eu\/lv\/brilune-mebeles\/\"},{\"@type\":\"ListItem\",\"position\":2,\"name\":\"Visi produkti\",\"item\":\"https:\/\/brilune.eu\/lv\/shop\/\"},{\"@type\":\"ListItem\",\"position\":3,\"name\":\"\u0112damistabas kr\u0113sls ar greznu polster\u0113jumu\"}]},{\"@type\":\"WebSite\",\"@id\":\"https:\/\/brilune.eu\/lv\/#website\",\"url\":\"https:\/\/brilune.eu\/lv\/\",\"name\":\"Brilune\",\"description\":\"M\u0113s pied\u0101v\u0101jam unik\u0101lus un nebiju\u0161us dizainus, kas apvieno eleganci, funkcionalit\u0101ti un rado\u0161umu.\",\"potentialAction\":[{\"@type\":\"SearchAction\",\"target\":{\"@type\":\"EntryPoint\",\"urlTemplate\":\"https:\/\/brilune.eu\/lv\/?s={search_term_string}\"},\"query-input\":{\"@type\":\"PropertyValueSpecification\",\"valueRequired\":true,\"valueName\":\"search_term_string\"}}],\"inLanguage\":\"lv-LV\"}]}<\/script>\n<!-- \/ Yoast SEO plugin. -->","yoast_head_json":{"title":"\u0112damistabas kr\u0113sls ar greznu polster\u0113jumu","description":"Uzlabojiet savas \u0113damistabas gaisotni ar grezni polster\u0113tu \u0113damistabas kr\u0113slu. T\u0101 elegantajam dizainam ir graciozi izliekumi, izsmalcin\u0101tas l\u012bnijas un greznas...","robots":{"index":"index","follow":"follow","max-snippet":"max-snippet:-1","max-image-preview":"max-image-preview:large","max-video-preview":"max-video-preview:-1"},"canonical":"https:\/\/brilune.eu\/lv\/product\/edamistabas-kresls-ar-greznu-polsterejumu\/","og_locale":"lv_LV","og_type":"article","og_title":"\u0112damistabas kr\u0113sls ar greznu polster\u0113jumu","og_description":"Uzlabojiet savas \u0113damistabas gaisotni ar grezni polster\u0113tu \u0113damistabas kr\u0113slu. T\u0101 elegantajam dizainam ir graciozi izliekumi, izsmalcin\u0101tas l\u012bnijas un greznas...","og_url":"https:\/\/brilune.eu\/lv\/product\/edamistabas-kresls-ar-greznu-polsterejumu\/","og_site_name":"Brilune","article_modified_time":"2025-02-19T10:11:25+00:00","og_image":[{"width":800,"height":800,"url":"https:\/\/brilune.eu\/wp-content\/uploads\/2025\/01\/6-1.jpg","type":"image\/jpeg"}],"twitter_card":"summary_large_image","schema":{"@context":"https:\/\/schema.org","@graph":[{"@type":"WebPage","@id":"https:\/\/brilune.eu\/lv\/product\/edamistabas-kresls-ar-greznu-polsterejumu\/","url":"https:\/\/brilune.eu\/lv\/product\/edamistabas-kresls-ar-greznu-polsterejumu\/","name":"\u0112damistabas kr\u0113sls ar greznu polster\u0113jumu","isPartOf":{"@id":"https:\/\/brilune.eu\/lv\/#website"},"primaryImageOfPage":{"@id":"https:\/\/brilune.eu\/lv\/product\/edamistabas-kresls-ar-greznu-polsterejumu\/#primaryimage"},"image":{"@id":"https:\/\/brilune.eu\/lv\/product\/edamistabas-kresls-ar-greznu-polsterejumu\/#primaryimage"},"thumbnailUrl":"https:\/\/brilune.eu\/wp-content\/uploads\/2025\/01\/6-1.jpg","datePublished":"2025-02-19T09:56:12+00:00","dateModified":"2025-02-19T10:11:25+00:00","description":"Uzlabojiet savas \u0113damistabas gaisotni ar grezni polster\u0113tu \u0113damistabas kr\u0113slu. T\u0101 elegantajam dizainam ir graciozi izliekumi, izsmalcin\u0101tas l\u012bnijas un greznas...","breadcrumb":{"@id":"https:\/\/brilune.eu\/lv\/product\/edamistabas-kresls-ar-greznu-polsterejumu\/#breadcrumb"},"inLanguage":"lv-LV","potentialAction":[{"@type":"ReadAction","target":["https:\/\/brilune.eu\/lv\/product\/edamistabas-kresls-ar-greznu-polsterejumu\/"]}]},{"@type":"ImageObject","inLanguage":"lv-LV","@id":"https:\/\/brilune.eu\/lv\/product\/edamistabas-kresls-ar-greznu-polsterejumu\/#primaryimage","url":"https:\/\/brilune.eu\/wp-content\/uploads\/2025\/01\/6-1.jpg","contentUrl":"https:\/\/brilune.eu\/wp-content\/uploads\/2025\/01\/6-1.jpg","width":800,"height":800},{"@type":"BreadcrumbList","@id":"https:\/\/brilune.eu\/lv\/product\/edamistabas-kresls-ar-greznu-polsterejumu\/#breadcrumb","itemListElement":[{"@type":"ListItem","position":1,"name":"S\u0101kums","item":"https:\/\/brilune.eu\/lv\/brilune-mebeles\/"},{"@type":"ListItem","position":2,"name":"Visi produkti","item":"https:\/\/brilune.eu\/lv\/shop\/"},{"@type":"ListItem","position":3,"name":"\u0112damistabas kr\u0113sls ar greznu polster\u0113jumu"}]},{"@type":"WebSite","@id":"https:\/\/brilune.eu\/lv\/#website","url":"https:\/\/brilune.eu\/lv\/","name":"Brilune","description":"M\u0113s pied\u0101v\u0101jam unik\u0101lus un nebiju\u0161us dizainus, kas apvieno eleganci, funkcionalit\u0101ti un rado\u0161umu.","potentialAction":[{"@type":"SearchAction","target":{"@type":"EntryPoint","urlTemplate":"https:\/\/brilune.eu\/lv\/?s={search_term_string}"},"query-input":{"@type":"PropertyValueSpecification","valueRequired":true,"valueName":"search_term_string"}}],"inLanguage":"lv-LV"}]}},"jetpack_sharing_enabled":true,"_links":{"self":[{"href":"https:\/\/brilune.eu\/lv\/wp-json\/wp\/v2\/product\/36618","targetHints":{"allow":["GET"]}}],"collection":[{"href":"https:\/\/brilune.eu\/lv\/wp-json\/wp\/v2\/product"}],"about":[{"href":"https:\/\/brilune.eu\/lv\/wp-json\/wp\/v2\/types\/product"}],"replies":[{"embeddable":true,"href":"https:\/\/brilune.eu\/lv\/wp-json\/wp\/v2\/comments?post=36618"}],"version-history":[{"count":1,"href":"https:\/\/brilune.eu\/lv\/wp-json\/wp\/v2\/product\/36618\/revisions"}],"predecessor-version":[{"id":36663,"href":"https:\/\/brilune.eu\/lv\/wp-json\/wp\/v2\/product\/36618\/revisions\/36663"}],"wp:featuredmedia":[{"embeddable":true,"href":"https:\/\/brilune.eu\/lv\/wp-json\/wp\/v2\/media\/3395"}],"wp:attachment":[{"href":"https:\/\/brilune.eu\/lv\/wp-json\/wp\/v2\/media?parent=36618"}],"wp:term":[{"taxonomy":"product_brand","embeddable":true,"href":"https:\/\/brilune.eu\/lv\/wp-json\/wp\/v2\/product_brand?post=36618"},{"taxonomy":"product_cat","embeddable":true,"href":"https:\/\/brilune.eu\/lv\/wp-json\/wp\/v2\/product_cat?post=36618"},{"taxonomy":"product_tag","embeddable":true,"href":"https:\/\/brilune.eu\/lv\/wp-json\/wp\/v2\/product_tag?post=36618"}],"curies":[{"name":"wp","href":"https:\/\/api.w.org\/{rel}","templated":true}]}}