{"id":36615,"date":"2025-02-19T11:56:11","date_gmt":"2025-02-19T09:56:11","guid":{"rendered":"https:\/\/brilune.eu\/?post_type=product&#038;p=36615"},"modified":"2025-02-19T12:11:22","modified_gmt":"2025-02-19T10:11:22","slug":"stiligs-edamistabas-kresls-2","status":"publish","type":"product","link":"https:\/\/brilune.eu\/lv\/product\/stiligs-edamistabas-kresls-2\/","title":{"rendered":"Stil\u012bgs \u0113damistabas kr\u0113sls"},"content":{"rendered":"<p>Ieg\u016bstiet maksim\u0101lu komfortu ar \u0161o \u0113damistabas kr\u0113slu. Tas ir izstr\u0101d\u0101ts prec\u012bzi un r\u016bp\u012bgi, un t\u0101 ergonomiskais dizains nodro\u0161ina optim\u0101lu muguras atbalstu, padarot katru \u0113dienreizi par greznu pieredzi. \u0160is kr\u0113sls aicina j\u016bs atp\u016bsties, uzlabojot malt\u012btes pieredzi neatkar\u012bgi no t\u0101, vai t\u0101s ir vakari\u0146as ar draugiem vai klusas \u0123imenes pusdienas.<br \/>\nIzm\u0113ri: 62\u00d761\u00d787 cm<br \/>\nMateri\u0101li: mikro\u0161\u0137iedras \u0101da, stikla \u0161\u0137iedra, porolona.<\/p>\n","protected":false},"excerpt":{"rendered":"<p>Ieg\u016bstiet maksim\u0101lu komfortu ar \u0161o \u0113damistabas kr\u0113slu. Izstr\u0101d\u0101ts prec\u012bzi un r\u016bp\u012bgi, t\u0101 ergonomiskais dizains nodro\u0161ina optim\u0101lu muguras atbalstu, padarot katru malt\u012bti par greznu&#8230;<\/p>\n","protected":false},"featured_media":3376,"comment_status":"open","ping_status":"closed","template":"","meta":[],"product_brand":[],"product_cat":[1517,5520],"product_tag":[],"class_list":{"0":"post-36615","1":"product","2":"type-product","3":"status-publish","4":"has-post-thumbnail","6":"product_cat-edamistabas-kresli-kresli-2","7":"product_cat-edamistabas-kresls-kresli-4","9":"first","10":"instock","11":"shipping-taxable","12":"purchasable","13":"product-type-simple"},"yoast_head":"<!-- This site is optimized with the Yoast SEO plugin v26.0 - https:\/\/yoast.com\/wordpress\/plugins\/seo\/ -->\n<title>Stil\u012bgs \u0113damistabas kr\u0113sls<\/title>\n<meta name=\"description\" content=\"Ieg\u016bstiet maksim\u0101lu komfortu ar \u0161o \u0113damistabas kr\u0113slu. Izstr\u0101d\u0101ts prec\u012bzi un r\u016bp\u012bgi, t\u0101 ergonomiskais dizains nodro\u0161ina optim\u0101lu muguras atbalstu, padarot katru malt\u012bti par greznu...\" \/>\n<meta name=\"robots\" content=\"index, follow, max-snippet:-1, max-image-preview:large, max-video-preview:-1\" \/>\n<link rel=\"canonical\" href=\"https:\/\/brilune.eu\/lv\/product\/stiligs-edamistabas-kresls-2\/\" \/>\n<meta property=\"og:locale\" content=\"lv_LV\" \/>\n<meta property=\"og:type\" content=\"article\" \/>\n<meta property=\"og:title\" content=\"Stil\u012bgs \u0113damistabas kr\u0113sls\" \/>\n<meta property=\"og:description\" content=\"Ieg\u016bstiet maksim\u0101lu komfortu ar \u0161o \u0113damistabas kr\u0113slu. Izstr\u0101d\u0101ts prec\u012bzi un r\u016bp\u012bgi, t\u0101 ergonomiskais dizains nodro\u0161ina optim\u0101lu muguras atbalstu, padarot katru malt\u012bti par greznu...\" \/>\n<meta property=\"og:url\" content=\"https:\/\/brilune.eu\/lv\/product\/stiligs-edamistabas-kresls-2\/\" \/>\n<meta property=\"og:site_name\" content=\"Brilune\" \/>\n<meta property=\"article:modified_time\" content=\"2025-02-19T10:11:22+00:00\" \/>\n<meta property=\"og:image\" content=\"https:\/\/brilune.eu\/wp-content\/uploads\/2025\/01\/7-scaled-1.jpg\" \/>\n\t<meta property=\"og:image:width\" content=\"2560\" \/>\n\t<meta property=\"og:image:height\" content=\"2560\" \/>\n\t<meta property=\"og:image:type\" content=\"image\/jpeg\" \/>\n<meta name=\"twitter:card\" content=\"summary_large_image\" \/>\n<script type=\"application\/ld+json\" class=\"yoast-schema-graph\">{\"@context\":\"https:\/\/schema.org\",\"@graph\":[{\"@type\":\"WebPage\",\"@id\":\"https:\/\/brilune.eu\/lv\/product\/stiligs-edamistabas-kresls-2\/\",\"url\":\"https:\/\/brilune.eu\/lv\/product\/stiligs-edamistabas-kresls-2\/\",\"name\":\"Stil\u012bgs \u0113damistabas kr\u0113sls\",\"isPartOf\":{\"@id\":\"https:\/\/brilune.eu\/lv\/#website\"},\"primaryImageOfPage\":{\"@id\":\"https:\/\/brilune.eu\/lv\/product\/stiligs-edamistabas-kresls-2\/#primaryimage\"},\"image\":{\"@id\":\"https:\/\/brilune.eu\/lv\/product\/stiligs-edamistabas-kresls-2\/#primaryimage\"},\"thumbnailUrl\":\"https:\/\/brilune.eu\/wp-content\/uploads\/2025\/01\/7-scaled-1.jpg\",\"datePublished\":\"2025-02-19T09:56:11+00:00\",\"dateModified\":\"2025-02-19T10:11:22+00:00\",\"description\":\"Ieg\u016bstiet maksim\u0101lu komfortu ar \u0161o \u0113damistabas kr\u0113slu. Izstr\u0101d\u0101ts prec\u012bzi un r\u016bp\u012bgi, t\u0101 ergonomiskais dizains nodro\u0161ina optim\u0101lu muguras atbalstu, padarot katru malt\u012bti par greznu...\",\"breadcrumb\":{\"@id\":\"https:\/\/brilune.eu\/lv\/product\/stiligs-edamistabas-kresls-2\/#breadcrumb\"},\"inLanguage\":\"lv-LV\",\"potentialAction\":[{\"@type\":\"ReadAction\",\"target\":[\"https:\/\/brilune.eu\/lv\/product\/stiligs-edamistabas-kresls-2\/\"]}]},{\"@type\":\"ImageObject\",\"inLanguage\":\"lv-LV\",\"@id\":\"https:\/\/brilune.eu\/lv\/product\/stiligs-edamistabas-kresls-2\/#primaryimage\",\"url\":\"https:\/\/brilune.eu\/wp-content\/uploads\/2025\/01\/7-scaled-1.jpg\",\"contentUrl\":\"https:\/\/brilune.eu\/wp-content\/uploads\/2025\/01\/7-scaled-1.jpg\",\"width\":2560,\"height\":2560},{\"@type\":\"BreadcrumbList\",\"@id\":\"https:\/\/brilune.eu\/lv\/product\/stiligs-edamistabas-kresls-2\/#breadcrumb\",\"itemListElement\":[{\"@type\":\"ListItem\",\"position\":1,\"name\":\"S\u0101kums\",\"item\":\"https:\/\/brilune.eu\/lv\/brilune-mebeles\/\"},{\"@type\":\"ListItem\",\"position\":2,\"name\":\"Visi produkti\",\"item\":\"https:\/\/brilune.eu\/lv\/shop\/\"},{\"@type\":\"ListItem\",\"position\":3,\"name\":\"Stil\u012bgs \u0113damistabas kr\u0113sls\"}]},{\"@type\":\"WebSite\",\"@id\":\"https:\/\/brilune.eu\/lv\/#website\",\"url\":\"https:\/\/brilune.eu\/lv\/\",\"name\":\"Brilune\",\"description\":\"M\u0113s pied\u0101v\u0101jam unik\u0101lus un nebiju\u0161us dizainus, kas apvieno eleganci, funkcionalit\u0101ti un rado\u0161umu.\",\"potentialAction\":[{\"@type\":\"SearchAction\",\"target\":{\"@type\":\"EntryPoint\",\"urlTemplate\":\"https:\/\/brilune.eu\/lv\/?s={search_term_string}\"},\"query-input\":{\"@type\":\"PropertyValueSpecification\",\"valueRequired\":true,\"valueName\":\"search_term_string\"}}],\"inLanguage\":\"lv-LV\"}]}<\/script>\n<!-- \/ Yoast SEO plugin. -->","yoast_head_json":{"title":"Stil\u012bgs \u0113damistabas kr\u0113sls","description":"Ieg\u016bstiet maksim\u0101lu komfortu ar \u0161o \u0113damistabas kr\u0113slu. Izstr\u0101d\u0101ts prec\u012bzi un r\u016bp\u012bgi, t\u0101 ergonomiskais dizains nodro\u0161ina optim\u0101lu muguras atbalstu, padarot katru malt\u012bti par greznu...","robots":{"index":"index","follow":"follow","max-snippet":"max-snippet:-1","max-image-preview":"max-image-preview:large","max-video-preview":"max-video-preview:-1"},"canonical":"https:\/\/brilune.eu\/lv\/product\/stiligs-edamistabas-kresls-2\/","og_locale":"lv_LV","og_type":"article","og_title":"Stil\u012bgs \u0113damistabas kr\u0113sls","og_description":"Ieg\u016bstiet maksim\u0101lu komfortu ar \u0161o \u0113damistabas kr\u0113slu. Izstr\u0101d\u0101ts prec\u012bzi un r\u016bp\u012bgi, t\u0101 ergonomiskais dizains nodro\u0161ina optim\u0101lu muguras atbalstu, padarot katru malt\u012bti par greznu...","og_url":"https:\/\/brilune.eu\/lv\/product\/stiligs-edamistabas-kresls-2\/","og_site_name":"Brilune","article_modified_time":"2025-02-19T10:11:22+00:00","og_image":[{"width":2560,"height":2560,"url":"https:\/\/brilune.eu\/wp-content\/uploads\/2025\/01\/7-scaled-1.jpg","type":"image\/jpeg"}],"twitter_card":"summary_large_image","schema":{"@context":"https:\/\/schema.org","@graph":[{"@type":"WebPage","@id":"https:\/\/brilune.eu\/lv\/product\/stiligs-edamistabas-kresls-2\/","url":"https:\/\/brilune.eu\/lv\/product\/stiligs-edamistabas-kresls-2\/","name":"Stil\u012bgs \u0113damistabas kr\u0113sls","isPartOf":{"@id":"https:\/\/brilune.eu\/lv\/#website"},"primaryImageOfPage":{"@id":"https:\/\/brilune.eu\/lv\/product\/stiligs-edamistabas-kresls-2\/#primaryimage"},"image":{"@id":"https:\/\/brilune.eu\/lv\/product\/stiligs-edamistabas-kresls-2\/#primaryimage"},"thumbnailUrl":"https:\/\/brilune.eu\/wp-content\/uploads\/2025\/01\/7-scaled-1.jpg","datePublished":"2025-02-19T09:56:11+00:00","dateModified":"2025-02-19T10:11:22+00:00","description":"Ieg\u016bstiet maksim\u0101lu komfortu ar \u0161o \u0113damistabas kr\u0113slu. Izstr\u0101d\u0101ts prec\u012bzi un r\u016bp\u012bgi, t\u0101 ergonomiskais dizains nodro\u0161ina optim\u0101lu muguras atbalstu, padarot katru malt\u012bti par greznu...","breadcrumb":{"@id":"https:\/\/brilune.eu\/lv\/product\/stiligs-edamistabas-kresls-2\/#breadcrumb"},"inLanguage":"lv-LV","potentialAction":[{"@type":"ReadAction","target":["https:\/\/brilune.eu\/lv\/product\/stiligs-edamistabas-kresls-2\/"]}]},{"@type":"ImageObject","inLanguage":"lv-LV","@id":"https:\/\/brilune.eu\/lv\/product\/stiligs-edamistabas-kresls-2\/#primaryimage","url":"https:\/\/brilune.eu\/wp-content\/uploads\/2025\/01\/7-scaled-1.jpg","contentUrl":"https:\/\/brilune.eu\/wp-content\/uploads\/2025\/01\/7-scaled-1.jpg","width":2560,"height":2560},{"@type":"BreadcrumbList","@id":"https:\/\/brilune.eu\/lv\/product\/stiligs-edamistabas-kresls-2\/#breadcrumb","itemListElement":[{"@type":"ListItem","position":1,"name":"S\u0101kums","item":"https:\/\/brilune.eu\/lv\/brilune-mebeles\/"},{"@type":"ListItem","position":2,"name":"Visi produkti","item":"https:\/\/brilune.eu\/lv\/shop\/"},{"@type":"ListItem","position":3,"name":"Stil\u012bgs \u0113damistabas kr\u0113sls"}]},{"@type":"WebSite","@id":"https:\/\/brilune.eu\/lv\/#website","url":"https:\/\/brilune.eu\/lv\/","name":"Brilune","description":"M\u0113s pied\u0101v\u0101jam unik\u0101lus un nebiju\u0161us dizainus, kas apvieno eleganci, funkcionalit\u0101ti un rado\u0161umu.","potentialAction":[{"@type":"SearchAction","target":{"@type":"EntryPoint","urlTemplate":"https:\/\/brilune.eu\/lv\/?s={search_term_string}"},"query-input":{"@type":"PropertyValueSpecification","valueRequired":true,"valueName":"search_term_string"}}],"inLanguage":"lv-LV"}]}},"jetpack_sharing_enabled":true,"_links":{"self":[{"href":"https:\/\/brilune.eu\/lv\/wp-json\/wp\/v2\/product\/36615","targetHints":{"allow":["GET"]}}],"collection":[{"href":"https:\/\/brilune.eu\/lv\/wp-json\/wp\/v2\/product"}],"about":[{"href":"https:\/\/brilune.eu\/lv\/wp-json\/wp\/v2\/types\/product"}],"replies":[{"embeddable":true,"href":"https:\/\/brilune.eu\/lv\/wp-json\/wp\/v2\/comments?post=36615"}],"version-history":[{"count":1,"href":"https:\/\/brilune.eu\/lv\/wp-json\/wp\/v2\/product\/36615\/revisions"}],"predecessor-version":[{"id":36660,"href":"https:\/\/brilune.eu\/lv\/wp-json\/wp\/v2\/product\/36615\/revisions\/36660"}],"wp:featuredmedia":[{"embeddable":true,"href":"https:\/\/brilune.eu\/lv\/wp-json\/wp\/v2\/media\/3376"}],"wp:attachment":[{"href":"https:\/\/brilune.eu\/lv\/wp-json\/wp\/v2\/media?parent=36615"}],"wp:term":[{"taxonomy":"product_brand","embeddable":true,"href":"https:\/\/brilune.eu\/lv\/wp-json\/wp\/v2\/product_brand?post=36615"},{"taxonomy":"product_cat","embeddable":true,"href":"https:\/\/brilune.eu\/lv\/wp-json\/wp\/v2\/product_cat?post=36615"},{"taxonomy":"product_tag","embeddable":true,"href":"https:\/\/brilune.eu\/lv\/wp-json\/wp\/v2\/product_tag?post=36615"}],"curies":[{"name":"wp","href":"https:\/\/api.w.org\/{rel}","templated":true}]}}