{"id":36612,"date":"2025-02-19T11:56:10","date_gmt":"2025-02-19T09:56:10","guid":{"rendered":"https:\/\/brilune.eu\/?post_type=product&#038;p=36612"},"modified":"2025-02-19T12:11:21","modified_gmt":"2025-02-19T10:11:21","slug":"augsts-samta-edamistabas-kresls","status":"publish","type":"product","link":"https:\/\/brilune.eu\/lv\/product\/augsts-samta-edamistabas-kresls\/","title":{"rendered":"Augsts samta \u0113damistabas kr\u0113sls"},"content":{"rendered":"<p>\u0160im augstajam samta \u0113damistabas kr\u0113slam ir augsta, graciozi izliekta atzveltne, kas nodro\u0161ina lielisku atbalstu \u0137erme\u0146a aug\u0161da\u013cai. Augst\u0101 atzveltnes dizains veicina pareizu st\u0101ju un pie\u0161\u0137ir j\u016bsu \u0113damistabas zonai kr\u0101\u0161\u0146umu.<br \/>\nM\u012bkstais s\u0113deklis ir apvilkts ar greznu za\u013cu samtu, radot greznu gaisotni. Iztur\u012bgais cietkoksnes r\u0101mis nodro\u0161ina iztur\u012bbu un stabilit\u0101ti.<br \/>\nIzm\u0113ri: 52\u00d750\u00d786 cm<br \/>\nMateri\u0101li: dab\u012bg\u0101 \u0101da, m\u0101ksl\u012bg\u0101 \u0101da, audums, samts, ka\u0161mirs.<\/p>\n","protected":false},"excerpt":{"rendered":"<p>\u0160im augstajam samta \u0113damistabas kr\u0113slam ir augsta, graciozi izliekta atzveltne, kas nodro\u0161ina lielisku atbalstu \u0137erme\u0146a aug\u0161da\u013cai. Augstas muguras dizains veicina pareizu st\u0101ju&#8230;<\/p>\n","protected":false},"featured_media":3360,"comment_status":"open","ping_status":"closed","template":"","meta":[],"product_brand":[],"product_cat":[1517,5520],"product_tag":[],"class_list":{"0":"post-36612","1":"product","2":"type-product","3":"status-publish","4":"has-post-thumbnail","6":"product_cat-edamistabas-kresli-kresli-2","7":"product_cat-edamistabas-kresls-kresli-4","9":"first","10":"instock","11":"shipping-taxable","12":"purchasable","13":"product-type-simple"},"yoast_head":"<!-- This site is optimized with the Yoast SEO plugin v26.0 - https:\/\/yoast.com\/wordpress\/plugins\/seo\/ -->\n<title>Augsts samta \u0113damistabas kr\u0113sls<\/title>\n<meta name=\"description\" content=\"\u0160im augstajam samta \u0113damistabas kr\u0113slam ir augsta, graciozi izliekta atzveltne, kas nodro\u0161ina lielisku atbalstu \u0137erme\u0146a aug\u0161da\u013cai. Augstas muguras dizains veicina pareizu st\u0101ju...\" \/>\n<meta name=\"robots\" content=\"index, follow, max-snippet:-1, max-image-preview:large, max-video-preview:-1\" \/>\n<link rel=\"canonical\" href=\"https:\/\/brilune.eu\/lv\/product\/augsts-samta-edamistabas-kresls\/\" \/>\n<meta property=\"og:locale\" content=\"lv_LV\" \/>\n<meta property=\"og:type\" content=\"article\" \/>\n<meta property=\"og:title\" content=\"Augsts samta \u0113damistabas kr\u0113sls\" \/>\n<meta property=\"og:description\" content=\"\u0160im augstajam samta \u0113damistabas kr\u0113slam ir augsta, graciozi izliekta atzveltne, kas nodro\u0161ina lielisku atbalstu \u0137erme\u0146a aug\u0161da\u013cai. Augstas muguras dizains veicina pareizu st\u0101ju...\" \/>\n<meta property=\"og:url\" content=\"https:\/\/brilune.eu\/lv\/product\/augsts-samta-edamistabas-kresls\/\" \/>\n<meta property=\"og:site_name\" content=\"Brilune\" \/>\n<meta property=\"article:modified_time\" content=\"2025-02-19T10:11:21+00:00\" \/>\n<meta property=\"og:image\" content=\"https:\/\/brilune.eu\/wp-content\/uploads\/2025\/01\/7-1.png\" \/>\n\t<meta property=\"og:image:width\" content=\"800\" \/>\n\t<meta property=\"og:image:height\" content=\"800\" \/>\n\t<meta property=\"og:image:type\" content=\"image\/png\" \/>\n<meta name=\"twitter:card\" content=\"summary_large_image\" \/>\n<script type=\"application\/ld+json\" class=\"yoast-schema-graph\">{\"@context\":\"https:\/\/schema.org\",\"@graph\":[{\"@type\":\"WebPage\",\"@id\":\"https:\/\/brilune.eu\/lv\/product\/augsts-samta-edamistabas-kresls\/\",\"url\":\"https:\/\/brilune.eu\/lv\/product\/augsts-samta-edamistabas-kresls\/\",\"name\":\"Augsts samta \u0113damistabas kr\u0113sls\",\"isPartOf\":{\"@id\":\"https:\/\/brilune.eu\/lv\/#website\"},\"primaryImageOfPage\":{\"@id\":\"https:\/\/brilune.eu\/lv\/product\/augsts-samta-edamistabas-kresls\/#primaryimage\"},\"image\":{\"@id\":\"https:\/\/brilune.eu\/lv\/product\/augsts-samta-edamistabas-kresls\/#primaryimage\"},\"thumbnailUrl\":\"https:\/\/brilune.eu\/wp-content\/uploads\/2025\/01\/7-1.png\",\"datePublished\":\"2025-02-19T09:56:10+00:00\",\"dateModified\":\"2025-02-19T10:11:21+00:00\",\"description\":\"\u0160im augstajam samta \u0113damistabas kr\u0113slam ir augsta, graciozi izliekta atzveltne, kas nodro\u0161ina lielisku atbalstu \u0137erme\u0146a aug\u0161da\u013cai. Augstas muguras dizains veicina pareizu st\u0101ju...\",\"breadcrumb\":{\"@id\":\"https:\/\/brilune.eu\/lv\/product\/augsts-samta-edamistabas-kresls\/#breadcrumb\"},\"inLanguage\":\"lv-LV\",\"potentialAction\":[{\"@type\":\"ReadAction\",\"target\":[\"https:\/\/brilune.eu\/lv\/product\/augsts-samta-edamistabas-kresls\/\"]}]},{\"@type\":\"ImageObject\",\"inLanguage\":\"lv-LV\",\"@id\":\"https:\/\/brilune.eu\/lv\/product\/augsts-samta-edamistabas-kresls\/#primaryimage\",\"url\":\"https:\/\/brilune.eu\/wp-content\/uploads\/2025\/01\/7-1.png\",\"contentUrl\":\"https:\/\/brilune.eu\/wp-content\/uploads\/2025\/01\/7-1.png\",\"width\":800,\"height\":800},{\"@type\":\"BreadcrumbList\",\"@id\":\"https:\/\/brilune.eu\/lv\/product\/augsts-samta-edamistabas-kresls\/#breadcrumb\",\"itemListElement\":[{\"@type\":\"ListItem\",\"position\":1,\"name\":\"S\u0101kums\",\"item\":\"https:\/\/brilune.eu\/lv\/brilune-mebeles\/\"},{\"@type\":\"ListItem\",\"position\":2,\"name\":\"Visi produkti\",\"item\":\"https:\/\/brilune.eu\/lv\/shop\/\"},{\"@type\":\"ListItem\",\"position\":3,\"name\":\"Augsts samta \u0113damistabas kr\u0113sls\"}]},{\"@type\":\"WebSite\",\"@id\":\"https:\/\/brilune.eu\/lv\/#website\",\"url\":\"https:\/\/brilune.eu\/lv\/\",\"name\":\"Brilune\",\"description\":\"M\u0113s pied\u0101v\u0101jam unik\u0101lus un nebiju\u0161us dizainus, kas apvieno eleganci, funkcionalit\u0101ti un rado\u0161umu.\",\"potentialAction\":[{\"@type\":\"SearchAction\",\"target\":{\"@type\":\"EntryPoint\",\"urlTemplate\":\"https:\/\/brilune.eu\/lv\/?s={search_term_string}\"},\"query-input\":{\"@type\":\"PropertyValueSpecification\",\"valueRequired\":true,\"valueName\":\"search_term_string\"}}],\"inLanguage\":\"lv-LV\"}]}<\/script>\n<!-- \/ Yoast SEO plugin. -->","yoast_head_json":{"title":"Augsts samta \u0113damistabas kr\u0113sls","description":"\u0160im augstajam samta \u0113damistabas kr\u0113slam ir augsta, graciozi izliekta atzveltne, kas nodro\u0161ina lielisku atbalstu \u0137erme\u0146a aug\u0161da\u013cai. Augstas muguras dizains veicina pareizu st\u0101ju...","robots":{"index":"index","follow":"follow","max-snippet":"max-snippet:-1","max-image-preview":"max-image-preview:large","max-video-preview":"max-video-preview:-1"},"canonical":"https:\/\/brilune.eu\/lv\/product\/augsts-samta-edamistabas-kresls\/","og_locale":"lv_LV","og_type":"article","og_title":"Augsts samta \u0113damistabas kr\u0113sls","og_description":"\u0160im augstajam samta \u0113damistabas kr\u0113slam ir augsta, graciozi izliekta atzveltne, kas nodro\u0161ina lielisku atbalstu \u0137erme\u0146a aug\u0161da\u013cai. Augstas muguras dizains veicina pareizu st\u0101ju...","og_url":"https:\/\/brilune.eu\/lv\/product\/augsts-samta-edamistabas-kresls\/","og_site_name":"Brilune","article_modified_time":"2025-02-19T10:11:21+00:00","og_image":[{"width":800,"height":800,"url":"https:\/\/brilune.eu\/wp-content\/uploads\/2025\/01\/7-1.png","type":"image\/png"}],"twitter_card":"summary_large_image","schema":{"@context":"https:\/\/schema.org","@graph":[{"@type":"WebPage","@id":"https:\/\/brilune.eu\/lv\/product\/augsts-samta-edamistabas-kresls\/","url":"https:\/\/brilune.eu\/lv\/product\/augsts-samta-edamistabas-kresls\/","name":"Augsts samta \u0113damistabas kr\u0113sls","isPartOf":{"@id":"https:\/\/brilune.eu\/lv\/#website"},"primaryImageOfPage":{"@id":"https:\/\/brilune.eu\/lv\/product\/augsts-samta-edamistabas-kresls\/#primaryimage"},"image":{"@id":"https:\/\/brilune.eu\/lv\/product\/augsts-samta-edamistabas-kresls\/#primaryimage"},"thumbnailUrl":"https:\/\/brilune.eu\/wp-content\/uploads\/2025\/01\/7-1.png","datePublished":"2025-02-19T09:56:10+00:00","dateModified":"2025-02-19T10:11:21+00:00","description":"\u0160im augstajam samta \u0113damistabas kr\u0113slam ir augsta, graciozi izliekta atzveltne, kas nodro\u0161ina lielisku atbalstu \u0137erme\u0146a aug\u0161da\u013cai. Augstas muguras dizains veicina pareizu st\u0101ju...","breadcrumb":{"@id":"https:\/\/brilune.eu\/lv\/product\/augsts-samta-edamistabas-kresls\/#breadcrumb"},"inLanguage":"lv-LV","potentialAction":[{"@type":"ReadAction","target":["https:\/\/brilune.eu\/lv\/product\/augsts-samta-edamistabas-kresls\/"]}]},{"@type":"ImageObject","inLanguage":"lv-LV","@id":"https:\/\/brilune.eu\/lv\/product\/augsts-samta-edamistabas-kresls\/#primaryimage","url":"https:\/\/brilune.eu\/wp-content\/uploads\/2025\/01\/7-1.png","contentUrl":"https:\/\/brilune.eu\/wp-content\/uploads\/2025\/01\/7-1.png","width":800,"height":800},{"@type":"BreadcrumbList","@id":"https:\/\/brilune.eu\/lv\/product\/augsts-samta-edamistabas-kresls\/#breadcrumb","itemListElement":[{"@type":"ListItem","position":1,"name":"S\u0101kums","item":"https:\/\/brilune.eu\/lv\/brilune-mebeles\/"},{"@type":"ListItem","position":2,"name":"Visi produkti","item":"https:\/\/brilune.eu\/lv\/shop\/"},{"@type":"ListItem","position":3,"name":"Augsts samta \u0113damistabas kr\u0113sls"}]},{"@type":"WebSite","@id":"https:\/\/brilune.eu\/lv\/#website","url":"https:\/\/brilune.eu\/lv\/","name":"Brilune","description":"M\u0113s pied\u0101v\u0101jam unik\u0101lus un nebiju\u0161us dizainus, kas apvieno eleganci, funkcionalit\u0101ti un rado\u0161umu.","potentialAction":[{"@type":"SearchAction","target":{"@type":"EntryPoint","urlTemplate":"https:\/\/brilune.eu\/lv\/?s={search_term_string}"},"query-input":{"@type":"PropertyValueSpecification","valueRequired":true,"valueName":"search_term_string"}}],"inLanguage":"lv-LV"}]}},"jetpack_sharing_enabled":true,"_links":{"self":[{"href":"https:\/\/brilune.eu\/lv\/wp-json\/wp\/v2\/product\/36612","targetHints":{"allow":["GET"]}}],"collection":[{"href":"https:\/\/brilune.eu\/lv\/wp-json\/wp\/v2\/product"}],"about":[{"href":"https:\/\/brilune.eu\/lv\/wp-json\/wp\/v2\/types\/product"}],"replies":[{"embeddable":true,"href":"https:\/\/brilune.eu\/lv\/wp-json\/wp\/v2\/comments?post=36612"}],"version-history":[{"count":1,"href":"https:\/\/brilune.eu\/lv\/wp-json\/wp\/v2\/product\/36612\/revisions"}],"predecessor-version":[{"id":36657,"href":"https:\/\/brilune.eu\/lv\/wp-json\/wp\/v2\/product\/36612\/revisions\/36657"}],"wp:featuredmedia":[{"embeddable":true,"href":"https:\/\/brilune.eu\/lv\/wp-json\/wp\/v2\/media\/3360"}],"wp:attachment":[{"href":"https:\/\/brilune.eu\/lv\/wp-json\/wp\/v2\/media?parent=36612"}],"wp:term":[{"taxonomy":"product_brand","embeddable":true,"href":"https:\/\/brilune.eu\/lv\/wp-json\/wp\/v2\/product_brand?post=36612"},{"taxonomy":"product_cat","embeddable":true,"href":"https:\/\/brilune.eu\/lv\/wp-json\/wp\/v2\/product_cat?post=36612"},{"taxonomy":"product_tag","embeddable":true,"href":"https:\/\/brilune.eu\/lv\/wp-json\/wp\/v2\/product_tag?post=36612"}],"curies":[{"name":"wp","href":"https:\/\/api.w.org\/{rel}","templated":true}]}}