{"id":36609,"date":"2025-02-19T11:56:10","date_gmt":"2025-02-19T09:56:10","guid":{"rendered":"https:\/\/brilune.eu\/?post_type=product&#038;p=36609"},"modified":"2025-02-19T12:11:20","modified_gmt":"2025-02-19T10:11:20","slug":"zala-samta-edamistabas-kresls","status":"publish","type":"product","link":"https:\/\/brilune.eu\/lv\/product\/zala-samta-edamistabas-kresls\/","title":{"rendered":"Za\u013ca samta \u0113damistabas kr\u0113sls"},"content":{"rendered":"<p>Za\u013c\u0161 samta \u0113damistabas kr\u0113sls ir stil\u012bgs un elegants variants j\u016bsu \u0113damistabai. Parasti tam ir iztur\u012bgs r\u0101mis, kas ap\u0161\u016bts ar greznu samta audumu. Za\u013c\u0101 kr\u0101sa pie\u0161\u0137ir telpai izsmalcin\u0101t\u012bbu un bag\u0101t\u012bbu, radot vizu\u0101li pievilc\u012bgu gaisotni.<\/p>\n<p>Samts ir paz\u012bstams ar savu maigo tekst\u016bru un komfortu, ilgsto\u0161i s\u0113\u017eot. Audumam ir sp\u012bdums, kas pie\u0161\u0137ir kr\u0113sla kop\u0113jam izskatam grezn\u012bbu. Za\u013c\u0101 un samta materi\u0101la kombin\u0101cija rada izskatu, kas uzlabo j\u016bsu \u0113damistabas est\u0113tiku.<\/p>\n<p>Izm\u0113ri: 50\u00d755\u00d780 cm<br \/>\nMateri\u0101li: dab\u012bg\u0101 \u0101da, m\u0101ksl\u012bg\u0101 \u0101da, audums, samts, ka\u0161mirs.<\/p>\n","protected":false},"excerpt":{"rendered":"<p>Za\u013c\u0161 samta \u0113damistabas kr\u0113sls ir stil\u012bgs un elegants variants j\u016bsu \u0113damistabai. Parasti tam ir iztur\u012bgs r\u0101mis, kas ap\u0161\u016bts ar greznu samta audumu. Co&#8230;<\/p>\n","protected":false},"featured_media":3344,"comment_status":"open","ping_status":"closed","template":"","meta":[],"product_brand":[],"product_cat":[1517,5520],"product_tag":[],"class_list":{"0":"post-36609","1":"product","2":"type-product","3":"status-publish","4":"has-post-thumbnail","6":"product_cat-edamistabas-kresli-kresli-2","7":"product_cat-edamistabas-kresls-kresli-4","9":"first","10":"instock","11":"shipping-taxable","12":"purchasable","13":"product-type-simple"},"yoast_head":"<!-- This site is optimized with the Yoast SEO plugin v26.0 - https:\/\/yoast.com\/wordpress\/plugins\/seo\/ -->\n<title>Za\u013ca samta \u0113damistabas kr\u0113sls<\/title>\n<meta name=\"description\" content=\"Za\u013c\u0161 samta \u0113damistabas kr\u0113sls ir stil\u012bgs un elegants variants j\u016bsu \u0113damistabai. Parasti tam ir iztur\u012bgs r\u0101mis, kas ap\u0161\u016bts ar greznu samta audumu. Co...\" \/>\n<meta name=\"robots\" content=\"index, follow, max-snippet:-1, max-image-preview:large, max-video-preview:-1\" \/>\n<link rel=\"canonical\" href=\"https:\/\/brilune.eu\/lv\/product\/zala-samta-edamistabas-kresls\/\" \/>\n<meta property=\"og:locale\" content=\"lv_LV\" \/>\n<meta property=\"og:type\" content=\"article\" \/>\n<meta property=\"og:title\" content=\"Za\u013ca samta \u0113damistabas kr\u0113sls\" \/>\n<meta property=\"og:description\" content=\"Za\u013c\u0161 samta \u0113damistabas kr\u0113sls ir stil\u012bgs un elegants variants j\u016bsu \u0113damistabai. Parasti tam ir iztur\u012bgs r\u0101mis, kas ap\u0161\u016bts ar greznu samta audumu. Co...\" \/>\n<meta property=\"og:url\" content=\"https:\/\/brilune.eu\/lv\/product\/zala-samta-edamistabas-kresls\/\" \/>\n<meta property=\"og:site_name\" content=\"Brilune\" \/>\n<meta property=\"article:modified_time\" content=\"2025-02-19T10:11:20+00:00\" \/>\n<meta property=\"og:image\" content=\"https:\/\/brilune.eu\/wp-content\/uploads\/2025\/01\/23-1.jpg\" \/>\n\t<meta property=\"og:image:width\" content=\"800\" \/>\n\t<meta property=\"og:image:height\" content=\"800\" \/>\n\t<meta property=\"og:image:type\" content=\"image\/jpeg\" \/>\n<meta name=\"twitter:card\" content=\"summary_large_image\" \/>\n<meta name=\"twitter:label1\" content=\"Est. reading time\" \/>\n\t<meta name=\"twitter:data1\" content=\"1 minute\" \/>\n<script type=\"application\/ld+json\" class=\"yoast-schema-graph\">{\"@context\":\"https:\/\/schema.org\",\"@graph\":[{\"@type\":\"WebPage\",\"@id\":\"https:\/\/brilune.eu\/lv\/product\/zala-samta-edamistabas-kresls\/\",\"url\":\"https:\/\/brilune.eu\/lv\/product\/zala-samta-edamistabas-kresls\/\",\"name\":\"Za\u013ca samta \u0113damistabas kr\u0113sls\",\"isPartOf\":{\"@id\":\"https:\/\/brilune.eu\/lv\/#website\"},\"primaryImageOfPage\":{\"@id\":\"https:\/\/brilune.eu\/lv\/product\/zala-samta-edamistabas-kresls\/#primaryimage\"},\"image\":{\"@id\":\"https:\/\/brilune.eu\/lv\/product\/zala-samta-edamistabas-kresls\/#primaryimage\"},\"thumbnailUrl\":\"https:\/\/brilune.eu\/wp-content\/uploads\/2025\/01\/23-1.jpg\",\"datePublished\":\"2025-02-19T09:56:10+00:00\",\"dateModified\":\"2025-02-19T10:11:20+00:00\",\"description\":\"Za\u013c\u0161 samta \u0113damistabas kr\u0113sls ir stil\u012bgs un elegants variants j\u016bsu \u0113damistabai. Parasti tam ir iztur\u012bgs r\u0101mis, kas ap\u0161\u016bts ar greznu samta audumu. Co...\",\"breadcrumb\":{\"@id\":\"https:\/\/brilune.eu\/lv\/product\/zala-samta-edamistabas-kresls\/#breadcrumb\"},\"inLanguage\":\"lv-LV\",\"potentialAction\":[{\"@type\":\"ReadAction\",\"target\":[\"https:\/\/brilune.eu\/lv\/product\/zala-samta-edamistabas-kresls\/\"]}]},{\"@type\":\"ImageObject\",\"inLanguage\":\"lv-LV\",\"@id\":\"https:\/\/brilune.eu\/lv\/product\/zala-samta-edamistabas-kresls\/#primaryimage\",\"url\":\"https:\/\/brilune.eu\/wp-content\/uploads\/2025\/01\/23-1.jpg\",\"contentUrl\":\"https:\/\/brilune.eu\/wp-content\/uploads\/2025\/01\/23-1.jpg\",\"width\":800,\"height\":800},{\"@type\":\"BreadcrumbList\",\"@id\":\"https:\/\/brilune.eu\/lv\/product\/zala-samta-edamistabas-kresls\/#breadcrumb\",\"itemListElement\":[{\"@type\":\"ListItem\",\"position\":1,\"name\":\"S\u0101kums\",\"item\":\"https:\/\/brilune.eu\/lv\/brilune-mebeles\/\"},{\"@type\":\"ListItem\",\"position\":2,\"name\":\"Visi produkti\",\"item\":\"https:\/\/brilune.eu\/lv\/shop\/\"},{\"@type\":\"ListItem\",\"position\":3,\"name\":\"Za\u013ca samta \u0113damistabas kr\u0113sls\"}]},{\"@type\":\"WebSite\",\"@id\":\"https:\/\/brilune.eu\/lv\/#website\",\"url\":\"https:\/\/brilune.eu\/lv\/\",\"name\":\"Brilune\",\"description\":\"M\u0113s pied\u0101v\u0101jam unik\u0101lus un nebiju\u0161us dizainus, kas apvieno eleganci, funkcionalit\u0101ti un rado\u0161umu.\",\"potentialAction\":[{\"@type\":\"SearchAction\",\"target\":{\"@type\":\"EntryPoint\",\"urlTemplate\":\"https:\/\/brilune.eu\/lv\/?s={search_term_string}\"},\"query-input\":{\"@type\":\"PropertyValueSpecification\",\"valueRequired\":true,\"valueName\":\"search_term_string\"}}],\"inLanguage\":\"lv-LV\"}]}<\/script>\n<!-- \/ Yoast SEO plugin. -->","yoast_head_json":{"title":"Za\u013ca samta \u0113damistabas kr\u0113sls","description":"Za\u013c\u0161 samta \u0113damistabas kr\u0113sls ir stil\u012bgs un elegants variants j\u016bsu \u0113damistabai. Parasti tam ir iztur\u012bgs r\u0101mis, kas ap\u0161\u016bts ar greznu samta audumu. Co...","robots":{"index":"index","follow":"follow","max-snippet":"max-snippet:-1","max-image-preview":"max-image-preview:large","max-video-preview":"max-video-preview:-1"},"canonical":"https:\/\/brilune.eu\/lv\/product\/zala-samta-edamistabas-kresls\/","og_locale":"lv_LV","og_type":"article","og_title":"Za\u013ca samta \u0113damistabas kr\u0113sls","og_description":"Za\u013c\u0161 samta \u0113damistabas kr\u0113sls ir stil\u012bgs un elegants variants j\u016bsu \u0113damistabai. Parasti tam ir iztur\u012bgs r\u0101mis, kas ap\u0161\u016bts ar greznu samta audumu. Co...","og_url":"https:\/\/brilune.eu\/lv\/product\/zala-samta-edamistabas-kresls\/","og_site_name":"Brilune","article_modified_time":"2025-02-19T10:11:20+00:00","og_image":[{"width":800,"height":800,"url":"https:\/\/brilune.eu\/wp-content\/uploads\/2025\/01\/23-1.jpg","type":"image\/jpeg"}],"twitter_card":"summary_large_image","twitter_misc":{"Est. reading time":"1 minute"},"schema":{"@context":"https:\/\/schema.org","@graph":[{"@type":"WebPage","@id":"https:\/\/brilune.eu\/lv\/product\/zala-samta-edamistabas-kresls\/","url":"https:\/\/brilune.eu\/lv\/product\/zala-samta-edamistabas-kresls\/","name":"Za\u013ca samta \u0113damistabas kr\u0113sls","isPartOf":{"@id":"https:\/\/brilune.eu\/lv\/#website"},"primaryImageOfPage":{"@id":"https:\/\/brilune.eu\/lv\/product\/zala-samta-edamistabas-kresls\/#primaryimage"},"image":{"@id":"https:\/\/brilune.eu\/lv\/product\/zala-samta-edamistabas-kresls\/#primaryimage"},"thumbnailUrl":"https:\/\/brilune.eu\/wp-content\/uploads\/2025\/01\/23-1.jpg","datePublished":"2025-02-19T09:56:10+00:00","dateModified":"2025-02-19T10:11:20+00:00","description":"Za\u013c\u0161 samta \u0113damistabas kr\u0113sls ir stil\u012bgs un elegants variants j\u016bsu \u0113damistabai. Parasti tam ir iztur\u012bgs r\u0101mis, kas ap\u0161\u016bts ar greznu samta audumu. Co...","breadcrumb":{"@id":"https:\/\/brilune.eu\/lv\/product\/zala-samta-edamistabas-kresls\/#breadcrumb"},"inLanguage":"lv-LV","potentialAction":[{"@type":"ReadAction","target":["https:\/\/brilune.eu\/lv\/product\/zala-samta-edamistabas-kresls\/"]}]},{"@type":"ImageObject","inLanguage":"lv-LV","@id":"https:\/\/brilune.eu\/lv\/product\/zala-samta-edamistabas-kresls\/#primaryimage","url":"https:\/\/brilune.eu\/wp-content\/uploads\/2025\/01\/23-1.jpg","contentUrl":"https:\/\/brilune.eu\/wp-content\/uploads\/2025\/01\/23-1.jpg","width":800,"height":800},{"@type":"BreadcrumbList","@id":"https:\/\/brilune.eu\/lv\/product\/zala-samta-edamistabas-kresls\/#breadcrumb","itemListElement":[{"@type":"ListItem","position":1,"name":"S\u0101kums","item":"https:\/\/brilune.eu\/lv\/brilune-mebeles\/"},{"@type":"ListItem","position":2,"name":"Visi produkti","item":"https:\/\/brilune.eu\/lv\/shop\/"},{"@type":"ListItem","position":3,"name":"Za\u013ca samta \u0113damistabas kr\u0113sls"}]},{"@type":"WebSite","@id":"https:\/\/brilune.eu\/lv\/#website","url":"https:\/\/brilune.eu\/lv\/","name":"Brilune","description":"M\u0113s pied\u0101v\u0101jam unik\u0101lus un nebiju\u0161us dizainus, kas apvieno eleganci, funkcionalit\u0101ti un rado\u0161umu.","potentialAction":[{"@type":"SearchAction","target":{"@type":"EntryPoint","urlTemplate":"https:\/\/brilune.eu\/lv\/?s={search_term_string}"},"query-input":{"@type":"PropertyValueSpecification","valueRequired":true,"valueName":"search_term_string"}}],"inLanguage":"lv-LV"}]}},"jetpack_sharing_enabled":true,"_links":{"self":[{"href":"https:\/\/brilune.eu\/lv\/wp-json\/wp\/v2\/product\/36609","targetHints":{"allow":["GET"]}}],"collection":[{"href":"https:\/\/brilune.eu\/lv\/wp-json\/wp\/v2\/product"}],"about":[{"href":"https:\/\/brilune.eu\/lv\/wp-json\/wp\/v2\/types\/product"}],"replies":[{"embeddable":true,"href":"https:\/\/brilune.eu\/lv\/wp-json\/wp\/v2\/comments?post=36609"}],"version-history":[{"count":1,"href":"https:\/\/brilune.eu\/lv\/wp-json\/wp\/v2\/product\/36609\/revisions"}],"predecessor-version":[{"id":36654,"href":"https:\/\/brilune.eu\/lv\/wp-json\/wp\/v2\/product\/36609\/revisions\/36654"}],"wp:featuredmedia":[{"embeddable":true,"href":"https:\/\/brilune.eu\/lv\/wp-json\/wp\/v2\/media\/3344"}],"wp:attachment":[{"href":"https:\/\/brilune.eu\/lv\/wp-json\/wp\/v2\/media?parent=36609"}],"wp:term":[{"taxonomy":"product_brand","embeddable":true,"href":"https:\/\/brilune.eu\/lv\/wp-json\/wp\/v2\/product_brand?post=36609"},{"taxonomy":"product_cat","embeddable":true,"href":"https:\/\/brilune.eu\/lv\/wp-json\/wp\/v2\/product_cat?post=36609"},{"taxonomy":"product_tag","embeddable":true,"href":"https:\/\/brilune.eu\/lv\/wp-json\/wp\/v2\/product_tag?post=36609"}],"curies":[{"name":"wp","href":"https:\/\/api.w.org\/{rel}","templated":true}]}}