{"id":36606,"date":"2025-02-19T11:56:09","date_gmt":"2025-02-19T09:56:09","guid":{"rendered":"https:\/\/brilune.eu\/?post_type=product&#038;p=36606"},"modified":"2025-02-19T12:11:18","modified_gmt":"2025-02-19T10:11:18","slug":"edamistabas-kresls-ar-zelta-metala-rami","status":"publish","type":"product","link":"https:\/\/brilune.eu\/lv\/product\/edamistabas-kresls-ar-zelta-metala-rami\/","title":{"rendered":"\u0112damistabas kr\u0113sls ar zelta met\u0101la r\u0101mi"},"content":{"rendered":"<p>Kr\u0113sli ar zelta met\u0101la r\u0101mi var pie\u0161\u0137irt eleganci un izsmalcin\u0101t\u012bbu jebkurai \u0113damistabas zonai. Zelta p\u0101rkl\u0101jums rada greznu un uzkr\u012bto\u0161u izskatu, kas harmoniz\u0113jas ar da\u017e\u0101diem interjera stiliem.<br \/>\nIzm\u0113ri: 58\u00d772\u00d775 cm<br \/>\nMateri\u0101li: met\u0101la r\u0101mis, \u0101da, audums, augsta bl\u012bvuma putas, ner\u016bs\u0113jo\u0161ais t\u0113rauds.<\/p>\n","protected":false},"excerpt":{"rendered":"<p>Kr\u0113sli ar zelta met\u0101la r\u0101mi var pie\u0161\u0137irt eleganci un izsmalcin\u0101t\u012bbu jebkurai \u0113damistabas zonai. Zelta p\u0101rkl\u0101jums rada greznu un uzkr\u012bto\u0161u izskatu, kas harmoniz\u0113&#8230;<\/p>\n","protected":false},"featured_media":5183,"comment_status":"open","ping_status":"closed","template":"","meta":[],"product_brand":[],"product_cat":[1517,5520],"product_tag":[],"class_list":{"0":"post-36606","1":"product","2":"type-product","3":"status-publish","4":"has-post-thumbnail","6":"product_cat-edamistabas-kresli-kresli-2","7":"product_cat-edamistabas-kresls-kresli-4","9":"first","10":"instock","11":"shipping-taxable","12":"purchasable","13":"product-type-simple"},"yoast_head":"<!-- This site is optimized with the Yoast SEO plugin v26.0 - https:\/\/yoast.com\/wordpress\/plugins\/seo\/ -->\n<title>\u0112damistabas kr\u0113sls ar zelta met\u0101la r\u0101mi<\/title>\n<meta name=\"description\" content=\"Kr\u0113sli ar zelta met\u0101la r\u0101mi var pie\u0161\u0137irt eleganci un izsmalcin\u0101t\u012bbu jebkurai \u0113damistabas zonai. Zelta p\u0101rkl\u0101jums rada greznu un uzkr\u012bto\u0161u izskatu, kas harmoniz\u0113...\" \/>\n<meta name=\"robots\" content=\"index, follow, max-snippet:-1, max-image-preview:large, max-video-preview:-1\" \/>\n<link rel=\"canonical\" href=\"https:\/\/brilune.eu\/lv\/product\/edamistabas-kresls-ar-zelta-metala-rami\/\" \/>\n<meta property=\"og:locale\" content=\"lv_LV\" \/>\n<meta property=\"og:type\" content=\"article\" \/>\n<meta property=\"og:title\" content=\"\u0112damistabas kr\u0113sls ar zelta met\u0101la r\u0101mi\" \/>\n<meta property=\"og:description\" content=\"Kr\u0113sli ar zelta met\u0101la r\u0101mi var pie\u0161\u0137irt eleganci un izsmalcin\u0101t\u012bbu jebkurai \u0113damistabas zonai. Zelta p\u0101rkl\u0101jums rada greznu un uzkr\u012bto\u0161u izskatu, kas harmoniz\u0113...\" \/>\n<meta property=\"og:url\" content=\"https:\/\/brilune.eu\/lv\/product\/edamistabas-kresls-ar-zelta-metala-rami\/\" \/>\n<meta property=\"og:site_name\" content=\"Brilune\" \/>\n<meta property=\"article:modified_time\" content=\"2025-02-19T10:11:18+00:00\" \/>\n<meta property=\"og:image\" content=\"https:\/\/brilune.eu\/wp-content\/uploads\/2025\/01\/5-29.jpg\" \/>\n\t<meta property=\"og:image:width\" content=\"800\" \/>\n\t<meta property=\"og:image:height\" content=\"800\" \/>\n\t<meta property=\"og:image:type\" content=\"image\/jpeg\" \/>\n<meta name=\"twitter:card\" content=\"summary_large_image\" \/>\n<script type=\"application\/ld+json\" class=\"yoast-schema-graph\">{\"@context\":\"https:\/\/schema.org\",\"@graph\":[{\"@type\":\"WebPage\",\"@id\":\"https:\/\/brilune.eu\/lv\/product\/edamistabas-kresls-ar-zelta-metala-rami\/\",\"url\":\"https:\/\/brilune.eu\/lv\/product\/edamistabas-kresls-ar-zelta-metala-rami\/\",\"name\":\"\u0112damistabas kr\u0113sls ar zelta met\u0101la r\u0101mi\",\"isPartOf\":{\"@id\":\"https:\/\/brilune.eu\/lv\/#website\"},\"primaryImageOfPage\":{\"@id\":\"https:\/\/brilune.eu\/lv\/product\/edamistabas-kresls-ar-zelta-metala-rami\/#primaryimage\"},\"image\":{\"@id\":\"https:\/\/brilune.eu\/lv\/product\/edamistabas-kresls-ar-zelta-metala-rami\/#primaryimage\"},\"thumbnailUrl\":\"https:\/\/brilune.eu\/wp-content\/uploads\/2025\/01\/5-29.jpg\",\"datePublished\":\"2025-02-19T09:56:09+00:00\",\"dateModified\":\"2025-02-19T10:11:18+00:00\",\"description\":\"Kr\u0113sli ar zelta met\u0101la r\u0101mi var pie\u0161\u0137irt eleganci un izsmalcin\u0101t\u012bbu jebkurai \u0113damistabas zonai. Zelta p\u0101rkl\u0101jums rada greznu un uzkr\u012bto\u0161u izskatu, kas harmoniz\u0113...\",\"breadcrumb\":{\"@id\":\"https:\/\/brilune.eu\/lv\/product\/edamistabas-kresls-ar-zelta-metala-rami\/#breadcrumb\"},\"inLanguage\":\"lv-LV\",\"potentialAction\":[{\"@type\":\"ReadAction\",\"target\":[\"https:\/\/brilune.eu\/lv\/product\/edamistabas-kresls-ar-zelta-metala-rami\/\"]}]},{\"@type\":\"ImageObject\",\"inLanguage\":\"lv-LV\",\"@id\":\"https:\/\/brilune.eu\/lv\/product\/edamistabas-kresls-ar-zelta-metala-rami\/#primaryimage\",\"url\":\"https:\/\/brilune.eu\/wp-content\/uploads\/2025\/01\/5-29.jpg\",\"contentUrl\":\"https:\/\/brilune.eu\/wp-content\/uploads\/2025\/01\/5-29.jpg\",\"width\":800,\"height\":800},{\"@type\":\"BreadcrumbList\",\"@id\":\"https:\/\/brilune.eu\/lv\/product\/edamistabas-kresls-ar-zelta-metala-rami\/#breadcrumb\",\"itemListElement\":[{\"@type\":\"ListItem\",\"position\":1,\"name\":\"S\u0101kums\",\"item\":\"https:\/\/brilune.eu\/lv\/brilune-mebeles\/\"},{\"@type\":\"ListItem\",\"position\":2,\"name\":\"Visi produkti\",\"item\":\"https:\/\/brilune.eu\/lv\/shop\/\"},{\"@type\":\"ListItem\",\"position\":3,\"name\":\"\u0112damistabas kr\u0113sls ar zelta met\u0101la r\u0101mi\"}]},{\"@type\":\"WebSite\",\"@id\":\"https:\/\/brilune.eu\/lv\/#website\",\"url\":\"https:\/\/brilune.eu\/lv\/\",\"name\":\"Brilune\",\"description\":\"M\u0113s pied\u0101v\u0101jam unik\u0101lus un nebiju\u0161us dizainus, kas apvieno eleganci, funkcionalit\u0101ti un rado\u0161umu.\",\"potentialAction\":[{\"@type\":\"SearchAction\",\"target\":{\"@type\":\"EntryPoint\",\"urlTemplate\":\"https:\/\/brilune.eu\/lv\/?s={search_term_string}\"},\"query-input\":{\"@type\":\"PropertyValueSpecification\",\"valueRequired\":true,\"valueName\":\"search_term_string\"}}],\"inLanguage\":\"lv-LV\"}]}<\/script>\n<!-- \/ Yoast SEO plugin. -->","yoast_head_json":{"title":"\u0112damistabas kr\u0113sls ar zelta met\u0101la r\u0101mi","description":"Kr\u0113sli ar zelta met\u0101la r\u0101mi var pie\u0161\u0137irt eleganci un izsmalcin\u0101t\u012bbu jebkurai \u0113damistabas zonai. Zelta p\u0101rkl\u0101jums rada greznu un uzkr\u012bto\u0161u izskatu, kas harmoniz\u0113...","robots":{"index":"index","follow":"follow","max-snippet":"max-snippet:-1","max-image-preview":"max-image-preview:large","max-video-preview":"max-video-preview:-1"},"canonical":"https:\/\/brilune.eu\/lv\/product\/edamistabas-kresls-ar-zelta-metala-rami\/","og_locale":"lv_LV","og_type":"article","og_title":"\u0112damistabas kr\u0113sls ar zelta met\u0101la r\u0101mi","og_description":"Kr\u0113sli ar zelta met\u0101la r\u0101mi var pie\u0161\u0137irt eleganci un izsmalcin\u0101t\u012bbu jebkurai \u0113damistabas zonai. Zelta p\u0101rkl\u0101jums rada greznu un uzkr\u012bto\u0161u izskatu, kas harmoniz\u0113...","og_url":"https:\/\/brilune.eu\/lv\/product\/edamistabas-kresls-ar-zelta-metala-rami\/","og_site_name":"Brilune","article_modified_time":"2025-02-19T10:11:18+00:00","og_image":[{"width":800,"height":800,"url":"https:\/\/brilune.eu\/wp-content\/uploads\/2025\/01\/5-29.jpg","type":"image\/jpeg"}],"twitter_card":"summary_large_image","schema":{"@context":"https:\/\/schema.org","@graph":[{"@type":"WebPage","@id":"https:\/\/brilune.eu\/lv\/product\/edamistabas-kresls-ar-zelta-metala-rami\/","url":"https:\/\/brilune.eu\/lv\/product\/edamistabas-kresls-ar-zelta-metala-rami\/","name":"\u0112damistabas kr\u0113sls ar zelta met\u0101la r\u0101mi","isPartOf":{"@id":"https:\/\/brilune.eu\/lv\/#website"},"primaryImageOfPage":{"@id":"https:\/\/brilune.eu\/lv\/product\/edamistabas-kresls-ar-zelta-metala-rami\/#primaryimage"},"image":{"@id":"https:\/\/brilune.eu\/lv\/product\/edamistabas-kresls-ar-zelta-metala-rami\/#primaryimage"},"thumbnailUrl":"https:\/\/brilune.eu\/wp-content\/uploads\/2025\/01\/5-29.jpg","datePublished":"2025-02-19T09:56:09+00:00","dateModified":"2025-02-19T10:11:18+00:00","description":"Kr\u0113sli ar zelta met\u0101la r\u0101mi var pie\u0161\u0137irt eleganci un izsmalcin\u0101t\u012bbu jebkurai \u0113damistabas zonai. Zelta p\u0101rkl\u0101jums rada greznu un uzkr\u012bto\u0161u izskatu, kas harmoniz\u0113...","breadcrumb":{"@id":"https:\/\/brilune.eu\/lv\/product\/edamistabas-kresls-ar-zelta-metala-rami\/#breadcrumb"},"inLanguage":"lv-LV","potentialAction":[{"@type":"ReadAction","target":["https:\/\/brilune.eu\/lv\/product\/edamistabas-kresls-ar-zelta-metala-rami\/"]}]},{"@type":"ImageObject","inLanguage":"lv-LV","@id":"https:\/\/brilune.eu\/lv\/product\/edamistabas-kresls-ar-zelta-metala-rami\/#primaryimage","url":"https:\/\/brilune.eu\/wp-content\/uploads\/2025\/01\/5-29.jpg","contentUrl":"https:\/\/brilune.eu\/wp-content\/uploads\/2025\/01\/5-29.jpg","width":800,"height":800},{"@type":"BreadcrumbList","@id":"https:\/\/brilune.eu\/lv\/product\/edamistabas-kresls-ar-zelta-metala-rami\/#breadcrumb","itemListElement":[{"@type":"ListItem","position":1,"name":"S\u0101kums","item":"https:\/\/brilune.eu\/lv\/brilune-mebeles\/"},{"@type":"ListItem","position":2,"name":"Visi produkti","item":"https:\/\/brilune.eu\/lv\/shop\/"},{"@type":"ListItem","position":3,"name":"\u0112damistabas kr\u0113sls ar zelta met\u0101la r\u0101mi"}]},{"@type":"WebSite","@id":"https:\/\/brilune.eu\/lv\/#website","url":"https:\/\/brilune.eu\/lv\/","name":"Brilune","description":"M\u0113s pied\u0101v\u0101jam unik\u0101lus un nebiju\u0161us dizainus, kas apvieno eleganci, funkcionalit\u0101ti un rado\u0161umu.","potentialAction":[{"@type":"SearchAction","target":{"@type":"EntryPoint","urlTemplate":"https:\/\/brilune.eu\/lv\/?s={search_term_string}"},"query-input":{"@type":"PropertyValueSpecification","valueRequired":true,"valueName":"search_term_string"}}],"inLanguage":"lv-LV"}]}},"jetpack_sharing_enabled":true,"_links":{"self":[{"href":"https:\/\/brilune.eu\/lv\/wp-json\/wp\/v2\/product\/36606","targetHints":{"allow":["GET"]}}],"collection":[{"href":"https:\/\/brilune.eu\/lv\/wp-json\/wp\/v2\/product"}],"about":[{"href":"https:\/\/brilune.eu\/lv\/wp-json\/wp\/v2\/types\/product"}],"replies":[{"embeddable":true,"href":"https:\/\/brilune.eu\/lv\/wp-json\/wp\/v2\/comments?post=36606"}],"version-history":[{"count":1,"href":"https:\/\/brilune.eu\/lv\/wp-json\/wp\/v2\/product\/36606\/revisions"}],"predecessor-version":[{"id":36651,"href":"https:\/\/brilune.eu\/lv\/wp-json\/wp\/v2\/product\/36606\/revisions\/36651"}],"wp:featuredmedia":[{"embeddable":true,"href":"https:\/\/brilune.eu\/lv\/wp-json\/wp\/v2\/media\/5183"}],"wp:attachment":[{"href":"https:\/\/brilune.eu\/lv\/wp-json\/wp\/v2\/media?parent=36606"}],"wp:term":[{"taxonomy":"product_brand","embeddable":true,"href":"https:\/\/brilune.eu\/lv\/wp-json\/wp\/v2\/product_brand?post=36606"},{"taxonomy":"product_cat","embeddable":true,"href":"https:\/\/brilune.eu\/lv\/wp-json\/wp\/v2\/product_cat?post=36606"},{"taxonomy":"product_tag","embeddable":true,"href":"https:\/\/brilune.eu\/lv\/wp-json\/wp\/v2\/product_tag?post=36606"}],"curies":[{"name":"wp","href":"https:\/\/api.w.org\/{rel}","templated":true}]}}