{"id":36546,"date":"2025-02-19T11:55:19","date_gmt":"2025-02-19T09:55:19","guid":{"rendered":"https:\/\/brilune.eu\/?post_type=product&#038;p=36546"},"modified":"2025-02-19T12:11:04","modified_gmt":"2025-02-19T10:11:04","slug":"divans-francu-stila","status":"publish","type":"product","link":"https:\/\/brilune.eu\/lv\/product\/divans-francu-stila\/","title":{"rendered":"D\u012bv\u0101ns fran\u010du stil\u0101"},"content":{"rendered":"<p>Iepaz\u012bstin\u0101m ar m\u016bsu fran\u010du stila d\u012bv\u0101nu: p\u0101rveidojiet savu dz\u012bves telpu ar \u0161o eleganto d\u012bv\u0101nu un izbaudiet komfortu. Lieliski piem\u0113rots maziem dz\u012bvok\u013ciem.<br \/>\nElpojo\u0161s audums<br \/>\nM\u016bsu m\u0113bel\u0113m ir augst\u0101k\u0101s kvalit\u0101tes velveta audums, kas pied\u0101v\u0101 m\u012bkstu tekst\u016bru, iztur statisko elektr\u012bbu un ir \u013coti iztur\u012bgs. Auduma pl\u012b\u0161a nel\u012bdzenumi un \u0161\u0137iedras rada da\u017e\u0101das nokr\u0101sas atkar\u012bb\u0101 no piesk\u0101riena virziena, pievienojot vintage \u0161armu ar siltu un \u0101dai draudz\u012bgu saj\u016btu.<\/p>\n<p>Izbaudiet m\u0101ko\u0146iem l\u012bdz\u012bgu maigumu<br \/>\nD\u012bv\u0101ns ir apr\u012bkots ar bag\u0101t\u012bgu 3\u00a0cm import\u0113ta lateksa pild\u012bjumu un 45\u00a0D augstas notur\u012bbas put\u0101m, t\u0101p\u0113c m\u016bsu s\u0113dek\u013ci pied\u0101v\u0101 pl\u012b\u0161a maigumu apvienojum\u0101 ar izcilu atbalstu. P\u0113c lieto\u0161anas tie \u0101tri atlec, saglab\u0101jot savu formu un nodro\u0161inot ilgsto\u0161u komfortu ikreiz, kad aps\u0113\u017eaties.<\/p>\n<p>Spilvenu p\u0101rvalki ar r\u0101v\u0113jsl\u0113dz\u0113ju<br \/>\nM\u016bsu spilvenu p\u0101rvalki ir izstr\u0101d\u0101ti ar r\u0101v\u0113jsl\u0113dz\u0113ju, lai \u0113rti piek\u013c\u016btu iek\u0161\u0113jiem materi\u0101liem. Turkl\u0101t roku balstu p\u0101rvalki ir dro\u0161i piestiprin\u0101ti pie d\u012bv\u0101na r\u0101mja, izmantojot r\u0101v\u0113jsl\u0113dz\u0113jus, nodro\u0161inot, ka tie paliek viet\u0101, nesl\u012bdot vai nep\u0101rvietojoties.<\/p>\n<p>Iztur\u012bgs un stabils r\u0101mis<br \/>\nIzgatavoti no augst\u0101k\u0101s kvalit\u0101tes priedes koka, kas paz\u012bstama ar savu iztur\u012bbu un ilgu aug\u0161anas ciklu, un d\u012bv\u0101nu r\u0101mji ir r\u016bp\u012bgi apstr\u0101d\u0101ti, lai nodro\u0161in\u0101tu stabilit\u0101ti un iztur\u012bbu. Ar iztur\u012bgo konstrukciju tie pied\u0101v\u0101 uzticamu atbalstu un lielisku nestsp\u0113ju.<\/p>\n<p>Ner\u016bs\u0113jo\u0161\u0101 t\u0113rauda sudraba k\u0101jas<br \/>\nM\u016bsu m\u0113beles ar ner\u016bs\u0113jo\u0161\u0101 t\u0113rauda sudraba k\u0101j\u0101m rada greznu met\u0101lisku est\u0113tiku drosm\u012bgam vizu\u0101lajam izskatam. T\u0101 k\u0101 tie atrodas 17\u00a0cm virs zemes, tie nodro\u0161ina pietiekami daudz vietas, lai robotiz\u0113tie putek\u013cs\u016bc\u0113ji var\u0113tu br\u012bvi kust\u0113ties, nodro\u0161inot bez piep\u016bles un bezr\u016bp\u012bgu t\u012br\u012b\u0161anu.<br \/>\nVirsma: samts<br \/>\nD\u012bv\u0101na pild\u012bjums: 3\u00a0cm latekss, augsta bl\u012bvuma putas<br \/>\nS\u0101nu spilvenu pild\u012bjums: pl\u012b\u0161a kokvilna<br \/>\nPapildu s\u0101nu r\u0101mis, izmantojot Framezivfa r\u0101mi. lapegles koks, mas\u012bvkoka daudzsl\u0101\u0146u d\u0113lis, atsperes, pozicion\u0113\u0161anas siksnas<br \/>\nK\u0101jas: ner\u016bs\u0113jo\u0161\u0101 t\u0113rauda sudraba k\u0101jas<\/p>\n","protected":false},"excerpt":{"rendered":"<p>Iepaz\u012bstin\u0101m ar m\u016bsu fran\u010du stila d\u012bv\u0101nu: p\u0101rveidojiet savu dz\u012bves telpu ar \u0161o eleganto d\u012bv\u0101nu un izbaudiet komfortu. Lieliski piem\u0113rots maziem dz\u012bvok\u013ciem.<br \/>\nElpojo\u0161s audums<br \/>\n&#8230;<\/p>\n","protected":false},"featured_media":0,"comment_status":"open","ping_status":"closed","template":"","meta":[],"product_brand":[],"product_cat":[27,5526],"product_tag":[],"class_list":{"0":"post-36546","1":"product","2":"type-product","3":"status-publish","5":"product_cat-accessories","6":"product_cat-bez-kategorijas-4","8":"first","9":"instock","10":"shipping-taxable","11":"purchasable","12":"product-type-simple"},"yoast_head":"<!-- This site is optimized with the Yoast SEO plugin v26.0 - https:\/\/yoast.com\/wordpress\/plugins\/seo\/ -->\n<title>D\u012bv\u0101ns fran\u010du stil\u0101<\/title>\n<meta name=\"description\" content=\"Iepaz\u012bstin\u0101m ar m\u016bsu fran\u010du stila d\u012bv\u0101nu: p\u0101rveidojiet savu dz\u012bves telpu ar \u0161o eleganto d\u012bv\u0101nu un izbaudiet komfortu. Lieliski piem\u0113rots maziem dz\u012bvok\u013ciem. Elpojo\u0161s audums...\" \/>\n<meta name=\"robots\" content=\"index, follow, max-snippet:-1, max-image-preview:large, max-video-preview:-1\" \/>\n<link rel=\"canonical\" href=\"https:\/\/brilune.eu\/lv\/product\/divans-francu-stila\/\" \/>\n<meta property=\"og:locale\" content=\"lv_LV\" \/>\n<meta property=\"og:type\" content=\"article\" \/>\n<meta property=\"og:title\" content=\"D\u012bv\u0101ns fran\u010du stil\u0101\" \/>\n<meta property=\"og:description\" content=\"Iepaz\u012bstin\u0101m ar m\u016bsu fran\u010du stila d\u012bv\u0101nu: p\u0101rveidojiet savu dz\u012bves telpu ar \u0161o eleganto d\u012bv\u0101nu un izbaudiet komfortu. Lieliski piem\u0113rots maziem dz\u012bvok\u013ciem. Elpojo\u0161s audums...\" \/>\n<meta property=\"og:url\" content=\"https:\/\/brilune.eu\/lv\/product\/divans-francu-stila\/\" \/>\n<meta property=\"og:site_name\" content=\"Brilune\" \/>\n<meta property=\"article:modified_time\" content=\"2025-02-19T10:11:04+00:00\" \/>\n<meta name=\"twitter:card\" content=\"summary_large_image\" \/>\n<meta name=\"twitter:label1\" content=\"Est. reading time\" \/>\n\t<meta name=\"twitter:data1\" content=\"2 minutes\" \/>\n<script type=\"application\/ld+json\" class=\"yoast-schema-graph\">{\"@context\":\"https:\/\/schema.org\",\"@graph\":[{\"@type\":\"WebPage\",\"@id\":\"https:\/\/brilune.eu\/lv\/product\/divans-francu-stila\/\",\"url\":\"https:\/\/brilune.eu\/lv\/product\/divans-francu-stila\/\",\"name\":\"D\u012bv\u0101ns fran\u010du stil\u0101\",\"isPartOf\":{\"@id\":\"https:\/\/brilune.eu\/lv\/#website\"},\"datePublished\":\"2025-02-19T09:55:19+00:00\",\"dateModified\":\"2025-02-19T10:11:04+00:00\",\"description\":\"Iepaz\u012bstin\u0101m ar m\u016bsu fran\u010du stila d\u012bv\u0101nu: p\u0101rveidojiet savu dz\u012bves telpu ar \u0161o eleganto d\u012bv\u0101nu un izbaudiet komfortu. Lieliski piem\u0113rots maziem dz\u012bvok\u013ciem. Elpojo\u0161s audums...\",\"breadcrumb\":{\"@id\":\"https:\/\/brilune.eu\/lv\/product\/divans-francu-stila\/#breadcrumb\"},\"inLanguage\":\"lv-LV\",\"potentialAction\":[{\"@type\":\"ReadAction\",\"target\":[\"https:\/\/brilune.eu\/lv\/product\/divans-francu-stila\/\"]}]},{\"@type\":\"BreadcrumbList\",\"@id\":\"https:\/\/brilune.eu\/lv\/product\/divans-francu-stila\/#breadcrumb\",\"itemListElement\":[{\"@type\":\"ListItem\",\"position\":1,\"name\":\"S\u0101kums\",\"item\":\"https:\/\/brilune.eu\/lv\/brilune-mebeles\/\"},{\"@type\":\"ListItem\",\"position\":2,\"name\":\"Visi produkti\",\"item\":\"https:\/\/brilune.eu\/lv\/shop\/\"},{\"@type\":\"ListItem\",\"position\":3,\"name\":\"D\u012bv\u0101ns fran\u010du stil\u0101\"}]},{\"@type\":\"WebSite\",\"@id\":\"https:\/\/brilune.eu\/lv\/#website\",\"url\":\"https:\/\/brilune.eu\/lv\/\",\"name\":\"Brilune\",\"description\":\"M\u0113s pied\u0101v\u0101jam unik\u0101lus un nebiju\u0161us dizainus, kas apvieno eleganci, funkcionalit\u0101ti un rado\u0161umu.\",\"potentialAction\":[{\"@type\":\"SearchAction\",\"target\":{\"@type\":\"EntryPoint\",\"urlTemplate\":\"https:\/\/brilune.eu\/lv\/?s={search_term_string}\"},\"query-input\":{\"@type\":\"PropertyValueSpecification\",\"valueRequired\":true,\"valueName\":\"search_term_string\"}}],\"inLanguage\":\"lv-LV\"}]}<\/script>\n<!-- \/ Yoast SEO plugin. -->","yoast_head_json":{"title":"D\u012bv\u0101ns fran\u010du stil\u0101","description":"Iepaz\u012bstin\u0101m ar m\u016bsu fran\u010du stila d\u012bv\u0101nu: p\u0101rveidojiet savu dz\u012bves telpu ar \u0161o eleganto d\u012bv\u0101nu un izbaudiet komfortu. Lieliski piem\u0113rots maziem dz\u012bvok\u013ciem. Elpojo\u0161s audums...","robots":{"index":"index","follow":"follow","max-snippet":"max-snippet:-1","max-image-preview":"max-image-preview:large","max-video-preview":"max-video-preview:-1"},"canonical":"https:\/\/brilune.eu\/lv\/product\/divans-francu-stila\/","og_locale":"lv_LV","og_type":"article","og_title":"D\u012bv\u0101ns fran\u010du stil\u0101","og_description":"Iepaz\u012bstin\u0101m ar m\u016bsu fran\u010du stila d\u012bv\u0101nu: p\u0101rveidojiet savu dz\u012bves telpu ar \u0161o eleganto d\u012bv\u0101nu un izbaudiet komfortu. Lieliski piem\u0113rots maziem dz\u012bvok\u013ciem. Elpojo\u0161s audums...","og_url":"https:\/\/brilune.eu\/lv\/product\/divans-francu-stila\/","og_site_name":"Brilune","article_modified_time":"2025-02-19T10:11:04+00:00","twitter_card":"summary_large_image","twitter_misc":{"Est. reading time":"2 minutes"},"schema":{"@context":"https:\/\/schema.org","@graph":[{"@type":"WebPage","@id":"https:\/\/brilune.eu\/lv\/product\/divans-francu-stila\/","url":"https:\/\/brilune.eu\/lv\/product\/divans-francu-stila\/","name":"D\u012bv\u0101ns fran\u010du stil\u0101","isPartOf":{"@id":"https:\/\/brilune.eu\/lv\/#website"},"datePublished":"2025-02-19T09:55:19+00:00","dateModified":"2025-02-19T10:11:04+00:00","description":"Iepaz\u012bstin\u0101m ar m\u016bsu fran\u010du stila d\u012bv\u0101nu: p\u0101rveidojiet savu dz\u012bves telpu ar \u0161o eleganto d\u012bv\u0101nu un izbaudiet komfortu. Lieliski piem\u0113rots maziem dz\u012bvok\u013ciem. Elpojo\u0161s audums...","breadcrumb":{"@id":"https:\/\/brilune.eu\/lv\/product\/divans-francu-stila\/#breadcrumb"},"inLanguage":"lv-LV","potentialAction":[{"@type":"ReadAction","target":["https:\/\/brilune.eu\/lv\/product\/divans-francu-stila\/"]}]},{"@type":"BreadcrumbList","@id":"https:\/\/brilune.eu\/lv\/product\/divans-francu-stila\/#breadcrumb","itemListElement":[{"@type":"ListItem","position":1,"name":"S\u0101kums","item":"https:\/\/brilune.eu\/lv\/brilune-mebeles\/"},{"@type":"ListItem","position":2,"name":"Visi produkti","item":"https:\/\/brilune.eu\/lv\/shop\/"},{"@type":"ListItem","position":3,"name":"D\u012bv\u0101ns fran\u010du stil\u0101"}]},{"@type":"WebSite","@id":"https:\/\/brilune.eu\/lv\/#website","url":"https:\/\/brilune.eu\/lv\/","name":"Brilune","description":"M\u0113s pied\u0101v\u0101jam unik\u0101lus un nebiju\u0161us dizainus, kas apvieno eleganci, funkcionalit\u0101ti un rado\u0161umu.","potentialAction":[{"@type":"SearchAction","target":{"@type":"EntryPoint","urlTemplate":"https:\/\/brilune.eu\/lv\/?s={search_term_string}"},"query-input":{"@type":"PropertyValueSpecification","valueRequired":true,"valueName":"search_term_string"}}],"inLanguage":"lv-LV"}]}},"jetpack_sharing_enabled":true,"_links":{"self":[{"href":"https:\/\/brilune.eu\/lv\/wp-json\/wp\/v2\/product\/36546","targetHints":{"allow":["GET"]}}],"collection":[{"href":"https:\/\/brilune.eu\/lv\/wp-json\/wp\/v2\/product"}],"about":[{"href":"https:\/\/brilune.eu\/lv\/wp-json\/wp\/v2\/types\/product"}],"replies":[{"embeddable":true,"href":"https:\/\/brilune.eu\/lv\/wp-json\/wp\/v2\/comments?post=36546"}],"version-history":[{"count":1,"href":"https:\/\/brilune.eu\/lv\/wp-json\/wp\/v2\/product\/36546\/revisions"}],"predecessor-version":[{"id":36593,"href":"https:\/\/brilune.eu\/lv\/wp-json\/wp\/v2\/product\/36546\/revisions\/36593"}],"wp:attachment":[{"href":"https:\/\/brilune.eu\/lv\/wp-json\/wp\/v2\/media?parent=36546"}],"wp:term":[{"taxonomy":"product_brand","embeddable":true,"href":"https:\/\/brilune.eu\/lv\/wp-json\/wp\/v2\/product_brand?post=36546"},{"taxonomy":"product_cat","embeddable":true,"href":"https:\/\/brilune.eu\/lv\/wp-json\/wp\/v2\/product_cat?post=36546"},{"taxonomy":"product_tag","embeddable":true,"href":"https:\/\/brilune.eu\/lv\/wp-json\/wp\/v2\/product_tag?post=36546"}],"curies":[{"name":"wp","href":"https:\/\/api.w.org\/{rel}","templated":true}]}}