{"id":36540,"date":"2025-02-19T11:55:18","date_gmt":"2025-02-19T09:55:18","guid":{"rendered":"https:\/\/brilune.eu\/?post_type=product&#038;p=36540"},"modified":"2025-02-19T12:10:59","modified_gmt":"2025-02-19T10:10:59","slug":"atzveltnes-kresls-6","status":"publish","type":"product","link":"https:\/\/brilune.eu\/lv\/product\/atzveltnes-kresls-6\/","title":{"rendered":"Atzveltnes kr\u0113sls"},"content":{"rendered":"<p>Atp\u016btieties \u0161aj\u0101 satrieco\u0161aj\u0101 atzveltnes kr\u0113sl\u0101. Pla\u0161i polster\u0113tais s\u0113deklis un atzveltne nodro\u0161ina atbalstu ilgsto\u0161ai s\u0113d\u0113\u0161anai, savuk\u0101rt augstas kvalit\u0101tes auduma polster\u0113jums ir m\u012bksts uz tausti un viegli t\u012br\u0101ms. Neatkar\u012bgi no t\u0101, vai las\u0101t savu iecien\u012bto gr\u0101matu vai baud\u0101t tasi t\u0113jas, \u0161is atzveltnes kr\u0113sls ir lieliska vieta, kur atsl\u0101bin\u0101ties un atp\u016bsties. Izm\u0113ri: 68x86x76 cm.<\/p>\n","protected":false},"excerpt":{"rendered":"<p>Atp\u016btieties \u0161aj\u0101 satrieco\u0161aj\u0101 atzveltnes kr\u0113sl\u0101. Pla\u0161i polster\u0113tais s\u0113deklis un atzveltne nodro\u0161ina atbalstu ilgsto\u0161ai s\u0113d\u0113\u0161anai, savuk\u0101rt augstas kvalit\u0101tes auduma apdare ir m\u012bksta&#8230;<\/p>\n","protected":false},"featured_media":5050,"comment_status":"open","ping_status":"closed","template":"","meta":[],"product_brand":[],"product_cat":[1391,5513],"product_tag":[],"class_list":{"0":"post-36540","1":"product","2":"type-product","3":"status-publish","4":"has-post-thumbnail","6":"product_cat-atputas-kresls","7":"product_cat-atputas-kresls-kresli-4","9":"first","10":"instock","11":"shipping-taxable","12":"purchasable","13":"product-type-simple"},"yoast_head":"<!-- This site is optimized with the Yoast SEO plugin v26.0 - https:\/\/yoast.com\/wordpress\/plugins\/seo\/ -->\n<title>Atzveltnes kr\u0113sls<\/title>\n<meta name=\"description\" content=\"Atp\u016btieties \u0161aj\u0101 satrieco\u0161aj\u0101 atzveltnes kr\u0113sl\u0101. Pla\u0161i polster\u0113tais s\u0113deklis un atzveltne nodro\u0161ina atbalstu ilgsto\u0161ai s\u0113d\u0113\u0161anai, savuk\u0101rt augstas kvalit\u0101tes auduma apdare ir m\u012bksta...\" \/>\n<meta name=\"robots\" content=\"index, follow, max-snippet:-1, max-image-preview:large, max-video-preview:-1\" \/>\n<link rel=\"canonical\" href=\"https:\/\/brilune.eu\/lv\/product\/atzveltnes-kresls-6\/\" \/>\n<meta property=\"og:locale\" content=\"lv_LV\" \/>\n<meta property=\"og:type\" content=\"article\" \/>\n<meta property=\"og:title\" content=\"Atzveltnes kr\u0113sls\" \/>\n<meta property=\"og:description\" content=\"Atp\u016btieties \u0161aj\u0101 satrieco\u0161aj\u0101 atzveltnes kr\u0113sl\u0101. Pla\u0161i polster\u0113tais s\u0113deklis un atzveltne nodro\u0161ina atbalstu ilgsto\u0161ai s\u0113d\u0113\u0161anai, savuk\u0101rt augstas kvalit\u0101tes auduma apdare ir m\u012bksta...\" \/>\n<meta property=\"og:url\" content=\"https:\/\/brilune.eu\/lv\/product\/atzveltnes-kresls-6\/\" \/>\n<meta property=\"og:site_name\" content=\"Brilune\" \/>\n<meta property=\"article:modified_time\" content=\"2025-02-19T10:10:59+00:00\" \/>\n<meta property=\"og:image\" content=\"https:\/\/brilune.eu\/wp-content\/uploads\/2025\/01\/4-6-5.jpg\" \/>\n\t<meta property=\"og:image:width\" content=\"750\" \/>\n\t<meta property=\"og:image:height\" content=\"675\" \/>\n\t<meta property=\"og:image:type\" content=\"image\/jpeg\" \/>\n<meta name=\"twitter:card\" content=\"summary_large_image\" \/>\n<script type=\"application\/ld+json\" class=\"yoast-schema-graph\">{\"@context\":\"https:\/\/schema.org\",\"@graph\":[{\"@type\":\"WebPage\",\"@id\":\"https:\/\/brilune.eu\/lv\/product\/atzveltnes-kresls-6\/\",\"url\":\"https:\/\/brilune.eu\/lv\/product\/atzveltnes-kresls-6\/\",\"name\":\"Atzveltnes kr\u0113sls\",\"isPartOf\":{\"@id\":\"https:\/\/brilune.eu\/lv\/#website\"},\"primaryImageOfPage\":{\"@id\":\"https:\/\/brilune.eu\/lv\/product\/atzveltnes-kresls-6\/#primaryimage\"},\"image\":{\"@id\":\"https:\/\/brilune.eu\/lv\/product\/atzveltnes-kresls-6\/#primaryimage\"},\"thumbnailUrl\":\"https:\/\/brilune.eu\/wp-content\/uploads\/2025\/01\/4-6-5.jpg\",\"datePublished\":\"2025-02-19T09:55:18+00:00\",\"dateModified\":\"2025-02-19T10:10:59+00:00\",\"description\":\"Atp\u016btieties \u0161aj\u0101 satrieco\u0161aj\u0101 atzveltnes kr\u0113sl\u0101. Pla\u0161i polster\u0113tais s\u0113deklis un atzveltne nodro\u0161ina atbalstu ilgsto\u0161ai s\u0113d\u0113\u0161anai, savuk\u0101rt augstas kvalit\u0101tes auduma apdare ir m\u012bksta...\",\"breadcrumb\":{\"@id\":\"https:\/\/brilune.eu\/lv\/product\/atzveltnes-kresls-6\/#breadcrumb\"},\"inLanguage\":\"lv-LV\",\"potentialAction\":[{\"@type\":\"ReadAction\",\"target\":[\"https:\/\/brilune.eu\/lv\/product\/atzveltnes-kresls-6\/\"]}]},{\"@type\":\"ImageObject\",\"inLanguage\":\"lv-LV\",\"@id\":\"https:\/\/brilune.eu\/lv\/product\/atzveltnes-kresls-6\/#primaryimage\",\"url\":\"https:\/\/brilune.eu\/wp-content\/uploads\/2025\/01\/4-6-5.jpg\",\"contentUrl\":\"https:\/\/brilune.eu\/wp-content\/uploads\/2025\/01\/4-6-5.jpg\",\"width\":750,\"height\":675},{\"@type\":\"BreadcrumbList\",\"@id\":\"https:\/\/brilune.eu\/lv\/product\/atzveltnes-kresls-6\/#breadcrumb\",\"itemListElement\":[{\"@type\":\"ListItem\",\"position\":1,\"name\":\"S\u0101kums\",\"item\":\"https:\/\/brilune.eu\/lv\/brilune-mebeles\/\"},{\"@type\":\"ListItem\",\"position\":2,\"name\":\"Visi produkti\",\"item\":\"https:\/\/brilune.eu\/lv\/shop\/\"},{\"@type\":\"ListItem\",\"position\":3,\"name\":\"Atzveltnes kr\u0113sls\"}]},{\"@type\":\"WebSite\",\"@id\":\"https:\/\/brilune.eu\/lv\/#website\",\"url\":\"https:\/\/brilune.eu\/lv\/\",\"name\":\"Brilune\",\"description\":\"M\u0113s pied\u0101v\u0101jam unik\u0101lus un nebiju\u0161us dizainus, kas apvieno eleganci, funkcionalit\u0101ti un rado\u0161umu.\",\"potentialAction\":[{\"@type\":\"SearchAction\",\"target\":{\"@type\":\"EntryPoint\",\"urlTemplate\":\"https:\/\/brilune.eu\/lv\/?s={search_term_string}\"},\"query-input\":{\"@type\":\"PropertyValueSpecification\",\"valueRequired\":true,\"valueName\":\"search_term_string\"}}],\"inLanguage\":\"lv-LV\"}]}<\/script>\n<!-- \/ Yoast SEO plugin. -->","yoast_head_json":{"title":"Atzveltnes kr\u0113sls","description":"Atp\u016btieties \u0161aj\u0101 satrieco\u0161aj\u0101 atzveltnes kr\u0113sl\u0101. Pla\u0161i polster\u0113tais s\u0113deklis un atzveltne nodro\u0161ina atbalstu ilgsto\u0161ai s\u0113d\u0113\u0161anai, savuk\u0101rt augstas kvalit\u0101tes auduma apdare ir m\u012bksta...","robots":{"index":"index","follow":"follow","max-snippet":"max-snippet:-1","max-image-preview":"max-image-preview:large","max-video-preview":"max-video-preview:-1"},"canonical":"https:\/\/brilune.eu\/lv\/product\/atzveltnes-kresls-6\/","og_locale":"lv_LV","og_type":"article","og_title":"Atzveltnes kr\u0113sls","og_description":"Atp\u016btieties \u0161aj\u0101 satrieco\u0161aj\u0101 atzveltnes kr\u0113sl\u0101. Pla\u0161i polster\u0113tais s\u0113deklis un atzveltne nodro\u0161ina atbalstu ilgsto\u0161ai s\u0113d\u0113\u0161anai, savuk\u0101rt augstas kvalit\u0101tes auduma apdare ir m\u012bksta...","og_url":"https:\/\/brilune.eu\/lv\/product\/atzveltnes-kresls-6\/","og_site_name":"Brilune","article_modified_time":"2025-02-19T10:10:59+00:00","og_image":[{"width":750,"height":675,"url":"https:\/\/brilune.eu\/wp-content\/uploads\/2025\/01\/4-6-5.jpg","type":"image\/jpeg"}],"twitter_card":"summary_large_image","schema":{"@context":"https:\/\/schema.org","@graph":[{"@type":"WebPage","@id":"https:\/\/brilune.eu\/lv\/product\/atzveltnes-kresls-6\/","url":"https:\/\/brilune.eu\/lv\/product\/atzveltnes-kresls-6\/","name":"Atzveltnes kr\u0113sls","isPartOf":{"@id":"https:\/\/brilune.eu\/lv\/#website"},"primaryImageOfPage":{"@id":"https:\/\/brilune.eu\/lv\/product\/atzveltnes-kresls-6\/#primaryimage"},"image":{"@id":"https:\/\/brilune.eu\/lv\/product\/atzveltnes-kresls-6\/#primaryimage"},"thumbnailUrl":"https:\/\/brilune.eu\/wp-content\/uploads\/2025\/01\/4-6-5.jpg","datePublished":"2025-02-19T09:55:18+00:00","dateModified":"2025-02-19T10:10:59+00:00","description":"Atp\u016btieties \u0161aj\u0101 satrieco\u0161aj\u0101 atzveltnes kr\u0113sl\u0101. Pla\u0161i polster\u0113tais s\u0113deklis un atzveltne nodro\u0161ina atbalstu ilgsto\u0161ai s\u0113d\u0113\u0161anai, savuk\u0101rt augstas kvalit\u0101tes auduma apdare ir m\u012bksta...","breadcrumb":{"@id":"https:\/\/brilune.eu\/lv\/product\/atzveltnes-kresls-6\/#breadcrumb"},"inLanguage":"lv-LV","potentialAction":[{"@type":"ReadAction","target":["https:\/\/brilune.eu\/lv\/product\/atzveltnes-kresls-6\/"]}]},{"@type":"ImageObject","inLanguage":"lv-LV","@id":"https:\/\/brilune.eu\/lv\/product\/atzveltnes-kresls-6\/#primaryimage","url":"https:\/\/brilune.eu\/wp-content\/uploads\/2025\/01\/4-6-5.jpg","contentUrl":"https:\/\/brilune.eu\/wp-content\/uploads\/2025\/01\/4-6-5.jpg","width":750,"height":675},{"@type":"BreadcrumbList","@id":"https:\/\/brilune.eu\/lv\/product\/atzveltnes-kresls-6\/#breadcrumb","itemListElement":[{"@type":"ListItem","position":1,"name":"S\u0101kums","item":"https:\/\/brilune.eu\/lv\/brilune-mebeles\/"},{"@type":"ListItem","position":2,"name":"Visi produkti","item":"https:\/\/brilune.eu\/lv\/shop\/"},{"@type":"ListItem","position":3,"name":"Atzveltnes kr\u0113sls"}]},{"@type":"WebSite","@id":"https:\/\/brilune.eu\/lv\/#website","url":"https:\/\/brilune.eu\/lv\/","name":"Brilune","description":"M\u0113s pied\u0101v\u0101jam unik\u0101lus un nebiju\u0161us dizainus, kas apvieno eleganci, funkcionalit\u0101ti un rado\u0161umu.","potentialAction":[{"@type":"SearchAction","target":{"@type":"EntryPoint","urlTemplate":"https:\/\/brilune.eu\/lv\/?s={search_term_string}"},"query-input":{"@type":"PropertyValueSpecification","valueRequired":true,"valueName":"search_term_string"}}],"inLanguage":"lv-LV"}]}},"jetpack_sharing_enabled":true,"_links":{"self":[{"href":"https:\/\/brilune.eu\/lv\/wp-json\/wp\/v2\/product\/36540","targetHints":{"allow":["GET"]}}],"collection":[{"href":"https:\/\/brilune.eu\/lv\/wp-json\/wp\/v2\/product"}],"about":[{"href":"https:\/\/brilune.eu\/lv\/wp-json\/wp\/v2\/types\/product"}],"replies":[{"embeddable":true,"href":"https:\/\/brilune.eu\/lv\/wp-json\/wp\/v2\/comments?post=36540"}],"version-history":[{"count":1,"href":"https:\/\/brilune.eu\/lv\/wp-json\/wp\/v2\/product\/36540\/revisions"}],"predecessor-version":[{"id":36587,"href":"https:\/\/brilune.eu\/lv\/wp-json\/wp\/v2\/product\/36540\/revisions\/36587"}],"wp:featuredmedia":[{"embeddable":true,"href":"https:\/\/brilune.eu\/lv\/wp-json\/wp\/v2\/media\/5050"}],"wp:attachment":[{"href":"https:\/\/brilune.eu\/lv\/wp-json\/wp\/v2\/media?parent=36540"}],"wp:term":[{"taxonomy":"product_brand","embeddable":true,"href":"https:\/\/brilune.eu\/lv\/wp-json\/wp\/v2\/product_brand?post=36540"},{"taxonomy":"product_cat","embeddable":true,"href":"https:\/\/brilune.eu\/lv\/wp-json\/wp\/v2\/product_cat?post=36540"},{"taxonomy":"product_tag","embeddable":true,"href":"https:\/\/brilune.eu\/lv\/wp-json\/wp\/v2\/product_tag?post=36540"}],"curies":[{"name":"wp","href":"https:\/\/api.w.org\/{rel}","templated":true}]}}