{"id":36537,"date":"2025-02-19T11:55:17","date_gmt":"2025-02-19T09:55:17","guid":{"rendered":"https:\/\/brilune.eu\/?post_type=product&#038;p=36537"},"modified":"2025-02-19T12:10:57","modified_gmt":"2025-02-19T10:10:57","slug":"erts-kresls-ar-atzveltni","status":"publish","type":"product","link":"https:\/\/brilune.eu\/lv\/product\/erts-kresls-ar-atzveltni\/","title":{"rendered":"\u0112rts kr\u0113sls ar atzveltni"},"content":{"rendered":"<p>\u0160is groz\u0101mais kr\u0113sls ir stil\u012bgs un \u0113rts jebkuras dz\u012bvojam\u0101s istabas papildin\u0101jums. Kr\u0113slam ir iztur\u012bga met\u0101la pamatne, kas nodro\u0161ina vienm\u0113r\u012bgu 360 gr\u0101du rot\u0101ciju, \u013caujot jums viegli pagriezties jebkur\u0101 virzien\u0101. Kr\u0113sls ir apvilkts ar m\u012bkstu, augstas kvalit\u0101tes audumu un pild\u012bts ar putu polster\u0113jumu maksim\u0101lam komfortam. Kr\u0113sla gludajam dizainam ir t\u012bras l\u012bnijas un moderns siluets, kas ir lieliski piem\u0113rots m\u016bsdien\u012bg\u0101m un p\u0101rejo\u0161\u0101m dz\u012bves telp\u0101m. Ar savu groz\u0101mo pamatni un \u0113rtu s\u0113dekli kr\u0113sls ir lieliski piem\u0113rots atp\u016btai, las\u012b\u0161anai vai televizora skat\u012b\u0161anai. T\u0101 kompaktais izm\u0113rs padara to par lielisku iesp\u0113ju neliel\u0101m dz\u012bvojam\u0101m telp\u0101m. Izm\u0113ri: 75x70x88 cm.<\/p>\n","protected":false},"excerpt":{"rendered":"<p>\u0160is groz\u0101mais kr\u0113sls ir stil\u012bgs un \u0113rts jebkuras dz\u012bvojam\u0101s istabas papildin\u0101jums. Kr\u0113slam ir iztur\u012bga met\u0101la pamatne, kas nodro\u0161ina vienm\u0113r\u012bgu 360 gr\u0101du rot\u0101ciju,&#8230;<\/p>\n","protected":false},"featured_media":5029,"comment_status":"open","ping_status":"closed","template":"","meta":[],"product_brand":[],"product_cat":[1391,5513],"product_tag":[],"class_list":{"0":"post-36537","1":"product","2":"type-product","3":"status-publish","4":"has-post-thumbnail","6":"product_cat-atputas-kresls","7":"product_cat-atputas-kresls-kresli-4","9":"first","10":"instock","11":"shipping-taxable","12":"purchasable","13":"product-type-simple"},"yoast_head":"<!-- This site is optimized with the Yoast SEO plugin v26.0 - https:\/\/yoast.com\/wordpress\/plugins\/seo\/ -->\n<title>\u0112rts kr\u0113sls ar atzveltni<\/title>\n<meta name=\"description\" content=\"\u0160is groz\u0101mais kr\u0113sls ir stil\u012bgs un \u0113rts jebkuras dz\u012bvojam\u0101s istabas papildin\u0101jums. Kr\u0113slam ir iztur\u012bga met\u0101la pamatne, kas nodro\u0161ina vienm\u0113r\u012bgu 360 gr\u0101du rot\u0101ciju,...\" \/>\n<meta name=\"robots\" content=\"index, follow, max-snippet:-1, max-image-preview:large, max-video-preview:-1\" \/>\n<link rel=\"canonical\" href=\"https:\/\/brilune.eu\/lv\/product\/erts-kresls-ar-atzveltni\/\" \/>\n<meta property=\"og:locale\" content=\"lv_LV\" \/>\n<meta property=\"og:type\" content=\"article\" \/>\n<meta property=\"og:title\" content=\"\u0112rts kr\u0113sls ar atzveltni\" \/>\n<meta property=\"og:description\" content=\"\u0160is groz\u0101mais kr\u0113sls ir stil\u012bgs un \u0113rts jebkuras dz\u012bvojam\u0101s istabas papildin\u0101jums. Kr\u0113slam ir iztur\u012bga met\u0101la pamatne, kas nodro\u0161ina vienm\u0113r\u012bgu 360 gr\u0101du rot\u0101ciju,...\" \/>\n<meta property=\"og:url\" content=\"https:\/\/brilune.eu\/lv\/product\/erts-kresls-ar-atzveltni\/\" \/>\n<meta property=\"og:site_name\" content=\"Brilune\" \/>\n<meta property=\"article:modified_time\" content=\"2025-02-19T10:10:57+00:00\" \/>\n<meta property=\"og:image\" content=\"https:\/\/brilune.eu\/wp-content\/uploads\/2025\/01\/11-2.png\" \/>\n\t<meta property=\"og:image:width\" content=\"800\" \/>\n\t<meta property=\"og:image:height\" content=\"800\" \/>\n\t<meta property=\"og:image:type\" content=\"image\/png\" \/>\n<meta name=\"twitter:card\" content=\"summary_large_image\" \/>\n<meta name=\"twitter:label1\" content=\"Est. reading time\" \/>\n\t<meta name=\"twitter:data1\" content=\"1 minute\" \/>\n<script type=\"application\/ld+json\" class=\"yoast-schema-graph\">{\"@context\":\"https:\/\/schema.org\",\"@graph\":[{\"@type\":\"WebPage\",\"@id\":\"https:\/\/brilune.eu\/lv\/product\/erts-kresls-ar-atzveltni\/\",\"url\":\"https:\/\/brilune.eu\/lv\/product\/erts-kresls-ar-atzveltni\/\",\"name\":\"\u0112rts kr\u0113sls ar atzveltni\",\"isPartOf\":{\"@id\":\"https:\/\/brilune.eu\/lv\/#website\"},\"primaryImageOfPage\":{\"@id\":\"https:\/\/brilune.eu\/lv\/product\/erts-kresls-ar-atzveltni\/#primaryimage\"},\"image\":{\"@id\":\"https:\/\/brilune.eu\/lv\/product\/erts-kresls-ar-atzveltni\/#primaryimage\"},\"thumbnailUrl\":\"https:\/\/brilune.eu\/wp-content\/uploads\/2025\/01\/11-2.png\",\"datePublished\":\"2025-02-19T09:55:17+00:00\",\"dateModified\":\"2025-02-19T10:10:57+00:00\",\"description\":\"\u0160is groz\u0101mais kr\u0113sls ir stil\u012bgs un \u0113rts jebkuras dz\u012bvojam\u0101s istabas papildin\u0101jums. Kr\u0113slam ir iztur\u012bga met\u0101la pamatne, kas nodro\u0161ina vienm\u0113r\u012bgu 360 gr\u0101du rot\u0101ciju,...\",\"breadcrumb\":{\"@id\":\"https:\/\/brilune.eu\/lv\/product\/erts-kresls-ar-atzveltni\/#breadcrumb\"},\"inLanguage\":\"lv-LV\",\"potentialAction\":[{\"@type\":\"ReadAction\",\"target\":[\"https:\/\/brilune.eu\/lv\/product\/erts-kresls-ar-atzveltni\/\"]}]},{\"@type\":\"ImageObject\",\"inLanguage\":\"lv-LV\",\"@id\":\"https:\/\/brilune.eu\/lv\/product\/erts-kresls-ar-atzveltni\/#primaryimage\",\"url\":\"https:\/\/brilune.eu\/wp-content\/uploads\/2025\/01\/11-2.png\",\"contentUrl\":\"https:\/\/brilune.eu\/wp-content\/uploads\/2025\/01\/11-2.png\",\"width\":800,\"height\":800},{\"@type\":\"BreadcrumbList\",\"@id\":\"https:\/\/brilune.eu\/lv\/product\/erts-kresls-ar-atzveltni\/#breadcrumb\",\"itemListElement\":[{\"@type\":\"ListItem\",\"position\":1,\"name\":\"S\u0101kums\",\"item\":\"https:\/\/brilune.eu\/lv\/brilune-mebeles\/\"},{\"@type\":\"ListItem\",\"position\":2,\"name\":\"Visi produkti\",\"item\":\"https:\/\/brilune.eu\/lv\/shop\/\"},{\"@type\":\"ListItem\",\"position\":3,\"name\":\"\u0112rts kr\u0113sls ar atzveltni\"}]},{\"@type\":\"WebSite\",\"@id\":\"https:\/\/brilune.eu\/lv\/#website\",\"url\":\"https:\/\/brilune.eu\/lv\/\",\"name\":\"Brilune\",\"description\":\"M\u0113s pied\u0101v\u0101jam unik\u0101lus un nebiju\u0161us dizainus, kas apvieno eleganci, funkcionalit\u0101ti un rado\u0161umu.\",\"potentialAction\":[{\"@type\":\"SearchAction\",\"target\":{\"@type\":\"EntryPoint\",\"urlTemplate\":\"https:\/\/brilune.eu\/lv\/?s={search_term_string}\"},\"query-input\":{\"@type\":\"PropertyValueSpecification\",\"valueRequired\":true,\"valueName\":\"search_term_string\"}}],\"inLanguage\":\"lv-LV\"}]}<\/script>\n<!-- \/ Yoast SEO plugin. -->","yoast_head_json":{"title":"\u0112rts kr\u0113sls ar atzveltni","description":"\u0160is groz\u0101mais kr\u0113sls ir stil\u012bgs un \u0113rts jebkuras dz\u012bvojam\u0101s istabas papildin\u0101jums. Kr\u0113slam ir iztur\u012bga met\u0101la pamatne, kas nodro\u0161ina vienm\u0113r\u012bgu 360 gr\u0101du rot\u0101ciju,...","robots":{"index":"index","follow":"follow","max-snippet":"max-snippet:-1","max-image-preview":"max-image-preview:large","max-video-preview":"max-video-preview:-1"},"canonical":"https:\/\/brilune.eu\/lv\/product\/erts-kresls-ar-atzveltni\/","og_locale":"lv_LV","og_type":"article","og_title":"\u0112rts kr\u0113sls ar atzveltni","og_description":"\u0160is groz\u0101mais kr\u0113sls ir stil\u012bgs un \u0113rts jebkuras dz\u012bvojam\u0101s istabas papildin\u0101jums. Kr\u0113slam ir iztur\u012bga met\u0101la pamatne, kas nodro\u0161ina vienm\u0113r\u012bgu 360 gr\u0101du rot\u0101ciju,...","og_url":"https:\/\/brilune.eu\/lv\/product\/erts-kresls-ar-atzveltni\/","og_site_name":"Brilune","article_modified_time":"2025-02-19T10:10:57+00:00","og_image":[{"width":800,"height":800,"url":"https:\/\/brilune.eu\/wp-content\/uploads\/2025\/01\/11-2.png","type":"image\/png"}],"twitter_card":"summary_large_image","twitter_misc":{"Est. reading time":"1 minute"},"schema":{"@context":"https:\/\/schema.org","@graph":[{"@type":"WebPage","@id":"https:\/\/brilune.eu\/lv\/product\/erts-kresls-ar-atzveltni\/","url":"https:\/\/brilune.eu\/lv\/product\/erts-kresls-ar-atzveltni\/","name":"\u0112rts kr\u0113sls ar atzveltni","isPartOf":{"@id":"https:\/\/brilune.eu\/lv\/#website"},"primaryImageOfPage":{"@id":"https:\/\/brilune.eu\/lv\/product\/erts-kresls-ar-atzveltni\/#primaryimage"},"image":{"@id":"https:\/\/brilune.eu\/lv\/product\/erts-kresls-ar-atzveltni\/#primaryimage"},"thumbnailUrl":"https:\/\/brilune.eu\/wp-content\/uploads\/2025\/01\/11-2.png","datePublished":"2025-02-19T09:55:17+00:00","dateModified":"2025-02-19T10:10:57+00:00","description":"\u0160is groz\u0101mais kr\u0113sls ir stil\u012bgs un \u0113rts jebkuras dz\u012bvojam\u0101s istabas papildin\u0101jums. Kr\u0113slam ir iztur\u012bga met\u0101la pamatne, kas nodro\u0161ina vienm\u0113r\u012bgu 360 gr\u0101du rot\u0101ciju,...","breadcrumb":{"@id":"https:\/\/brilune.eu\/lv\/product\/erts-kresls-ar-atzveltni\/#breadcrumb"},"inLanguage":"lv-LV","potentialAction":[{"@type":"ReadAction","target":["https:\/\/brilune.eu\/lv\/product\/erts-kresls-ar-atzveltni\/"]}]},{"@type":"ImageObject","inLanguage":"lv-LV","@id":"https:\/\/brilune.eu\/lv\/product\/erts-kresls-ar-atzveltni\/#primaryimage","url":"https:\/\/brilune.eu\/wp-content\/uploads\/2025\/01\/11-2.png","contentUrl":"https:\/\/brilune.eu\/wp-content\/uploads\/2025\/01\/11-2.png","width":800,"height":800},{"@type":"BreadcrumbList","@id":"https:\/\/brilune.eu\/lv\/product\/erts-kresls-ar-atzveltni\/#breadcrumb","itemListElement":[{"@type":"ListItem","position":1,"name":"S\u0101kums","item":"https:\/\/brilune.eu\/lv\/brilune-mebeles\/"},{"@type":"ListItem","position":2,"name":"Visi produkti","item":"https:\/\/brilune.eu\/lv\/shop\/"},{"@type":"ListItem","position":3,"name":"\u0112rts kr\u0113sls ar atzveltni"}]},{"@type":"WebSite","@id":"https:\/\/brilune.eu\/lv\/#website","url":"https:\/\/brilune.eu\/lv\/","name":"Brilune","description":"M\u0113s pied\u0101v\u0101jam unik\u0101lus un nebiju\u0161us dizainus, kas apvieno eleganci, funkcionalit\u0101ti un rado\u0161umu.","potentialAction":[{"@type":"SearchAction","target":{"@type":"EntryPoint","urlTemplate":"https:\/\/brilune.eu\/lv\/?s={search_term_string}"},"query-input":{"@type":"PropertyValueSpecification","valueRequired":true,"valueName":"search_term_string"}}],"inLanguage":"lv-LV"}]}},"jetpack_sharing_enabled":true,"_links":{"self":[{"href":"https:\/\/brilune.eu\/lv\/wp-json\/wp\/v2\/product\/36537","targetHints":{"allow":["GET"]}}],"collection":[{"href":"https:\/\/brilune.eu\/lv\/wp-json\/wp\/v2\/product"}],"about":[{"href":"https:\/\/brilune.eu\/lv\/wp-json\/wp\/v2\/types\/product"}],"replies":[{"embeddable":true,"href":"https:\/\/brilune.eu\/lv\/wp-json\/wp\/v2\/comments?post=36537"}],"version-history":[{"count":1,"href":"https:\/\/brilune.eu\/lv\/wp-json\/wp\/v2\/product\/36537\/revisions"}],"predecessor-version":[{"id":36584,"href":"https:\/\/brilune.eu\/lv\/wp-json\/wp\/v2\/product\/36537\/revisions\/36584"}],"wp:featuredmedia":[{"embeddable":true,"href":"https:\/\/brilune.eu\/lv\/wp-json\/wp\/v2\/media\/5029"}],"wp:attachment":[{"href":"https:\/\/brilune.eu\/lv\/wp-json\/wp\/v2\/media?parent=36537"}],"wp:term":[{"taxonomy":"product_brand","embeddable":true,"href":"https:\/\/brilune.eu\/lv\/wp-json\/wp\/v2\/product_brand?post=36537"},{"taxonomy":"product_cat","embeddable":true,"href":"https:\/\/brilune.eu\/lv\/wp-json\/wp\/v2\/product_cat?post=36537"},{"taxonomy":"product_tag","embeddable":true,"href":"https:\/\/brilune.eu\/lv\/wp-json\/wp\/v2\/product_tag?post=36537"}],"curies":[{"name":"wp","href":"https:\/\/api.w.org\/{rel}","templated":true}]}}