{"id":36512,"date":"2025-02-19T11:54:52","date_gmt":"2025-02-19T09:54:52","guid":{"rendered":"https:\/\/brilune.eu\/?post_type=product&#038;p=36512"},"modified":"2025-02-19T12:10:52","modified_gmt":"2025-02-19T10:10:52","slug":"musdienigs-kresls-4","status":"publish","type":"product","link":"https:\/\/brilune.eu\/lv\/product\/musdienigs-kresls-4\/","title":{"rendered":"M\u016bsdien\u012bgs kr\u0113sls"},"content":{"rendered":"<p>Modernais luksusa kr\u0113sls sniegs iesp\u0113ju izpaust savu individualit\u0101ti un rad\u012bt telpu, kas atspogu\u013co j\u016bsu unik\u0101lo stilu. Pateicoties pla\u0161aj\u0101m piel\u0101go\u0161anas iesp\u0113j\u0101m, j\u016bs varat piel\u0101got \u0161o atzveltnes kr\u0113slu sav\u0101m est\u0113tiskaj\u0101m v\u0113lm\u0113m un neman\u0101mi integr\u0113t to eso\u0161aj\u0101 dekor\u0101. Neatkar\u012bgi no t\u0101, vai v\u0113laties neitr\u0101lu toni vai treknu nokr\u0101su, \u0161is atzveltnes kr\u0113sls k\u013c\u016bst par personaliz\u0113tu m\u0101kslas darbu, kas neman\u0101mi sapl\u016bst ar j\u016bsu apk\u0101rt\u0113j\u0101m m\u0113bel\u0113m. Kr\u0113sls pied\u0101v\u0101 ne tikai vizu\u0101lu piel\u0101go\u0161anu, bet ar\u012b papildu funkcijas, lai uzlabotu j\u016bsu pieredzi. \u0160is produkts atspogu\u013cos j\u016bsu person\u012bgo gaumi un stilu. Izm\u0113ri: 82x83x76 cm.<\/p>\n","protected":false},"excerpt":{"rendered":"<p>Modernais luksusa kr\u0113sls sniegs iesp\u0113ju izpaust savu individualit\u0101ti un rad\u012bt telpu, kas atspogu\u013co j\u016bsu unik\u0101lo stilu. Pateicoties pla\u0161ajam&#8230;<\/p>\n","protected":false},"featured_media":4987,"comment_status":"open","ping_status":"closed","template":"","meta":[],"product_brand":[],"product_cat":[1480,5523,5513,5525],"product_tag":[],"class_list":{"0":"post-36512","1":"product","2":"type-product","3":"status-publish","4":"has-post-thumbnail","6":"product_cat-accent-chair-kresli","7":"product_cat-accent-chair-kresli-4","8":"product_cat-atputas-kresls-kresli-4","9":"product_cat-atzveltnes-kresls-kresli-4","11":"first","12":"instock","13":"shipping-taxable","14":"purchasable","15":"product-type-simple"},"yoast_head":"<!-- This site is optimized with the Yoast SEO plugin v26.0 - https:\/\/yoast.com\/wordpress\/plugins\/seo\/ -->\n<title>M\u016bsdien\u012bgs kr\u0113sls<\/title>\n<meta name=\"description\" content=\"Modernais luksusa kr\u0113sls sniegs iesp\u0113ju izpaust savu individualit\u0101ti un rad\u012bt telpu, kas atspogu\u013co j\u016bsu unik\u0101lo stilu. Pateicoties pla\u0161ajam...\" \/>\n<meta name=\"robots\" content=\"index, follow, max-snippet:-1, max-image-preview:large, max-video-preview:-1\" \/>\n<link rel=\"canonical\" href=\"https:\/\/brilune.eu\/lv\/product\/musdienigs-kresls-4\/\" \/>\n<meta property=\"og:locale\" content=\"lv_LV\" \/>\n<meta property=\"og:type\" content=\"article\" \/>\n<meta property=\"og:title\" content=\"M\u016bsdien\u012bgs kr\u0113sls\" \/>\n<meta property=\"og:description\" content=\"Modernais luksusa kr\u0113sls sniegs iesp\u0113ju izpaust savu individualit\u0101ti un rad\u012bt telpu, kas atspogu\u013co j\u016bsu unik\u0101lo stilu. Pateicoties pla\u0161ajam...\" \/>\n<meta property=\"og:url\" content=\"https:\/\/brilune.eu\/lv\/product\/musdienigs-kresls-4\/\" \/>\n<meta property=\"og:site_name\" content=\"Brilune\" \/>\n<meta property=\"article:modified_time\" content=\"2025-02-19T10:10:52+00:00\" \/>\n<meta property=\"og:image\" content=\"https:\/\/brilune.eu\/wp-content\/uploads\/2025\/01\/5-4-3.jpg\" \/>\n\t<meta property=\"og:image:width\" content=\"800\" \/>\n\t<meta property=\"og:image:height\" content=\"800\" \/>\n\t<meta property=\"og:image:type\" content=\"image\/jpeg\" \/>\n<meta name=\"twitter:card\" content=\"summary_large_image\" \/>\n<meta name=\"twitter:label1\" content=\"Est. reading time\" \/>\n\t<meta name=\"twitter:data1\" content=\"1 minute\" \/>\n<script type=\"application\/ld+json\" class=\"yoast-schema-graph\">{\"@context\":\"https:\/\/schema.org\",\"@graph\":[{\"@type\":\"WebPage\",\"@id\":\"https:\/\/brilune.eu\/lv\/product\/musdienigs-kresls-4\/\",\"url\":\"https:\/\/brilune.eu\/lv\/product\/musdienigs-kresls-4\/\",\"name\":\"M\u016bsdien\u012bgs kr\u0113sls\",\"isPartOf\":{\"@id\":\"https:\/\/brilune.eu\/lv\/#website\"},\"primaryImageOfPage\":{\"@id\":\"https:\/\/brilune.eu\/lv\/product\/musdienigs-kresls-4\/#primaryimage\"},\"image\":{\"@id\":\"https:\/\/brilune.eu\/lv\/product\/musdienigs-kresls-4\/#primaryimage\"},\"thumbnailUrl\":\"https:\/\/brilune.eu\/wp-content\/uploads\/2025\/01\/5-4-3.jpg\",\"datePublished\":\"2025-02-19T09:54:52+00:00\",\"dateModified\":\"2025-02-19T10:10:52+00:00\",\"description\":\"Modernais luksusa kr\u0113sls sniegs iesp\u0113ju izpaust savu individualit\u0101ti un rad\u012bt telpu, kas atspogu\u013co j\u016bsu unik\u0101lo stilu. Pateicoties pla\u0161ajam...\",\"breadcrumb\":{\"@id\":\"https:\/\/brilune.eu\/lv\/product\/musdienigs-kresls-4\/#breadcrumb\"},\"inLanguage\":\"lv-LV\",\"potentialAction\":[{\"@type\":\"ReadAction\",\"target\":[\"https:\/\/brilune.eu\/lv\/product\/musdienigs-kresls-4\/\"]}]},{\"@type\":\"ImageObject\",\"inLanguage\":\"lv-LV\",\"@id\":\"https:\/\/brilune.eu\/lv\/product\/musdienigs-kresls-4\/#primaryimage\",\"url\":\"https:\/\/brilune.eu\/wp-content\/uploads\/2025\/01\/5-4-3.jpg\",\"contentUrl\":\"https:\/\/brilune.eu\/wp-content\/uploads\/2025\/01\/5-4-3.jpg\",\"width\":800,\"height\":800},{\"@type\":\"BreadcrumbList\",\"@id\":\"https:\/\/brilune.eu\/lv\/product\/musdienigs-kresls-4\/#breadcrumb\",\"itemListElement\":[{\"@type\":\"ListItem\",\"position\":1,\"name\":\"S\u0101kums\",\"item\":\"https:\/\/brilune.eu\/lv\/brilune-mebeles\/\"},{\"@type\":\"ListItem\",\"position\":2,\"name\":\"Visi produkti\",\"item\":\"https:\/\/brilune.eu\/lv\/shop\/\"},{\"@type\":\"ListItem\",\"position\":3,\"name\":\"M\u016bsdien\u012bgs kr\u0113sls\"}]},{\"@type\":\"WebSite\",\"@id\":\"https:\/\/brilune.eu\/lv\/#website\",\"url\":\"https:\/\/brilune.eu\/lv\/\",\"name\":\"Brilune\",\"description\":\"M\u0113s pied\u0101v\u0101jam unik\u0101lus un nebiju\u0161us dizainus, kas apvieno eleganci, funkcionalit\u0101ti un rado\u0161umu.\",\"potentialAction\":[{\"@type\":\"SearchAction\",\"target\":{\"@type\":\"EntryPoint\",\"urlTemplate\":\"https:\/\/brilune.eu\/lv\/?s={search_term_string}\"},\"query-input\":{\"@type\":\"PropertyValueSpecification\",\"valueRequired\":true,\"valueName\":\"search_term_string\"}}],\"inLanguage\":\"lv-LV\"}]}<\/script>\n<!-- \/ Yoast SEO plugin. -->","yoast_head_json":{"title":"M\u016bsdien\u012bgs kr\u0113sls","description":"Modernais luksusa kr\u0113sls sniegs iesp\u0113ju izpaust savu individualit\u0101ti un rad\u012bt telpu, kas atspogu\u013co j\u016bsu unik\u0101lo stilu. Pateicoties pla\u0161ajam...","robots":{"index":"index","follow":"follow","max-snippet":"max-snippet:-1","max-image-preview":"max-image-preview:large","max-video-preview":"max-video-preview:-1"},"canonical":"https:\/\/brilune.eu\/lv\/product\/musdienigs-kresls-4\/","og_locale":"lv_LV","og_type":"article","og_title":"M\u016bsdien\u012bgs kr\u0113sls","og_description":"Modernais luksusa kr\u0113sls sniegs iesp\u0113ju izpaust savu individualit\u0101ti un rad\u012bt telpu, kas atspogu\u013co j\u016bsu unik\u0101lo stilu. Pateicoties pla\u0161ajam...","og_url":"https:\/\/brilune.eu\/lv\/product\/musdienigs-kresls-4\/","og_site_name":"Brilune","article_modified_time":"2025-02-19T10:10:52+00:00","og_image":[{"width":800,"height":800,"url":"https:\/\/brilune.eu\/wp-content\/uploads\/2025\/01\/5-4-3.jpg","type":"image\/jpeg"}],"twitter_card":"summary_large_image","twitter_misc":{"Est. reading time":"1 minute"},"schema":{"@context":"https:\/\/schema.org","@graph":[{"@type":"WebPage","@id":"https:\/\/brilune.eu\/lv\/product\/musdienigs-kresls-4\/","url":"https:\/\/brilune.eu\/lv\/product\/musdienigs-kresls-4\/","name":"M\u016bsdien\u012bgs kr\u0113sls","isPartOf":{"@id":"https:\/\/brilune.eu\/lv\/#website"},"primaryImageOfPage":{"@id":"https:\/\/brilune.eu\/lv\/product\/musdienigs-kresls-4\/#primaryimage"},"image":{"@id":"https:\/\/brilune.eu\/lv\/product\/musdienigs-kresls-4\/#primaryimage"},"thumbnailUrl":"https:\/\/brilune.eu\/wp-content\/uploads\/2025\/01\/5-4-3.jpg","datePublished":"2025-02-19T09:54:52+00:00","dateModified":"2025-02-19T10:10:52+00:00","description":"Modernais luksusa kr\u0113sls sniegs iesp\u0113ju izpaust savu individualit\u0101ti un rad\u012bt telpu, kas atspogu\u013co j\u016bsu unik\u0101lo stilu. Pateicoties pla\u0161ajam...","breadcrumb":{"@id":"https:\/\/brilune.eu\/lv\/product\/musdienigs-kresls-4\/#breadcrumb"},"inLanguage":"lv-LV","potentialAction":[{"@type":"ReadAction","target":["https:\/\/brilune.eu\/lv\/product\/musdienigs-kresls-4\/"]}]},{"@type":"ImageObject","inLanguage":"lv-LV","@id":"https:\/\/brilune.eu\/lv\/product\/musdienigs-kresls-4\/#primaryimage","url":"https:\/\/brilune.eu\/wp-content\/uploads\/2025\/01\/5-4-3.jpg","contentUrl":"https:\/\/brilune.eu\/wp-content\/uploads\/2025\/01\/5-4-3.jpg","width":800,"height":800},{"@type":"BreadcrumbList","@id":"https:\/\/brilune.eu\/lv\/product\/musdienigs-kresls-4\/#breadcrumb","itemListElement":[{"@type":"ListItem","position":1,"name":"S\u0101kums","item":"https:\/\/brilune.eu\/lv\/brilune-mebeles\/"},{"@type":"ListItem","position":2,"name":"Visi produkti","item":"https:\/\/brilune.eu\/lv\/shop\/"},{"@type":"ListItem","position":3,"name":"M\u016bsdien\u012bgs kr\u0113sls"}]},{"@type":"WebSite","@id":"https:\/\/brilune.eu\/lv\/#website","url":"https:\/\/brilune.eu\/lv\/","name":"Brilune","description":"M\u0113s pied\u0101v\u0101jam unik\u0101lus un nebiju\u0161us dizainus, kas apvieno eleganci, funkcionalit\u0101ti un rado\u0161umu.","potentialAction":[{"@type":"SearchAction","target":{"@type":"EntryPoint","urlTemplate":"https:\/\/brilune.eu\/lv\/?s={search_term_string}"},"query-input":{"@type":"PropertyValueSpecification","valueRequired":true,"valueName":"search_term_string"}}],"inLanguage":"lv-LV"}]}},"jetpack_sharing_enabled":true,"_links":{"self":[{"href":"https:\/\/brilune.eu\/lv\/wp-json\/wp\/v2\/product\/36512","targetHints":{"allow":["GET"]}}],"collection":[{"href":"https:\/\/brilune.eu\/lv\/wp-json\/wp\/v2\/product"}],"about":[{"href":"https:\/\/brilune.eu\/lv\/wp-json\/wp\/v2\/types\/product"}],"replies":[{"embeddable":true,"href":"https:\/\/brilune.eu\/lv\/wp-json\/wp\/v2\/comments?post=36512"}],"version-history":[{"count":1,"href":"https:\/\/brilune.eu\/lv\/wp-json\/wp\/v2\/product\/36512\/revisions"}],"predecessor-version":[{"id":36558,"href":"https:\/\/brilune.eu\/lv\/wp-json\/wp\/v2\/product\/36512\/revisions\/36558"}],"wp:featuredmedia":[{"embeddable":true,"href":"https:\/\/brilune.eu\/lv\/wp-json\/wp\/v2\/media\/4987"}],"wp:attachment":[{"href":"https:\/\/brilune.eu\/lv\/wp-json\/wp\/v2\/media?parent=36512"}],"wp:term":[{"taxonomy":"product_brand","embeddable":true,"href":"https:\/\/brilune.eu\/lv\/wp-json\/wp\/v2\/product_brand?post=36512"},{"taxonomy":"product_cat","embeddable":true,"href":"https:\/\/brilune.eu\/lv\/wp-json\/wp\/v2\/product_cat?post=36512"},{"taxonomy":"product_tag","embeddable":true,"href":"https:\/\/brilune.eu\/lv\/wp-json\/wp\/v2\/product_tag?post=36512"}],"curies":[{"name":"wp","href":"https:\/\/api.w.org\/{rel}","templated":true}]}}