{"id":36509,"date":"2025-02-19T11:54:51","date_gmt":"2025-02-19T09:54:51","guid":{"rendered":"https:\/\/brilune.eu\/?post_type=product&#038;p=36509"},"modified":"2025-02-19T12:10:51","modified_gmt":"2025-02-19T10:10:51","slug":"kresls-ar-kaju-balstu","status":"publish","type":"product","link":"https:\/\/brilune.eu\/lv\/product\/kresls-ar-kaju-balstu\/","title":{"rendered":"Kr\u0113sls ar k\u0101ju balstu"},"content":{"rendered":"<p>Invest\u0113jiet m\u0113bel\u0113s, kas iztur laika p\u0101rbaudi. \u0160is atzveltnes kr\u0113sls ir veidots t\u0101, lai tas kalpotu ilgu laiku, pateicoties t\u0101 izcilajai kvalit\u0101tei un iztur\u012bbai. Izgatavots, izmantojot augst\u0101k\u0101s kvalit\u0101tes materi\u0101lus, \u0161is kr\u0113sls ir izstr\u0101d\u0101ts t\u0101, lai iztur\u0113tu ikdienas lieto\u0161anu, vienlaikus saglab\u0101jot savu senatn\u012bgo st\u0101vokli. Iztur\u012bgais r\u0101mis nodro\u0161ina uzticamu atbalstu, nodro\u0161inot, ka atzveltnes kr\u0113sls saglab\u0101s savu ide\u0101lo formu daudzus gadus. Uzman\u012bba deta\u013c\u0101m p\u0101rsniedz virsmu ar augstas kvalit\u0101tes komponentiem, kas veicina kr\u0113sla ilgm\u016b\u017e\u012bbu. Izv\u0113loties \u0161o atzveltnes kr\u0113slu, j\u016bs ieguld\u0101t m\u0113bel\u0113, kas apvieno stilu un b\u016bt\u012bbu, pied\u0101v\u0101jot gan ilgsto\u0161u skaistumu, gan nep\u0101rsp\u0113jamu iztur\u012bbu. Izm\u0113ri: 87x90x90 cm.<\/p>\n","protected":false},"excerpt":{"rendered":"<p>Invest\u0113jiet m\u0113bel\u0113s, kas iztur laika p\u0101rbaudi. \u0160is atzveltnes kr\u0113sls ir veidots t\u0101, lai tas kalpotu ilgu laiku, pateicoties t\u0101 izcilajai kvalit\u0101tei un iztur\u012bbai. B\u016bv\u0113ts, izmantojot&#8230;<\/p>\n","protected":false},"featured_media":4971,"comment_status":"open","ping_status":"closed","template":"","meta":[],"product_brand":[],"product_cat":[1391,5513,5525],"product_tag":[],"class_list":{"0":"post-36509","1":"product","2":"type-product","3":"status-publish","4":"has-post-thumbnail","6":"product_cat-atputas-kresls","7":"product_cat-atputas-kresls-kresli-4","8":"product_cat-atzveltnes-kresls-kresli-4","10":"first","11":"instock","12":"shipping-taxable","13":"purchasable","14":"product-type-simple"},"yoast_head":"<!-- This site is optimized with the Yoast SEO plugin v26.0 - https:\/\/yoast.com\/wordpress\/plugins\/seo\/ -->\n<title>Kr\u0113sls ar k\u0101ju balstu<\/title>\n<meta name=\"description\" content=\"Invest\u0113jiet m\u0113bel\u0113s, kas iztur laika p\u0101rbaudi. \u0160is atzveltnes kr\u0113sls ir veidots t\u0101, lai tas kalpotu ilgu laiku, pateicoties t\u0101 izcilajai kvalit\u0101tei un iztur\u012bbai. B\u016bv\u0113ts, izmantojot...\" \/>\n<meta name=\"robots\" content=\"index, follow, max-snippet:-1, max-image-preview:large, max-video-preview:-1\" \/>\n<link rel=\"canonical\" href=\"https:\/\/brilune.eu\/lv\/product\/kresls-ar-kaju-balstu\/\" \/>\n<meta property=\"og:locale\" content=\"lv_LV\" \/>\n<meta property=\"og:type\" content=\"article\" \/>\n<meta property=\"og:title\" content=\"Kr\u0113sls ar k\u0101ju balstu\" \/>\n<meta property=\"og:description\" content=\"Invest\u0113jiet m\u0113bel\u0113s, kas iztur laika p\u0101rbaudi. \u0160is atzveltnes kr\u0113sls ir veidots t\u0101, lai tas kalpotu ilgu laiku, pateicoties t\u0101 izcilajai kvalit\u0101tei un iztur\u012bbai. B\u016bv\u0113ts, izmantojot...\" \/>\n<meta property=\"og:url\" content=\"https:\/\/brilune.eu\/lv\/product\/kresls-ar-kaju-balstu\/\" \/>\n<meta property=\"og:site_name\" content=\"Brilune\" \/>\n<meta property=\"article:modified_time\" content=\"2025-02-19T10:10:51+00:00\" \/>\n<meta property=\"og:image\" content=\"https:\/\/brilune.eu\/wp-content\/uploads\/2025\/01\/7-1-4.jpg\" \/>\n\t<meta property=\"og:image:width\" content=\"800\" \/>\n\t<meta property=\"og:image:height\" content=\"800\" \/>\n\t<meta property=\"og:image:type\" content=\"image\/jpeg\" \/>\n<meta name=\"twitter:card\" content=\"summary_large_image\" \/>\n<meta name=\"twitter:label1\" content=\"Est. reading time\" \/>\n\t<meta name=\"twitter:data1\" content=\"1 minute\" \/>\n<script type=\"application\/ld+json\" class=\"yoast-schema-graph\">{\"@context\":\"https:\/\/schema.org\",\"@graph\":[{\"@type\":\"WebPage\",\"@id\":\"https:\/\/brilune.eu\/lv\/product\/kresls-ar-kaju-balstu\/\",\"url\":\"https:\/\/brilune.eu\/lv\/product\/kresls-ar-kaju-balstu\/\",\"name\":\"Kr\u0113sls ar k\u0101ju balstu\",\"isPartOf\":{\"@id\":\"https:\/\/brilune.eu\/lv\/#website\"},\"primaryImageOfPage\":{\"@id\":\"https:\/\/brilune.eu\/lv\/product\/kresls-ar-kaju-balstu\/#primaryimage\"},\"image\":{\"@id\":\"https:\/\/brilune.eu\/lv\/product\/kresls-ar-kaju-balstu\/#primaryimage\"},\"thumbnailUrl\":\"https:\/\/brilune.eu\/wp-content\/uploads\/2025\/01\/7-1-4.jpg\",\"datePublished\":\"2025-02-19T09:54:51+00:00\",\"dateModified\":\"2025-02-19T10:10:51+00:00\",\"description\":\"Invest\u0113jiet m\u0113bel\u0113s, kas iztur laika p\u0101rbaudi. \u0160is atzveltnes kr\u0113sls ir veidots t\u0101, lai tas kalpotu ilgu laiku, pateicoties t\u0101 izcilajai kvalit\u0101tei un iztur\u012bbai. B\u016bv\u0113ts, izmantojot...\",\"breadcrumb\":{\"@id\":\"https:\/\/brilune.eu\/lv\/product\/kresls-ar-kaju-balstu\/#breadcrumb\"},\"inLanguage\":\"lv-LV\",\"potentialAction\":[{\"@type\":\"ReadAction\",\"target\":[\"https:\/\/brilune.eu\/lv\/product\/kresls-ar-kaju-balstu\/\"]}]},{\"@type\":\"ImageObject\",\"inLanguage\":\"lv-LV\",\"@id\":\"https:\/\/brilune.eu\/lv\/product\/kresls-ar-kaju-balstu\/#primaryimage\",\"url\":\"https:\/\/brilune.eu\/wp-content\/uploads\/2025\/01\/7-1-4.jpg\",\"contentUrl\":\"https:\/\/brilune.eu\/wp-content\/uploads\/2025\/01\/7-1-4.jpg\",\"width\":800,\"height\":800},{\"@type\":\"BreadcrumbList\",\"@id\":\"https:\/\/brilune.eu\/lv\/product\/kresls-ar-kaju-balstu\/#breadcrumb\",\"itemListElement\":[{\"@type\":\"ListItem\",\"position\":1,\"name\":\"S\u0101kums\",\"item\":\"https:\/\/brilune.eu\/lv\/brilune-mebeles\/\"},{\"@type\":\"ListItem\",\"position\":2,\"name\":\"Visi produkti\",\"item\":\"https:\/\/brilune.eu\/lv\/shop\/\"},{\"@type\":\"ListItem\",\"position\":3,\"name\":\"Kr\u0113sls ar k\u0101ju balstu\"}]},{\"@type\":\"WebSite\",\"@id\":\"https:\/\/brilune.eu\/lv\/#website\",\"url\":\"https:\/\/brilune.eu\/lv\/\",\"name\":\"Brilune\",\"description\":\"M\u0113s pied\u0101v\u0101jam unik\u0101lus un nebiju\u0161us dizainus, kas apvieno eleganci, funkcionalit\u0101ti un rado\u0161umu.\",\"potentialAction\":[{\"@type\":\"SearchAction\",\"target\":{\"@type\":\"EntryPoint\",\"urlTemplate\":\"https:\/\/brilune.eu\/lv\/?s={search_term_string}\"},\"query-input\":{\"@type\":\"PropertyValueSpecification\",\"valueRequired\":true,\"valueName\":\"search_term_string\"}}],\"inLanguage\":\"lv-LV\"}]}<\/script>\n<!-- \/ Yoast SEO plugin. -->","yoast_head_json":{"title":"Kr\u0113sls ar k\u0101ju balstu","description":"Invest\u0113jiet m\u0113bel\u0113s, kas iztur laika p\u0101rbaudi. \u0160is atzveltnes kr\u0113sls ir veidots t\u0101, lai tas kalpotu ilgu laiku, pateicoties t\u0101 izcilajai kvalit\u0101tei un iztur\u012bbai. B\u016bv\u0113ts, izmantojot...","robots":{"index":"index","follow":"follow","max-snippet":"max-snippet:-1","max-image-preview":"max-image-preview:large","max-video-preview":"max-video-preview:-1"},"canonical":"https:\/\/brilune.eu\/lv\/product\/kresls-ar-kaju-balstu\/","og_locale":"lv_LV","og_type":"article","og_title":"Kr\u0113sls ar k\u0101ju balstu","og_description":"Invest\u0113jiet m\u0113bel\u0113s, kas iztur laika p\u0101rbaudi. \u0160is atzveltnes kr\u0113sls ir veidots t\u0101, lai tas kalpotu ilgu laiku, pateicoties t\u0101 izcilajai kvalit\u0101tei un iztur\u012bbai. B\u016bv\u0113ts, izmantojot...","og_url":"https:\/\/brilune.eu\/lv\/product\/kresls-ar-kaju-balstu\/","og_site_name":"Brilune","article_modified_time":"2025-02-19T10:10:51+00:00","og_image":[{"width":800,"height":800,"url":"https:\/\/brilune.eu\/wp-content\/uploads\/2025\/01\/7-1-4.jpg","type":"image\/jpeg"}],"twitter_card":"summary_large_image","twitter_misc":{"Est. reading time":"1 minute"},"schema":{"@context":"https:\/\/schema.org","@graph":[{"@type":"WebPage","@id":"https:\/\/brilune.eu\/lv\/product\/kresls-ar-kaju-balstu\/","url":"https:\/\/brilune.eu\/lv\/product\/kresls-ar-kaju-balstu\/","name":"Kr\u0113sls ar k\u0101ju balstu","isPartOf":{"@id":"https:\/\/brilune.eu\/lv\/#website"},"primaryImageOfPage":{"@id":"https:\/\/brilune.eu\/lv\/product\/kresls-ar-kaju-balstu\/#primaryimage"},"image":{"@id":"https:\/\/brilune.eu\/lv\/product\/kresls-ar-kaju-balstu\/#primaryimage"},"thumbnailUrl":"https:\/\/brilune.eu\/wp-content\/uploads\/2025\/01\/7-1-4.jpg","datePublished":"2025-02-19T09:54:51+00:00","dateModified":"2025-02-19T10:10:51+00:00","description":"Invest\u0113jiet m\u0113bel\u0113s, kas iztur laika p\u0101rbaudi. \u0160is atzveltnes kr\u0113sls ir veidots t\u0101, lai tas kalpotu ilgu laiku, pateicoties t\u0101 izcilajai kvalit\u0101tei un iztur\u012bbai. B\u016bv\u0113ts, izmantojot...","breadcrumb":{"@id":"https:\/\/brilune.eu\/lv\/product\/kresls-ar-kaju-balstu\/#breadcrumb"},"inLanguage":"lv-LV","potentialAction":[{"@type":"ReadAction","target":["https:\/\/brilune.eu\/lv\/product\/kresls-ar-kaju-balstu\/"]}]},{"@type":"ImageObject","inLanguage":"lv-LV","@id":"https:\/\/brilune.eu\/lv\/product\/kresls-ar-kaju-balstu\/#primaryimage","url":"https:\/\/brilune.eu\/wp-content\/uploads\/2025\/01\/7-1-4.jpg","contentUrl":"https:\/\/brilune.eu\/wp-content\/uploads\/2025\/01\/7-1-4.jpg","width":800,"height":800},{"@type":"BreadcrumbList","@id":"https:\/\/brilune.eu\/lv\/product\/kresls-ar-kaju-balstu\/#breadcrumb","itemListElement":[{"@type":"ListItem","position":1,"name":"S\u0101kums","item":"https:\/\/brilune.eu\/lv\/brilune-mebeles\/"},{"@type":"ListItem","position":2,"name":"Visi produkti","item":"https:\/\/brilune.eu\/lv\/shop\/"},{"@type":"ListItem","position":3,"name":"Kr\u0113sls ar k\u0101ju balstu"}]},{"@type":"WebSite","@id":"https:\/\/brilune.eu\/lv\/#website","url":"https:\/\/brilune.eu\/lv\/","name":"Brilune","description":"M\u0113s pied\u0101v\u0101jam unik\u0101lus un nebiju\u0161us dizainus, kas apvieno eleganci, funkcionalit\u0101ti un rado\u0161umu.","potentialAction":[{"@type":"SearchAction","target":{"@type":"EntryPoint","urlTemplate":"https:\/\/brilune.eu\/lv\/?s={search_term_string}"},"query-input":{"@type":"PropertyValueSpecification","valueRequired":true,"valueName":"search_term_string"}}],"inLanguage":"lv-LV"}]}},"jetpack_sharing_enabled":true,"_links":{"self":[{"href":"https:\/\/brilune.eu\/lv\/wp-json\/wp\/v2\/product\/36509","targetHints":{"allow":["GET"]}}],"collection":[{"href":"https:\/\/brilune.eu\/lv\/wp-json\/wp\/v2\/product"}],"about":[{"href":"https:\/\/brilune.eu\/lv\/wp-json\/wp\/v2\/types\/product"}],"replies":[{"embeddable":true,"href":"https:\/\/brilune.eu\/lv\/wp-json\/wp\/v2\/comments?post=36509"}],"version-history":[{"count":1,"href":"https:\/\/brilune.eu\/lv\/wp-json\/wp\/v2\/product\/36509\/revisions"}],"predecessor-version":[{"id":36555,"href":"https:\/\/brilune.eu\/lv\/wp-json\/wp\/v2\/product\/36509\/revisions\/36555"}],"wp:featuredmedia":[{"embeddable":true,"href":"https:\/\/brilune.eu\/lv\/wp-json\/wp\/v2\/media\/4971"}],"wp:attachment":[{"href":"https:\/\/brilune.eu\/lv\/wp-json\/wp\/v2\/media?parent=36509"}],"wp:term":[{"taxonomy":"product_brand","embeddable":true,"href":"https:\/\/brilune.eu\/lv\/wp-json\/wp\/v2\/product_brand?post=36509"},{"taxonomy":"product_cat","embeddable":true,"href":"https:\/\/brilune.eu\/lv\/wp-json\/wp\/v2\/product_cat?post=36509"},{"taxonomy":"product_tag","embeddable":true,"href":"https:\/\/brilune.eu\/lv\/wp-json\/wp\/v2\/product_tag?post=36509"}],"curies":[{"name":"wp","href":"https:\/\/api.w.org\/{rel}","templated":true}]}}