{"id":36506,"date":"2025-02-19T11:54:51","date_gmt":"2025-02-19T09:54:51","guid":{"rendered":"https:\/\/brilune.eu\/?post_type=product&#038;p=36506"},"modified":"2025-02-19T12:10:49","modified_gmt":"2025-02-19T10:10:49","slug":"adas-kresls-ar-atzveltni","status":"publish","type":"product","link":"https:\/\/brilune.eu\/lv\/product\/adas-kresls-ar-atzveltni\/","title":{"rendered":"\u0100das kr\u0113sls ar atzveltni"},"content":{"rendered":"<p>Iepaz\u012bstin\u0101m ar viesistabas kr\u0113slu, izcilu grezn\u012bbas, komforta un stila kombin\u0101ciju. \u0160is satrieco\u0161ais kr\u0113sls ir izgatavots no augstas kvalit\u0101tes materi\u0101liem ar augst\u0101k\u0101s kvalit\u0101tes \u0101das apdari, kas izstaro eleganci un izsmalcin\u0101t\u012bbu. Dz\u012bvojam\u0101s istabas kr\u0113slam ir atzveltne, kas ir lieliski piem\u0113rota atp\u016btai p\u0113c garas dienas, \u0146emot v\u0113r\u0101 j\u016bsu komfortu. Roku balsti ir ar\u012b polster\u0113ti, lai nodro\u0161in\u0101tu papildu komfortu, padarot \u0161o atzveltnes kr\u0113slu par ide\u0101lu vietu, kur saritin\u0101ties ar labu gr\u0101matu vai skat\u012bties savu iecien\u012bt\u0101ko TV \u0161ovu. \u0160\u012b atzveltnes kr\u0113sla m\u016b\u017e\u012bgais dizains padara to par daudzpus\u012bgu papildin\u0101jumu jebkurai viesistabai neatkar\u012bgi no t\u0101, vai jums ir moderns vai klasisks interjers. Iztur\u012bgais koka r\u0101mis un iztur\u012bg\u0101 \u0101das apdare nodro\u0161ina, ka \u0161is kr\u0113sls kalpos gadiem ilgi, padarot to par lielisku ieguld\u012bjumu j\u016bsu m\u0101j\u0101s. Dz\u012bvojam\u0101s istabas kr\u0113sla \u0101da ir grezn\u012bbas un komforta iemiesojums. Ar savu gludo un izsmalcin\u0101to dizainu jums patiks, k\u0101 tas pie\u0161\u0137ir j\u016bsu dz\u012bves telpai elegances piesk\u0101rienu, vienlaikus nodro\u0161inot jums perfektu vietu atp\u016btai un relaks\u0101cijai. Izm\u0113ri: 80x80x79 cm.<\/p>\n","protected":false},"excerpt":{"rendered":"<p>Iepaz\u012bstin\u0101m ar viesistabas kr\u0113slu, izcilu grezn\u012bbas, komforta un stila kombin\u0101ciju. \u0160is satrieco\u0161ais atzveltnes kr\u0113sls ir izgatavots no augstas kvalit\u0101tes materi\u0101liem ar izcilu&#8230;<\/p>\n","protected":false},"featured_media":4955,"comment_status":"open","ping_status":"closed","template":"","meta":[],"product_brand":[],"product_cat":[1391,5513],"product_tag":[],"class_list":{"0":"post-36506","1":"product","2":"type-product","3":"status-publish","4":"has-post-thumbnail","6":"product_cat-atputas-kresls","7":"product_cat-atputas-kresls-kresli-4","9":"first","10":"instock","11":"shipping-taxable","12":"purchasable","13":"product-type-simple"},"yoast_head":"<!-- This site is optimized with the Yoast SEO plugin v26.0 - https:\/\/yoast.com\/wordpress\/plugins\/seo\/ -->\n<title>\u0100das kr\u0113sls ar atzveltni<\/title>\n<meta name=\"description\" content=\"Iepaz\u012bstin\u0101m ar viesistabas kr\u0113slu, izcilu grezn\u012bbas, komforta un stila kombin\u0101ciju. \u0160is satrieco\u0161ais atzveltnes kr\u0113sls ir izgatavots no augstas kvalit\u0101tes materi\u0101liem ar izcilu...\" \/>\n<meta name=\"robots\" content=\"index, follow, max-snippet:-1, max-image-preview:large, max-video-preview:-1\" \/>\n<link rel=\"canonical\" href=\"https:\/\/brilune.eu\/lv\/product\/adas-kresls-ar-atzveltni\/\" \/>\n<meta property=\"og:locale\" content=\"lv_LV\" \/>\n<meta property=\"og:type\" content=\"article\" \/>\n<meta property=\"og:title\" content=\"\u0100das kr\u0113sls ar atzveltni\" \/>\n<meta property=\"og:description\" content=\"Iepaz\u012bstin\u0101m ar viesistabas kr\u0113slu, izcilu grezn\u012bbas, komforta un stila kombin\u0101ciju. \u0160is satrieco\u0161ais atzveltnes kr\u0113sls ir izgatavots no augstas kvalit\u0101tes materi\u0101liem ar izcilu...\" \/>\n<meta property=\"og:url\" content=\"https:\/\/brilune.eu\/lv\/product\/adas-kresls-ar-atzveltni\/\" \/>\n<meta property=\"og:site_name\" content=\"Brilune\" \/>\n<meta property=\"article:modified_time\" content=\"2025-02-19T10:10:49+00:00\" \/>\n<meta property=\"og:image\" content=\"https:\/\/brilune.eu\/wp-content\/uploads\/2025\/01\/26.jpg\" \/>\n\t<meta property=\"og:image:width\" content=\"800\" \/>\n\t<meta property=\"og:image:height\" content=\"800\" \/>\n\t<meta property=\"og:image:type\" content=\"image\/jpeg\" \/>\n<meta name=\"twitter:card\" content=\"summary_large_image\" \/>\n<meta name=\"twitter:label1\" content=\"Est. reading time\" \/>\n\t<meta name=\"twitter:data1\" content=\"1 minute\" \/>\n<script type=\"application\/ld+json\" class=\"yoast-schema-graph\">{\"@context\":\"https:\/\/schema.org\",\"@graph\":[{\"@type\":\"WebPage\",\"@id\":\"https:\/\/brilune.eu\/lv\/product\/adas-kresls-ar-atzveltni\/\",\"url\":\"https:\/\/brilune.eu\/lv\/product\/adas-kresls-ar-atzveltni\/\",\"name\":\"\u0100das kr\u0113sls ar atzveltni\",\"isPartOf\":{\"@id\":\"https:\/\/brilune.eu\/lv\/#website\"},\"primaryImageOfPage\":{\"@id\":\"https:\/\/brilune.eu\/lv\/product\/adas-kresls-ar-atzveltni\/#primaryimage\"},\"image\":{\"@id\":\"https:\/\/brilune.eu\/lv\/product\/adas-kresls-ar-atzveltni\/#primaryimage\"},\"thumbnailUrl\":\"https:\/\/brilune.eu\/wp-content\/uploads\/2025\/01\/26.jpg\",\"datePublished\":\"2025-02-19T09:54:51+00:00\",\"dateModified\":\"2025-02-19T10:10:49+00:00\",\"description\":\"Iepaz\u012bstin\u0101m ar viesistabas kr\u0113slu, izcilu grezn\u012bbas, komforta un stila kombin\u0101ciju. \u0160is satrieco\u0161ais atzveltnes kr\u0113sls ir izgatavots no augstas kvalit\u0101tes materi\u0101liem ar izcilu...\",\"breadcrumb\":{\"@id\":\"https:\/\/brilune.eu\/lv\/product\/adas-kresls-ar-atzveltni\/#breadcrumb\"},\"inLanguage\":\"lv-LV\",\"potentialAction\":[{\"@type\":\"ReadAction\",\"target\":[\"https:\/\/brilune.eu\/lv\/product\/adas-kresls-ar-atzveltni\/\"]}]},{\"@type\":\"ImageObject\",\"inLanguage\":\"lv-LV\",\"@id\":\"https:\/\/brilune.eu\/lv\/product\/adas-kresls-ar-atzveltni\/#primaryimage\",\"url\":\"https:\/\/brilune.eu\/wp-content\/uploads\/2025\/01\/26.jpg\",\"contentUrl\":\"https:\/\/brilune.eu\/wp-content\/uploads\/2025\/01\/26.jpg\",\"width\":800,\"height\":800},{\"@type\":\"BreadcrumbList\",\"@id\":\"https:\/\/brilune.eu\/lv\/product\/adas-kresls-ar-atzveltni\/#breadcrumb\",\"itemListElement\":[{\"@type\":\"ListItem\",\"position\":1,\"name\":\"S\u0101kums\",\"item\":\"https:\/\/brilune.eu\/lv\/brilune-mebeles\/\"},{\"@type\":\"ListItem\",\"position\":2,\"name\":\"Visi produkti\",\"item\":\"https:\/\/brilune.eu\/lv\/shop\/\"},{\"@type\":\"ListItem\",\"position\":3,\"name\":\"\u0100das kr\u0113sls ar atzveltni\"}]},{\"@type\":\"WebSite\",\"@id\":\"https:\/\/brilune.eu\/lv\/#website\",\"url\":\"https:\/\/brilune.eu\/lv\/\",\"name\":\"Brilune\",\"description\":\"M\u0113s pied\u0101v\u0101jam unik\u0101lus un nebiju\u0161us dizainus, kas apvieno eleganci, funkcionalit\u0101ti un rado\u0161umu.\",\"potentialAction\":[{\"@type\":\"SearchAction\",\"target\":{\"@type\":\"EntryPoint\",\"urlTemplate\":\"https:\/\/brilune.eu\/lv\/?s={search_term_string}\"},\"query-input\":{\"@type\":\"PropertyValueSpecification\",\"valueRequired\":true,\"valueName\":\"search_term_string\"}}],\"inLanguage\":\"lv-LV\"}]}<\/script>\n<!-- \/ Yoast SEO plugin. -->","yoast_head_json":{"title":"\u0100das kr\u0113sls ar atzveltni","description":"Iepaz\u012bstin\u0101m ar viesistabas kr\u0113slu, izcilu grezn\u012bbas, komforta un stila kombin\u0101ciju. \u0160is satrieco\u0161ais atzveltnes kr\u0113sls ir izgatavots no augstas kvalit\u0101tes materi\u0101liem ar izcilu...","robots":{"index":"index","follow":"follow","max-snippet":"max-snippet:-1","max-image-preview":"max-image-preview:large","max-video-preview":"max-video-preview:-1"},"canonical":"https:\/\/brilune.eu\/lv\/product\/adas-kresls-ar-atzveltni\/","og_locale":"lv_LV","og_type":"article","og_title":"\u0100das kr\u0113sls ar atzveltni","og_description":"Iepaz\u012bstin\u0101m ar viesistabas kr\u0113slu, izcilu grezn\u012bbas, komforta un stila kombin\u0101ciju. \u0160is satrieco\u0161ais atzveltnes kr\u0113sls ir izgatavots no augstas kvalit\u0101tes materi\u0101liem ar izcilu...","og_url":"https:\/\/brilune.eu\/lv\/product\/adas-kresls-ar-atzveltni\/","og_site_name":"Brilune","article_modified_time":"2025-02-19T10:10:49+00:00","og_image":[{"width":800,"height":800,"url":"https:\/\/brilune.eu\/wp-content\/uploads\/2025\/01\/26.jpg","type":"image\/jpeg"}],"twitter_card":"summary_large_image","twitter_misc":{"Est. reading time":"1 minute"},"schema":{"@context":"https:\/\/schema.org","@graph":[{"@type":"WebPage","@id":"https:\/\/brilune.eu\/lv\/product\/adas-kresls-ar-atzveltni\/","url":"https:\/\/brilune.eu\/lv\/product\/adas-kresls-ar-atzveltni\/","name":"\u0100das kr\u0113sls ar atzveltni","isPartOf":{"@id":"https:\/\/brilune.eu\/lv\/#website"},"primaryImageOfPage":{"@id":"https:\/\/brilune.eu\/lv\/product\/adas-kresls-ar-atzveltni\/#primaryimage"},"image":{"@id":"https:\/\/brilune.eu\/lv\/product\/adas-kresls-ar-atzveltni\/#primaryimage"},"thumbnailUrl":"https:\/\/brilune.eu\/wp-content\/uploads\/2025\/01\/26.jpg","datePublished":"2025-02-19T09:54:51+00:00","dateModified":"2025-02-19T10:10:49+00:00","description":"Iepaz\u012bstin\u0101m ar viesistabas kr\u0113slu, izcilu grezn\u012bbas, komforta un stila kombin\u0101ciju. \u0160is satrieco\u0161ais atzveltnes kr\u0113sls ir izgatavots no augstas kvalit\u0101tes materi\u0101liem ar izcilu...","breadcrumb":{"@id":"https:\/\/brilune.eu\/lv\/product\/adas-kresls-ar-atzveltni\/#breadcrumb"},"inLanguage":"lv-LV","potentialAction":[{"@type":"ReadAction","target":["https:\/\/brilune.eu\/lv\/product\/adas-kresls-ar-atzveltni\/"]}]},{"@type":"ImageObject","inLanguage":"lv-LV","@id":"https:\/\/brilune.eu\/lv\/product\/adas-kresls-ar-atzveltni\/#primaryimage","url":"https:\/\/brilune.eu\/wp-content\/uploads\/2025\/01\/26.jpg","contentUrl":"https:\/\/brilune.eu\/wp-content\/uploads\/2025\/01\/26.jpg","width":800,"height":800},{"@type":"BreadcrumbList","@id":"https:\/\/brilune.eu\/lv\/product\/adas-kresls-ar-atzveltni\/#breadcrumb","itemListElement":[{"@type":"ListItem","position":1,"name":"S\u0101kums","item":"https:\/\/brilune.eu\/lv\/brilune-mebeles\/"},{"@type":"ListItem","position":2,"name":"Visi produkti","item":"https:\/\/brilune.eu\/lv\/shop\/"},{"@type":"ListItem","position":3,"name":"\u0100das kr\u0113sls ar atzveltni"}]},{"@type":"WebSite","@id":"https:\/\/brilune.eu\/lv\/#website","url":"https:\/\/brilune.eu\/lv\/","name":"Brilune","description":"M\u0113s pied\u0101v\u0101jam unik\u0101lus un nebiju\u0161us dizainus, kas apvieno eleganci, funkcionalit\u0101ti un rado\u0161umu.","potentialAction":[{"@type":"SearchAction","target":{"@type":"EntryPoint","urlTemplate":"https:\/\/brilune.eu\/lv\/?s={search_term_string}"},"query-input":{"@type":"PropertyValueSpecification","valueRequired":true,"valueName":"search_term_string"}}],"inLanguage":"lv-LV"}]}},"jetpack_sharing_enabled":true,"_links":{"self":[{"href":"https:\/\/brilune.eu\/lv\/wp-json\/wp\/v2\/product\/36506","targetHints":{"allow":["GET"]}}],"collection":[{"href":"https:\/\/brilune.eu\/lv\/wp-json\/wp\/v2\/product"}],"about":[{"href":"https:\/\/brilune.eu\/lv\/wp-json\/wp\/v2\/types\/product"}],"replies":[{"embeddable":true,"href":"https:\/\/brilune.eu\/lv\/wp-json\/wp\/v2\/comments?post=36506"}],"version-history":[{"count":1,"href":"https:\/\/brilune.eu\/lv\/wp-json\/wp\/v2\/product\/36506\/revisions"}],"predecessor-version":[{"id":36552,"href":"https:\/\/brilune.eu\/lv\/wp-json\/wp\/v2\/product\/36506\/revisions\/36552"}],"wp:featuredmedia":[{"embeddable":true,"href":"https:\/\/brilune.eu\/lv\/wp-json\/wp\/v2\/media\/4955"}],"wp:attachment":[{"href":"https:\/\/brilune.eu\/lv\/wp-json\/wp\/v2\/media?parent=36506"}],"wp:term":[{"taxonomy":"product_brand","embeddable":true,"href":"https:\/\/brilune.eu\/lv\/wp-json\/wp\/v2\/product_brand?post=36506"},{"taxonomy":"product_cat","embeddable":true,"href":"https:\/\/brilune.eu\/lv\/wp-json\/wp\/v2\/product_cat?post=36506"},{"taxonomy":"product_tag","embeddable":true,"href":"https:\/\/brilune.eu\/lv\/wp-json\/wp\/v2\/product_tag?post=36506"}],"curies":[{"name":"wp","href":"https:\/\/api.w.org\/{rel}","templated":true}]}}