{"id":36503,"date":"2025-02-19T11:54:50","date_gmt":"2025-02-19T09:54:50","guid":{"rendered":"https:\/\/brilune.eu\/?post_type=product&#038;p=36503"},"modified":"2025-02-19T12:10:46","modified_gmt":"2025-02-19T10:10:46","slug":"atputas-kresls-5","status":"publish","type":"product","link":"https:\/\/brilune.eu\/lv\/product\/atputas-kresls-5\/","title":{"rendered":"Atp\u016btas kr\u0113sls"},"content":{"rendered":"<p>Iegrimst m\u012bkstaj\u0101 kr\u0113sl\u0101 un izbaudi nep\u0101rsp\u0113jamu komfortu. Izgatavots no lab\u0101kajiem materi\u0101liem, \u0161is atzveltnes kr\u0113sls nodro\u0161ina debe\u0161\u0137\u012bgu s\u0113dvietu. Augsta bl\u012bvuma putu polster\u0113jums atbalsta j\u016bsu \u0137ermeni, pied\u0101v\u0101jot optim\u0101lu relaks\u0101ciju. Neatkar\u012bgi no t\u0101, vai j\u016bs baud\u0101t labu gr\u0101matu, skat\u0101ties filmu vai vienk\u0101r\u0161i atp\u016b\u0161aties p\u0113c garas dienas, \u0161is atzveltnes kr\u0113sls ap\u0146ems j\u016bs ar t\u012bru komfortu. Izm\u0113ri: 70x79x75 cm.<\/p>\n","protected":false},"excerpt":{"rendered":"<p>Iegrimst m\u012bkstaj\u0101 kr\u0113sl\u0101 un izbaudi nep\u0101rsp\u0113jamu komfortu. Izgatavots no lab\u0101kajiem materi\u0101liem, \u0161is atzveltnes kr\u0113sls nodro\u0161ina debe\u0161\u0137\u012bgu s\u0113dvietu. Augsta bl\u012bvuma putas&#8230;<\/p>\n","protected":false},"featured_media":4942,"comment_status":"open","ping_status":"closed","template":"","meta":[],"product_brand":[],"product_cat":[1480,5523,5513],"product_tag":[],"class_list":{"0":"post-36503","1":"product","2":"type-product","3":"status-publish","4":"has-post-thumbnail","6":"product_cat-accent-chair-kresli","7":"product_cat-accent-chair-kresli-4","8":"product_cat-atputas-kresls-kresli-4","10":"first","11":"instock","12":"shipping-taxable","13":"purchasable","14":"product-type-simple"},"yoast_head":"<!-- This site is optimized with the Yoast SEO plugin v26.0 - https:\/\/yoast.com\/wordpress\/plugins\/seo\/ -->\n<title>Atp\u016btas kr\u0113sls<\/title>\n<meta name=\"description\" content=\"Iegrimst m\u012bkstaj\u0101 kr\u0113sl\u0101 un izbaudi nep\u0101rsp\u0113jamu komfortu. Izgatavots no lab\u0101kajiem materi\u0101liem, \u0161is atzveltnes kr\u0113sls nodro\u0161ina debe\u0161\u0137\u012bgu s\u0113dvietu. Augsta bl\u012bvuma putas...\" \/>\n<meta name=\"robots\" content=\"index, follow, max-snippet:-1, max-image-preview:large, max-video-preview:-1\" \/>\n<link rel=\"canonical\" href=\"https:\/\/brilune.eu\/lv\/product\/atputas-kresls-5\/\" \/>\n<meta property=\"og:locale\" content=\"lv_LV\" \/>\n<meta property=\"og:type\" content=\"article\" \/>\n<meta property=\"og:title\" content=\"Atp\u016btas kr\u0113sls\" \/>\n<meta property=\"og:description\" content=\"Iegrimst m\u012bkstaj\u0101 kr\u0113sl\u0101 un izbaudi nep\u0101rsp\u0113jamu komfortu. Izgatavots no lab\u0101kajiem materi\u0101liem, \u0161is atzveltnes kr\u0113sls nodro\u0161ina debe\u0161\u0137\u012bgu s\u0113dvietu. Augsta bl\u012bvuma putas...\" \/>\n<meta property=\"og:url\" content=\"https:\/\/brilune.eu\/lv\/product\/atputas-kresls-5\/\" \/>\n<meta property=\"og:site_name\" content=\"Brilune\" \/>\n<meta property=\"article:modified_time\" content=\"2025-02-19T10:10:46+00:00\" \/>\n<meta property=\"og:image\" content=\"https:\/\/brilune.eu\/wp-content\/uploads\/2025\/01\/5-8-1.jpg\" \/>\n\t<meta property=\"og:image:width\" content=\"800\" \/>\n\t<meta property=\"og:image:height\" content=\"800\" \/>\n\t<meta property=\"og:image:type\" content=\"image\/jpeg\" \/>\n<meta name=\"twitter:card\" content=\"summary_large_image\" \/>\n<script type=\"application\/ld+json\" class=\"yoast-schema-graph\">{\"@context\":\"https:\/\/schema.org\",\"@graph\":[{\"@type\":\"WebPage\",\"@id\":\"https:\/\/brilune.eu\/lv\/product\/atputas-kresls-5\/\",\"url\":\"https:\/\/brilune.eu\/lv\/product\/atputas-kresls-5\/\",\"name\":\"Atp\u016btas kr\u0113sls\",\"isPartOf\":{\"@id\":\"https:\/\/brilune.eu\/lv\/#website\"},\"primaryImageOfPage\":{\"@id\":\"https:\/\/brilune.eu\/lv\/product\/atputas-kresls-5\/#primaryimage\"},\"image\":{\"@id\":\"https:\/\/brilune.eu\/lv\/product\/atputas-kresls-5\/#primaryimage\"},\"thumbnailUrl\":\"https:\/\/brilune.eu\/wp-content\/uploads\/2025\/01\/5-8-1.jpg\",\"datePublished\":\"2025-02-19T09:54:50+00:00\",\"dateModified\":\"2025-02-19T10:10:46+00:00\",\"description\":\"Iegrimst m\u012bkstaj\u0101 kr\u0113sl\u0101 un izbaudi nep\u0101rsp\u0113jamu komfortu. Izgatavots no lab\u0101kajiem materi\u0101liem, \u0161is atzveltnes kr\u0113sls nodro\u0161ina debe\u0161\u0137\u012bgu s\u0113dvietu. Augsta bl\u012bvuma putas...\",\"breadcrumb\":{\"@id\":\"https:\/\/brilune.eu\/lv\/product\/atputas-kresls-5\/#breadcrumb\"},\"inLanguage\":\"lv-LV\",\"potentialAction\":[{\"@type\":\"ReadAction\",\"target\":[\"https:\/\/brilune.eu\/lv\/product\/atputas-kresls-5\/\"]}]},{\"@type\":\"ImageObject\",\"inLanguage\":\"lv-LV\",\"@id\":\"https:\/\/brilune.eu\/lv\/product\/atputas-kresls-5\/#primaryimage\",\"url\":\"https:\/\/brilune.eu\/wp-content\/uploads\/2025\/01\/5-8-1.jpg\",\"contentUrl\":\"https:\/\/brilune.eu\/wp-content\/uploads\/2025\/01\/5-8-1.jpg\",\"width\":800,\"height\":800},{\"@type\":\"BreadcrumbList\",\"@id\":\"https:\/\/brilune.eu\/lv\/product\/atputas-kresls-5\/#breadcrumb\",\"itemListElement\":[{\"@type\":\"ListItem\",\"position\":1,\"name\":\"S\u0101kums\",\"item\":\"https:\/\/brilune.eu\/lv\/brilune-mebeles\/\"},{\"@type\":\"ListItem\",\"position\":2,\"name\":\"Visi produkti\",\"item\":\"https:\/\/brilune.eu\/lv\/shop\/\"},{\"@type\":\"ListItem\",\"position\":3,\"name\":\"Atp\u016btas kr\u0113sls\"}]},{\"@type\":\"WebSite\",\"@id\":\"https:\/\/brilune.eu\/lv\/#website\",\"url\":\"https:\/\/brilune.eu\/lv\/\",\"name\":\"Brilune\",\"description\":\"M\u0113s pied\u0101v\u0101jam unik\u0101lus un nebiju\u0161us dizainus, kas apvieno eleganci, funkcionalit\u0101ti un rado\u0161umu.\",\"potentialAction\":[{\"@type\":\"SearchAction\",\"target\":{\"@type\":\"EntryPoint\",\"urlTemplate\":\"https:\/\/brilune.eu\/lv\/?s={search_term_string}\"},\"query-input\":{\"@type\":\"PropertyValueSpecification\",\"valueRequired\":true,\"valueName\":\"search_term_string\"}}],\"inLanguage\":\"lv-LV\"}]}<\/script>\n<!-- \/ Yoast SEO plugin. -->","yoast_head_json":{"title":"Atp\u016btas kr\u0113sls","description":"Iegrimst m\u012bkstaj\u0101 kr\u0113sl\u0101 un izbaudi nep\u0101rsp\u0113jamu komfortu. Izgatavots no lab\u0101kajiem materi\u0101liem, \u0161is atzveltnes kr\u0113sls nodro\u0161ina debe\u0161\u0137\u012bgu s\u0113dvietu. Augsta bl\u012bvuma putas...","robots":{"index":"index","follow":"follow","max-snippet":"max-snippet:-1","max-image-preview":"max-image-preview:large","max-video-preview":"max-video-preview:-1"},"canonical":"https:\/\/brilune.eu\/lv\/product\/atputas-kresls-5\/","og_locale":"lv_LV","og_type":"article","og_title":"Atp\u016btas kr\u0113sls","og_description":"Iegrimst m\u012bkstaj\u0101 kr\u0113sl\u0101 un izbaudi nep\u0101rsp\u0113jamu komfortu. Izgatavots no lab\u0101kajiem materi\u0101liem, \u0161is atzveltnes kr\u0113sls nodro\u0161ina debe\u0161\u0137\u012bgu s\u0113dvietu. Augsta bl\u012bvuma putas...","og_url":"https:\/\/brilune.eu\/lv\/product\/atputas-kresls-5\/","og_site_name":"Brilune","article_modified_time":"2025-02-19T10:10:46+00:00","og_image":[{"width":800,"height":800,"url":"https:\/\/brilune.eu\/wp-content\/uploads\/2025\/01\/5-8-1.jpg","type":"image\/jpeg"}],"twitter_card":"summary_large_image","schema":{"@context":"https:\/\/schema.org","@graph":[{"@type":"WebPage","@id":"https:\/\/brilune.eu\/lv\/product\/atputas-kresls-5\/","url":"https:\/\/brilune.eu\/lv\/product\/atputas-kresls-5\/","name":"Atp\u016btas kr\u0113sls","isPartOf":{"@id":"https:\/\/brilune.eu\/lv\/#website"},"primaryImageOfPage":{"@id":"https:\/\/brilune.eu\/lv\/product\/atputas-kresls-5\/#primaryimage"},"image":{"@id":"https:\/\/brilune.eu\/lv\/product\/atputas-kresls-5\/#primaryimage"},"thumbnailUrl":"https:\/\/brilune.eu\/wp-content\/uploads\/2025\/01\/5-8-1.jpg","datePublished":"2025-02-19T09:54:50+00:00","dateModified":"2025-02-19T10:10:46+00:00","description":"Iegrimst m\u012bkstaj\u0101 kr\u0113sl\u0101 un izbaudi nep\u0101rsp\u0113jamu komfortu. Izgatavots no lab\u0101kajiem materi\u0101liem, \u0161is atzveltnes kr\u0113sls nodro\u0161ina debe\u0161\u0137\u012bgu s\u0113dvietu. Augsta bl\u012bvuma putas...","breadcrumb":{"@id":"https:\/\/brilune.eu\/lv\/product\/atputas-kresls-5\/#breadcrumb"},"inLanguage":"lv-LV","potentialAction":[{"@type":"ReadAction","target":["https:\/\/brilune.eu\/lv\/product\/atputas-kresls-5\/"]}]},{"@type":"ImageObject","inLanguage":"lv-LV","@id":"https:\/\/brilune.eu\/lv\/product\/atputas-kresls-5\/#primaryimage","url":"https:\/\/brilune.eu\/wp-content\/uploads\/2025\/01\/5-8-1.jpg","contentUrl":"https:\/\/brilune.eu\/wp-content\/uploads\/2025\/01\/5-8-1.jpg","width":800,"height":800},{"@type":"BreadcrumbList","@id":"https:\/\/brilune.eu\/lv\/product\/atputas-kresls-5\/#breadcrumb","itemListElement":[{"@type":"ListItem","position":1,"name":"S\u0101kums","item":"https:\/\/brilune.eu\/lv\/brilune-mebeles\/"},{"@type":"ListItem","position":2,"name":"Visi produkti","item":"https:\/\/brilune.eu\/lv\/shop\/"},{"@type":"ListItem","position":3,"name":"Atp\u016btas kr\u0113sls"}]},{"@type":"WebSite","@id":"https:\/\/brilune.eu\/lv\/#website","url":"https:\/\/brilune.eu\/lv\/","name":"Brilune","description":"M\u0113s pied\u0101v\u0101jam unik\u0101lus un nebiju\u0161us dizainus, kas apvieno eleganci, funkcionalit\u0101ti un rado\u0161umu.","potentialAction":[{"@type":"SearchAction","target":{"@type":"EntryPoint","urlTemplate":"https:\/\/brilune.eu\/lv\/?s={search_term_string}"},"query-input":{"@type":"PropertyValueSpecification","valueRequired":true,"valueName":"search_term_string"}}],"inLanguage":"lv-LV"}]}},"jetpack_sharing_enabled":true,"_links":{"self":[{"href":"https:\/\/brilune.eu\/lv\/wp-json\/wp\/v2\/product\/36503","targetHints":{"allow":["GET"]}}],"collection":[{"href":"https:\/\/brilune.eu\/lv\/wp-json\/wp\/v2\/product"}],"about":[{"href":"https:\/\/brilune.eu\/lv\/wp-json\/wp\/v2\/types\/product"}],"replies":[{"embeddable":true,"href":"https:\/\/brilune.eu\/lv\/wp-json\/wp\/v2\/comments?post=36503"}],"version-history":[{"count":1,"href":"https:\/\/brilune.eu\/lv\/wp-json\/wp\/v2\/product\/36503\/revisions"}],"predecessor-version":[{"id":36549,"href":"https:\/\/brilune.eu\/lv\/wp-json\/wp\/v2\/product\/36503\/revisions\/36549"}],"wp:featuredmedia":[{"embeddable":true,"href":"https:\/\/brilune.eu\/lv\/wp-json\/wp\/v2\/media\/4942"}],"wp:attachment":[{"href":"https:\/\/brilune.eu\/lv\/wp-json\/wp\/v2\/media?parent=36503"}],"wp:term":[{"taxonomy":"product_brand","embeddable":true,"href":"https:\/\/brilune.eu\/lv\/wp-json\/wp\/v2\/product_brand?post=36503"},{"taxonomy":"product_cat","embeddable":true,"href":"https:\/\/brilune.eu\/lv\/wp-json\/wp\/v2\/product_cat?post=36503"},{"taxonomy":"product_tag","embeddable":true,"href":"https:\/\/brilune.eu\/lv\/wp-json\/wp\/v2\/product_tag?post=36503"}],"curies":[{"name":"wp","href":"https:\/\/api.w.org\/{rel}","templated":true}]}}