{"id":36450,"date":"2025-02-19T11:54:01","date_gmt":"2025-02-19T09:54:01","guid":{"rendered":"https:\/\/brilune.eu\/?post_type=product&#038;p=36450"},"modified":"2025-02-19T12:10:35","modified_gmt":"2025-02-19T10:10:35","slug":"edamistabas-kresls-ar-atzveltni","status":"publish","type":"product","link":"https:\/\/brilune.eu\/lv\/product\/edamistabas-kresls-ar-atzveltni\/","title":{"rendered":"\u0112damistabas kr\u0113sls ar atzveltni"},"content":{"rendered":"<p>Virtuves kr\u0113sls &#8211; stil\u012bgs un moderns modelis. Mode\u013ca lielisk\u0101 kvalit\u0101te un vieglums pie\u0161\u0137irs j\u016bsu interjeram izsmalcin\u0101t\u012bbu un skaistumu, un videi draudz\u012bgie materi\u0101li, no kuriem izgatavotas m\u0113beles, b\u016bs dro\u0161i jums un j\u016bsu \u0123imenei. Produktam ir pievienota detaliz\u0113ta instrukcija un visas deta\u013cas, kas \u013cauj bez liel\u0101m gr\u016bt\u012bb\u0101m to salikt pa\u0161am. Ergonomisks s\u0113deklis, pildviela ir poliuret\u0101na putas, k\u0101jas izgatavotas no pulverkr\u0101sota met\u0101la, k\u0101j\u0101m ir plastmasas spilventi\u0146i, lai aizsarg\u0101tu gr\u012bdas, ieteicam\u0101 maksim\u0101l\u0101 slodze nav liel\u0101ka par 120 kg. Izm\u0113ri: 46x46x90 cm.<\/p>\n","protected":false},"excerpt":{"rendered":"<p>Virtuves kr\u0113sls &#8211; stil\u012bgs un moderns modelis. Mode\u013ca lielisk\u0101 kvalit\u0101te un vieglums pie\u0161\u0137irs j\u016bsu interjeram izsmalcin\u0101t\u012bbu un skaistumu, un apk\u0101rt\u0113jai&#8230;<\/p>\n","protected":false},"featured_media":4831,"comment_status":"open","ping_status":"closed","template":"","meta":[],"product_brand":[],"product_cat":[1517,5520],"product_tag":[],"class_list":{"0":"post-36450","1":"product","2":"type-product","3":"status-publish","4":"has-post-thumbnail","6":"product_cat-edamistabas-kresli-kresli-2","7":"product_cat-edamistabas-kresls-kresli-4","9":"first","10":"instock","11":"shipping-taxable","12":"purchasable","13":"product-type-simple"},"yoast_head":"<!-- This site is optimized with the Yoast SEO plugin v26.0 - https:\/\/yoast.com\/wordpress\/plugins\/seo\/ -->\n<title>\u0112damistabas kr\u0113sls ar atzveltni<\/title>\n<meta name=\"description\" content=\"Virtuves kr\u0113sls - stil\u012bgs un moderns modelis. Mode\u013ca lielisk\u0101 kvalit\u0101te un vieglums pie\u0161\u0137irs j\u016bsu interjeram izsmalcin\u0101t\u012bbu un skaistumu, un apk\u0101rt\u0113jai...\" \/>\n<meta name=\"robots\" content=\"index, follow, max-snippet:-1, max-image-preview:large, max-video-preview:-1\" \/>\n<link rel=\"canonical\" href=\"https:\/\/brilune.eu\/lv\/product\/edamistabas-kresls-ar-atzveltni\/\" \/>\n<meta property=\"og:locale\" content=\"lv_LV\" \/>\n<meta property=\"og:type\" content=\"article\" \/>\n<meta property=\"og:title\" content=\"\u0112damistabas kr\u0113sls ar atzveltni\" \/>\n<meta property=\"og:description\" content=\"Virtuves kr\u0113sls - stil\u012bgs un moderns modelis. Mode\u013ca lielisk\u0101 kvalit\u0101te un vieglums pie\u0161\u0137irs j\u016bsu interjeram izsmalcin\u0101t\u012bbu un skaistumu, un apk\u0101rt\u0113jai...\" \/>\n<meta property=\"og:url\" content=\"https:\/\/brilune.eu\/lv\/product\/edamistabas-kresls-ar-atzveltni\/\" \/>\n<meta property=\"og:site_name\" content=\"Brilune\" \/>\n<meta property=\"article:modified_time\" content=\"2025-02-19T10:10:35+00:00\" \/>\n<meta property=\"og:image\" content=\"https:\/\/brilune.eu\/wp-content\/uploads\/2025\/01\/1-25-1.jpg\" \/>\n\t<meta property=\"og:image:width\" content=\"800\" \/>\n\t<meta property=\"og:image:height\" content=\"800\" \/>\n\t<meta property=\"og:image:type\" content=\"image\/jpeg\" \/>\n<meta name=\"twitter:card\" content=\"summary_large_image\" \/>\n<meta name=\"twitter:label1\" content=\"Est. reading time\" \/>\n\t<meta name=\"twitter:data1\" content=\"1 minute\" \/>\n<script type=\"application\/ld+json\" class=\"yoast-schema-graph\">{\"@context\":\"https:\/\/schema.org\",\"@graph\":[{\"@type\":\"WebPage\",\"@id\":\"https:\/\/brilune.eu\/lv\/product\/edamistabas-kresls-ar-atzveltni\/\",\"url\":\"https:\/\/brilune.eu\/lv\/product\/edamistabas-kresls-ar-atzveltni\/\",\"name\":\"\u0112damistabas kr\u0113sls ar atzveltni\",\"isPartOf\":{\"@id\":\"https:\/\/brilune.eu\/lv\/#website\"},\"primaryImageOfPage\":{\"@id\":\"https:\/\/brilune.eu\/lv\/product\/edamistabas-kresls-ar-atzveltni\/#primaryimage\"},\"image\":{\"@id\":\"https:\/\/brilune.eu\/lv\/product\/edamistabas-kresls-ar-atzveltni\/#primaryimage\"},\"thumbnailUrl\":\"https:\/\/brilune.eu\/wp-content\/uploads\/2025\/01\/1-25-1.jpg\",\"datePublished\":\"2025-02-19T09:54:01+00:00\",\"dateModified\":\"2025-02-19T10:10:35+00:00\",\"description\":\"Virtuves kr\u0113sls - stil\u012bgs un moderns modelis. Mode\u013ca lielisk\u0101 kvalit\u0101te un vieglums pie\u0161\u0137irs j\u016bsu interjeram izsmalcin\u0101t\u012bbu un skaistumu, un apk\u0101rt\u0113jai...\",\"breadcrumb\":{\"@id\":\"https:\/\/brilune.eu\/lv\/product\/edamistabas-kresls-ar-atzveltni\/#breadcrumb\"},\"inLanguage\":\"lv-LV\",\"potentialAction\":[{\"@type\":\"ReadAction\",\"target\":[\"https:\/\/brilune.eu\/lv\/product\/edamistabas-kresls-ar-atzveltni\/\"]}]},{\"@type\":\"ImageObject\",\"inLanguage\":\"lv-LV\",\"@id\":\"https:\/\/brilune.eu\/lv\/product\/edamistabas-kresls-ar-atzveltni\/#primaryimage\",\"url\":\"https:\/\/brilune.eu\/wp-content\/uploads\/2025\/01\/1-25-1.jpg\",\"contentUrl\":\"https:\/\/brilune.eu\/wp-content\/uploads\/2025\/01\/1-25-1.jpg\",\"width\":800,\"height\":800},{\"@type\":\"BreadcrumbList\",\"@id\":\"https:\/\/brilune.eu\/lv\/product\/edamistabas-kresls-ar-atzveltni\/#breadcrumb\",\"itemListElement\":[{\"@type\":\"ListItem\",\"position\":1,\"name\":\"S\u0101kums\",\"item\":\"https:\/\/brilune.eu\/lv\/brilune-mebeles\/\"},{\"@type\":\"ListItem\",\"position\":2,\"name\":\"Visi produkti\",\"item\":\"https:\/\/brilune.eu\/lv\/shop\/\"},{\"@type\":\"ListItem\",\"position\":3,\"name\":\"\u0112damistabas kr\u0113sls ar atzveltni\"}]},{\"@type\":\"WebSite\",\"@id\":\"https:\/\/brilune.eu\/lv\/#website\",\"url\":\"https:\/\/brilune.eu\/lv\/\",\"name\":\"Brilune\",\"description\":\"M\u0113s pied\u0101v\u0101jam unik\u0101lus un nebiju\u0161us dizainus, kas apvieno eleganci, funkcionalit\u0101ti un rado\u0161umu.\",\"potentialAction\":[{\"@type\":\"SearchAction\",\"target\":{\"@type\":\"EntryPoint\",\"urlTemplate\":\"https:\/\/brilune.eu\/lv\/?s={search_term_string}\"},\"query-input\":{\"@type\":\"PropertyValueSpecification\",\"valueRequired\":true,\"valueName\":\"search_term_string\"}}],\"inLanguage\":\"lv-LV\"}]}<\/script>\n<!-- \/ Yoast SEO plugin. -->","yoast_head_json":{"title":"\u0112damistabas kr\u0113sls ar atzveltni","description":"Virtuves kr\u0113sls - stil\u012bgs un moderns modelis. Mode\u013ca lielisk\u0101 kvalit\u0101te un vieglums pie\u0161\u0137irs j\u016bsu interjeram izsmalcin\u0101t\u012bbu un skaistumu, un apk\u0101rt\u0113jai...","robots":{"index":"index","follow":"follow","max-snippet":"max-snippet:-1","max-image-preview":"max-image-preview:large","max-video-preview":"max-video-preview:-1"},"canonical":"https:\/\/brilune.eu\/lv\/product\/edamistabas-kresls-ar-atzveltni\/","og_locale":"lv_LV","og_type":"article","og_title":"\u0112damistabas kr\u0113sls ar atzveltni","og_description":"Virtuves kr\u0113sls - stil\u012bgs un moderns modelis. Mode\u013ca lielisk\u0101 kvalit\u0101te un vieglums pie\u0161\u0137irs j\u016bsu interjeram izsmalcin\u0101t\u012bbu un skaistumu, un apk\u0101rt\u0113jai...","og_url":"https:\/\/brilune.eu\/lv\/product\/edamistabas-kresls-ar-atzveltni\/","og_site_name":"Brilune","article_modified_time":"2025-02-19T10:10:35+00:00","og_image":[{"width":800,"height":800,"url":"https:\/\/brilune.eu\/wp-content\/uploads\/2025\/01\/1-25-1.jpg","type":"image\/jpeg"}],"twitter_card":"summary_large_image","twitter_misc":{"Est. reading time":"1 minute"},"schema":{"@context":"https:\/\/schema.org","@graph":[{"@type":"WebPage","@id":"https:\/\/brilune.eu\/lv\/product\/edamistabas-kresls-ar-atzveltni\/","url":"https:\/\/brilune.eu\/lv\/product\/edamistabas-kresls-ar-atzveltni\/","name":"\u0112damistabas kr\u0113sls ar atzveltni","isPartOf":{"@id":"https:\/\/brilune.eu\/lv\/#website"},"primaryImageOfPage":{"@id":"https:\/\/brilune.eu\/lv\/product\/edamistabas-kresls-ar-atzveltni\/#primaryimage"},"image":{"@id":"https:\/\/brilune.eu\/lv\/product\/edamistabas-kresls-ar-atzveltni\/#primaryimage"},"thumbnailUrl":"https:\/\/brilune.eu\/wp-content\/uploads\/2025\/01\/1-25-1.jpg","datePublished":"2025-02-19T09:54:01+00:00","dateModified":"2025-02-19T10:10:35+00:00","description":"Virtuves kr\u0113sls - stil\u012bgs un moderns modelis. Mode\u013ca lielisk\u0101 kvalit\u0101te un vieglums pie\u0161\u0137irs j\u016bsu interjeram izsmalcin\u0101t\u012bbu un skaistumu, un apk\u0101rt\u0113jai...","breadcrumb":{"@id":"https:\/\/brilune.eu\/lv\/product\/edamistabas-kresls-ar-atzveltni\/#breadcrumb"},"inLanguage":"lv-LV","potentialAction":[{"@type":"ReadAction","target":["https:\/\/brilune.eu\/lv\/product\/edamistabas-kresls-ar-atzveltni\/"]}]},{"@type":"ImageObject","inLanguage":"lv-LV","@id":"https:\/\/brilune.eu\/lv\/product\/edamistabas-kresls-ar-atzveltni\/#primaryimage","url":"https:\/\/brilune.eu\/wp-content\/uploads\/2025\/01\/1-25-1.jpg","contentUrl":"https:\/\/brilune.eu\/wp-content\/uploads\/2025\/01\/1-25-1.jpg","width":800,"height":800},{"@type":"BreadcrumbList","@id":"https:\/\/brilune.eu\/lv\/product\/edamistabas-kresls-ar-atzveltni\/#breadcrumb","itemListElement":[{"@type":"ListItem","position":1,"name":"S\u0101kums","item":"https:\/\/brilune.eu\/lv\/brilune-mebeles\/"},{"@type":"ListItem","position":2,"name":"Visi produkti","item":"https:\/\/brilune.eu\/lv\/shop\/"},{"@type":"ListItem","position":3,"name":"\u0112damistabas kr\u0113sls ar atzveltni"}]},{"@type":"WebSite","@id":"https:\/\/brilune.eu\/lv\/#website","url":"https:\/\/brilune.eu\/lv\/","name":"Brilune","description":"M\u0113s pied\u0101v\u0101jam unik\u0101lus un nebiju\u0161us dizainus, kas apvieno eleganci, funkcionalit\u0101ti un rado\u0161umu.","potentialAction":[{"@type":"SearchAction","target":{"@type":"EntryPoint","urlTemplate":"https:\/\/brilune.eu\/lv\/?s={search_term_string}"},"query-input":{"@type":"PropertyValueSpecification","valueRequired":true,"valueName":"search_term_string"}}],"inLanguage":"lv-LV"}]}},"jetpack_sharing_enabled":true,"_links":{"self":[{"href":"https:\/\/brilune.eu\/lv\/wp-json\/wp\/v2\/product\/36450","targetHints":{"allow":["GET"]}}],"collection":[{"href":"https:\/\/brilune.eu\/lv\/wp-json\/wp\/v2\/product"}],"about":[{"href":"https:\/\/brilune.eu\/lv\/wp-json\/wp\/v2\/types\/product"}],"replies":[{"embeddable":true,"href":"https:\/\/brilune.eu\/lv\/wp-json\/wp\/v2\/comments?post=36450"}],"version-history":[{"count":1,"href":"https:\/\/brilune.eu\/lv\/wp-json\/wp\/v2\/product\/36450\/revisions"}],"predecessor-version":[{"id":36496,"href":"https:\/\/brilune.eu\/lv\/wp-json\/wp\/v2\/product\/36450\/revisions\/36496"}],"wp:featuredmedia":[{"embeddable":true,"href":"https:\/\/brilune.eu\/lv\/wp-json\/wp\/v2\/media\/4831"}],"wp:attachment":[{"href":"https:\/\/brilune.eu\/lv\/wp-json\/wp\/v2\/media?parent=36450"}],"wp:term":[{"taxonomy":"product_brand","embeddable":true,"href":"https:\/\/brilune.eu\/lv\/wp-json\/wp\/v2\/product_brand?post=36450"},{"taxonomy":"product_cat","embeddable":true,"href":"https:\/\/brilune.eu\/lv\/wp-json\/wp\/v2\/product_cat?post=36450"},{"taxonomy":"product_tag","embeddable":true,"href":"https:\/\/brilune.eu\/lv\/wp-json\/wp\/v2\/product_tag?post=36450"}],"curies":[{"name":"wp","href":"https:\/\/api.w.org\/{rel}","templated":true}]}}