{"id":36438,"date":"2025-02-19T11:53:59","date_gmt":"2025-02-19T09:53:59","guid":{"rendered":"https:\/\/brilune.eu\/?post_type=product&#038;p=36438"},"modified":"2025-02-19T12:10:28","modified_gmt":"2025-02-19T10:10:28","slug":"stiligs-edamistabas-kresls","status":"publish","type":"product","link":"https:\/\/brilune.eu\/lv\/product\/stiligs-edamistabas-kresls\/","title":{"rendered":"Stil\u012bgs \u0113damistabas kr\u0113sls"},"content":{"rendered":"<p>M\u012bkstajam \u0113damistabas kr\u0113slam ar augstu atzveltni ir gluds un moderns dizains, kas nodro\u0161ina pietiekamu atbalstu \u0137erme\u0146a aug\u0161da\u013cai. Atzveltne ir bag\u0101t\u012bgi polster\u0113ta un apvilkta ar greznu samtu, pie\u0161\u0137irot j\u016bsu \u0113damistabas telpai izsmalcin\u0101t\u012bbu. Kr\u0113sla s\u0113deklis ir ar\u012b polster\u0113ts un apvilkts ar to pa\u0161u audumu, nodro\u0161inot \u0113rtu malt\u012btes baud\u012b\u0161anu. Polster\u0113jums ir ne tikai vizu\u0101li pievilc\u012bgs, bet ar\u012b viegli t\u012br\u0101ms. Kr\u0113sls ir izgatavots ar iztur\u012bgu apzelt\u012btu ner\u016bs\u0113jo\u0161\u0101 t\u0113rauda r\u0101mi un k\u0101j\u0101m, kas nodro\u0161ina stabilit\u0101ti. Izm\u0113ri: 42x48x103 cm.<\/p>\n","protected":false},"excerpt":{"rendered":"<p>M\u012bkstajam \u0113damistabas kr\u0113slam ar augstu atzveltni ir gluds un moderns dizains, kas nodro\u0161ina pietiekamu atbalstu \u0137erme\u0146a aug\u0161da\u013cai. Atzveltne ir bag\u0101t\u012bgi polster\u0113ta un&#8230;<\/p>\n","protected":false},"featured_media":4763,"comment_status":"open","ping_status":"closed","template":"","meta":[],"product_brand":[],"product_cat":[1517,5520],"product_tag":[],"class_list":{"0":"post-36438","1":"product","2":"type-product","3":"status-publish","4":"has-post-thumbnail","6":"product_cat-edamistabas-kresli-kresli-2","7":"product_cat-edamistabas-kresls-kresli-4","9":"first","10":"instock","11":"shipping-taxable","12":"purchasable","13":"product-type-simple"},"yoast_head":"<!-- This site is optimized with the Yoast SEO plugin v26.0 - https:\/\/yoast.com\/wordpress\/plugins\/seo\/ -->\n<title>Stil\u012bgs \u0113damistabas kr\u0113sls<\/title>\n<meta name=\"description\" content=\"M\u012bkstajam \u0113damistabas kr\u0113slam ar augstu atzveltni ir gluds un moderns dizains, kas nodro\u0161ina pietiekamu atbalstu \u0137erme\u0146a aug\u0161da\u013cai. Atzveltne ir bag\u0101t\u012bgi polster\u0113ta un...\" \/>\n<meta name=\"robots\" content=\"index, follow, max-snippet:-1, max-image-preview:large, max-video-preview:-1\" \/>\n<link rel=\"canonical\" href=\"https:\/\/brilune.eu\/lv\/product\/stiligs-edamistabas-kresls\/\" \/>\n<meta property=\"og:locale\" content=\"lv_LV\" \/>\n<meta property=\"og:type\" content=\"article\" \/>\n<meta property=\"og:title\" content=\"Stil\u012bgs \u0113damistabas kr\u0113sls\" \/>\n<meta property=\"og:description\" content=\"M\u012bkstajam \u0113damistabas kr\u0113slam ar augstu atzveltni ir gluds un moderns dizains, kas nodro\u0161ina pietiekamu atbalstu \u0137erme\u0146a aug\u0161da\u013cai. Atzveltne ir bag\u0101t\u012bgi polster\u0113ta un...\" \/>\n<meta property=\"og:url\" content=\"https:\/\/brilune.eu\/lv\/product\/stiligs-edamistabas-kresls\/\" \/>\n<meta property=\"og:site_name\" content=\"Brilune\" \/>\n<meta property=\"article:modified_time\" content=\"2025-02-19T10:10:28+00:00\" \/>\n<meta property=\"og:image\" content=\"https:\/\/brilune.eu\/wp-content\/uploads\/2025\/01\/5-1-1.png\" \/>\n\t<meta property=\"og:image:width\" content=\"420\" \/>\n\t<meta property=\"og:image:height\" content=\"420\" \/>\n\t<meta property=\"og:image:type\" content=\"image\/png\" \/>\n<meta name=\"twitter:card\" content=\"summary_large_image\" \/>\n<meta name=\"twitter:label1\" content=\"Est. reading time\" \/>\n\t<meta name=\"twitter:data1\" content=\"1 minute\" \/>\n<script type=\"application\/ld+json\" class=\"yoast-schema-graph\">{\"@context\":\"https:\/\/schema.org\",\"@graph\":[{\"@type\":\"WebPage\",\"@id\":\"https:\/\/brilune.eu\/lv\/product\/stiligs-edamistabas-kresls\/\",\"url\":\"https:\/\/brilune.eu\/lv\/product\/stiligs-edamistabas-kresls\/\",\"name\":\"Stil\u012bgs \u0113damistabas kr\u0113sls\",\"isPartOf\":{\"@id\":\"https:\/\/brilune.eu\/lv\/#website\"},\"primaryImageOfPage\":{\"@id\":\"https:\/\/brilune.eu\/lv\/product\/stiligs-edamistabas-kresls\/#primaryimage\"},\"image\":{\"@id\":\"https:\/\/brilune.eu\/lv\/product\/stiligs-edamistabas-kresls\/#primaryimage\"},\"thumbnailUrl\":\"https:\/\/brilune.eu\/wp-content\/uploads\/2025\/01\/5-1-1.png\",\"datePublished\":\"2025-02-19T09:53:59+00:00\",\"dateModified\":\"2025-02-19T10:10:28+00:00\",\"description\":\"M\u012bkstajam \u0113damistabas kr\u0113slam ar augstu atzveltni ir gluds un moderns dizains, kas nodro\u0161ina pietiekamu atbalstu \u0137erme\u0146a aug\u0161da\u013cai. Atzveltne ir bag\u0101t\u012bgi polster\u0113ta un...\",\"breadcrumb\":{\"@id\":\"https:\/\/brilune.eu\/lv\/product\/stiligs-edamistabas-kresls\/#breadcrumb\"},\"inLanguage\":\"lv-LV\",\"potentialAction\":[{\"@type\":\"ReadAction\",\"target\":[\"https:\/\/brilune.eu\/lv\/product\/stiligs-edamistabas-kresls\/\"]}]},{\"@type\":\"ImageObject\",\"inLanguage\":\"lv-LV\",\"@id\":\"https:\/\/brilune.eu\/lv\/product\/stiligs-edamistabas-kresls\/#primaryimage\",\"url\":\"https:\/\/brilune.eu\/wp-content\/uploads\/2025\/01\/5-1-1.png\",\"contentUrl\":\"https:\/\/brilune.eu\/wp-content\/uploads\/2025\/01\/5-1-1.png\",\"width\":420,\"height\":420},{\"@type\":\"BreadcrumbList\",\"@id\":\"https:\/\/brilune.eu\/lv\/product\/stiligs-edamistabas-kresls\/#breadcrumb\",\"itemListElement\":[{\"@type\":\"ListItem\",\"position\":1,\"name\":\"S\u0101kums\",\"item\":\"https:\/\/brilune.eu\/lv\/brilune-mebeles\/\"},{\"@type\":\"ListItem\",\"position\":2,\"name\":\"Visi produkti\",\"item\":\"https:\/\/brilune.eu\/lv\/shop\/\"},{\"@type\":\"ListItem\",\"position\":3,\"name\":\"Stil\u012bgs \u0113damistabas kr\u0113sls\"}]},{\"@type\":\"WebSite\",\"@id\":\"https:\/\/brilune.eu\/lv\/#website\",\"url\":\"https:\/\/brilune.eu\/lv\/\",\"name\":\"Brilune\",\"description\":\"M\u0113s pied\u0101v\u0101jam unik\u0101lus un nebiju\u0161us dizainus, kas apvieno eleganci, funkcionalit\u0101ti un rado\u0161umu.\",\"potentialAction\":[{\"@type\":\"SearchAction\",\"target\":{\"@type\":\"EntryPoint\",\"urlTemplate\":\"https:\/\/brilune.eu\/lv\/?s={search_term_string}\"},\"query-input\":{\"@type\":\"PropertyValueSpecification\",\"valueRequired\":true,\"valueName\":\"search_term_string\"}}],\"inLanguage\":\"lv-LV\"}]}<\/script>\n<!-- \/ Yoast SEO plugin. -->","yoast_head_json":{"title":"Stil\u012bgs \u0113damistabas kr\u0113sls","description":"M\u012bkstajam \u0113damistabas kr\u0113slam ar augstu atzveltni ir gluds un moderns dizains, kas nodro\u0161ina pietiekamu atbalstu \u0137erme\u0146a aug\u0161da\u013cai. Atzveltne ir bag\u0101t\u012bgi polster\u0113ta un...","robots":{"index":"index","follow":"follow","max-snippet":"max-snippet:-1","max-image-preview":"max-image-preview:large","max-video-preview":"max-video-preview:-1"},"canonical":"https:\/\/brilune.eu\/lv\/product\/stiligs-edamistabas-kresls\/","og_locale":"lv_LV","og_type":"article","og_title":"Stil\u012bgs \u0113damistabas kr\u0113sls","og_description":"M\u012bkstajam \u0113damistabas kr\u0113slam ar augstu atzveltni ir gluds un moderns dizains, kas nodro\u0161ina pietiekamu atbalstu \u0137erme\u0146a aug\u0161da\u013cai. Atzveltne ir bag\u0101t\u012bgi polster\u0113ta un...","og_url":"https:\/\/brilune.eu\/lv\/product\/stiligs-edamistabas-kresls\/","og_site_name":"Brilune","article_modified_time":"2025-02-19T10:10:28+00:00","og_image":[{"width":420,"height":420,"url":"https:\/\/brilune.eu\/wp-content\/uploads\/2025\/01\/5-1-1.png","type":"image\/png"}],"twitter_card":"summary_large_image","twitter_misc":{"Est. reading time":"1 minute"},"schema":{"@context":"https:\/\/schema.org","@graph":[{"@type":"WebPage","@id":"https:\/\/brilune.eu\/lv\/product\/stiligs-edamistabas-kresls\/","url":"https:\/\/brilune.eu\/lv\/product\/stiligs-edamistabas-kresls\/","name":"Stil\u012bgs \u0113damistabas kr\u0113sls","isPartOf":{"@id":"https:\/\/brilune.eu\/lv\/#website"},"primaryImageOfPage":{"@id":"https:\/\/brilune.eu\/lv\/product\/stiligs-edamistabas-kresls\/#primaryimage"},"image":{"@id":"https:\/\/brilune.eu\/lv\/product\/stiligs-edamistabas-kresls\/#primaryimage"},"thumbnailUrl":"https:\/\/brilune.eu\/wp-content\/uploads\/2025\/01\/5-1-1.png","datePublished":"2025-02-19T09:53:59+00:00","dateModified":"2025-02-19T10:10:28+00:00","description":"M\u012bkstajam \u0113damistabas kr\u0113slam ar augstu atzveltni ir gluds un moderns dizains, kas nodro\u0161ina pietiekamu atbalstu \u0137erme\u0146a aug\u0161da\u013cai. Atzveltne ir bag\u0101t\u012bgi polster\u0113ta un...","breadcrumb":{"@id":"https:\/\/brilune.eu\/lv\/product\/stiligs-edamistabas-kresls\/#breadcrumb"},"inLanguage":"lv-LV","potentialAction":[{"@type":"ReadAction","target":["https:\/\/brilune.eu\/lv\/product\/stiligs-edamistabas-kresls\/"]}]},{"@type":"ImageObject","inLanguage":"lv-LV","@id":"https:\/\/brilune.eu\/lv\/product\/stiligs-edamistabas-kresls\/#primaryimage","url":"https:\/\/brilune.eu\/wp-content\/uploads\/2025\/01\/5-1-1.png","contentUrl":"https:\/\/brilune.eu\/wp-content\/uploads\/2025\/01\/5-1-1.png","width":420,"height":420},{"@type":"BreadcrumbList","@id":"https:\/\/brilune.eu\/lv\/product\/stiligs-edamistabas-kresls\/#breadcrumb","itemListElement":[{"@type":"ListItem","position":1,"name":"S\u0101kums","item":"https:\/\/brilune.eu\/lv\/brilune-mebeles\/"},{"@type":"ListItem","position":2,"name":"Visi produkti","item":"https:\/\/brilune.eu\/lv\/shop\/"},{"@type":"ListItem","position":3,"name":"Stil\u012bgs \u0113damistabas kr\u0113sls"}]},{"@type":"WebSite","@id":"https:\/\/brilune.eu\/lv\/#website","url":"https:\/\/brilune.eu\/lv\/","name":"Brilune","description":"M\u0113s pied\u0101v\u0101jam unik\u0101lus un nebiju\u0161us dizainus, kas apvieno eleganci, funkcionalit\u0101ti un rado\u0161umu.","potentialAction":[{"@type":"SearchAction","target":{"@type":"EntryPoint","urlTemplate":"https:\/\/brilune.eu\/lv\/?s={search_term_string}"},"query-input":{"@type":"PropertyValueSpecification","valueRequired":true,"valueName":"search_term_string"}}],"inLanguage":"lv-LV"}]}},"jetpack_sharing_enabled":true,"_links":{"self":[{"href":"https:\/\/brilune.eu\/lv\/wp-json\/wp\/v2\/product\/36438","targetHints":{"allow":["GET"]}}],"collection":[{"href":"https:\/\/brilune.eu\/lv\/wp-json\/wp\/v2\/product"}],"about":[{"href":"https:\/\/brilune.eu\/lv\/wp-json\/wp\/v2\/types\/product"}],"replies":[{"embeddable":true,"href":"https:\/\/brilune.eu\/lv\/wp-json\/wp\/v2\/comments?post=36438"}],"version-history":[{"count":1,"href":"https:\/\/brilune.eu\/lv\/wp-json\/wp\/v2\/product\/36438\/revisions"}],"predecessor-version":[{"id":36484,"href":"https:\/\/brilune.eu\/lv\/wp-json\/wp\/v2\/product\/36438\/revisions\/36484"}],"wp:featuredmedia":[{"embeddable":true,"href":"https:\/\/brilune.eu\/lv\/wp-json\/wp\/v2\/media\/4763"}],"wp:attachment":[{"href":"https:\/\/brilune.eu\/lv\/wp-json\/wp\/v2\/media?parent=36438"}],"wp:term":[{"taxonomy":"product_brand","embeddable":true,"href":"https:\/\/brilune.eu\/lv\/wp-json\/wp\/v2\/product_brand?post=36438"},{"taxonomy":"product_cat","embeddable":true,"href":"https:\/\/brilune.eu\/lv\/wp-json\/wp\/v2\/product_cat?post=36438"},{"taxonomy":"product_tag","embeddable":true,"href":"https:\/\/brilune.eu\/lv\/wp-json\/wp\/v2\/product_tag?post=36438"}],"curies":[{"name":"wp","href":"https:\/\/api.w.org\/{rel}","templated":true}]}}