{"id":36416,"date":"2025-02-19T11:53:36","date_gmt":"2025-02-19T09:53:36","guid":{"rendered":"https:\/\/brilune.eu\/?post_type=product&#038;p=36416"},"modified":"2025-02-19T12:10:23","modified_gmt":"2025-02-19T10:10:23","slug":"edamistabas-kresls","status":"publish","type":"product","link":"https:\/\/brilune.eu\/lv\/product\/edamistabas-kresls\/","title":{"rendered":"\u0112damistabas kr\u0113sls"},"content":{"rendered":"<p>Izbaudiet m\u016bsu \u0113damistabas kr\u0113sla grezn\u012bbu, kas rad\u012bts maksim\u0101lam komfortam malt\u012btes laik\u0101. M\u012bkstais un bag\u0101t\u012bgais samta polster\u0113jums gl\u0101st\u012bs j\u016bsu \u0137ermeni, radot greznu s\u0113dvietu izk\u0101rtojumu, kas katrai \u0113dienreizei liek justies k\u0101 \u012bpa\u0161am notikumam. Izbaudiet elegances piesk\u0101rienu, ko \u0161is kr\u0113sls ienes\u012bs j\u016bsu \u0113damistab\u0101. Padariet katru savas malt\u012btes br\u012bdi par apburo\u0161u atp\u016btu ar samta grezn\u012bbu. Izm\u0113ri: 58x62x92 cm.<\/p>\n","protected":false},"excerpt":{"rendered":"<p>Izbaudiet m\u016bsu \u0113damistabas kr\u0113sla grezn\u012bbu, kas rad\u012bts maksim\u0101lam komfortam malt\u012btes laik\u0101. M\u012bkstais un bag\u0101t\u012bgais samta polster\u0113jums gl\u0101st\u012bs j\u016bsu \u0137ermeni, radot greznu&#8230;<\/p>\n","protected":false},"featured_media":4734,"comment_status":"open","ping_status":"closed","template":"","meta":[],"product_brand":[],"product_cat":[1517,5520],"product_tag":[],"class_list":{"0":"post-36416","1":"product","2":"type-product","3":"status-publish","4":"has-post-thumbnail","6":"product_cat-edamistabas-kresli-kresli-2","7":"product_cat-edamistabas-kresls-kresli-4","9":"first","10":"instock","11":"shipping-taxable","12":"purchasable","13":"product-type-simple"},"yoast_head":"<!-- This site is optimized with the Yoast SEO plugin v26.0 - https:\/\/yoast.com\/wordpress\/plugins\/seo\/ -->\n<title>\u0112damistabas kr\u0113sls<\/title>\n<meta name=\"description\" content=\"Izbaudiet m\u016bsu \u0113damistabas kr\u0113sla grezn\u012bbu, kas rad\u012bts maksim\u0101lam komfortam malt\u012btes laik\u0101. M\u012bkstais un bag\u0101t\u012bgais samta polster\u0113jums gl\u0101st\u012bs j\u016bsu \u0137ermeni, radot greznu...\" \/>\n<meta name=\"robots\" content=\"index, follow, max-snippet:-1, max-image-preview:large, max-video-preview:-1\" \/>\n<link rel=\"canonical\" href=\"https:\/\/brilune.eu\/lv\/product\/edamistabas-kresls\/\" \/>\n<meta property=\"og:locale\" content=\"lv_LV\" \/>\n<meta property=\"og:type\" content=\"article\" \/>\n<meta property=\"og:title\" content=\"\u0112damistabas kr\u0113sls\" \/>\n<meta property=\"og:description\" content=\"Izbaudiet m\u016bsu \u0113damistabas kr\u0113sla grezn\u012bbu, kas rad\u012bts maksim\u0101lam komfortam malt\u012btes laik\u0101. M\u012bkstais un bag\u0101t\u012bgais samta polster\u0113jums gl\u0101st\u012bs j\u016bsu \u0137ermeni, radot greznu...\" \/>\n<meta property=\"og:url\" content=\"https:\/\/brilune.eu\/lv\/product\/edamistabas-kresls\/\" \/>\n<meta property=\"og:site_name\" content=\"Brilune\" \/>\n<meta property=\"article:modified_time\" content=\"2025-02-19T10:10:23+00:00\" \/>\n<meta property=\"og:image\" content=\"https:\/\/brilune.eu\/wp-content\/uploads\/2025\/01\/14-4.jpg\" \/>\n\t<meta property=\"og:image:width\" content=\"800\" \/>\n\t<meta property=\"og:image:height\" content=\"800\" \/>\n\t<meta property=\"og:image:type\" content=\"image\/jpeg\" \/>\n<meta name=\"twitter:card\" content=\"summary_large_image\" \/>\n<script type=\"application\/ld+json\" class=\"yoast-schema-graph\">{\"@context\":\"https:\/\/schema.org\",\"@graph\":[{\"@type\":\"WebPage\",\"@id\":\"https:\/\/brilune.eu\/lv\/product\/edamistabas-kresls\/\",\"url\":\"https:\/\/brilune.eu\/lv\/product\/edamistabas-kresls\/\",\"name\":\"\u0112damistabas kr\u0113sls\",\"isPartOf\":{\"@id\":\"https:\/\/brilune.eu\/lv\/#website\"},\"primaryImageOfPage\":{\"@id\":\"https:\/\/brilune.eu\/lv\/product\/edamistabas-kresls\/#primaryimage\"},\"image\":{\"@id\":\"https:\/\/brilune.eu\/lv\/product\/edamistabas-kresls\/#primaryimage\"},\"thumbnailUrl\":\"https:\/\/brilune.eu\/wp-content\/uploads\/2025\/01\/14-4.jpg\",\"datePublished\":\"2025-02-19T09:53:36+00:00\",\"dateModified\":\"2025-02-19T10:10:23+00:00\",\"description\":\"Izbaudiet m\u016bsu \u0113damistabas kr\u0113sla grezn\u012bbu, kas rad\u012bts maksim\u0101lam komfortam malt\u012btes laik\u0101. M\u012bkstais un bag\u0101t\u012bgais samta polster\u0113jums gl\u0101st\u012bs j\u016bsu \u0137ermeni, radot greznu...\",\"breadcrumb\":{\"@id\":\"https:\/\/brilune.eu\/lv\/product\/edamistabas-kresls\/#breadcrumb\"},\"inLanguage\":\"lv-LV\",\"potentialAction\":[{\"@type\":\"ReadAction\",\"target\":[\"https:\/\/brilune.eu\/lv\/product\/edamistabas-kresls\/\"]}]},{\"@type\":\"ImageObject\",\"inLanguage\":\"lv-LV\",\"@id\":\"https:\/\/brilune.eu\/lv\/product\/edamistabas-kresls\/#primaryimage\",\"url\":\"https:\/\/brilune.eu\/wp-content\/uploads\/2025\/01\/14-4.jpg\",\"contentUrl\":\"https:\/\/brilune.eu\/wp-content\/uploads\/2025\/01\/14-4.jpg\",\"width\":800,\"height\":800},{\"@type\":\"BreadcrumbList\",\"@id\":\"https:\/\/brilune.eu\/lv\/product\/edamistabas-kresls\/#breadcrumb\",\"itemListElement\":[{\"@type\":\"ListItem\",\"position\":1,\"name\":\"S\u0101kums\",\"item\":\"https:\/\/brilune.eu\/lv\/brilune-mebeles\/\"},{\"@type\":\"ListItem\",\"position\":2,\"name\":\"Visi produkti\",\"item\":\"https:\/\/brilune.eu\/lv\/shop\/\"},{\"@type\":\"ListItem\",\"position\":3,\"name\":\"\u0112damistabas kr\u0113sls\"}]},{\"@type\":\"WebSite\",\"@id\":\"https:\/\/brilune.eu\/lv\/#website\",\"url\":\"https:\/\/brilune.eu\/lv\/\",\"name\":\"Brilune\",\"description\":\"M\u0113s pied\u0101v\u0101jam unik\u0101lus un nebiju\u0161us dizainus, kas apvieno eleganci, funkcionalit\u0101ti un rado\u0161umu.\",\"potentialAction\":[{\"@type\":\"SearchAction\",\"target\":{\"@type\":\"EntryPoint\",\"urlTemplate\":\"https:\/\/brilune.eu\/lv\/?s={search_term_string}\"},\"query-input\":{\"@type\":\"PropertyValueSpecification\",\"valueRequired\":true,\"valueName\":\"search_term_string\"}}],\"inLanguage\":\"lv-LV\"}]}<\/script>\n<!-- \/ Yoast SEO plugin. -->","yoast_head_json":{"title":"\u0112damistabas kr\u0113sls","description":"Izbaudiet m\u016bsu \u0113damistabas kr\u0113sla grezn\u012bbu, kas rad\u012bts maksim\u0101lam komfortam malt\u012btes laik\u0101. M\u012bkstais un bag\u0101t\u012bgais samta polster\u0113jums gl\u0101st\u012bs j\u016bsu \u0137ermeni, radot greznu...","robots":{"index":"index","follow":"follow","max-snippet":"max-snippet:-1","max-image-preview":"max-image-preview:large","max-video-preview":"max-video-preview:-1"},"canonical":"https:\/\/brilune.eu\/lv\/product\/edamistabas-kresls\/","og_locale":"lv_LV","og_type":"article","og_title":"\u0112damistabas kr\u0113sls","og_description":"Izbaudiet m\u016bsu \u0113damistabas kr\u0113sla grezn\u012bbu, kas rad\u012bts maksim\u0101lam komfortam malt\u012btes laik\u0101. M\u012bkstais un bag\u0101t\u012bgais samta polster\u0113jums gl\u0101st\u012bs j\u016bsu \u0137ermeni, radot greznu...","og_url":"https:\/\/brilune.eu\/lv\/product\/edamistabas-kresls\/","og_site_name":"Brilune","article_modified_time":"2025-02-19T10:10:23+00:00","og_image":[{"width":800,"height":800,"url":"https:\/\/brilune.eu\/wp-content\/uploads\/2025\/01\/14-4.jpg","type":"image\/jpeg"}],"twitter_card":"summary_large_image","schema":{"@context":"https:\/\/schema.org","@graph":[{"@type":"WebPage","@id":"https:\/\/brilune.eu\/lv\/product\/edamistabas-kresls\/","url":"https:\/\/brilune.eu\/lv\/product\/edamistabas-kresls\/","name":"\u0112damistabas kr\u0113sls","isPartOf":{"@id":"https:\/\/brilune.eu\/lv\/#website"},"primaryImageOfPage":{"@id":"https:\/\/brilune.eu\/lv\/product\/edamistabas-kresls\/#primaryimage"},"image":{"@id":"https:\/\/brilune.eu\/lv\/product\/edamistabas-kresls\/#primaryimage"},"thumbnailUrl":"https:\/\/brilune.eu\/wp-content\/uploads\/2025\/01\/14-4.jpg","datePublished":"2025-02-19T09:53:36+00:00","dateModified":"2025-02-19T10:10:23+00:00","description":"Izbaudiet m\u016bsu \u0113damistabas kr\u0113sla grezn\u012bbu, kas rad\u012bts maksim\u0101lam komfortam malt\u012btes laik\u0101. M\u012bkstais un bag\u0101t\u012bgais samta polster\u0113jums gl\u0101st\u012bs j\u016bsu \u0137ermeni, radot greznu...","breadcrumb":{"@id":"https:\/\/brilune.eu\/lv\/product\/edamistabas-kresls\/#breadcrumb"},"inLanguage":"lv-LV","potentialAction":[{"@type":"ReadAction","target":["https:\/\/brilune.eu\/lv\/product\/edamistabas-kresls\/"]}]},{"@type":"ImageObject","inLanguage":"lv-LV","@id":"https:\/\/brilune.eu\/lv\/product\/edamistabas-kresls\/#primaryimage","url":"https:\/\/brilune.eu\/wp-content\/uploads\/2025\/01\/14-4.jpg","contentUrl":"https:\/\/brilune.eu\/wp-content\/uploads\/2025\/01\/14-4.jpg","width":800,"height":800},{"@type":"BreadcrumbList","@id":"https:\/\/brilune.eu\/lv\/product\/edamistabas-kresls\/#breadcrumb","itemListElement":[{"@type":"ListItem","position":1,"name":"S\u0101kums","item":"https:\/\/brilune.eu\/lv\/brilune-mebeles\/"},{"@type":"ListItem","position":2,"name":"Visi produkti","item":"https:\/\/brilune.eu\/lv\/shop\/"},{"@type":"ListItem","position":3,"name":"\u0112damistabas kr\u0113sls"}]},{"@type":"WebSite","@id":"https:\/\/brilune.eu\/lv\/#website","url":"https:\/\/brilune.eu\/lv\/","name":"Brilune","description":"M\u0113s pied\u0101v\u0101jam unik\u0101lus un nebiju\u0161us dizainus, kas apvieno eleganci, funkcionalit\u0101ti un rado\u0161umu.","potentialAction":[{"@type":"SearchAction","target":{"@type":"EntryPoint","urlTemplate":"https:\/\/brilune.eu\/lv\/?s={search_term_string}"},"query-input":{"@type":"PropertyValueSpecification","valueRequired":true,"valueName":"search_term_string"}}],"inLanguage":"lv-LV"}]}},"jetpack_sharing_enabled":true,"_links":{"self":[{"href":"https:\/\/brilune.eu\/lv\/wp-json\/wp\/v2\/product\/36416","targetHints":{"allow":["GET"]}}],"collection":[{"href":"https:\/\/brilune.eu\/lv\/wp-json\/wp\/v2\/product"}],"about":[{"href":"https:\/\/brilune.eu\/lv\/wp-json\/wp\/v2\/types\/product"}],"replies":[{"embeddable":true,"href":"https:\/\/brilune.eu\/lv\/wp-json\/wp\/v2\/comments?post=36416"}],"version-history":[{"count":1,"href":"https:\/\/brilune.eu\/lv\/wp-json\/wp\/v2\/product\/36416\/revisions"}],"predecessor-version":[{"id":36462,"href":"https:\/\/brilune.eu\/lv\/wp-json\/wp\/v2\/product\/36416\/revisions\/36462"}],"wp:featuredmedia":[{"embeddable":true,"href":"https:\/\/brilune.eu\/lv\/wp-json\/wp\/v2\/media\/4734"}],"wp:attachment":[{"href":"https:\/\/brilune.eu\/lv\/wp-json\/wp\/v2\/media?parent=36416"}],"wp:term":[{"taxonomy":"product_brand","embeddable":true,"href":"https:\/\/brilune.eu\/lv\/wp-json\/wp\/v2\/product_brand?post=36416"},{"taxonomy":"product_cat","embeddable":true,"href":"https:\/\/brilune.eu\/lv\/wp-json\/wp\/v2\/product_cat?post=36416"},{"taxonomy":"product_tag","embeddable":true,"href":"https:\/\/brilune.eu\/lv\/wp-json\/wp\/v2\/product_tag?post=36416"}],"curies":[{"name":"wp","href":"https:\/\/api.w.org\/{rel}","templated":true}]}}