{"id":36413,"date":"2025-02-19T11:53:35","date_gmt":"2025-02-19T09:53:35","guid":{"rendered":"https:\/\/brilune.eu\/?post_type=product&#038;p=36413"},"modified":"2025-02-19T12:10:21","modified_gmt":"2025-02-19T10:10:21","slug":"grezns-edamistabas-kresls","status":"publish","type":"product","link":"https:\/\/brilune.eu\/lv\/product\/grezns-edamistabas-kresls\/","title":{"rendered":"Grezns \u0113damistabas kr\u0113sls"},"content":{"rendered":"<p>Roz\u0101 samta apdare ne tikai nodro\u0161ina m\u012bkstu un \u0113rtu s\u0113dvietu, bet ar\u012b pie\u0161\u0137ir j\u016bsu \u0113damistabai vizu\u0101lu pievilc\u012bbu. Kr\u0113sla atzveltne un s\u0113deklis ir polster\u0113ti papildu komfortam, \u013caujot jums un j\u016bsu viesiem baud\u012bt garas malt\u012btes un sarunas. Ar savu moderno dizainu un roz\u0101 samta apdari \u0113damistabas kr\u0113sls var bez piep\u016bles papildin\u0101t da\u017e\u0101dus interjera stilus, s\u0101kot no m\u016bsdien\u012bga l\u012bdz eklektiskam. Neatkar\u012bgi no t\u0101, vai r\u012bkojat ball\u012bti vai baud\u0101t \u0123imenes malt\u012bti, \u0161is kr\u0113sls uzlabos j\u016bsu \u0113damistabas zonas gaisotni. Izm\u0113ri: 48x53x76 cm.<\/p>\n","protected":false},"excerpt":{"rendered":"<p>Roz\u0101 samta apdare ne tikai nodro\u0161ina m\u012bkstu un \u0113rtu s\u0113dvietu, bet ar\u012b pie\u0161\u0137ir j\u016bsu \u0113damistabai vizu\u0101lu pievilc\u012bbu. Kr\u0113sla atzveltne un s\u0113deklis ir polster\u0113ti&#8230;<\/p>\n","protected":false},"featured_media":4713,"comment_status":"open","ping_status":"closed","template":"","meta":[],"product_brand":[],"product_cat":[1517,5520],"product_tag":[],"class_list":{"0":"post-36413","1":"product","2":"type-product","3":"status-publish","4":"has-post-thumbnail","6":"product_cat-edamistabas-kresli-kresli-2","7":"product_cat-edamistabas-kresls-kresli-4","9":"first","10":"instock","11":"shipping-taxable","12":"purchasable","13":"product-type-simple"},"yoast_head":"<!-- This site is optimized with the Yoast SEO plugin v26.0 - https:\/\/yoast.com\/wordpress\/plugins\/seo\/ -->\n<title>Grezns \u0113damistabas kr\u0113sls<\/title>\n<meta name=\"description\" content=\"Roz\u0101 samta apdare ne tikai nodro\u0161ina m\u012bkstu un \u0113rtu s\u0113dvietu, bet ar\u012b pie\u0161\u0137ir j\u016bsu \u0113damistabai vizu\u0101lu pievilc\u012bbu. Kr\u0113sla atzveltne un s\u0113deklis ir polster\u0113ti...\" \/>\n<meta name=\"robots\" content=\"index, follow, max-snippet:-1, max-image-preview:large, max-video-preview:-1\" \/>\n<link rel=\"canonical\" href=\"https:\/\/brilune.eu\/lv\/product\/grezns-edamistabas-kresls\/\" \/>\n<meta property=\"og:locale\" content=\"lv_LV\" \/>\n<meta property=\"og:type\" content=\"article\" \/>\n<meta property=\"og:title\" content=\"Grezns \u0113damistabas kr\u0113sls\" \/>\n<meta property=\"og:description\" content=\"Roz\u0101 samta apdare ne tikai nodro\u0161ina m\u012bkstu un \u0113rtu s\u0113dvietu, bet ar\u012b pie\u0161\u0137ir j\u016bsu \u0113damistabai vizu\u0101lu pievilc\u012bbu. Kr\u0113sla atzveltne un s\u0113deklis ir polster\u0113ti...\" \/>\n<meta property=\"og:url\" content=\"https:\/\/brilune.eu\/lv\/product\/grezns-edamistabas-kresls\/\" \/>\n<meta property=\"og:site_name\" content=\"Brilune\" \/>\n<meta property=\"article:modified_time\" content=\"2025-02-19T10:10:21+00:00\" \/>\n<meta property=\"og:image\" content=\"https:\/\/brilune.eu\/wp-content\/uploads\/2025\/01\/9-2-4.jpg\" \/>\n\t<meta property=\"og:image:width\" content=\"800\" \/>\n\t<meta property=\"og:image:height\" content=\"800\" \/>\n\t<meta property=\"og:image:type\" content=\"image\/jpeg\" \/>\n<meta name=\"twitter:card\" content=\"summary_large_image\" \/>\n<meta name=\"twitter:label1\" content=\"Est. reading time\" \/>\n\t<meta name=\"twitter:data1\" content=\"1 minute\" \/>\n<script type=\"application\/ld+json\" class=\"yoast-schema-graph\">{\"@context\":\"https:\/\/schema.org\",\"@graph\":[{\"@type\":\"WebPage\",\"@id\":\"https:\/\/brilune.eu\/lv\/product\/grezns-edamistabas-kresls\/\",\"url\":\"https:\/\/brilune.eu\/lv\/product\/grezns-edamistabas-kresls\/\",\"name\":\"Grezns \u0113damistabas kr\u0113sls\",\"isPartOf\":{\"@id\":\"https:\/\/brilune.eu\/lv\/#website\"},\"primaryImageOfPage\":{\"@id\":\"https:\/\/brilune.eu\/lv\/product\/grezns-edamistabas-kresls\/#primaryimage\"},\"image\":{\"@id\":\"https:\/\/brilune.eu\/lv\/product\/grezns-edamistabas-kresls\/#primaryimage\"},\"thumbnailUrl\":\"https:\/\/brilune.eu\/wp-content\/uploads\/2025\/01\/9-2-4.jpg\",\"datePublished\":\"2025-02-19T09:53:35+00:00\",\"dateModified\":\"2025-02-19T10:10:21+00:00\",\"description\":\"Roz\u0101 samta apdare ne tikai nodro\u0161ina m\u012bkstu un \u0113rtu s\u0113dvietu, bet ar\u012b pie\u0161\u0137ir j\u016bsu \u0113damistabai vizu\u0101lu pievilc\u012bbu. Kr\u0113sla atzveltne un s\u0113deklis ir polster\u0113ti...\",\"breadcrumb\":{\"@id\":\"https:\/\/brilune.eu\/lv\/product\/grezns-edamistabas-kresls\/#breadcrumb\"},\"inLanguage\":\"lv-LV\",\"potentialAction\":[{\"@type\":\"ReadAction\",\"target\":[\"https:\/\/brilune.eu\/lv\/product\/grezns-edamistabas-kresls\/\"]}]},{\"@type\":\"ImageObject\",\"inLanguage\":\"lv-LV\",\"@id\":\"https:\/\/brilune.eu\/lv\/product\/grezns-edamistabas-kresls\/#primaryimage\",\"url\":\"https:\/\/brilune.eu\/wp-content\/uploads\/2025\/01\/9-2-4.jpg\",\"contentUrl\":\"https:\/\/brilune.eu\/wp-content\/uploads\/2025\/01\/9-2-4.jpg\",\"width\":800,\"height\":800},{\"@type\":\"BreadcrumbList\",\"@id\":\"https:\/\/brilune.eu\/lv\/product\/grezns-edamistabas-kresls\/#breadcrumb\",\"itemListElement\":[{\"@type\":\"ListItem\",\"position\":1,\"name\":\"S\u0101kums\",\"item\":\"https:\/\/brilune.eu\/lv\/brilune-mebeles\/\"},{\"@type\":\"ListItem\",\"position\":2,\"name\":\"Visi produkti\",\"item\":\"https:\/\/brilune.eu\/lv\/shop\/\"},{\"@type\":\"ListItem\",\"position\":3,\"name\":\"Grezns \u0113damistabas kr\u0113sls\"}]},{\"@type\":\"WebSite\",\"@id\":\"https:\/\/brilune.eu\/lv\/#website\",\"url\":\"https:\/\/brilune.eu\/lv\/\",\"name\":\"Brilune\",\"description\":\"M\u0113s pied\u0101v\u0101jam unik\u0101lus un nebiju\u0161us dizainus, kas apvieno eleganci, funkcionalit\u0101ti un rado\u0161umu.\",\"potentialAction\":[{\"@type\":\"SearchAction\",\"target\":{\"@type\":\"EntryPoint\",\"urlTemplate\":\"https:\/\/brilune.eu\/lv\/?s={search_term_string}\"},\"query-input\":{\"@type\":\"PropertyValueSpecification\",\"valueRequired\":true,\"valueName\":\"search_term_string\"}}],\"inLanguage\":\"lv-LV\"}]}<\/script>\n<!-- \/ Yoast SEO plugin. -->","yoast_head_json":{"title":"Grezns \u0113damistabas kr\u0113sls","description":"Roz\u0101 samta apdare ne tikai nodro\u0161ina m\u012bkstu un \u0113rtu s\u0113dvietu, bet ar\u012b pie\u0161\u0137ir j\u016bsu \u0113damistabai vizu\u0101lu pievilc\u012bbu. Kr\u0113sla atzveltne un s\u0113deklis ir polster\u0113ti...","robots":{"index":"index","follow":"follow","max-snippet":"max-snippet:-1","max-image-preview":"max-image-preview:large","max-video-preview":"max-video-preview:-1"},"canonical":"https:\/\/brilune.eu\/lv\/product\/grezns-edamistabas-kresls\/","og_locale":"lv_LV","og_type":"article","og_title":"Grezns \u0113damistabas kr\u0113sls","og_description":"Roz\u0101 samta apdare ne tikai nodro\u0161ina m\u012bkstu un \u0113rtu s\u0113dvietu, bet ar\u012b pie\u0161\u0137ir j\u016bsu \u0113damistabai vizu\u0101lu pievilc\u012bbu. Kr\u0113sla atzveltne un s\u0113deklis ir polster\u0113ti...","og_url":"https:\/\/brilune.eu\/lv\/product\/grezns-edamistabas-kresls\/","og_site_name":"Brilune","article_modified_time":"2025-02-19T10:10:21+00:00","og_image":[{"width":800,"height":800,"url":"https:\/\/brilune.eu\/wp-content\/uploads\/2025\/01\/9-2-4.jpg","type":"image\/jpeg"}],"twitter_card":"summary_large_image","twitter_misc":{"Est. reading time":"1 minute"},"schema":{"@context":"https:\/\/schema.org","@graph":[{"@type":"WebPage","@id":"https:\/\/brilune.eu\/lv\/product\/grezns-edamistabas-kresls\/","url":"https:\/\/brilune.eu\/lv\/product\/grezns-edamistabas-kresls\/","name":"Grezns \u0113damistabas kr\u0113sls","isPartOf":{"@id":"https:\/\/brilune.eu\/lv\/#website"},"primaryImageOfPage":{"@id":"https:\/\/brilune.eu\/lv\/product\/grezns-edamistabas-kresls\/#primaryimage"},"image":{"@id":"https:\/\/brilune.eu\/lv\/product\/grezns-edamistabas-kresls\/#primaryimage"},"thumbnailUrl":"https:\/\/brilune.eu\/wp-content\/uploads\/2025\/01\/9-2-4.jpg","datePublished":"2025-02-19T09:53:35+00:00","dateModified":"2025-02-19T10:10:21+00:00","description":"Roz\u0101 samta apdare ne tikai nodro\u0161ina m\u012bkstu un \u0113rtu s\u0113dvietu, bet ar\u012b pie\u0161\u0137ir j\u016bsu \u0113damistabai vizu\u0101lu pievilc\u012bbu. Kr\u0113sla atzveltne un s\u0113deklis ir polster\u0113ti...","breadcrumb":{"@id":"https:\/\/brilune.eu\/lv\/product\/grezns-edamistabas-kresls\/#breadcrumb"},"inLanguage":"lv-LV","potentialAction":[{"@type":"ReadAction","target":["https:\/\/brilune.eu\/lv\/product\/grezns-edamistabas-kresls\/"]}]},{"@type":"ImageObject","inLanguage":"lv-LV","@id":"https:\/\/brilune.eu\/lv\/product\/grezns-edamistabas-kresls\/#primaryimage","url":"https:\/\/brilune.eu\/wp-content\/uploads\/2025\/01\/9-2-4.jpg","contentUrl":"https:\/\/brilune.eu\/wp-content\/uploads\/2025\/01\/9-2-4.jpg","width":800,"height":800},{"@type":"BreadcrumbList","@id":"https:\/\/brilune.eu\/lv\/product\/grezns-edamistabas-kresls\/#breadcrumb","itemListElement":[{"@type":"ListItem","position":1,"name":"S\u0101kums","item":"https:\/\/brilune.eu\/lv\/brilune-mebeles\/"},{"@type":"ListItem","position":2,"name":"Visi produkti","item":"https:\/\/brilune.eu\/lv\/shop\/"},{"@type":"ListItem","position":3,"name":"Grezns \u0113damistabas kr\u0113sls"}]},{"@type":"WebSite","@id":"https:\/\/brilune.eu\/lv\/#website","url":"https:\/\/brilune.eu\/lv\/","name":"Brilune","description":"M\u0113s pied\u0101v\u0101jam unik\u0101lus un nebiju\u0161us dizainus, kas apvieno eleganci, funkcionalit\u0101ti un rado\u0161umu.","potentialAction":[{"@type":"SearchAction","target":{"@type":"EntryPoint","urlTemplate":"https:\/\/brilune.eu\/lv\/?s={search_term_string}"},"query-input":{"@type":"PropertyValueSpecification","valueRequired":true,"valueName":"search_term_string"}}],"inLanguage":"lv-LV"}]}},"jetpack_sharing_enabled":true,"_links":{"self":[{"href":"https:\/\/brilune.eu\/lv\/wp-json\/wp\/v2\/product\/36413","targetHints":{"allow":["GET"]}}],"collection":[{"href":"https:\/\/brilune.eu\/lv\/wp-json\/wp\/v2\/product"}],"about":[{"href":"https:\/\/brilune.eu\/lv\/wp-json\/wp\/v2\/types\/product"}],"replies":[{"embeddable":true,"href":"https:\/\/brilune.eu\/lv\/wp-json\/wp\/v2\/comments?post=36413"}],"version-history":[{"count":1,"href":"https:\/\/brilune.eu\/lv\/wp-json\/wp\/v2\/product\/36413\/revisions"}],"predecessor-version":[{"id":36459,"href":"https:\/\/brilune.eu\/lv\/wp-json\/wp\/v2\/product\/36413\/revisions\/36459"}],"wp:featuredmedia":[{"embeddable":true,"href":"https:\/\/brilune.eu\/lv\/wp-json\/wp\/v2\/media\/4713"}],"wp:attachment":[{"href":"https:\/\/brilune.eu\/lv\/wp-json\/wp\/v2\/media?parent=36413"}],"wp:term":[{"taxonomy":"product_brand","embeddable":true,"href":"https:\/\/brilune.eu\/lv\/wp-json\/wp\/v2\/product_brand?post=36413"},{"taxonomy":"product_cat","embeddable":true,"href":"https:\/\/brilune.eu\/lv\/wp-json\/wp\/v2\/product_cat?post=36413"},{"taxonomy":"product_tag","embeddable":true,"href":"https:\/\/brilune.eu\/lv\/wp-json\/wp\/v2\/product_tag?post=36413"}],"curies":[{"name":"wp","href":"https:\/\/api.w.org\/{rel}","templated":true}]}}