{"id":36410,"date":"2025-02-19T11:53:34","date_gmt":"2025-02-19T09:53:34","guid":{"rendered":"https:\/\/brilune.eu\/?post_type=product&#038;p=36410"},"modified":"2025-02-19T12:10:20","modified_gmt":"2025-02-19T10:10:20","slug":"musdienigs-kresls-3","status":"publish","type":"product","link":"https:\/\/brilune.eu\/lv\/product\/musdienigs-kresls-3\/","title":{"rendered":"M\u016bsdien\u012bgs kr\u0113sls"},"content":{"rendered":"<p>Izbaudiet izcilu komfortu un stilu ar m\u016bsu las\u012b\u0161anas kr\u0113slu. M\u016bsu kr\u0113sli ir roku darbs no vislab\u0101kajiem materi\u0101liem un pied\u0101v\u0101 unik\u0101lu, m\u016bsdien\u012bgu izskatu. \u0160is kr\u0113sls ar m\u012bkstu samta audumu ir lieliski piem\u0113rots labas gr\u0101matas un t\u0113jas tases baud\u012b\u0161anai. Izm\u0113ri: 79x84x75 cm.<\/p>\n","protected":false},"excerpt":{"rendered":"<p>Izbaudiet izcilu komfortu un stilu ar m\u016bsu las\u012b\u0161anas kr\u0113slu. M\u016bsu kr\u0113sli ir roku darbs no vislab\u0101kajiem materi\u0101liem un pied\u0101v\u0101 unik\u0101lu, m\u016bsdien\u012bgu izskatu. Ar savu tik&#8230;<\/p>\n","protected":false},"featured_media":4703,"comment_status":"open","ping_status":"closed","template":"","meta":[],"product_brand":[],"product_cat":[1391,5513],"product_tag":[],"class_list":{"0":"post-36410","1":"product","2":"type-product","3":"status-publish","4":"has-post-thumbnail","6":"product_cat-atputas-kresls","7":"product_cat-atputas-kresls-kresli-4","9":"first","10":"instock","11":"shipping-taxable","12":"purchasable","13":"product-type-simple"},"yoast_head":"<!-- This site is optimized with the Yoast SEO plugin v26.0 - https:\/\/yoast.com\/wordpress\/plugins\/seo\/ -->\n<title>M\u016bsdien\u012bgs kr\u0113sls<\/title>\n<meta name=\"description\" content=\"Izbaudiet izcilu komfortu un stilu ar m\u016bsu las\u012b\u0161anas kr\u0113slu. M\u016bsu kr\u0113sli ir roku darbs no vislab\u0101kajiem materi\u0101liem un pied\u0101v\u0101 unik\u0101lu, m\u016bsdien\u012bgu izskatu. Ar savu tik...\" \/>\n<meta name=\"robots\" content=\"index, follow, max-snippet:-1, max-image-preview:large, max-video-preview:-1\" \/>\n<link rel=\"canonical\" href=\"https:\/\/brilune.eu\/lv\/product\/musdienigs-kresls-3\/\" \/>\n<meta property=\"og:locale\" content=\"lv_LV\" \/>\n<meta property=\"og:type\" content=\"article\" \/>\n<meta property=\"og:title\" content=\"M\u016bsdien\u012bgs kr\u0113sls\" \/>\n<meta property=\"og:description\" content=\"Izbaudiet izcilu komfortu un stilu ar m\u016bsu las\u012b\u0161anas kr\u0113slu. M\u016bsu kr\u0113sli ir roku darbs no vislab\u0101kajiem materi\u0101liem un pied\u0101v\u0101 unik\u0101lu, m\u016bsdien\u012bgu izskatu. Ar savu tik...\" \/>\n<meta property=\"og:url\" content=\"https:\/\/brilune.eu\/lv\/product\/musdienigs-kresls-3\/\" \/>\n<meta property=\"og:site_name\" content=\"Brilune\" \/>\n<meta property=\"article:modified_time\" content=\"2025-02-19T10:10:20+00:00\" \/>\n<meta property=\"og:image\" content=\"https:\/\/brilune.eu\/wp-content\/uploads\/2025\/01\/1-1-2.jpg\" \/>\n\t<meta property=\"og:image:width\" content=\"800\" \/>\n\t<meta property=\"og:image:height\" content=\"800\" \/>\n\t<meta property=\"og:image:type\" content=\"image\/jpeg\" \/>\n<meta name=\"twitter:card\" content=\"summary_large_image\" \/>\n<script type=\"application\/ld+json\" class=\"yoast-schema-graph\">{\"@context\":\"https:\/\/schema.org\",\"@graph\":[{\"@type\":\"WebPage\",\"@id\":\"https:\/\/brilune.eu\/lv\/product\/musdienigs-kresls-3\/\",\"url\":\"https:\/\/brilune.eu\/lv\/product\/musdienigs-kresls-3\/\",\"name\":\"M\u016bsdien\u012bgs kr\u0113sls\",\"isPartOf\":{\"@id\":\"https:\/\/brilune.eu\/lv\/#website\"},\"primaryImageOfPage\":{\"@id\":\"https:\/\/brilune.eu\/lv\/product\/musdienigs-kresls-3\/#primaryimage\"},\"image\":{\"@id\":\"https:\/\/brilune.eu\/lv\/product\/musdienigs-kresls-3\/#primaryimage\"},\"thumbnailUrl\":\"https:\/\/brilune.eu\/wp-content\/uploads\/2025\/01\/1-1-2.jpg\",\"datePublished\":\"2025-02-19T09:53:34+00:00\",\"dateModified\":\"2025-02-19T10:10:20+00:00\",\"description\":\"Izbaudiet izcilu komfortu un stilu ar m\u016bsu las\u012b\u0161anas kr\u0113slu. M\u016bsu kr\u0113sli ir roku darbs no vislab\u0101kajiem materi\u0101liem un pied\u0101v\u0101 unik\u0101lu, m\u016bsdien\u012bgu izskatu. Ar savu tik...\",\"breadcrumb\":{\"@id\":\"https:\/\/brilune.eu\/lv\/product\/musdienigs-kresls-3\/#breadcrumb\"},\"inLanguage\":\"lv-LV\",\"potentialAction\":[{\"@type\":\"ReadAction\",\"target\":[\"https:\/\/brilune.eu\/lv\/product\/musdienigs-kresls-3\/\"]}]},{\"@type\":\"ImageObject\",\"inLanguage\":\"lv-LV\",\"@id\":\"https:\/\/brilune.eu\/lv\/product\/musdienigs-kresls-3\/#primaryimage\",\"url\":\"https:\/\/brilune.eu\/wp-content\/uploads\/2025\/01\/1-1-2.jpg\",\"contentUrl\":\"https:\/\/brilune.eu\/wp-content\/uploads\/2025\/01\/1-1-2.jpg\",\"width\":800,\"height\":800},{\"@type\":\"BreadcrumbList\",\"@id\":\"https:\/\/brilune.eu\/lv\/product\/musdienigs-kresls-3\/#breadcrumb\",\"itemListElement\":[{\"@type\":\"ListItem\",\"position\":1,\"name\":\"S\u0101kums\",\"item\":\"https:\/\/brilune.eu\/lv\/brilune-mebeles\/\"},{\"@type\":\"ListItem\",\"position\":2,\"name\":\"Visi produkti\",\"item\":\"https:\/\/brilune.eu\/lv\/shop\/\"},{\"@type\":\"ListItem\",\"position\":3,\"name\":\"M\u016bsdien\u012bgs kr\u0113sls\"}]},{\"@type\":\"WebSite\",\"@id\":\"https:\/\/brilune.eu\/lv\/#website\",\"url\":\"https:\/\/brilune.eu\/lv\/\",\"name\":\"Brilune\",\"description\":\"M\u0113s pied\u0101v\u0101jam unik\u0101lus un nebiju\u0161us dizainus, kas apvieno eleganci, funkcionalit\u0101ti un rado\u0161umu.\",\"potentialAction\":[{\"@type\":\"SearchAction\",\"target\":{\"@type\":\"EntryPoint\",\"urlTemplate\":\"https:\/\/brilune.eu\/lv\/?s={search_term_string}\"},\"query-input\":{\"@type\":\"PropertyValueSpecification\",\"valueRequired\":true,\"valueName\":\"search_term_string\"}}],\"inLanguage\":\"lv-LV\"}]}<\/script>\n<!-- \/ Yoast SEO plugin. -->","yoast_head_json":{"title":"M\u016bsdien\u012bgs kr\u0113sls","description":"Izbaudiet izcilu komfortu un stilu ar m\u016bsu las\u012b\u0161anas kr\u0113slu. M\u016bsu kr\u0113sli ir roku darbs no vislab\u0101kajiem materi\u0101liem un pied\u0101v\u0101 unik\u0101lu, m\u016bsdien\u012bgu izskatu. Ar savu tik...","robots":{"index":"index","follow":"follow","max-snippet":"max-snippet:-1","max-image-preview":"max-image-preview:large","max-video-preview":"max-video-preview:-1"},"canonical":"https:\/\/brilune.eu\/lv\/product\/musdienigs-kresls-3\/","og_locale":"lv_LV","og_type":"article","og_title":"M\u016bsdien\u012bgs kr\u0113sls","og_description":"Izbaudiet izcilu komfortu un stilu ar m\u016bsu las\u012b\u0161anas kr\u0113slu. M\u016bsu kr\u0113sli ir roku darbs no vislab\u0101kajiem materi\u0101liem un pied\u0101v\u0101 unik\u0101lu, m\u016bsdien\u012bgu izskatu. Ar savu tik...","og_url":"https:\/\/brilune.eu\/lv\/product\/musdienigs-kresls-3\/","og_site_name":"Brilune","article_modified_time":"2025-02-19T10:10:20+00:00","og_image":[{"width":800,"height":800,"url":"https:\/\/brilune.eu\/wp-content\/uploads\/2025\/01\/1-1-2.jpg","type":"image\/jpeg"}],"twitter_card":"summary_large_image","schema":{"@context":"https:\/\/schema.org","@graph":[{"@type":"WebPage","@id":"https:\/\/brilune.eu\/lv\/product\/musdienigs-kresls-3\/","url":"https:\/\/brilune.eu\/lv\/product\/musdienigs-kresls-3\/","name":"M\u016bsdien\u012bgs kr\u0113sls","isPartOf":{"@id":"https:\/\/brilune.eu\/lv\/#website"},"primaryImageOfPage":{"@id":"https:\/\/brilune.eu\/lv\/product\/musdienigs-kresls-3\/#primaryimage"},"image":{"@id":"https:\/\/brilune.eu\/lv\/product\/musdienigs-kresls-3\/#primaryimage"},"thumbnailUrl":"https:\/\/brilune.eu\/wp-content\/uploads\/2025\/01\/1-1-2.jpg","datePublished":"2025-02-19T09:53:34+00:00","dateModified":"2025-02-19T10:10:20+00:00","description":"Izbaudiet izcilu komfortu un stilu ar m\u016bsu las\u012b\u0161anas kr\u0113slu. M\u016bsu kr\u0113sli ir roku darbs no vislab\u0101kajiem materi\u0101liem un pied\u0101v\u0101 unik\u0101lu, m\u016bsdien\u012bgu izskatu. Ar savu tik...","breadcrumb":{"@id":"https:\/\/brilune.eu\/lv\/product\/musdienigs-kresls-3\/#breadcrumb"},"inLanguage":"lv-LV","potentialAction":[{"@type":"ReadAction","target":["https:\/\/brilune.eu\/lv\/product\/musdienigs-kresls-3\/"]}]},{"@type":"ImageObject","inLanguage":"lv-LV","@id":"https:\/\/brilune.eu\/lv\/product\/musdienigs-kresls-3\/#primaryimage","url":"https:\/\/brilune.eu\/wp-content\/uploads\/2025\/01\/1-1-2.jpg","contentUrl":"https:\/\/brilune.eu\/wp-content\/uploads\/2025\/01\/1-1-2.jpg","width":800,"height":800},{"@type":"BreadcrumbList","@id":"https:\/\/brilune.eu\/lv\/product\/musdienigs-kresls-3\/#breadcrumb","itemListElement":[{"@type":"ListItem","position":1,"name":"S\u0101kums","item":"https:\/\/brilune.eu\/lv\/brilune-mebeles\/"},{"@type":"ListItem","position":2,"name":"Visi produkti","item":"https:\/\/brilune.eu\/lv\/shop\/"},{"@type":"ListItem","position":3,"name":"M\u016bsdien\u012bgs kr\u0113sls"}]},{"@type":"WebSite","@id":"https:\/\/brilune.eu\/lv\/#website","url":"https:\/\/brilune.eu\/lv\/","name":"Brilune","description":"M\u0113s pied\u0101v\u0101jam unik\u0101lus un nebiju\u0161us dizainus, kas apvieno eleganci, funkcionalit\u0101ti un rado\u0161umu.","potentialAction":[{"@type":"SearchAction","target":{"@type":"EntryPoint","urlTemplate":"https:\/\/brilune.eu\/lv\/?s={search_term_string}"},"query-input":{"@type":"PropertyValueSpecification","valueRequired":true,"valueName":"search_term_string"}}],"inLanguage":"lv-LV"}]}},"jetpack_sharing_enabled":true,"_links":{"self":[{"href":"https:\/\/brilune.eu\/lv\/wp-json\/wp\/v2\/product\/36410","targetHints":{"allow":["GET"]}}],"collection":[{"href":"https:\/\/brilune.eu\/lv\/wp-json\/wp\/v2\/product"}],"about":[{"href":"https:\/\/brilune.eu\/lv\/wp-json\/wp\/v2\/types\/product"}],"replies":[{"embeddable":true,"href":"https:\/\/brilune.eu\/lv\/wp-json\/wp\/v2\/comments?post=36410"}],"version-history":[{"count":1,"href":"https:\/\/brilune.eu\/lv\/wp-json\/wp\/v2\/product\/36410\/revisions"}],"predecessor-version":[{"id":36456,"href":"https:\/\/brilune.eu\/lv\/wp-json\/wp\/v2\/product\/36410\/revisions\/36456"}],"wp:featuredmedia":[{"embeddable":true,"href":"https:\/\/brilune.eu\/lv\/wp-json\/wp\/v2\/media\/4703"}],"wp:attachment":[{"href":"https:\/\/brilune.eu\/lv\/wp-json\/wp\/v2\/media?parent=36410"}],"wp:term":[{"taxonomy":"product_brand","embeddable":true,"href":"https:\/\/brilune.eu\/lv\/wp-json\/wp\/v2\/product_brand?post=36410"},{"taxonomy":"product_cat","embeddable":true,"href":"https:\/\/brilune.eu\/lv\/wp-json\/wp\/v2\/product_cat?post=36410"},{"taxonomy":"product_tag","embeddable":true,"href":"https:\/\/brilune.eu\/lv\/wp-json\/wp\/v2\/product_tag?post=36410"}],"curies":[{"name":"wp","href":"https:\/\/api.w.org\/{rel}","templated":true}]}}