{"id":36375,"date":"2025-02-19T11:53:08","date_gmt":"2025-02-19T09:53:08","guid":{"rendered":"https:\/\/brilune.eu\/?post_type=product&#038;p=36375"},"modified":"2025-02-19T12:10:08","modified_gmt":"2025-02-19T10:10:08","slug":"adas-kresls-2","status":"publish","type":"product","link":"https:\/\/brilune.eu\/lv\/product\/adas-kresls-2\/","title":{"rendered":"\u0100das kr\u0113sls"},"content":{"rendered":"<p>Groz\u0101mais \u0101das kr\u0113sls ir stil\u012bga un daudzpus\u012bga s\u0113dvieta, kas apvieno komfortu un funkcionalit\u0101ti. \u0160im kr\u0113slam ir m\u016bsdien\u012bgs dizains, kas padara to piem\u0113rotu da\u017e\u0101d\u0101m telp\u0101m, piem\u0113ram, dz\u012bvojam\u0101m istab\u0101m, birojiem vai m\u0101c\u012bbu zon\u0101m. Kr\u0113sls ir izgatavots ar augstas kvalit\u0101tes \u0101das apdari, kas ne tikai pie\u0161\u0137ir elegances piesk\u0101rienu, bet ar\u012b nodro\u0161ina iztur\u012bbu un vieglu apkopi. Gluda un elast\u012bga \u0101da nodro\u0161ina greznu saj\u016btu un uzlabo kr\u0113sla kop\u0113jo est\u0113tisko pievilc\u012bbu. Viena no groz\u0101m\u0101 kr\u0113sla iez\u012bm\u0113m ir t\u0101 groz\u0101mais meh\u0101nisms. Ar vienk\u0101r\u0161u pagriezienu j\u016bs varat bez piep\u016bles pagriezt kr\u0113slu jebkur\u0101 virzien\u0101, padarot to viegli iesaist\u012bties sarun\u0101s, piek\u013c\u016bt da\u017e\u0101d\u0101m darba vietas zon\u0101m vai atrast perfektu skata le\u0146\u0137i. Ergonomiskais dizains veicina pareizu st\u0101ju un samazina diskomforta vai sasprindzin\u0101juma risku, padarot to par ide\u0101lu izv\u0113li gan darbam, gan atp\u016btai. Kompaktais un vietu taupo\u0161ais groz\u0101m\u0101 \u0101das kr\u0113sla dizains padara to par daudzpus\u012bgu iesp\u0113ju maz\u0101k\u0101m telp\u0101m. Neatkar\u012bgi no t\u0101, vai jums ir nepiecie\u0161amas papildu s\u0113dvietas ierobe\u017eot\u0101 zon\u0101 vai v\u0113laties izveidot m\u0101j\u012bgu las\u012b\u0161anas kakti\u0146u, \u0161is kr\u0113sls neman\u0101mi iek\u013caujas da\u017e\u0101dos telpu izk\u0101rtojumos. Izm\u0113ri: 82x82x82 cm.<\/p>\n","protected":false},"excerpt":{"rendered":"<p>Groz\u0101mais \u0101das kr\u0113sls ir stil\u012bga un daudzpus\u012bga s\u0113dvieta, kas apvieno komfortu un funkcionalit\u0101ti. \u0160im kr\u0113slam ir moderns dizains, kas padara to piem\u0113rotu&#8230;<\/p>\n","protected":false},"featured_media":4604,"comment_status":"open","ping_status":"closed","template":"","meta":[],"product_brand":[],"product_cat":[5513,5515,1481],"product_tag":[],"class_list":{"0":"post-36375","1":"product","2":"type-product","3":"status-publish","4":"has-post-thumbnail","6":"product_cat-atputas-kresls-kresli-4","7":"product_cat-grozamais-kresls-kresli-4","8":"product_cat-grozamais-kresls","10":"first","11":"instock","12":"shipping-taxable","13":"purchasable","14":"product-type-simple"},"yoast_head":"<!-- This site is optimized with the Yoast SEO plugin v26.0 - https:\/\/yoast.com\/wordpress\/plugins\/seo\/ -->\n<title>\u0100das kr\u0113sls<\/title>\n<meta name=\"description\" content=\"Groz\u0101mais \u0101das kr\u0113sls ir stil\u012bga un daudzpus\u012bga s\u0113dvieta, kas apvieno komfortu un funkcionalit\u0101ti. \u0160im kr\u0113slam ir moderns dizains, kas padara to piem\u0113rotu...\" \/>\n<meta name=\"robots\" content=\"index, follow, max-snippet:-1, max-image-preview:large, max-video-preview:-1\" \/>\n<link rel=\"canonical\" href=\"https:\/\/brilune.eu\/lv\/product\/adas-kresls-2\/\" \/>\n<meta property=\"og:locale\" content=\"lv_LV\" \/>\n<meta property=\"og:type\" content=\"article\" \/>\n<meta property=\"og:title\" content=\"\u0100das kr\u0113sls\" \/>\n<meta property=\"og:description\" content=\"Groz\u0101mais \u0101das kr\u0113sls ir stil\u012bga un daudzpus\u012bga s\u0113dvieta, kas apvieno komfortu un funkcionalit\u0101ti. \u0160im kr\u0113slam ir moderns dizains, kas padara to piem\u0113rotu...\" \/>\n<meta property=\"og:url\" content=\"https:\/\/brilune.eu\/lv\/product\/adas-kresls-2\/\" \/>\n<meta property=\"og:site_name\" content=\"Brilune\" \/>\n<meta property=\"article:modified_time\" content=\"2025-02-19T10:10:08+00:00\" \/>\n<meta property=\"og:image\" content=\"https:\/\/brilune.eu\/wp-content\/uploads\/2025\/01\/11-5.jpg\" \/>\n\t<meta property=\"og:image:width\" content=\"800\" \/>\n\t<meta property=\"og:image:height\" content=\"800\" \/>\n\t<meta property=\"og:image:type\" content=\"image\/jpeg\" \/>\n<meta name=\"twitter:card\" content=\"summary_large_image\" \/>\n<meta name=\"twitter:label1\" content=\"Est. reading time\" \/>\n\t<meta name=\"twitter:data1\" content=\"1 minute\" \/>\n<script type=\"application\/ld+json\" class=\"yoast-schema-graph\">{\"@context\":\"https:\/\/schema.org\",\"@graph\":[{\"@type\":\"WebPage\",\"@id\":\"https:\/\/brilune.eu\/lv\/product\/adas-kresls-2\/\",\"url\":\"https:\/\/brilune.eu\/lv\/product\/adas-kresls-2\/\",\"name\":\"\u0100das kr\u0113sls\",\"isPartOf\":{\"@id\":\"https:\/\/brilune.eu\/lv\/#website\"},\"primaryImageOfPage\":{\"@id\":\"https:\/\/brilune.eu\/lv\/product\/adas-kresls-2\/#primaryimage\"},\"image\":{\"@id\":\"https:\/\/brilune.eu\/lv\/product\/adas-kresls-2\/#primaryimage\"},\"thumbnailUrl\":\"https:\/\/brilune.eu\/wp-content\/uploads\/2025\/01\/11-5.jpg\",\"datePublished\":\"2025-02-19T09:53:08+00:00\",\"dateModified\":\"2025-02-19T10:10:08+00:00\",\"description\":\"Groz\u0101mais \u0101das kr\u0113sls ir stil\u012bga un daudzpus\u012bga s\u0113dvieta, kas apvieno komfortu un funkcionalit\u0101ti. \u0160im kr\u0113slam ir moderns dizains, kas padara to piem\u0113rotu...\",\"breadcrumb\":{\"@id\":\"https:\/\/brilune.eu\/lv\/product\/adas-kresls-2\/#breadcrumb\"},\"inLanguage\":\"lv-LV\",\"potentialAction\":[{\"@type\":\"ReadAction\",\"target\":[\"https:\/\/brilune.eu\/lv\/product\/adas-kresls-2\/\"]}]},{\"@type\":\"ImageObject\",\"inLanguage\":\"lv-LV\",\"@id\":\"https:\/\/brilune.eu\/lv\/product\/adas-kresls-2\/#primaryimage\",\"url\":\"https:\/\/brilune.eu\/wp-content\/uploads\/2025\/01\/11-5.jpg\",\"contentUrl\":\"https:\/\/brilune.eu\/wp-content\/uploads\/2025\/01\/11-5.jpg\",\"width\":800,\"height\":800},{\"@type\":\"BreadcrumbList\",\"@id\":\"https:\/\/brilune.eu\/lv\/product\/adas-kresls-2\/#breadcrumb\",\"itemListElement\":[{\"@type\":\"ListItem\",\"position\":1,\"name\":\"S\u0101kums\",\"item\":\"https:\/\/brilune.eu\/lv\/brilune-mebeles\/\"},{\"@type\":\"ListItem\",\"position\":2,\"name\":\"Visi produkti\",\"item\":\"https:\/\/brilune.eu\/lv\/shop\/\"},{\"@type\":\"ListItem\",\"position\":3,\"name\":\"\u0100das kr\u0113sls\"}]},{\"@type\":\"WebSite\",\"@id\":\"https:\/\/brilune.eu\/lv\/#website\",\"url\":\"https:\/\/brilune.eu\/lv\/\",\"name\":\"Brilune\",\"description\":\"M\u0113s pied\u0101v\u0101jam unik\u0101lus un nebiju\u0161us dizainus, kas apvieno eleganci, funkcionalit\u0101ti un rado\u0161umu.\",\"potentialAction\":[{\"@type\":\"SearchAction\",\"target\":{\"@type\":\"EntryPoint\",\"urlTemplate\":\"https:\/\/brilune.eu\/lv\/?s={search_term_string}\"},\"query-input\":{\"@type\":\"PropertyValueSpecification\",\"valueRequired\":true,\"valueName\":\"search_term_string\"}}],\"inLanguage\":\"lv-LV\"}]}<\/script>\n<!-- \/ Yoast SEO plugin. -->","yoast_head_json":{"title":"\u0100das kr\u0113sls","description":"Groz\u0101mais \u0101das kr\u0113sls ir stil\u012bga un daudzpus\u012bga s\u0113dvieta, kas apvieno komfortu un funkcionalit\u0101ti. \u0160im kr\u0113slam ir moderns dizains, kas padara to piem\u0113rotu...","robots":{"index":"index","follow":"follow","max-snippet":"max-snippet:-1","max-image-preview":"max-image-preview:large","max-video-preview":"max-video-preview:-1"},"canonical":"https:\/\/brilune.eu\/lv\/product\/adas-kresls-2\/","og_locale":"lv_LV","og_type":"article","og_title":"\u0100das kr\u0113sls","og_description":"Groz\u0101mais \u0101das kr\u0113sls ir stil\u012bga un daudzpus\u012bga s\u0113dvieta, kas apvieno komfortu un funkcionalit\u0101ti. \u0160im kr\u0113slam ir moderns dizains, kas padara to piem\u0113rotu...","og_url":"https:\/\/brilune.eu\/lv\/product\/adas-kresls-2\/","og_site_name":"Brilune","article_modified_time":"2025-02-19T10:10:08+00:00","og_image":[{"width":800,"height":800,"url":"https:\/\/brilune.eu\/wp-content\/uploads\/2025\/01\/11-5.jpg","type":"image\/jpeg"}],"twitter_card":"summary_large_image","twitter_misc":{"Est. reading time":"1 minute"},"schema":{"@context":"https:\/\/schema.org","@graph":[{"@type":"WebPage","@id":"https:\/\/brilune.eu\/lv\/product\/adas-kresls-2\/","url":"https:\/\/brilune.eu\/lv\/product\/adas-kresls-2\/","name":"\u0100das kr\u0113sls","isPartOf":{"@id":"https:\/\/brilune.eu\/lv\/#website"},"primaryImageOfPage":{"@id":"https:\/\/brilune.eu\/lv\/product\/adas-kresls-2\/#primaryimage"},"image":{"@id":"https:\/\/brilune.eu\/lv\/product\/adas-kresls-2\/#primaryimage"},"thumbnailUrl":"https:\/\/brilune.eu\/wp-content\/uploads\/2025\/01\/11-5.jpg","datePublished":"2025-02-19T09:53:08+00:00","dateModified":"2025-02-19T10:10:08+00:00","description":"Groz\u0101mais \u0101das kr\u0113sls ir stil\u012bga un daudzpus\u012bga s\u0113dvieta, kas apvieno komfortu un funkcionalit\u0101ti. \u0160im kr\u0113slam ir moderns dizains, kas padara to piem\u0113rotu...","breadcrumb":{"@id":"https:\/\/brilune.eu\/lv\/product\/adas-kresls-2\/#breadcrumb"},"inLanguage":"lv-LV","potentialAction":[{"@type":"ReadAction","target":["https:\/\/brilune.eu\/lv\/product\/adas-kresls-2\/"]}]},{"@type":"ImageObject","inLanguage":"lv-LV","@id":"https:\/\/brilune.eu\/lv\/product\/adas-kresls-2\/#primaryimage","url":"https:\/\/brilune.eu\/wp-content\/uploads\/2025\/01\/11-5.jpg","contentUrl":"https:\/\/brilune.eu\/wp-content\/uploads\/2025\/01\/11-5.jpg","width":800,"height":800},{"@type":"BreadcrumbList","@id":"https:\/\/brilune.eu\/lv\/product\/adas-kresls-2\/#breadcrumb","itemListElement":[{"@type":"ListItem","position":1,"name":"S\u0101kums","item":"https:\/\/brilune.eu\/lv\/brilune-mebeles\/"},{"@type":"ListItem","position":2,"name":"Visi produkti","item":"https:\/\/brilune.eu\/lv\/shop\/"},{"@type":"ListItem","position":3,"name":"\u0100das kr\u0113sls"}]},{"@type":"WebSite","@id":"https:\/\/brilune.eu\/lv\/#website","url":"https:\/\/brilune.eu\/lv\/","name":"Brilune","description":"M\u0113s pied\u0101v\u0101jam unik\u0101lus un nebiju\u0161us dizainus, kas apvieno eleganci, funkcionalit\u0101ti un rado\u0161umu.","potentialAction":[{"@type":"SearchAction","target":{"@type":"EntryPoint","urlTemplate":"https:\/\/brilune.eu\/lv\/?s={search_term_string}"},"query-input":{"@type":"PropertyValueSpecification","valueRequired":true,"valueName":"search_term_string"}}],"inLanguage":"lv-LV"}]}},"jetpack_sharing_enabled":true,"_links":{"self":[{"href":"https:\/\/brilune.eu\/lv\/wp-json\/wp\/v2\/product\/36375","targetHints":{"allow":["GET"]}}],"collection":[{"href":"https:\/\/brilune.eu\/lv\/wp-json\/wp\/v2\/product"}],"about":[{"href":"https:\/\/brilune.eu\/lv\/wp-json\/wp\/v2\/types\/product"}],"replies":[{"embeddable":true,"href":"https:\/\/brilune.eu\/lv\/wp-json\/wp\/v2\/comments?post=36375"}],"version-history":[{"count":1,"href":"https:\/\/brilune.eu\/lv\/wp-json\/wp\/v2\/product\/36375\/revisions"}],"predecessor-version":[{"id":36422,"href":"https:\/\/brilune.eu\/lv\/wp-json\/wp\/v2\/product\/36375\/revisions\/36422"}],"wp:featuredmedia":[{"embeddable":true,"href":"https:\/\/brilune.eu\/lv\/wp-json\/wp\/v2\/media\/4604"}],"wp:attachment":[{"href":"https:\/\/brilune.eu\/lv\/wp-json\/wp\/v2\/media?parent=36375"}],"wp:term":[{"taxonomy":"product_brand","embeddable":true,"href":"https:\/\/brilune.eu\/lv\/wp-json\/wp\/v2\/product_brand?post=36375"},{"taxonomy":"product_cat","embeddable":true,"href":"https:\/\/brilune.eu\/lv\/wp-json\/wp\/v2\/product_cat?post=36375"},{"taxonomy":"product_tag","embeddable":true,"href":"https:\/\/brilune.eu\/lv\/wp-json\/wp\/v2\/product_tag?post=36375"}],"curies":[{"name":"wp","href":"https:\/\/api.w.org\/{rel}","templated":true}]}}