{"id":36372,"date":"2025-02-19T11:53:08","date_gmt":"2025-02-19T09:53:08","guid":{"rendered":"https:\/\/brilune.eu\/?post_type=product&#038;p=36372"},"modified":"2025-02-19T12:10:06","modified_gmt":"2025-02-19T10:10:06","slug":"erts-supulkresls-2","status":"publish","type":"product","link":"https:\/\/brilune.eu\/lv\/product\/erts-supulkresls-2\/","title":{"rendered":"\u0112rts \u0161\u016bpu\u013ckr\u0113sls"},"content":{"rendered":"<p>\u0160is \u0161\u016bpu\u013ckr\u0113sls apvieno modernu dizainu ar klasisku \u0161\u016bpu\u013ckr\u0113sla komfortu. Izgatavots no augstas kvalit\u0101tes materi\u0101liem, \u0161im kr\u0113slam ir unik\u0101ls, izliekts dizains, kas nostiprina \u0137ermeni un nodro\u0161ina lielisku atbalstu. Ar savu gludo un moderno dizainu \u0161\u016bpu\u013ckr\u0113sls ir satrieco\u0161s papildin\u0101jums jebkurai viesistabai, gu\u013camistabai vai b\u0113rnistabai. T\u0101 \u0113rt\u0101 un atbalsto\u0161\u0101 konstrukcija padara to ide\u0101li piem\u0113rotu barojo\u0161\u0101m m\u0101t\u0113m vai vienk\u0101r\u0161i tiem, kas v\u0113las atp\u016bsties. Kr\u0113sla kompaktais izm\u0113rs \u013cauj to viegli p\u0101rvietot un uzglab\u0101t, padarot to par daudzpus\u012bgu m\u0113bele jebkurai telpai. Izm\u0113ri: 101x69x79 cm.<\/p>\n","protected":false},"excerpt":{"rendered":"<p>\u0160is \u0161\u016bpu\u013ckr\u0113sls apvieno modernu dizainu ar klasisku \u0161\u016bpu\u013ckr\u0113sla komfortu. Izgatavots no augstas kvalit\u0101tes materi\u0101liem, \u0161im kr\u0113slam ir unik\u0101ls, izliekts dizains, kas&#8230;<\/p>\n","protected":false},"featured_media":4588,"comment_status":"open","ping_status":"closed","template":"","meta":[],"product_brand":[],"product_cat":[1391,5513],"product_tag":[],"class_list":{"0":"post-36372","1":"product","2":"type-product","3":"status-publish","4":"has-post-thumbnail","6":"product_cat-atputas-kresls","7":"product_cat-atputas-kresls-kresli-4","9":"first","10":"instock","11":"shipping-taxable","12":"purchasable","13":"product-type-simple"},"yoast_head":"<!-- This site is optimized with the Yoast SEO plugin v26.0 - https:\/\/yoast.com\/wordpress\/plugins\/seo\/ -->\n<title>\u0112rts \u0161\u016bpu\u013ckr\u0113sls<\/title>\n<meta name=\"description\" content=\"\u0160is \u0161\u016bpu\u013ckr\u0113sls apvieno modernu dizainu ar klasisku \u0161\u016bpu\u013ckr\u0113sla komfortu. Izgatavots no augstas kvalit\u0101tes materi\u0101liem, \u0161im kr\u0113slam ir unik\u0101ls, izliekts dizains, kas...\" \/>\n<meta name=\"robots\" content=\"index, follow, max-snippet:-1, max-image-preview:large, max-video-preview:-1\" \/>\n<link rel=\"canonical\" href=\"https:\/\/brilune.eu\/lv\/product\/erts-supulkresls-2\/\" \/>\n<meta property=\"og:locale\" content=\"lv_LV\" \/>\n<meta property=\"og:type\" content=\"article\" \/>\n<meta property=\"og:title\" content=\"\u0112rts \u0161\u016bpu\u013ckr\u0113sls\" \/>\n<meta property=\"og:description\" content=\"\u0160is \u0161\u016bpu\u013ckr\u0113sls apvieno modernu dizainu ar klasisku \u0161\u016bpu\u013ckr\u0113sla komfortu. Izgatavots no augstas kvalit\u0101tes materi\u0101liem, \u0161im kr\u0113slam ir unik\u0101ls, izliekts dizains, kas...\" \/>\n<meta property=\"og:url\" content=\"https:\/\/brilune.eu\/lv\/product\/erts-supulkresls-2\/\" \/>\n<meta property=\"og:site_name\" content=\"Brilune\" \/>\n<meta property=\"article:modified_time\" content=\"2025-02-19T10:10:06+00:00\" \/>\n<meta property=\"og:image\" content=\"https:\/\/brilune.eu\/wp-content\/uploads\/2025\/01\/2-9.png\" \/>\n\t<meta property=\"og:image:width\" content=\"1024\" \/>\n\t<meta property=\"og:image:height\" content=\"1024\" \/>\n\t<meta property=\"og:image:type\" content=\"image\/png\" \/>\n<meta name=\"twitter:card\" content=\"summary_large_image\" \/>\n<meta name=\"twitter:label1\" content=\"Est. reading time\" \/>\n\t<meta name=\"twitter:data1\" content=\"1 minute\" \/>\n<script type=\"application\/ld+json\" class=\"yoast-schema-graph\">{\"@context\":\"https:\/\/schema.org\",\"@graph\":[{\"@type\":\"WebPage\",\"@id\":\"https:\/\/brilune.eu\/lv\/product\/erts-supulkresls-2\/\",\"url\":\"https:\/\/brilune.eu\/lv\/product\/erts-supulkresls-2\/\",\"name\":\"\u0112rts \u0161\u016bpu\u013ckr\u0113sls\",\"isPartOf\":{\"@id\":\"https:\/\/brilune.eu\/lv\/#website\"},\"primaryImageOfPage\":{\"@id\":\"https:\/\/brilune.eu\/lv\/product\/erts-supulkresls-2\/#primaryimage\"},\"image\":{\"@id\":\"https:\/\/brilune.eu\/lv\/product\/erts-supulkresls-2\/#primaryimage\"},\"thumbnailUrl\":\"https:\/\/brilune.eu\/wp-content\/uploads\/2025\/01\/2-9.png\",\"datePublished\":\"2025-02-19T09:53:08+00:00\",\"dateModified\":\"2025-02-19T10:10:06+00:00\",\"description\":\"\u0160is \u0161\u016bpu\u013ckr\u0113sls apvieno modernu dizainu ar klasisku \u0161\u016bpu\u013ckr\u0113sla komfortu. Izgatavots no augstas kvalit\u0101tes materi\u0101liem, \u0161im kr\u0113slam ir unik\u0101ls, izliekts dizains, kas...\",\"breadcrumb\":{\"@id\":\"https:\/\/brilune.eu\/lv\/product\/erts-supulkresls-2\/#breadcrumb\"},\"inLanguage\":\"lv-LV\",\"potentialAction\":[{\"@type\":\"ReadAction\",\"target\":[\"https:\/\/brilune.eu\/lv\/product\/erts-supulkresls-2\/\"]}]},{\"@type\":\"ImageObject\",\"inLanguage\":\"lv-LV\",\"@id\":\"https:\/\/brilune.eu\/lv\/product\/erts-supulkresls-2\/#primaryimage\",\"url\":\"https:\/\/brilune.eu\/wp-content\/uploads\/2025\/01\/2-9.png\",\"contentUrl\":\"https:\/\/brilune.eu\/wp-content\/uploads\/2025\/01\/2-9.png\",\"width\":1024,\"height\":1024},{\"@type\":\"BreadcrumbList\",\"@id\":\"https:\/\/brilune.eu\/lv\/product\/erts-supulkresls-2\/#breadcrumb\",\"itemListElement\":[{\"@type\":\"ListItem\",\"position\":1,\"name\":\"S\u0101kums\",\"item\":\"https:\/\/brilune.eu\/lv\/brilune-mebeles\/\"},{\"@type\":\"ListItem\",\"position\":2,\"name\":\"Visi produkti\",\"item\":\"https:\/\/brilune.eu\/lv\/shop\/\"},{\"@type\":\"ListItem\",\"position\":3,\"name\":\"\u0112rts \u0161\u016bpu\u013ckr\u0113sls\"}]},{\"@type\":\"WebSite\",\"@id\":\"https:\/\/brilune.eu\/lv\/#website\",\"url\":\"https:\/\/brilune.eu\/lv\/\",\"name\":\"Brilune\",\"description\":\"M\u0113s pied\u0101v\u0101jam unik\u0101lus un nebiju\u0161us dizainus, kas apvieno eleganci, funkcionalit\u0101ti un rado\u0161umu.\",\"potentialAction\":[{\"@type\":\"SearchAction\",\"target\":{\"@type\":\"EntryPoint\",\"urlTemplate\":\"https:\/\/brilune.eu\/lv\/?s={search_term_string}\"},\"query-input\":{\"@type\":\"PropertyValueSpecification\",\"valueRequired\":true,\"valueName\":\"search_term_string\"}}],\"inLanguage\":\"lv-LV\"}]}<\/script>\n<!-- \/ Yoast SEO plugin. -->","yoast_head_json":{"title":"\u0112rts \u0161\u016bpu\u013ckr\u0113sls","description":"\u0160is \u0161\u016bpu\u013ckr\u0113sls apvieno modernu dizainu ar klasisku \u0161\u016bpu\u013ckr\u0113sla komfortu. Izgatavots no augstas kvalit\u0101tes materi\u0101liem, \u0161im kr\u0113slam ir unik\u0101ls, izliekts dizains, kas...","robots":{"index":"index","follow":"follow","max-snippet":"max-snippet:-1","max-image-preview":"max-image-preview:large","max-video-preview":"max-video-preview:-1"},"canonical":"https:\/\/brilune.eu\/lv\/product\/erts-supulkresls-2\/","og_locale":"lv_LV","og_type":"article","og_title":"\u0112rts \u0161\u016bpu\u013ckr\u0113sls","og_description":"\u0160is \u0161\u016bpu\u013ckr\u0113sls apvieno modernu dizainu ar klasisku \u0161\u016bpu\u013ckr\u0113sla komfortu. Izgatavots no augstas kvalit\u0101tes materi\u0101liem, \u0161im kr\u0113slam ir unik\u0101ls, izliekts dizains, kas...","og_url":"https:\/\/brilune.eu\/lv\/product\/erts-supulkresls-2\/","og_site_name":"Brilune","article_modified_time":"2025-02-19T10:10:06+00:00","og_image":[{"width":1024,"height":1024,"url":"https:\/\/brilune.eu\/wp-content\/uploads\/2025\/01\/2-9.png","type":"image\/png"}],"twitter_card":"summary_large_image","twitter_misc":{"Est. reading time":"1 minute"},"schema":{"@context":"https:\/\/schema.org","@graph":[{"@type":"WebPage","@id":"https:\/\/brilune.eu\/lv\/product\/erts-supulkresls-2\/","url":"https:\/\/brilune.eu\/lv\/product\/erts-supulkresls-2\/","name":"\u0112rts \u0161\u016bpu\u013ckr\u0113sls","isPartOf":{"@id":"https:\/\/brilune.eu\/lv\/#website"},"primaryImageOfPage":{"@id":"https:\/\/brilune.eu\/lv\/product\/erts-supulkresls-2\/#primaryimage"},"image":{"@id":"https:\/\/brilune.eu\/lv\/product\/erts-supulkresls-2\/#primaryimage"},"thumbnailUrl":"https:\/\/brilune.eu\/wp-content\/uploads\/2025\/01\/2-9.png","datePublished":"2025-02-19T09:53:08+00:00","dateModified":"2025-02-19T10:10:06+00:00","description":"\u0160is \u0161\u016bpu\u013ckr\u0113sls apvieno modernu dizainu ar klasisku \u0161\u016bpu\u013ckr\u0113sla komfortu. Izgatavots no augstas kvalit\u0101tes materi\u0101liem, \u0161im kr\u0113slam ir unik\u0101ls, izliekts dizains, kas...","breadcrumb":{"@id":"https:\/\/brilune.eu\/lv\/product\/erts-supulkresls-2\/#breadcrumb"},"inLanguage":"lv-LV","potentialAction":[{"@type":"ReadAction","target":["https:\/\/brilune.eu\/lv\/product\/erts-supulkresls-2\/"]}]},{"@type":"ImageObject","inLanguage":"lv-LV","@id":"https:\/\/brilune.eu\/lv\/product\/erts-supulkresls-2\/#primaryimage","url":"https:\/\/brilune.eu\/wp-content\/uploads\/2025\/01\/2-9.png","contentUrl":"https:\/\/brilune.eu\/wp-content\/uploads\/2025\/01\/2-9.png","width":1024,"height":1024},{"@type":"BreadcrumbList","@id":"https:\/\/brilune.eu\/lv\/product\/erts-supulkresls-2\/#breadcrumb","itemListElement":[{"@type":"ListItem","position":1,"name":"S\u0101kums","item":"https:\/\/brilune.eu\/lv\/brilune-mebeles\/"},{"@type":"ListItem","position":2,"name":"Visi produkti","item":"https:\/\/brilune.eu\/lv\/shop\/"},{"@type":"ListItem","position":3,"name":"\u0112rts \u0161\u016bpu\u013ckr\u0113sls"}]},{"@type":"WebSite","@id":"https:\/\/brilune.eu\/lv\/#website","url":"https:\/\/brilune.eu\/lv\/","name":"Brilune","description":"M\u0113s pied\u0101v\u0101jam unik\u0101lus un nebiju\u0161us dizainus, kas apvieno eleganci, funkcionalit\u0101ti un rado\u0161umu.","potentialAction":[{"@type":"SearchAction","target":{"@type":"EntryPoint","urlTemplate":"https:\/\/brilune.eu\/lv\/?s={search_term_string}"},"query-input":{"@type":"PropertyValueSpecification","valueRequired":true,"valueName":"search_term_string"}}],"inLanguage":"lv-LV"}]}},"jetpack_sharing_enabled":true,"_links":{"self":[{"href":"https:\/\/brilune.eu\/lv\/wp-json\/wp\/v2\/product\/36372","targetHints":{"allow":["GET"]}}],"collection":[{"href":"https:\/\/brilune.eu\/lv\/wp-json\/wp\/v2\/product"}],"about":[{"href":"https:\/\/brilune.eu\/lv\/wp-json\/wp\/v2\/types\/product"}],"replies":[{"embeddable":true,"href":"https:\/\/brilune.eu\/lv\/wp-json\/wp\/v2\/comments?post=36372"}],"version-history":[{"count":1,"href":"https:\/\/brilune.eu\/lv\/wp-json\/wp\/v2\/product\/36372\/revisions"}],"predecessor-version":[{"id":36402,"href":"https:\/\/brilune.eu\/lv\/wp-json\/wp\/v2\/product\/36372\/revisions\/36402"}],"wp:featuredmedia":[{"embeddable":true,"href":"https:\/\/brilune.eu\/lv\/wp-json\/wp\/v2\/media\/4588"}],"wp:attachment":[{"href":"https:\/\/brilune.eu\/lv\/wp-json\/wp\/v2\/media?parent=36372"}],"wp:term":[{"taxonomy":"product_brand","embeddable":true,"href":"https:\/\/brilune.eu\/lv\/wp-json\/wp\/v2\/product_brand?post=36372"},{"taxonomy":"product_cat","embeddable":true,"href":"https:\/\/brilune.eu\/lv\/wp-json\/wp\/v2\/product_cat?post=36372"},{"taxonomy":"product_tag","embeddable":true,"href":"https:\/\/brilune.eu\/lv\/wp-json\/wp\/v2\/product_tag?post=36372"}],"curies":[{"name":"wp","href":"https:\/\/api.w.org\/{rel}","templated":true}]}}