{"id":33702,"date":"2025-02-19T00:05:50","date_gmt":"2025-02-18T22:05:50","guid":{"rendered":"https:\/\/brilune.eu\/?post_type=product&#038;p=33702"},"modified":"2025-02-19T00:17:50","modified_gmt":"2025-02-18T22:17:50","slug":"miksts-kresls-italu-stila","status":"publish","type":"product","link":"https:\/\/brilune.eu\/lv\/product\/miksts-kresls-italu-stila\/","title":{"rendered":"M\u012bksts kr\u0113sls it\u0101\u013cu stil\u0101"},"content":{"rendered":"<p>Atzveltnes kr\u0113sls pied\u0101v\u0101 \u0113rtu s\u0113dvietu ar savu ergonomisko dizainu. Tas ir r\u016bp\u012bgi izstr\u0101d\u0101ts, izmantojot augstas kvalit\u0101tes materi\u0101lus, lai nodro\u0161in\u0101tu gan iztur\u012bbu, gan vizu\u0101lo pievilc\u012bbu. Ar savu izsmalcin\u0101to est\u0113tiku un uzman\u012bbu deta\u013c\u0101m atzveltnes kr\u0113sls pie\u0161\u0137ir elegances un izsmalcin\u0101t\u012bbas piesk\u0101rienu jebkurai telpai. Neatkar\u012bgi no t\u0101, vai to izmanto k\u0101 atsevi\u0161\u0137u da\u013cu vai k\u0101 da\u013cu no liel\u0101ka s\u0113dvietu izk\u0101rtojuma, \u0161is atzveltnes kr\u0113sls izstaro modernu grezn\u012bbu un aicina j\u016bs atp\u016bsties. Izm\u0113ri: 90x85x67 cm.<\/p>\n","protected":false},"excerpt":{"rendered":"<p>Atzveltnes kr\u0113sls pied\u0101v\u0101 \u0113rtu s\u0113dvietu ar savu ergonomisko dizainu. Tas ir r\u016bp\u012bgi izstr\u0101d\u0101ts, izmantojot augstas kvalit\u0101tes materi\u0101lus, lai nodro\u0161in\u0101tu gan iztur\u012bbu, gan vizu\u0101lo&#8230;<\/p>\n","protected":false},"featured_media":4472,"comment_status":"open","ping_status":"closed","template":"","meta":[],"product_brand":[],"product_cat":[4763,2519,4762],"product_tag":[],"class_list":{"0":"post-33702","1":"product","2":"type-product","3":"status-publish","4":"has-post-thumbnail","6":"product_cat-atputas-kresls-kresli-3","7":"product_cat-atzveltnes-kresls-kresli-2-5","8":"product_cat-atzveltnes-kresls-kresli-3","10":"first","11":"instock","12":"shipping-taxable","13":"purchasable","14":"product-type-simple"},"yoast_head":"<!-- This site is optimized with the Yoast SEO plugin v26.0 - https:\/\/yoast.com\/wordpress\/plugins\/seo\/ -->\n<title>M\u012bksts kr\u0113sls it\u0101\u013cu stil\u0101<\/title>\n<meta name=\"description\" content=\"Atzveltnes kr\u0113sls pied\u0101v\u0101 \u0113rtu s\u0113dvietu ar savu ergonomisko dizainu. Tas ir r\u016bp\u012bgi izstr\u0101d\u0101ts, izmantojot augstas kvalit\u0101tes materi\u0101lus, lai nodro\u0161in\u0101tu gan iztur\u012bbu, gan vizu\u0101lo...\" \/>\n<meta name=\"robots\" content=\"index, follow, max-snippet:-1, max-image-preview:large, max-video-preview:-1\" \/>\n<link rel=\"canonical\" href=\"https:\/\/brilune.eu\/lv\/product\/miksts-kresls-italu-stila\/\" \/>\n<meta property=\"og:locale\" content=\"lv_LV\" \/>\n<meta property=\"og:type\" content=\"article\" \/>\n<meta property=\"og:title\" content=\"M\u012bksts kr\u0113sls it\u0101\u013cu stil\u0101\" \/>\n<meta property=\"og:description\" content=\"Atzveltnes kr\u0113sls pied\u0101v\u0101 \u0113rtu s\u0113dvietu ar savu ergonomisko dizainu. Tas ir r\u016bp\u012bgi izstr\u0101d\u0101ts, izmantojot augstas kvalit\u0101tes materi\u0101lus, lai nodro\u0161in\u0101tu gan iztur\u012bbu, gan vizu\u0101lo...\" \/>\n<meta property=\"og:url\" content=\"https:\/\/brilune.eu\/lv\/product\/miksts-kresls-italu-stila\/\" \/>\n<meta property=\"og:site_name\" content=\"Brilune\" \/>\n<meta property=\"article:modified_time\" content=\"2025-02-18T22:17:50+00:00\" \/>\n<meta property=\"og:image\" content=\"https:\/\/brilune.eu\/wp-content\/uploads\/2025\/01\/7-3-2.jpg\" \/>\n\t<meta property=\"og:image:width\" content=\"800\" \/>\n\t<meta property=\"og:image:height\" content=\"800\" \/>\n\t<meta property=\"og:image:type\" content=\"image\/jpeg\" \/>\n<meta name=\"twitter:card\" content=\"summary_large_image\" \/>\n<meta name=\"twitter:label1\" content=\"Est. reading time\" \/>\n\t<meta name=\"twitter:data1\" content=\"1 minute\" \/>\n<script type=\"application\/ld+json\" class=\"yoast-schema-graph\">{\"@context\":\"https:\/\/schema.org\",\"@graph\":[{\"@type\":\"WebPage\",\"@id\":\"https:\/\/brilune.eu\/lv\/product\/miksts-kresls-italu-stila\/\",\"url\":\"https:\/\/brilune.eu\/lv\/product\/miksts-kresls-italu-stila\/\",\"name\":\"M\u012bksts kr\u0113sls it\u0101\u013cu stil\u0101\",\"isPartOf\":{\"@id\":\"https:\/\/brilune.eu\/lv\/#website\"},\"primaryImageOfPage\":{\"@id\":\"https:\/\/brilune.eu\/lv\/product\/miksts-kresls-italu-stila\/#primaryimage\"},\"image\":{\"@id\":\"https:\/\/brilune.eu\/lv\/product\/miksts-kresls-italu-stila\/#primaryimage\"},\"thumbnailUrl\":\"https:\/\/brilune.eu\/wp-content\/uploads\/2025\/01\/7-3-2.jpg\",\"datePublished\":\"2025-02-18T22:05:50+00:00\",\"dateModified\":\"2025-02-18T22:17:50+00:00\",\"description\":\"Atzveltnes kr\u0113sls pied\u0101v\u0101 \u0113rtu s\u0113dvietu ar savu ergonomisko dizainu. Tas ir r\u016bp\u012bgi izstr\u0101d\u0101ts, izmantojot augstas kvalit\u0101tes materi\u0101lus, lai nodro\u0161in\u0101tu gan iztur\u012bbu, gan vizu\u0101lo...\",\"breadcrumb\":{\"@id\":\"https:\/\/brilune.eu\/lv\/product\/miksts-kresls-italu-stila\/#breadcrumb\"},\"inLanguage\":\"lv-LV\",\"potentialAction\":[{\"@type\":\"ReadAction\",\"target\":[\"https:\/\/brilune.eu\/lv\/product\/miksts-kresls-italu-stila\/\"]}]},{\"@type\":\"ImageObject\",\"inLanguage\":\"lv-LV\",\"@id\":\"https:\/\/brilune.eu\/lv\/product\/miksts-kresls-italu-stila\/#primaryimage\",\"url\":\"https:\/\/brilune.eu\/wp-content\/uploads\/2025\/01\/7-3-2.jpg\",\"contentUrl\":\"https:\/\/brilune.eu\/wp-content\/uploads\/2025\/01\/7-3-2.jpg\",\"width\":800,\"height\":800},{\"@type\":\"BreadcrumbList\",\"@id\":\"https:\/\/brilune.eu\/lv\/product\/miksts-kresls-italu-stila\/#breadcrumb\",\"itemListElement\":[{\"@type\":\"ListItem\",\"position\":1,\"name\":\"S\u0101kums\",\"item\":\"https:\/\/brilune.eu\/lv\/brilune-mebeles\/\"},{\"@type\":\"ListItem\",\"position\":2,\"name\":\"Visi produkti\",\"item\":\"https:\/\/brilune.eu\/lv\/shop\/\"},{\"@type\":\"ListItem\",\"position\":3,\"name\":\"M\u012bksts kr\u0113sls it\u0101\u013cu stil\u0101\"}]},{\"@type\":\"WebSite\",\"@id\":\"https:\/\/brilune.eu\/lv\/#website\",\"url\":\"https:\/\/brilune.eu\/lv\/\",\"name\":\"Brilune\",\"description\":\"M\u0113s pied\u0101v\u0101jam unik\u0101lus un nebiju\u0161us dizainus, kas apvieno eleganci, funkcionalit\u0101ti un rado\u0161umu.\",\"potentialAction\":[{\"@type\":\"SearchAction\",\"target\":{\"@type\":\"EntryPoint\",\"urlTemplate\":\"https:\/\/brilune.eu\/lv\/?s={search_term_string}\"},\"query-input\":{\"@type\":\"PropertyValueSpecification\",\"valueRequired\":true,\"valueName\":\"search_term_string\"}}],\"inLanguage\":\"lv-LV\"}]}<\/script>\n<!-- \/ Yoast SEO plugin. -->","yoast_head_json":{"title":"M\u012bksts kr\u0113sls it\u0101\u013cu stil\u0101","description":"Atzveltnes kr\u0113sls pied\u0101v\u0101 \u0113rtu s\u0113dvietu ar savu ergonomisko dizainu. Tas ir r\u016bp\u012bgi izstr\u0101d\u0101ts, izmantojot augstas kvalit\u0101tes materi\u0101lus, lai nodro\u0161in\u0101tu gan iztur\u012bbu, gan vizu\u0101lo...","robots":{"index":"index","follow":"follow","max-snippet":"max-snippet:-1","max-image-preview":"max-image-preview:large","max-video-preview":"max-video-preview:-1"},"canonical":"https:\/\/brilune.eu\/lv\/product\/miksts-kresls-italu-stila\/","og_locale":"lv_LV","og_type":"article","og_title":"M\u012bksts kr\u0113sls it\u0101\u013cu stil\u0101","og_description":"Atzveltnes kr\u0113sls pied\u0101v\u0101 \u0113rtu s\u0113dvietu ar savu ergonomisko dizainu. Tas ir r\u016bp\u012bgi izstr\u0101d\u0101ts, izmantojot augstas kvalit\u0101tes materi\u0101lus, lai nodro\u0161in\u0101tu gan iztur\u012bbu, gan vizu\u0101lo...","og_url":"https:\/\/brilune.eu\/lv\/product\/miksts-kresls-italu-stila\/","og_site_name":"Brilune","article_modified_time":"2025-02-18T22:17:50+00:00","og_image":[{"width":800,"height":800,"url":"https:\/\/brilune.eu\/wp-content\/uploads\/2025\/01\/7-3-2.jpg","type":"image\/jpeg"}],"twitter_card":"summary_large_image","twitter_misc":{"Est. reading time":"1 minute"},"schema":{"@context":"https:\/\/schema.org","@graph":[{"@type":"WebPage","@id":"https:\/\/brilune.eu\/lv\/product\/miksts-kresls-italu-stila\/","url":"https:\/\/brilune.eu\/lv\/product\/miksts-kresls-italu-stila\/","name":"M\u012bksts kr\u0113sls it\u0101\u013cu stil\u0101","isPartOf":{"@id":"https:\/\/brilune.eu\/lv\/#website"},"primaryImageOfPage":{"@id":"https:\/\/brilune.eu\/lv\/product\/miksts-kresls-italu-stila\/#primaryimage"},"image":{"@id":"https:\/\/brilune.eu\/lv\/product\/miksts-kresls-italu-stila\/#primaryimage"},"thumbnailUrl":"https:\/\/brilune.eu\/wp-content\/uploads\/2025\/01\/7-3-2.jpg","datePublished":"2025-02-18T22:05:50+00:00","dateModified":"2025-02-18T22:17:50+00:00","description":"Atzveltnes kr\u0113sls pied\u0101v\u0101 \u0113rtu s\u0113dvietu ar savu ergonomisko dizainu. Tas ir r\u016bp\u012bgi izstr\u0101d\u0101ts, izmantojot augstas kvalit\u0101tes materi\u0101lus, lai nodro\u0161in\u0101tu gan iztur\u012bbu, gan vizu\u0101lo...","breadcrumb":{"@id":"https:\/\/brilune.eu\/lv\/product\/miksts-kresls-italu-stila\/#breadcrumb"},"inLanguage":"lv-LV","potentialAction":[{"@type":"ReadAction","target":["https:\/\/brilune.eu\/lv\/product\/miksts-kresls-italu-stila\/"]}]},{"@type":"ImageObject","inLanguage":"lv-LV","@id":"https:\/\/brilune.eu\/lv\/product\/miksts-kresls-italu-stila\/#primaryimage","url":"https:\/\/brilune.eu\/wp-content\/uploads\/2025\/01\/7-3-2.jpg","contentUrl":"https:\/\/brilune.eu\/wp-content\/uploads\/2025\/01\/7-3-2.jpg","width":800,"height":800},{"@type":"BreadcrumbList","@id":"https:\/\/brilune.eu\/lv\/product\/miksts-kresls-italu-stila\/#breadcrumb","itemListElement":[{"@type":"ListItem","position":1,"name":"S\u0101kums","item":"https:\/\/brilune.eu\/lv\/brilune-mebeles\/"},{"@type":"ListItem","position":2,"name":"Visi produkti","item":"https:\/\/brilune.eu\/lv\/shop\/"},{"@type":"ListItem","position":3,"name":"M\u012bksts kr\u0113sls it\u0101\u013cu stil\u0101"}]},{"@type":"WebSite","@id":"https:\/\/brilune.eu\/lv\/#website","url":"https:\/\/brilune.eu\/lv\/","name":"Brilune","description":"M\u0113s pied\u0101v\u0101jam unik\u0101lus un nebiju\u0161us dizainus, kas apvieno eleganci, funkcionalit\u0101ti un rado\u0161umu.","potentialAction":[{"@type":"SearchAction","target":{"@type":"EntryPoint","urlTemplate":"https:\/\/brilune.eu\/lv\/?s={search_term_string}"},"query-input":{"@type":"PropertyValueSpecification","valueRequired":true,"valueName":"search_term_string"}}],"inLanguage":"lv-LV"}]}},"jetpack_sharing_enabled":true,"_links":{"self":[{"href":"https:\/\/brilune.eu\/lv\/wp-json\/wp\/v2\/product\/33702","targetHints":{"allow":["GET"]}}],"collection":[{"href":"https:\/\/brilune.eu\/lv\/wp-json\/wp\/v2\/product"}],"about":[{"href":"https:\/\/brilune.eu\/lv\/wp-json\/wp\/v2\/types\/product"}],"replies":[{"embeddable":true,"href":"https:\/\/brilune.eu\/lv\/wp-json\/wp\/v2\/comments?post=33702"}],"version-history":[{"count":1,"href":"https:\/\/brilune.eu\/lv\/wp-json\/wp\/v2\/product\/33702\/revisions"}],"predecessor-version":[{"id":33747,"href":"https:\/\/brilune.eu\/lv\/wp-json\/wp\/v2\/product\/33702\/revisions\/33747"}],"wp:featuredmedia":[{"embeddable":true,"href":"https:\/\/brilune.eu\/lv\/wp-json\/wp\/v2\/media\/4472"}],"wp:attachment":[{"href":"https:\/\/brilune.eu\/lv\/wp-json\/wp\/v2\/media?parent=33702"}],"wp:term":[{"taxonomy":"product_brand","embeddable":true,"href":"https:\/\/brilune.eu\/lv\/wp-json\/wp\/v2\/product_brand?post=33702"},{"taxonomy":"product_cat","embeddable":true,"href":"https:\/\/brilune.eu\/lv\/wp-json\/wp\/v2\/product_cat?post=33702"},{"taxonomy":"product_tag","embeddable":true,"href":"https:\/\/brilune.eu\/lv\/wp-json\/wp\/v2\/product_tag?post=33702"}],"curies":[{"name":"wp","href":"https:\/\/api.w.org\/{rel}","templated":true}]}}