{"id":33682,"date":"2025-02-19T00:05:49","date_gmt":"2025-02-18T22:05:49","guid":{"rendered":"https:\/\/brilune.eu\/?post_type=product&#038;p=33682"},"modified":"2025-02-19T00:17:44","modified_gmt":"2025-02-18T22:17:44","slug":"grozamais-kresls","status":"publish","type":"product","link":"https:\/\/brilune.eu\/lv\/product\/grozamais-kresls\/","title":{"rendered":"Groz\u0101mais kr\u0113sls"},"content":{"rendered":"<p>Atzveltnes kr\u0113sla groz\u0101m\u0101 funkcija pie\u0161\u0137ir t\u0101 dizainam komfortu un elast\u012bbu. Ar groz\u0101mo pamatni vai meh\u0101nismu j\u016bs varat bez piep\u016bles pagriezt kr\u0113slu da\u017e\u0101dos virzienos. M\u012bkstais, apa\u013cais groz\u0101mais kr\u0113sls ir popul\u0101ra izv\u0113le dz\u012bvojam\u0101m istab\u0101m, atp\u016btas telp\u0101m, m\u0101jas birojiem vai jebkurai telpai, kur v\u0113laties gan komfortu, gan mobilit\u0101ti. T\u0101s ap\u013cveida forma un groz\u0101m\u0101 funkcija padara to par daudzpus\u012bgu m\u0113beli, ko var viegli iek\u013caut da\u017e\u0101dos interjera stilos, s\u0101kot no moderna un m\u016bsdien\u012bga l\u012bdz klasiskam un eklektiskam. Izm\u0113ri: 85x78x67 cm.<\/p>\n","protected":false},"excerpt":{"rendered":"<p>Atzveltnes kr\u0113sla groz\u0101m\u0101 funkcija pie\u0161\u0137ir t\u0101 dizainam komfortu un elast\u012bbu. Izmantojot groz\u0101mo pamatni vai meh\u0101nismu, j\u016bs bez piep\u016bles varat pagriezt kr\u0113slu pret&#8230;<\/p>\n","protected":false},"featured_media":4443,"comment_status":"open","ping_status":"closed","template":"","meta":[],"product_brand":[],"product_cat":[4763,4762,1481,4765],"product_tag":[],"class_list":{"0":"post-33682","1":"product","2":"type-product","3":"status-publish","4":"has-post-thumbnail","6":"product_cat-atputas-kresls-kresli-3","7":"product_cat-atzveltnes-kresls-kresli-3","8":"product_cat-grozamais-kresls","9":"product_cat-grozamais-kresls-kresli-3","11":"first","12":"instock","13":"shipping-taxable","14":"purchasable","15":"product-type-simple"},"yoast_head":"<!-- This site is optimized with the Yoast SEO plugin v26.0 - https:\/\/yoast.com\/wordpress\/plugins\/seo\/ -->\n<title>Groz\u0101mais kr\u0113sls<\/title>\n<meta name=\"description\" content=\"Atzveltnes kr\u0113sla groz\u0101m\u0101 funkcija pie\u0161\u0137ir t\u0101 dizainam komfortu un elast\u012bbu. Izmantojot groz\u0101mo pamatni vai meh\u0101nismu, j\u016bs bez piep\u016bles varat pagriezt kr\u0113slu pret...\" \/>\n<meta name=\"robots\" content=\"index, follow, max-snippet:-1, max-image-preview:large, max-video-preview:-1\" \/>\n<link rel=\"canonical\" href=\"https:\/\/brilune.eu\/lv\/product\/grozamais-kresls\/\" \/>\n<meta property=\"og:locale\" content=\"lv_LV\" \/>\n<meta property=\"og:type\" content=\"article\" \/>\n<meta property=\"og:title\" content=\"Groz\u0101mais kr\u0113sls\" \/>\n<meta property=\"og:description\" content=\"Atzveltnes kr\u0113sla groz\u0101m\u0101 funkcija pie\u0161\u0137ir t\u0101 dizainam komfortu un elast\u012bbu. Izmantojot groz\u0101mo pamatni vai meh\u0101nismu, j\u016bs bez piep\u016bles varat pagriezt kr\u0113slu pret...\" \/>\n<meta property=\"og:url\" content=\"https:\/\/brilune.eu\/lv\/product\/grozamais-kresls\/\" \/>\n<meta property=\"og:site_name\" content=\"Brilune\" \/>\n<meta property=\"article:modified_time\" content=\"2025-02-18T22:17:44+00:00\" \/>\n<meta property=\"og:image\" content=\"https:\/\/brilune.eu\/wp-content\/uploads\/2025\/01\/5-1-1.jpg\" \/>\n\t<meta property=\"og:image:width\" content=\"800\" \/>\n\t<meta property=\"og:image:height\" content=\"800\" \/>\n\t<meta property=\"og:image:type\" content=\"image\/jpeg\" \/>\n<meta name=\"twitter:card\" content=\"summary_large_image\" \/>\n<meta name=\"twitter:label1\" content=\"Est. reading time\" \/>\n\t<meta name=\"twitter:data1\" content=\"1 minute\" \/>\n<script type=\"application\/ld+json\" class=\"yoast-schema-graph\">{\"@context\":\"https:\/\/schema.org\",\"@graph\":[{\"@type\":\"WebPage\",\"@id\":\"https:\/\/brilune.eu\/lv\/product\/grozamais-kresls\/\",\"url\":\"https:\/\/brilune.eu\/lv\/product\/grozamais-kresls\/\",\"name\":\"Groz\u0101mais kr\u0113sls\",\"isPartOf\":{\"@id\":\"https:\/\/brilune.eu\/lv\/#website\"},\"primaryImageOfPage\":{\"@id\":\"https:\/\/brilune.eu\/lv\/product\/grozamais-kresls\/#primaryimage\"},\"image\":{\"@id\":\"https:\/\/brilune.eu\/lv\/product\/grozamais-kresls\/#primaryimage\"},\"thumbnailUrl\":\"https:\/\/brilune.eu\/wp-content\/uploads\/2025\/01\/5-1-1.jpg\",\"datePublished\":\"2025-02-18T22:05:49+00:00\",\"dateModified\":\"2025-02-18T22:17:44+00:00\",\"description\":\"Atzveltnes kr\u0113sla groz\u0101m\u0101 funkcija pie\u0161\u0137ir t\u0101 dizainam komfortu un elast\u012bbu. Izmantojot groz\u0101mo pamatni vai meh\u0101nismu, j\u016bs bez piep\u016bles varat pagriezt kr\u0113slu pret...\",\"breadcrumb\":{\"@id\":\"https:\/\/brilune.eu\/lv\/product\/grozamais-kresls\/#breadcrumb\"},\"inLanguage\":\"lv-LV\",\"potentialAction\":[{\"@type\":\"ReadAction\",\"target\":[\"https:\/\/brilune.eu\/lv\/product\/grozamais-kresls\/\"]}]},{\"@type\":\"ImageObject\",\"inLanguage\":\"lv-LV\",\"@id\":\"https:\/\/brilune.eu\/lv\/product\/grozamais-kresls\/#primaryimage\",\"url\":\"https:\/\/brilune.eu\/wp-content\/uploads\/2025\/01\/5-1-1.jpg\",\"contentUrl\":\"https:\/\/brilune.eu\/wp-content\/uploads\/2025\/01\/5-1-1.jpg\",\"width\":800,\"height\":800},{\"@type\":\"BreadcrumbList\",\"@id\":\"https:\/\/brilune.eu\/lv\/product\/grozamais-kresls\/#breadcrumb\",\"itemListElement\":[{\"@type\":\"ListItem\",\"position\":1,\"name\":\"S\u0101kums\",\"item\":\"https:\/\/brilune.eu\/lv\/brilune-mebeles\/\"},{\"@type\":\"ListItem\",\"position\":2,\"name\":\"Visi produkti\",\"item\":\"https:\/\/brilune.eu\/lv\/shop\/\"},{\"@type\":\"ListItem\",\"position\":3,\"name\":\"Groz\u0101mais kr\u0113sls\"}]},{\"@type\":\"WebSite\",\"@id\":\"https:\/\/brilune.eu\/lv\/#website\",\"url\":\"https:\/\/brilune.eu\/lv\/\",\"name\":\"Brilune\",\"description\":\"M\u0113s pied\u0101v\u0101jam unik\u0101lus un nebiju\u0161us dizainus, kas apvieno eleganci, funkcionalit\u0101ti un rado\u0161umu.\",\"potentialAction\":[{\"@type\":\"SearchAction\",\"target\":{\"@type\":\"EntryPoint\",\"urlTemplate\":\"https:\/\/brilune.eu\/lv\/?s={search_term_string}\"},\"query-input\":{\"@type\":\"PropertyValueSpecification\",\"valueRequired\":true,\"valueName\":\"search_term_string\"}}],\"inLanguage\":\"lv-LV\"}]}<\/script>\n<!-- \/ Yoast SEO plugin. -->","yoast_head_json":{"title":"Groz\u0101mais kr\u0113sls","description":"Atzveltnes kr\u0113sla groz\u0101m\u0101 funkcija pie\u0161\u0137ir t\u0101 dizainam komfortu un elast\u012bbu. Izmantojot groz\u0101mo pamatni vai meh\u0101nismu, j\u016bs bez piep\u016bles varat pagriezt kr\u0113slu pret...","robots":{"index":"index","follow":"follow","max-snippet":"max-snippet:-1","max-image-preview":"max-image-preview:large","max-video-preview":"max-video-preview:-1"},"canonical":"https:\/\/brilune.eu\/lv\/product\/grozamais-kresls\/","og_locale":"lv_LV","og_type":"article","og_title":"Groz\u0101mais kr\u0113sls","og_description":"Atzveltnes kr\u0113sla groz\u0101m\u0101 funkcija pie\u0161\u0137ir t\u0101 dizainam komfortu un elast\u012bbu. Izmantojot groz\u0101mo pamatni vai meh\u0101nismu, j\u016bs bez piep\u016bles varat pagriezt kr\u0113slu pret...","og_url":"https:\/\/brilune.eu\/lv\/product\/grozamais-kresls\/","og_site_name":"Brilune","article_modified_time":"2025-02-18T22:17:44+00:00","og_image":[{"width":800,"height":800,"url":"https:\/\/brilune.eu\/wp-content\/uploads\/2025\/01\/5-1-1.jpg","type":"image\/jpeg"}],"twitter_card":"summary_large_image","twitter_misc":{"Est. reading time":"1 minute"},"schema":{"@context":"https:\/\/schema.org","@graph":[{"@type":"WebPage","@id":"https:\/\/brilune.eu\/lv\/product\/grozamais-kresls\/","url":"https:\/\/brilune.eu\/lv\/product\/grozamais-kresls\/","name":"Groz\u0101mais kr\u0113sls","isPartOf":{"@id":"https:\/\/brilune.eu\/lv\/#website"},"primaryImageOfPage":{"@id":"https:\/\/brilune.eu\/lv\/product\/grozamais-kresls\/#primaryimage"},"image":{"@id":"https:\/\/brilune.eu\/lv\/product\/grozamais-kresls\/#primaryimage"},"thumbnailUrl":"https:\/\/brilune.eu\/wp-content\/uploads\/2025\/01\/5-1-1.jpg","datePublished":"2025-02-18T22:05:49+00:00","dateModified":"2025-02-18T22:17:44+00:00","description":"Atzveltnes kr\u0113sla groz\u0101m\u0101 funkcija pie\u0161\u0137ir t\u0101 dizainam komfortu un elast\u012bbu. Izmantojot groz\u0101mo pamatni vai meh\u0101nismu, j\u016bs bez piep\u016bles varat pagriezt kr\u0113slu pret...","breadcrumb":{"@id":"https:\/\/brilune.eu\/lv\/product\/grozamais-kresls\/#breadcrumb"},"inLanguage":"lv-LV","potentialAction":[{"@type":"ReadAction","target":["https:\/\/brilune.eu\/lv\/product\/grozamais-kresls\/"]}]},{"@type":"ImageObject","inLanguage":"lv-LV","@id":"https:\/\/brilune.eu\/lv\/product\/grozamais-kresls\/#primaryimage","url":"https:\/\/brilune.eu\/wp-content\/uploads\/2025\/01\/5-1-1.jpg","contentUrl":"https:\/\/brilune.eu\/wp-content\/uploads\/2025\/01\/5-1-1.jpg","width":800,"height":800},{"@type":"BreadcrumbList","@id":"https:\/\/brilune.eu\/lv\/product\/grozamais-kresls\/#breadcrumb","itemListElement":[{"@type":"ListItem","position":1,"name":"S\u0101kums","item":"https:\/\/brilune.eu\/lv\/brilune-mebeles\/"},{"@type":"ListItem","position":2,"name":"Visi produkti","item":"https:\/\/brilune.eu\/lv\/shop\/"},{"@type":"ListItem","position":3,"name":"Groz\u0101mais kr\u0113sls"}]},{"@type":"WebSite","@id":"https:\/\/brilune.eu\/lv\/#website","url":"https:\/\/brilune.eu\/lv\/","name":"Brilune","description":"M\u0113s pied\u0101v\u0101jam unik\u0101lus un nebiju\u0161us dizainus, kas apvieno eleganci, funkcionalit\u0101ti un rado\u0161umu.","potentialAction":[{"@type":"SearchAction","target":{"@type":"EntryPoint","urlTemplate":"https:\/\/brilune.eu\/lv\/?s={search_term_string}"},"query-input":{"@type":"PropertyValueSpecification","valueRequired":true,"valueName":"search_term_string"}}],"inLanguage":"lv-LV"}]}},"jetpack_sharing_enabled":true,"_links":{"self":[{"href":"https:\/\/brilune.eu\/lv\/wp-json\/wp\/v2\/product\/33682","targetHints":{"allow":["GET"]}}],"collection":[{"href":"https:\/\/brilune.eu\/lv\/wp-json\/wp\/v2\/product"}],"about":[{"href":"https:\/\/brilune.eu\/lv\/wp-json\/wp\/v2\/types\/product"}],"replies":[{"embeddable":true,"href":"https:\/\/brilune.eu\/lv\/wp-json\/wp\/v2\/comments?post=33682"}],"version-history":[{"count":1,"href":"https:\/\/brilune.eu\/lv\/wp-json\/wp\/v2\/product\/33682\/revisions"}],"predecessor-version":[{"id":33726,"href":"https:\/\/brilune.eu\/lv\/wp-json\/wp\/v2\/product\/33682\/revisions\/33726"}],"wp:featuredmedia":[{"embeddable":true,"href":"https:\/\/brilune.eu\/lv\/wp-json\/wp\/v2\/media\/4443"}],"wp:attachment":[{"href":"https:\/\/brilune.eu\/lv\/wp-json\/wp\/v2\/media?parent=33682"}],"wp:term":[{"taxonomy":"product_brand","embeddable":true,"href":"https:\/\/brilune.eu\/lv\/wp-json\/wp\/v2\/product_brand?post=33682"},{"taxonomy":"product_cat","embeddable":true,"href":"https:\/\/brilune.eu\/lv\/wp-json\/wp\/v2\/product_cat?post=33682"},{"taxonomy":"product_tag","embeddable":true,"href":"https:\/\/brilune.eu\/lv\/wp-json\/wp\/v2\/product_tag?post=33682"}],"curies":[{"name":"wp","href":"https:\/\/api.w.org\/{rel}","templated":true}]}}