{"id":33649,"date":"2025-02-19T00:05:23","date_gmt":"2025-02-18T22:05:23","guid":{"rendered":"https:\/\/brilune.eu\/?post_type=product&#038;p=33649"},"modified":"2025-02-19T00:17:34","modified_gmt":"2025-02-18T22:17:34","slug":"musdienigs-kresls-2","status":"publish","type":"product","link":"https:\/\/brilune.eu\/lv\/product\/musdienigs-kresls-2\/","title":{"rendered":"M\u016bsdien\u012bgs kr\u0113sls"},"content":{"rendered":"<p>Kr\u0113sls ir izgatavots no augstas kvalit\u0101tes materi\u0101liem, nodro\u0161inot iztur\u012bbu un ilgsto\u0161u lieto\u0161anu. Tas ir apvilkts ar m\u012bkstu audumu, kas pied\u0101v\u0101 greznu saj\u016btu un uzlabo visp\u0101r\u0113jo komforta l\u012bmeni. Viena no galvenaj\u0101m kr\u0113sla iez\u012bm\u0113m ir t\u0101 noliek\u0161anas funkcija. Izmantojot vienk\u0101r\u0161u meh\u0101nismu, j\u016bs varat bez piep\u016bles piel\u0101got kr\u0113slu sev v\u0113lamaj\u0101 st\u0101vokl\u012b neatkar\u012bgi no t\u0101, vai tas ir st\u0101vus poz\u012bcija las\u012b\u0161anai vai piln\u012bb\u0101 atg\u0101zta gul\u0113\u0161anai vai televizora skat\u012b\u0161anai. Kr\u0113slam ir ar\u012b k\u0101ju balsts, kas pagarin\u0101s un ievelkas atbilsto\u0161i v\u0113lamajam komforta l\u012bmenim. \u0160\u012bs funkcijas nodro\u0161ina lielisku atbalstu un komfortu j\u016bsu rok\u0101m un k\u0101j\u0101m, nodro\u0161inot \u0113rtu s\u0113dekli ilgu laiku. Izm\u0113ri: 80x122x80 cm.<\/p>\n","protected":false},"excerpt":{"rendered":"<p>Kr\u0113sls ir izgatavots no augstas kvalit\u0101tes materi\u0101liem, nodro\u0161inot iztur\u012bbu un ilgsto\u0161u lieto\u0161anu. Tas ir apvilkts ar m\u012bkstu audumu, kas pied\u0101v\u0101 greznu saj\u016btu un uzlabo&#8230;<\/p>\n","protected":false},"featured_media":4344,"comment_status":"open","ping_status":"closed","template":"","meta":[],"product_brand":[],"product_cat":[1495,4763,4769],"product_tag":[],"class_list":{"0":"post-33649","1":"product","2":"type-product","3":"status-publish","4":"has-post-thumbnail","6":"product_cat-atputas-kresls-kresli-2-3","7":"product_cat-atputas-kresls-kresli-3","8":"product_cat-chaise-lounge-kresli-3","10":"first","11":"instock","12":"shipping-taxable","13":"purchasable","14":"product-type-simple"},"yoast_head":"<!-- This site is optimized with the Yoast SEO plugin v26.0 - https:\/\/yoast.com\/wordpress\/plugins\/seo\/ -->\n<title>M\u016bsdien\u012bgs kr\u0113sls<\/title>\n<meta name=\"description\" content=\"Kr\u0113sls ir izgatavots no augstas kvalit\u0101tes materi\u0101liem, nodro\u0161inot iztur\u012bbu un ilgsto\u0161u lieto\u0161anu. Tas ir apvilkts ar m\u012bkstu audumu, kas pied\u0101v\u0101 greznu saj\u016btu un uzlabo...\" \/>\n<meta name=\"robots\" content=\"index, follow, max-snippet:-1, max-image-preview:large, max-video-preview:-1\" \/>\n<link rel=\"canonical\" href=\"https:\/\/brilune.eu\/lv\/product\/musdienigs-kresls-2\/\" \/>\n<meta property=\"og:locale\" content=\"lv_LV\" \/>\n<meta property=\"og:type\" content=\"article\" \/>\n<meta property=\"og:title\" content=\"M\u016bsdien\u012bgs kr\u0113sls\" \/>\n<meta property=\"og:description\" content=\"Kr\u0113sls ir izgatavots no augstas kvalit\u0101tes materi\u0101liem, nodro\u0161inot iztur\u012bbu un ilgsto\u0161u lieto\u0161anu. Tas ir apvilkts ar m\u012bkstu audumu, kas pied\u0101v\u0101 greznu saj\u016btu un uzlabo...\" \/>\n<meta property=\"og:url\" content=\"https:\/\/brilune.eu\/lv\/product\/musdienigs-kresls-2\/\" \/>\n<meta property=\"og:site_name\" content=\"Brilune\" \/>\n<meta property=\"article:modified_time\" content=\"2025-02-18T22:17:34+00:00\" \/>\n<meta property=\"og:image\" content=\"https:\/\/brilune.eu\/wp-content\/uploads\/2025\/01\/1-4-1.jpg\" \/>\n\t<meta property=\"og:image:width\" content=\"800\" \/>\n\t<meta property=\"og:image:height\" content=\"800\" \/>\n\t<meta property=\"og:image:type\" content=\"image\/jpeg\" \/>\n<meta name=\"twitter:card\" content=\"summary_large_image\" \/>\n<meta name=\"twitter:label1\" content=\"Est. reading time\" \/>\n\t<meta name=\"twitter:data1\" content=\"1 minute\" \/>\n<script type=\"application\/ld+json\" class=\"yoast-schema-graph\">{\"@context\":\"https:\/\/schema.org\",\"@graph\":[{\"@type\":\"WebPage\",\"@id\":\"https:\/\/brilune.eu\/lv\/product\/musdienigs-kresls-2\/\",\"url\":\"https:\/\/brilune.eu\/lv\/product\/musdienigs-kresls-2\/\",\"name\":\"M\u016bsdien\u012bgs kr\u0113sls\",\"isPartOf\":{\"@id\":\"https:\/\/brilune.eu\/lv\/#website\"},\"primaryImageOfPage\":{\"@id\":\"https:\/\/brilune.eu\/lv\/product\/musdienigs-kresls-2\/#primaryimage\"},\"image\":{\"@id\":\"https:\/\/brilune.eu\/lv\/product\/musdienigs-kresls-2\/#primaryimage\"},\"thumbnailUrl\":\"https:\/\/brilune.eu\/wp-content\/uploads\/2025\/01\/1-4-1.jpg\",\"datePublished\":\"2025-02-18T22:05:23+00:00\",\"dateModified\":\"2025-02-18T22:17:34+00:00\",\"description\":\"Kr\u0113sls ir izgatavots no augstas kvalit\u0101tes materi\u0101liem, nodro\u0161inot iztur\u012bbu un ilgsto\u0161u lieto\u0161anu. Tas ir apvilkts ar m\u012bkstu audumu, kas pied\u0101v\u0101 greznu saj\u016btu un uzlabo...\",\"breadcrumb\":{\"@id\":\"https:\/\/brilune.eu\/lv\/product\/musdienigs-kresls-2\/#breadcrumb\"},\"inLanguage\":\"lv-LV\",\"potentialAction\":[{\"@type\":\"ReadAction\",\"target\":[\"https:\/\/brilune.eu\/lv\/product\/musdienigs-kresls-2\/\"]}]},{\"@type\":\"ImageObject\",\"inLanguage\":\"lv-LV\",\"@id\":\"https:\/\/brilune.eu\/lv\/product\/musdienigs-kresls-2\/#primaryimage\",\"url\":\"https:\/\/brilune.eu\/wp-content\/uploads\/2025\/01\/1-4-1.jpg\",\"contentUrl\":\"https:\/\/brilune.eu\/wp-content\/uploads\/2025\/01\/1-4-1.jpg\",\"width\":800,\"height\":800},{\"@type\":\"BreadcrumbList\",\"@id\":\"https:\/\/brilune.eu\/lv\/product\/musdienigs-kresls-2\/#breadcrumb\",\"itemListElement\":[{\"@type\":\"ListItem\",\"position\":1,\"name\":\"S\u0101kums\",\"item\":\"https:\/\/brilune.eu\/lv\/brilune-mebeles\/\"},{\"@type\":\"ListItem\",\"position\":2,\"name\":\"Visi produkti\",\"item\":\"https:\/\/brilune.eu\/lv\/shop\/\"},{\"@type\":\"ListItem\",\"position\":3,\"name\":\"M\u016bsdien\u012bgs kr\u0113sls\"}]},{\"@type\":\"WebSite\",\"@id\":\"https:\/\/brilune.eu\/lv\/#website\",\"url\":\"https:\/\/brilune.eu\/lv\/\",\"name\":\"Brilune\",\"description\":\"M\u0113s pied\u0101v\u0101jam unik\u0101lus un nebiju\u0161us dizainus, kas apvieno eleganci, funkcionalit\u0101ti un rado\u0161umu.\",\"potentialAction\":[{\"@type\":\"SearchAction\",\"target\":{\"@type\":\"EntryPoint\",\"urlTemplate\":\"https:\/\/brilune.eu\/lv\/?s={search_term_string}\"},\"query-input\":{\"@type\":\"PropertyValueSpecification\",\"valueRequired\":true,\"valueName\":\"search_term_string\"}}],\"inLanguage\":\"lv-LV\"}]}<\/script>\n<!-- \/ Yoast SEO plugin. -->","yoast_head_json":{"title":"M\u016bsdien\u012bgs kr\u0113sls","description":"Kr\u0113sls ir izgatavots no augstas kvalit\u0101tes materi\u0101liem, nodro\u0161inot iztur\u012bbu un ilgsto\u0161u lieto\u0161anu. Tas ir apvilkts ar m\u012bkstu audumu, kas pied\u0101v\u0101 greznu saj\u016btu un uzlabo...","robots":{"index":"index","follow":"follow","max-snippet":"max-snippet:-1","max-image-preview":"max-image-preview:large","max-video-preview":"max-video-preview:-1"},"canonical":"https:\/\/brilune.eu\/lv\/product\/musdienigs-kresls-2\/","og_locale":"lv_LV","og_type":"article","og_title":"M\u016bsdien\u012bgs kr\u0113sls","og_description":"Kr\u0113sls ir izgatavots no augstas kvalit\u0101tes materi\u0101liem, nodro\u0161inot iztur\u012bbu un ilgsto\u0161u lieto\u0161anu. Tas ir apvilkts ar m\u012bkstu audumu, kas pied\u0101v\u0101 greznu saj\u016btu un uzlabo...","og_url":"https:\/\/brilune.eu\/lv\/product\/musdienigs-kresls-2\/","og_site_name":"Brilune","article_modified_time":"2025-02-18T22:17:34+00:00","og_image":[{"width":800,"height":800,"url":"https:\/\/brilune.eu\/wp-content\/uploads\/2025\/01\/1-4-1.jpg","type":"image\/jpeg"}],"twitter_card":"summary_large_image","twitter_misc":{"Est. reading time":"1 minute"},"schema":{"@context":"https:\/\/schema.org","@graph":[{"@type":"WebPage","@id":"https:\/\/brilune.eu\/lv\/product\/musdienigs-kresls-2\/","url":"https:\/\/brilune.eu\/lv\/product\/musdienigs-kresls-2\/","name":"M\u016bsdien\u012bgs kr\u0113sls","isPartOf":{"@id":"https:\/\/brilune.eu\/lv\/#website"},"primaryImageOfPage":{"@id":"https:\/\/brilune.eu\/lv\/product\/musdienigs-kresls-2\/#primaryimage"},"image":{"@id":"https:\/\/brilune.eu\/lv\/product\/musdienigs-kresls-2\/#primaryimage"},"thumbnailUrl":"https:\/\/brilune.eu\/wp-content\/uploads\/2025\/01\/1-4-1.jpg","datePublished":"2025-02-18T22:05:23+00:00","dateModified":"2025-02-18T22:17:34+00:00","description":"Kr\u0113sls ir izgatavots no augstas kvalit\u0101tes materi\u0101liem, nodro\u0161inot iztur\u012bbu un ilgsto\u0161u lieto\u0161anu. Tas ir apvilkts ar m\u012bkstu audumu, kas pied\u0101v\u0101 greznu saj\u016btu un uzlabo...","breadcrumb":{"@id":"https:\/\/brilune.eu\/lv\/product\/musdienigs-kresls-2\/#breadcrumb"},"inLanguage":"lv-LV","potentialAction":[{"@type":"ReadAction","target":["https:\/\/brilune.eu\/lv\/product\/musdienigs-kresls-2\/"]}]},{"@type":"ImageObject","inLanguage":"lv-LV","@id":"https:\/\/brilune.eu\/lv\/product\/musdienigs-kresls-2\/#primaryimage","url":"https:\/\/brilune.eu\/wp-content\/uploads\/2025\/01\/1-4-1.jpg","contentUrl":"https:\/\/brilune.eu\/wp-content\/uploads\/2025\/01\/1-4-1.jpg","width":800,"height":800},{"@type":"BreadcrumbList","@id":"https:\/\/brilune.eu\/lv\/product\/musdienigs-kresls-2\/#breadcrumb","itemListElement":[{"@type":"ListItem","position":1,"name":"S\u0101kums","item":"https:\/\/brilune.eu\/lv\/brilune-mebeles\/"},{"@type":"ListItem","position":2,"name":"Visi produkti","item":"https:\/\/brilune.eu\/lv\/shop\/"},{"@type":"ListItem","position":3,"name":"M\u016bsdien\u012bgs kr\u0113sls"}]},{"@type":"WebSite","@id":"https:\/\/brilune.eu\/lv\/#website","url":"https:\/\/brilune.eu\/lv\/","name":"Brilune","description":"M\u0113s pied\u0101v\u0101jam unik\u0101lus un nebiju\u0161us dizainus, kas apvieno eleganci, funkcionalit\u0101ti un rado\u0161umu.","potentialAction":[{"@type":"SearchAction","target":{"@type":"EntryPoint","urlTemplate":"https:\/\/brilune.eu\/lv\/?s={search_term_string}"},"query-input":{"@type":"PropertyValueSpecification","valueRequired":true,"valueName":"search_term_string"}}],"inLanguage":"lv-LV"}]}},"jetpack_sharing_enabled":true,"_links":{"self":[{"href":"https:\/\/brilune.eu\/lv\/wp-json\/wp\/v2\/product\/33649","targetHints":{"allow":["GET"]}}],"collection":[{"href":"https:\/\/brilune.eu\/lv\/wp-json\/wp\/v2\/product"}],"about":[{"href":"https:\/\/brilune.eu\/lv\/wp-json\/wp\/v2\/types\/product"}],"replies":[{"embeddable":true,"href":"https:\/\/brilune.eu\/lv\/wp-json\/wp\/v2\/comments?post=33649"}],"version-history":[{"count":1,"href":"https:\/\/brilune.eu\/lv\/wp-json\/wp\/v2\/product\/33649\/revisions"}],"predecessor-version":[{"id":33694,"href":"https:\/\/brilune.eu\/lv\/wp-json\/wp\/v2\/product\/33649\/revisions\/33694"}],"wp:featuredmedia":[{"embeddable":true,"href":"https:\/\/brilune.eu\/lv\/wp-json\/wp\/v2\/media\/4344"}],"wp:attachment":[{"href":"https:\/\/brilune.eu\/lv\/wp-json\/wp\/v2\/media?parent=33649"}],"wp:term":[{"taxonomy":"product_brand","embeddable":true,"href":"https:\/\/brilune.eu\/lv\/wp-json\/wp\/v2\/product_brand?post=33649"},{"taxonomy":"product_cat","embeddable":true,"href":"https:\/\/brilune.eu\/lv\/wp-json\/wp\/v2\/product_cat?post=33649"},{"taxonomy":"product_tag","embeddable":true,"href":"https:\/\/brilune.eu\/lv\/wp-json\/wp\/v2\/product_tag?post=33649"}],"curies":[{"name":"wp","href":"https:\/\/api.w.org\/{rel}","templated":true}]}}