{"id":33643,"date":"2025-02-19T00:05:22","date_gmt":"2025-02-18T22:05:22","guid":{"rendered":"https:\/\/brilune.eu\/?post_type=product&#038;p=33643"},"modified":"2025-02-19T00:17:29","modified_gmt":"2025-02-18T22:17:29","slug":"miksts-atputas-kresls-2","status":"publish","type":"product","link":"https:\/\/brilune.eu\/lv\/product\/miksts-atputas-kresls-2\/","title":{"rendered":"M\u012bksts atp\u016btas kr\u0113sls"},"content":{"rendered":"<p>Ergonomiski izstr\u0101d\u0101tais kr\u0113sls nodro\u0161ina perfektu atbalsta un maiguma l\u012bdzsvaru. T\u0101 augstas kvalit\u0101tes putu polster\u0113jums atbilst j\u016bsu \u0137erme\u0146a kont\u016br\u0101m, lai nodro\u0161in\u0101tu piel\u0101gotu komfortu. Pla\u0161ie izm\u0113ri un dzi\u013cais s\u0113deklis \u013cauj izstiepties un atrast savu ide\u0101lo poz\u012bciju, veicinot piln\u012bgu relaks\u0101ciju. \u0160is atp\u016btas kr\u0113sls ir izstr\u0101d\u0101ts, \u0146emot v\u0113r\u0101 stilu, un tas bez piep\u016bles paaugstina jebkuras telpas est\u0113tiku. T\u0101 gludais un m\u016bsdien\u012bgais siluets neman\u0101mi sapl\u016bst ar da\u017e\u0101diem interjera dekoru stiliem, padarot to par daudzpus\u012bgu j\u016bsu m\u0101jas papildin\u0101jumu. \u0160is kr\u0113sls nav tikai m\u0113bele; tas ir stila un gaumes apliecin\u0101jums. Izm\u0113ri: 90x102x70 cm.<\/p>\n","protected":false},"excerpt":{"rendered":"<p>Ergonomiski izstr\u0101d\u0101tais kr\u0113sls nodro\u0161ina perfektu atbalsta un maiguma l\u012bdzsvaru. T\u0101 augstas kvalit\u0101tes putu polster\u0113jums atbilst j\u016bsu \u0137erme\u0146a kont\u016br\u0101m, lai &#8230;<\/p>\n","protected":false},"featured_media":4309,"comment_status":"open","ping_status":"closed","template":"","meta":[],"product_brand":[],"product_cat":[4764,1480,4763],"product_tag":[],"class_list":{"0":"post-33643","1":"product","2":"type-product","3":"status-publish","4":"has-post-thumbnail","6":"product_cat-accent-chair-kresli-3-2","7":"product_cat-accent-chair-kresli","8":"product_cat-atputas-kresls-kresli-3","10":"first","11":"instock","12":"shipping-taxable","13":"purchasable","14":"product-type-simple"},"yoast_head":"<!-- This site is optimized with the Yoast SEO plugin v26.0 - https:\/\/yoast.com\/wordpress\/plugins\/seo\/ -->\n<title>M\u012bksts atp\u016btas kr\u0113sls<\/title>\n<meta name=\"description\" content=\"Ergonomiski izstr\u0101d\u0101tais kr\u0113sls nodro\u0161ina perfektu atbalsta un maiguma l\u012bdzsvaru. T\u0101 augstas kvalit\u0101tes putu polster\u0113jums atbilst j\u016bsu \u0137erme\u0146a kont\u016br\u0101m, lai ...\" \/>\n<meta name=\"robots\" content=\"index, follow, max-snippet:-1, max-image-preview:large, max-video-preview:-1\" \/>\n<link rel=\"canonical\" href=\"https:\/\/brilune.eu\/lv\/product\/miksts-atputas-kresls-2\/\" \/>\n<meta property=\"og:locale\" content=\"lv_LV\" \/>\n<meta property=\"og:type\" content=\"article\" \/>\n<meta property=\"og:title\" content=\"M\u012bksts atp\u016btas kr\u0113sls\" \/>\n<meta property=\"og:description\" content=\"Ergonomiski izstr\u0101d\u0101tais kr\u0113sls nodro\u0161ina perfektu atbalsta un maiguma l\u012bdzsvaru. T\u0101 augstas kvalit\u0101tes putu polster\u0113jums atbilst j\u016bsu \u0137erme\u0146a kont\u016br\u0101m, lai ...\" \/>\n<meta property=\"og:url\" content=\"https:\/\/brilune.eu\/lv\/product\/miksts-atputas-kresls-2\/\" \/>\n<meta property=\"og:site_name\" content=\"Brilune\" \/>\n<meta property=\"article:modified_time\" content=\"2025-02-18T22:17:29+00:00\" \/>\n<meta property=\"og:image\" content=\"https:\/\/brilune.eu\/wp-content\/uploads\/2025\/01\/1-1.jpg\" \/>\n\t<meta property=\"og:image:width\" content=\"800\" \/>\n\t<meta property=\"og:image:height\" content=\"800\" \/>\n\t<meta property=\"og:image:type\" content=\"image\/jpeg\" \/>\n<meta name=\"twitter:card\" content=\"summary_large_image\" \/>\n<meta name=\"twitter:label1\" content=\"Est. reading time\" \/>\n\t<meta name=\"twitter:data1\" content=\"1 minute\" \/>\n<script type=\"application\/ld+json\" class=\"yoast-schema-graph\">{\"@context\":\"https:\/\/schema.org\",\"@graph\":[{\"@type\":\"WebPage\",\"@id\":\"https:\/\/brilune.eu\/lv\/product\/miksts-atputas-kresls-2\/\",\"url\":\"https:\/\/brilune.eu\/lv\/product\/miksts-atputas-kresls-2\/\",\"name\":\"M\u012bksts atp\u016btas kr\u0113sls\",\"isPartOf\":{\"@id\":\"https:\/\/brilune.eu\/lv\/#website\"},\"primaryImageOfPage\":{\"@id\":\"https:\/\/brilune.eu\/lv\/product\/miksts-atputas-kresls-2\/#primaryimage\"},\"image\":{\"@id\":\"https:\/\/brilune.eu\/lv\/product\/miksts-atputas-kresls-2\/#primaryimage\"},\"thumbnailUrl\":\"https:\/\/brilune.eu\/wp-content\/uploads\/2025\/01\/1-1.jpg\",\"datePublished\":\"2025-02-18T22:05:22+00:00\",\"dateModified\":\"2025-02-18T22:17:29+00:00\",\"description\":\"Ergonomiski izstr\u0101d\u0101tais kr\u0113sls nodro\u0161ina perfektu atbalsta un maiguma l\u012bdzsvaru. T\u0101 augstas kvalit\u0101tes putu polster\u0113jums atbilst j\u016bsu \u0137erme\u0146a kont\u016br\u0101m, lai ...\",\"breadcrumb\":{\"@id\":\"https:\/\/brilune.eu\/lv\/product\/miksts-atputas-kresls-2\/#breadcrumb\"},\"inLanguage\":\"lv-LV\",\"potentialAction\":[{\"@type\":\"ReadAction\",\"target\":[\"https:\/\/brilune.eu\/lv\/product\/miksts-atputas-kresls-2\/\"]}]},{\"@type\":\"ImageObject\",\"inLanguage\":\"lv-LV\",\"@id\":\"https:\/\/brilune.eu\/lv\/product\/miksts-atputas-kresls-2\/#primaryimage\",\"url\":\"https:\/\/brilune.eu\/wp-content\/uploads\/2025\/01\/1-1.jpg\",\"contentUrl\":\"https:\/\/brilune.eu\/wp-content\/uploads\/2025\/01\/1-1.jpg\",\"width\":800,\"height\":800},{\"@type\":\"BreadcrumbList\",\"@id\":\"https:\/\/brilune.eu\/lv\/product\/miksts-atputas-kresls-2\/#breadcrumb\",\"itemListElement\":[{\"@type\":\"ListItem\",\"position\":1,\"name\":\"S\u0101kums\",\"item\":\"https:\/\/brilune.eu\/lv\/brilune-mebeles\/\"},{\"@type\":\"ListItem\",\"position\":2,\"name\":\"Visi produkti\",\"item\":\"https:\/\/brilune.eu\/lv\/shop\/\"},{\"@type\":\"ListItem\",\"position\":3,\"name\":\"M\u012bksts atp\u016btas kr\u0113sls\"}]},{\"@type\":\"WebSite\",\"@id\":\"https:\/\/brilune.eu\/lv\/#website\",\"url\":\"https:\/\/brilune.eu\/lv\/\",\"name\":\"Brilune\",\"description\":\"M\u0113s pied\u0101v\u0101jam unik\u0101lus un nebiju\u0161us dizainus, kas apvieno eleganci, funkcionalit\u0101ti un rado\u0161umu.\",\"potentialAction\":[{\"@type\":\"SearchAction\",\"target\":{\"@type\":\"EntryPoint\",\"urlTemplate\":\"https:\/\/brilune.eu\/lv\/?s={search_term_string}\"},\"query-input\":{\"@type\":\"PropertyValueSpecification\",\"valueRequired\":true,\"valueName\":\"search_term_string\"}}],\"inLanguage\":\"lv-LV\"}]}<\/script>\n<!-- \/ Yoast SEO plugin. -->","yoast_head_json":{"title":"M\u012bksts atp\u016btas kr\u0113sls","description":"Ergonomiski izstr\u0101d\u0101tais kr\u0113sls nodro\u0161ina perfektu atbalsta un maiguma l\u012bdzsvaru. T\u0101 augstas kvalit\u0101tes putu polster\u0113jums atbilst j\u016bsu \u0137erme\u0146a kont\u016br\u0101m, lai ...","robots":{"index":"index","follow":"follow","max-snippet":"max-snippet:-1","max-image-preview":"max-image-preview:large","max-video-preview":"max-video-preview:-1"},"canonical":"https:\/\/brilune.eu\/lv\/product\/miksts-atputas-kresls-2\/","og_locale":"lv_LV","og_type":"article","og_title":"M\u012bksts atp\u016btas kr\u0113sls","og_description":"Ergonomiski izstr\u0101d\u0101tais kr\u0113sls nodro\u0161ina perfektu atbalsta un maiguma l\u012bdzsvaru. T\u0101 augstas kvalit\u0101tes putu polster\u0113jums atbilst j\u016bsu \u0137erme\u0146a kont\u016br\u0101m, lai ...","og_url":"https:\/\/brilune.eu\/lv\/product\/miksts-atputas-kresls-2\/","og_site_name":"Brilune","article_modified_time":"2025-02-18T22:17:29+00:00","og_image":[{"width":800,"height":800,"url":"https:\/\/brilune.eu\/wp-content\/uploads\/2025\/01\/1-1.jpg","type":"image\/jpeg"}],"twitter_card":"summary_large_image","twitter_misc":{"Est. reading time":"1 minute"},"schema":{"@context":"https:\/\/schema.org","@graph":[{"@type":"WebPage","@id":"https:\/\/brilune.eu\/lv\/product\/miksts-atputas-kresls-2\/","url":"https:\/\/brilune.eu\/lv\/product\/miksts-atputas-kresls-2\/","name":"M\u012bksts atp\u016btas kr\u0113sls","isPartOf":{"@id":"https:\/\/brilune.eu\/lv\/#website"},"primaryImageOfPage":{"@id":"https:\/\/brilune.eu\/lv\/product\/miksts-atputas-kresls-2\/#primaryimage"},"image":{"@id":"https:\/\/brilune.eu\/lv\/product\/miksts-atputas-kresls-2\/#primaryimage"},"thumbnailUrl":"https:\/\/brilune.eu\/wp-content\/uploads\/2025\/01\/1-1.jpg","datePublished":"2025-02-18T22:05:22+00:00","dateModified":"2025-02-18T22:17:29+00:00","description":"Ergonomiski izstr\u0101d\u0101tais kr\u0113sls nodro\u0161ina perfektu atbalsta un maiguma l\u012bdzsvaru. T\u0101 augstas kvalit\u0101tes putu polster\u0113jums atbilst j\u016bsu \u0137erme\u0146a kont\u016br\u0101m, lai ...","breadcrumb":{"@id":"https:\/\/brilune.eu\/lv\/product\/miksts-atputas-kresls-2\/#breadcrumb"},"inLanguage":"lv-LV","potentialAction":[{"@type":"ReadAction","target":["https:\/\/brilune.eu\/lv\/product\/miksts-atputas-kresls-2\/"]}]},{"@type":"ImageObject","inLanguage":"lv-LV","@id":"https:\/\/brilune.eu\/lv\/product\/miksts-atputas-kresls-2\/#primaryimage","url":"https:\/\/brilune.eu\/wp-content\/uploads\/2025\/01\/1-1.jpg","contentUrl":"https:\/\/brilune.eu\/wp-content\/uploads\/2025\/01\/1-1.jpg","width":800,"height":800},{"@type":"BreadcrumbList","@id":"https:\/\/brilune.eu\/lv\/product\/miksts-atputas-kresls-2\/#breadcrumb","itemListElement":[{"@type":"ListItem","position":1,"name":"S\u0101kums","item":"https:\/\/brilune.eu\/lv\/brilune-mebeles\/"},{"@type":"ListItem","position":2,"name":"Visi produkti","item":"https:\/\/brilune.eu\/lv\/shop\/"},{"@type":"ListItem","position":3,"name":"M\u012bksts atp\u016btas kr\u0113sls"}]},{"@type":"WebSite","@id":"https:\/\/brilune.eu\/lv\/#website","url":"https:\/\/brilune.eu\/lv\/","name":"Brilune","description":"M\u0113s pied\u0101v\u0101jam unik\u0101lus un nebiju\u0161us dizainus, kas apvieno eleganci, funkcionalit\u0101ti un rado\u0161umu.","potentialAction":[{"@type":"SearchAction","target":{"@type":"EntryPoint","urlTemplate":"https:\/\/brilune.eu\/lv\/?s={search_term_string}"},"query-input":{"@type":"PropertyValueSpecification","valueRequired":true,"valueName":"search_term_string"}}],"inLanguage":"lv-LV"}]}},"jetpack_sharing_enabled":true,"_links":{"self":[{"href":"https:\/\/brilune.eu\/lv\/wp-json\/wp\/v2\/product\/33643","targetHints":{"allow":["GET"]}}],"collection":[{"href":"https:\/\/brilune.eu\/lv\/wp-json\/wp\/v2\/product"}],"about":[{"href":"https:\/\/brilune.eu\/lv\/wp-json\/wp\/v2\/types\/product"}],"replies":[{"embeddable":true,"href":"https:\/\/brilune.eu\/lv\/wp-json\/wp\/v2\/comments?post=33643"}],"version-history":[{"count":1,"href":"https:\/\/brilune.eu\/lv\/wp-json\/wp\/v2\/product\/33643\/revisions"}],"predecessor-version":[{"id":33688,"href":"https:\/\/brilune.eu\/lv\/wp-json\/wp\/v2\/product\/33643\/revisions\/33688"}],"wp:featuredmedia":[{"embeddable":true,"href":"https:\/\/brilune.eu\/lv\/wp-json\/wp\/v2\/media\/4309"}],"wp:attachment":[{"href":"https:\/\/brilune.eu\/lv\/wp-json\/wp\/v2\/media?parent=33643"}],"wp:term":[{"taxonomy":"product_brand","embeddable":true,"href":"https:\/\/brilune.eu\/lv\/wp-json\/wp\/v2\/product_brand?post=33643"},{"taxonomy":"product_cat","embeddable":true,"href":"https:\/\/brilune.eu\/lv\/wp-json\/wp\/v2\/product_cat?post=33643"},{"taxonomy":"product_tag","embeddable":true,"href":"https:\/\/brilune.eu\/lv\/wp-json\/wp\/v2\/product_tag?post=33643"}],"curies":[{"name":"wp","href":"https:\/\/api.w.org\/{rel}","templated":true}]}}