{"id":33624,"date":"2025-02-19T00:05:00","date_gmt":"2025-02-18T22:05:00","guid":{"rendered":"https:\/\/brilune.eu\/?post_type=product&#038;p=33624"},"modified":"2025-02-19T00:17:29","modified_gmt":"2025-02-18T22:17:29","slug":"divans-ar-spilveniem","status":"publish","type":"product","link":"https:\/\/brilune.eu\/lv\/product\/divans-ar-spilveniem\/","title":{"rendered":"D\u012bv\u0101ns ar spilveniem"},"content":{"rendered":"<p>M\u016bsdien\u012bgs, liela izm\u0113ra d\u012bv\u0101ns lieliski ieder\u0113sies j\u016bsu dz\u012bvokl\u012b. M\u0101j\u012bgais skandin\u0101vu viesistabas d\u012bv\u0101ns pie\u0161\u0137irs modernu stilu pat neliel\u0101m dz\u012bvojam\u0101m telp\u0101m. To var viegli p\u0101rvietot pa \u0161aur\u0101m k\u0101pn\u0113m un pa maz\u0101m durv\u012bm. Diskr\u0113tas atbalsta centra k\u0101jas ir neredzamas, skatoties st\u0101vus. Stingrs muguras atbalsts. \u0112rti spilveni. Augsta bl\u012bvuma putas ar poliestera \u0161\u0137iedras pild\u012bjumu. Izm\u0113ri: 280x95x70 cm.<\/p>\n","protected":false},"excerpt":{"rendered":"<p>M\u016bsdien\u012bgs, liela izm\u0113ra d\u012bv\u0101ns lieliski ieder\u0113sies j\u016bsu dz\u012bvokl\u012b. M\u0101j\u012bgais skandin\u0101vu viesistabas d\u012bv\u0101ns pie\u0161\u0137irs modernu stilu pat neliel\u0101m dz\u012bvojam\u0101m telp\u0101m. Tas var&#8230;<\/p>\n","protected":false},"featured_media":4293,"comment_status":"open","ping_status":"closed","template":"","meta":[],"product_brand":[],"product_cat":[1482,4781],"product_tag":[],"class_list":{"0":"post-33624","1":"product","2":"type-product","3":"status-publish","4":"has-post-thumbnail","6":"product_cat-divans","7":"product_cat-divans-divani-7","9":"first","10":"instock","11":"shipping-taxable","12":"purchasable","13":"product-type-simple"},"yoast_head":"<!-- This site is optimized with the Yoast SEO plugin v26.0 - https:\/\/yoast.com\/wordpress\/plugins\/seo\/ -->\n<title>D\u012bv\u0101ns ar spilveniem<\/title>\n<meta name=\"description\" content=\"M\u016bsdien\u012bgs, liela izm\u0113ra d\u012bv\u0101ns lieliski ieder\u0113sies j\u016bsu dz\u012bvokl\u012b. M\u0101j\u012bgais skandin\u0101vu viesistabas d\u012bv\u0101ns pie\u0161\u0137irs modernu stilu pat neliel\u0101m dz\u012bvojam\u0101m telp\u0101m. Tas var...\" \/>\n<meta name=\"robots\" content=\"index, follow, max-snippet:-1, max-image-preview:large, max-video-preview:-1\" \/>\n<link rel=\"canonical\" href=\"https:\/\/brilune.eu\/lv\/product\/divans-ar-spilveniem\/\" \/>\n<meta property=\"og:locale\" content=\"lv_LV\" \/>\n<meta property=\"og:type\" content=\"article\" \/>\n<meta property=\"og:title\" content=\"D\u012bv\u0101ns ar spilveniem\" \/>\n<meta property=\"og:description\" content=\"M\u016bsdien\u012bgs, liela izm\u0113ra d\u012bv\u0101ns lieliski ieder\u0113sies j\u016bsu dz\u012bvokl\u012b. M\u0101j\u012bgais skandin\u0101vu viesistabas d\u012bv\u0101ns pie\u0161\u0137irs modernu stilu pat neliel\u0101m dz\u012bvojam\u0101m telp\u0101m. Tas var...\" \/>\n<meta property=\"og:url\" content=\"https:\/\/brilune.eu\/lv\/product\/divans-ar-spilveniem\/\" \/>\n<meta property=\"og:site_name\" content=\"Brilune\" \/>\n<meta property=\"article:modified_time\" content=\"2025-02-18T22:17:29+00:00\" \/>\n<meta property=\"og:image\" content=\"https:\/\/brilune.eu\/wp-content\/uploads\/2025\/01\/12.jpg\" \/>\n\t<meta property=\"og:image:width\" content=\"800\" \/>\n\t<meta property=\"og:image:height\" content=\"800\" \/>\n\t<meta property=\"og:image:type\" content=\"image\/jpeg\" \/>\n<meta name=\"twitter:card\" content=\"summary_large_image\" \/>\n<script type=\"application\/ld+json\" class=\"yoast-schema-graph\">{\"@context\":\"https:\/\/schema.org\",\"@graph\":[{\"@type\":\"WebPage\",\"@id\":\"https:\/\/brilune.eu\/lv\/product\/divans-ar-spilveniem\/\",\"url\":\"https:\/\/brilune.eu\/lv\/product\/divans-ar-spilveniem\/\",\"name\":\"D\u012bv\u0101ns ar spilveniem\",\"isPartOf\":{\"@id\":\"https:\/\/brilune.eu\/lv\/#website\"},\"primaryImageOfPage\":{\"@id\":\"https:\/\/brilune.eu\/lv\/product\/divans-ar-spilveniem\/#primaryimage\"},\"image\":{\"@id\":\"https:\/\/brilune.eu\/lv\/product\/divans-ar-spilveniem\/#primaryimage\"},\"thumbnailUrl\":\"https:\/\/brilune.eu\/wp-content\/uploads\/2025\/01\/12.jpg\",\"datePublished\":\"2025-02-18T22:05:00+00:00\",\"dateModified\":\"2025-02-18T22:17:29+00:00\",\"description\":\"M\u016bsdien\u012bgs, liela izm\u0113ra d\u012bv\u0101ns lieliski ieder\u0113sies j\u016bsu dz\u012bvokl\u012b. M\u0101j\u012bgais skandin\u0101vu viesistabas d\u012bv\u0101ns pie\u0161\u0137irs modernu stilu pat neliel\u0101m dz\u012bvojam\u0101m telp\u0101m. Tas var...\",\"breadcrumb\":{\"@id\":\"https:\/\/brilune.eu\/lv\/product\/divans-ar-spilveniem\/#breadcrumb\"},\"inLanguage\":\"lv-LV\",\"potentialAction\":[{\"@type\":\"ReadAction\",\"target\":[\"https:\/\/brilune.eu\/lv\/product\/divans-ar-spilveniem\/\"]}]},{\"@type\":\"ImageObject\",\"inLanguage\":\"lv-LV\",\"@id\":\"https:\/\/brilune.eu\/lv\/product\/divans-ar-spilveniem\/#primaryimage\",\"url\":\"https:\/\/brilune.eu\/wp-content\/uploads\/2025\/01\/12.jpg\",\"contentUrl\":\"https:\/\/brilune.eu\/wp-content\/uploads\/2025\/01\/12.jpg\",\"width\":800,\"height\":800},{\"@type\":\"BreadcrumbList\",\"@id\":\"https:\/\/brilune.eu\/lv\/product\/divans-ar-spilveniem\/#breadcrumb\",\"itemListElement\":[{\"@type\":\"ListItem\",\"position\":1,\"name\":\"S\u0101kums\",\"item\":\"https:\/\/brilune.eu\/lv\/brilune-mebeles\/\"},{\"@type\":\"ListItem\",\"position\":2,\"name\":\"Visi produkti\",\"item\":\"https:\/\/brilune.eu\/lv\/shop\/\"},{\"@type\":\"ListItem\",\"position\":3,\"name\":\"D\u012bv\u0101ns ar spilveniem\"}]},{\"@type\":\"WebSite\",\"@id\":\"https:\/\/brilune.eu\/lv\/#website\",\"url\":\"https:\/\/brilune.eu\/lv\/\",\"name\":\"Brilune\",\"description\":\"M\u0113s pied\u0101v\u0101jam unik\u0101lus un nebiju\u0161us dizainus, kas apvieno eleganci, funkcionalit\u0101ti un rado\u0161umu.\",\"potentialAction\":[{\"@type\":\"SearchAction\",\"target\":{\"@type\":\"EntryPoint\",\"urlTemplate\":\"https:\/\/brilune.eu\/lv\/?s={search_term_string}\"},\"query-input\":{\"@type\":\"PropertyValueSpecification\",\"valueRequired\":true,\"valueName\":\"search_term_string\"}}],\"inLanguage\":\"lv-LV\"}]}<\/script>\n<!-- \/ Yoast SEO plugin. -->","yoast_head_json":{"title":"D\u012bv\u0101ns ar spilveniem","description":"M\u016bsdien\u012bgs, liela izm\u0113ra d\u012bv\u0101ns lieliski ieder\u0113sies j\u016bsu dz\u012bvokl\u012b. M\u0101j\u012bgais skandin\u0101vu viesistabas d\u012bv\u0101ns pie\u0161\u0137irs modernu stilu pat neliel\u0101m dz\u012bvojam\u0101m telp\u0101m. Tas var...","robots":{"index":"index","follow":"follow","max-snippet":"max-snippet:-1","max-image-preview":"max-image-preview:large","max-video-preview":"max-video-preview:-1"},"canonical":"https:\/\/brilune.eu\/lv\/product\/divans-ar-spilveniem\/","og_locale":"lv_LV","og_type":"article","og_title":"D\u012bv\u0101ns ar spilveniem","og_description":"M\u016bsdien\u012bgs, liela izm\u0113ra d\u012bv\u0101ns lieliski ieder\u0113sies j\u016bsu dz\u012bvokl\u012b. M\u0101j\u012bgais skandin\u0101vu viesistabas d\u012bv\u0101ns pie\u0161\u0137irs modernu stilu pat neliel\u0101m dz\u012bvojam\u0101m telp\u0101m. Tas var...","og_url":"https:\/\/brilune.eu\/lv\/product\/divans-ar-spilveniem\/","og_site_name":"Brilune","article_modified_time":"2025-02-18T22:17:29+00:00","og_image":[{"width":800,"height":800,"url":"https:\/\/brilune.eu\/wp-content\/uploads\/2025\/01\/12.jpg","type":"image\/jpeg"}],"twitter_card":"summary_large_image","schema":{"@context":"https:\/\/schema.org","@graph":[{"@type":"WebPage","@id":"https:\/\/brilune.eu\/lv\/product\/divans-ar-spilveniem\/","url":"https:\/\/brilune.eu\/lv\/product\/divans-ar-spilveniem\/","name":"D\u012bv\u0101ns ar spilveniem","isPartOf":{"@id":"https:\/\/brilune.eu\/lv\/#website"},"primaryImageOfPage":{"@id":"https:\/\/brilune.eu\/lv\/product\/divans-ar-spilveniem\/#primaryimage"},"image":{"@id":"https:\/\/brilune.eu\/lv\/product\/divans-ar-spilveniem\/#primaryimage"},"thumbnailUrl":"https:\/\/brilune.eu\/wp-content\/uploads\/2025\/01\/12.jpg","datePublished":"2025-02-18T22:05:00+00:00","dateModified":"2025-02-18T22:17:29+00:00","description":"M\u016bsdien\u012bgs, liela izm\u0113ra d\u012bv\u0101ns lieliski ieder\u0113sies j\u016bsu dz\u012bvokl\u012b. M\u0101j\u012bgais skandin\u0101vu viesistabas d\u012bv\u0101ns pie\u0161\u0137irs modernu stilu pat neliel\u0101m dz\u012bvojam\u0101m telp\u0101m. Tas var...","breadcrumb":{"@id":"https:\/\/brilune.eu\/lv\/product\/divans-ar-spilveniem\/#breadcrumb"},"inLanguage":"lv-LV","potentialAction":[{"@type":"ReadAction","target":["https:\/\/brilune.eu\/lv\/product\/divans-ar-spilveniem\/"]}]},{"@type":"ImageObject","inLanguage":"lv-LV","@id":"https:\/\/brilune.eu\/lv\/product\/divans-ar-spilveniem\/#primaryimage","url":"https:\/\/brilune.eu\/wp-content\/uploads\/2025\/01\/12.jpg","contentUrl":"https:\/\/brilune.eu\/wp-content\/uploads\/2025\/01\/12.jpg","width":800,"height":800},{"@type":"BreadcrumbList","@id":"https:\/\/brilune.eu\/lv\/product\/divans-ar-spilveniem\/#breadcrumb","itemListElement":[{"@type":"ListItem","position":1,"name":"S\u0101kums","item":"https:\/\/brilune.eu\/lv\/brilune-mebeles\/"},{"@type":"ListItem","position":2,"name":"Visi produkti","item":"https:\/\/brilune.eu\/lv\/shop\/"},{"@type":"ListItem","position":3,"name":"D\u012bv\u0101ns ar spilveniem"}]},{"@type":"WebSite","@id":"https:\/\/brilune.eu\/lv\/#website","url":"https:\/\/brilune.eu\/lv\/","name":"Brilune","description":"M\u0113s pied\u0101v\u0101jam unik\u0101lus un nebiju\u0161us dizainus, kas apvieno eleganci, funkcionalit\u0101ti un rado\u0161umu.","potentialAction":[{"@type":"SearchAction","target":{"@type":"EntryPoint","urlTemplate":"https:\/\/brilune.eu\/lv\/?s={search_term_string}"},"query-input":{"@type":"PropertyValueSpecification","valueRequired":true,"valueName":"search_term_string"}}],"inLanguage":"lv-LV"}]}},"jetpack_sharing_enabled":true,"_links":{"self":[{"href":"https:\/\/brilune.eu\/lv\/wp-json\/wp\/v2\/product\/33624","targetHints":{"allow":["GET"]}}],"collection":[{"href":"https:\/\/brilune.eu\/lv\/wp-json\/wp\/v2\/product"}],"about":[{"href":"https:\/\/brilune.eu\/lv\/wp-json\/wp\/v2\/types\/product"}],"replies":[{"embeddable":true,"href":"https:\/\/brilune.eu\/lv\/wp-json\/wp\/v2\/comments?post=33624"}],"version-history":[{"count":1,"href":"https:\/\/brilune.eu\/lv\/wp-json\/wp\/v2\/product\/33624\/revisions"}],"predecessor-version":[{"id":33670,"href":"https:\/\/brilune.eu\/lv\/wp-json\/wp\/v2\/product\/33624\/revisions\/33670"}],"wp:featuredmedia":[{"embeddable":true,"href":"https:\/\/brilune.eu\/lv\/wp-json\/wp\/v2\/media\/4293"}],"wp:attachment":[{"href":"https:\/\/brilune.eu\/lv\/wp-json\/wp\/v2\/media?parent=33624"}],"wp:term":[{"taxonomy":"product_brand","embeddable":true,"href":"https:\/\/brilune.eu\/lv\/wp-json\/wp\/v2\/product_brand?post=33624"},{"taxonomy":"product_cat","embeddable":true,"href":"https:\/\/brilune.eu\/lv\/wp-json\/wp\/v2\/product_cat?post=33624"},{"taxonomy":"product_tag","embeddable":true,"href":"https:\/\/brilune.eu\/lv\/wp-json\/wp\/v2\/product_tag?post=33624"}],"curies":[{"name":"wp","href":"https:\/\/api.w.org\/{rel}","templated":true}]}}