{"id":33621,"date":"2025-02-19T00:04:59","date_gmt":"2025-02-18T22:04:59","guid":{"rendered":"https:\/\/brilune.eu\/?post_type=product&#038;p=33621"},"modified":"2025-02-19T00:17:27","modified_gmt":"2025-02-18T22:17:27","slug":"kompakts-atputas-kresls-2","status":"publish","type":"product","link":"https:\/\/brilune.eu\/lv\/product\/kompakts-atputas-kresls-2\/","title":{"rendered":"Kompakts atp\u016btas kr\u0113sls"},"content":{"rendered":"<p>\u0160is kr\u0113sls ir paz\u012bstams ar savu augstas kvalit\u0101tes konstrukciju un r\u016bp\u012bg\u0101m deta\u013c\u0101m. Tas ir izgatavots ar iztur\u012bgu koka r\u0101mi un apvilkts ar augst\u0101k\u0101s kvalit\u0101tes audumu, lai rad\u012btu greznu saj\u016btu. Polster\u0113jums ir pl\u012b\u0161a un nodro\u0161ina lielisku atbalstu, \u013caujot jums s\u0113d\u0113t un atp\u016bsties. \u0160is atzveltnes kr\u0113sls ir izstr\u0101d\u0101ts t\u0101, lai tas b\u016btu daudzpus\u012bgs, un to var novietot da\u017e\u0101d\u0101s j\u016bsu m\u0101jas viet\u0101s, piem\u0113ram, dz\u012bvojam\u0101 istab\u0101, gu\u013camistab\u0101 vai darba kabinet\u0101. T\u0101 kompaktais izm\u0113rs padara to ide\u0101li piem\u0113rotu maz\u0101k\u0101m telp\u0101m, vienlaikus nodro\u0161inot pla\u0161u s\u0113dvietu komfortu. Kr\u0113sls tiek slav\u0113ts par t\u0101 ergonomisko dizainu ar labi polster\u0113tu s\u0113dekli un atzveltni, kas atbilst j\u016bsu \u0137erme\u0146a formai. Tas nodro\u0161ina \u0113rtu s\u0113d\u0113\u0161anu ilgu laiku. Izm\u0113ri: 75x77x78 cm.<\/p>\n","protected":false},"excerpt":{"rendered":"<p>\u0160is kr\u0113sls ir paz\u012bstams ar savu augstas kvalit\u0101tes konstrukciju un r\u016bp\u012bg\u0101m deta\u013c\u0101m. Tas ir izgatavots ar iztur\u012bgu koka r\u0101mi un apvilkts ar augst\u0101k\u0101s kvalit\u0101tes audumu&#8230;<\/p>\n","protected":false},"featured_media":4280,"comment_status":"open","ping_status":"closed","template":"","meta":[],"product_brand":[],"product_cat":[1391,4763,4762],"product_tag":[],"class_list":{"0":"post-33621","1":"product","2":"type-product","3":"status-publish","4":"has-post-thumbnail","6":"product_cat-atputas-kresls","7":"product_cat-atputas-kresls-kresli-3","8":"product_cat-atzveltnes-kresls-kresli-3","10":"first","11":"instock","12":"shipping-taxable","13":"purchasable","14":"product-type-simple"},"yoast_head":"<!-- This site is optimized with the Yoast SEO plugin v26.0 - https:\/\/yoast.com\/wordpress\/plugins\/seo\/ -->\n<title>Kompakts atp\u016btas kr\u0113sls<\/title>\n<meta name=\"description\" content=\"\u0160is kr\u0113sls ir paz\u012bstams ar savu augstas kvalit\u0101tes konstrukciju un r\u016bp\u012bg\u0101m deta\u013c\u0101m. Tas ir izgatavots ar iztur\u012bgu koka r\u0101mi un apvilkts ar augst\u0101k\u0101s kvalit\u0101tes audumu...\" \/>\n<meta name=\"robots\" content=\"index, follow, max-snippet:-1, max-image-preview:large, max-video-preview:-1\" \/>\n<link rel=\"canonical\" href=\"https:\/\/brilune.eu\/lv\/product\/kompakts-atputas-kresls-2\/\" \/>\n<meta property=\"og:locale\" content=\"lv_LV\" \/>\n<meta property=\"og:type\" content=\"article\" \/>\n<meta property=\"og:title\" content=\"Kompakts atp\u016btas kr\u0113sls\" \/>\n<meta property=\"og:description\" content=\"\u0160is kr\u0113sls ir paz\u012bstams ar savu augstas kvalit\u0101tes konstrukciju un r\u016bp\u012bg\u0101m deta\u013c\u0101m. Tas ir izgatavots ar iztur\u012bgu koka r\u0101mi un apvilkts ar augst\u0101k\u0101s kvalit\u0101tes audumu...\" \/>\n<meta property=\"og:url\" content=\"https:\/\/brilune.eu\/lv\/product\/kompakts-atputas-kresls-2\/\" \/>\n<meta property=\"og:site_name\" content=\"Brilune\" \/>\n<meta property=\"article:modified_time\" content=\"2025-02-18T22:17:27+00:00\" \/>\n<meta property=\"og:image\" content=\"https:\/\/brilune.eu\/wp-content\/uploads\/2025\/01\/9-5-1.jpg\" \/>\n\t<meta property=\"og:image:width\" content=\"760\" \/>\n\t<meta property=\"og:image:height\" content=\"760\" \/>\n\t<meta property=\"og:image:type\" content=\"image\/jpeg\" \/>\n<meta name=\"twitter:card\" content=\"summary_large_image\" \/>\n<meta name=\"twitter:label1\" content=\"Est. reading time\" \/>\n\t<meta name=\"twitter:data1\" content=\"1 minute\" \/>\n<script type=\"application\/ld+json\" class=\"yoast-schema-graph\">{\"@context\":\"https:\/\/schema.org\",\"@graph\":[{\"@type\":\"WebPage\",\"@id\":\"https:\/\/brilune.eu\/lv\/product\/kompakts-atputas-kresls-2\/\",\"url\":\"https:\/\/brilune.eu\/lv\/product\/kompakts-atputas-kresls-2\/\",\"name\":\"Kompakts atp\u016btas kr\u0113sls\",\"isPartOf\":{\"@id\":\"https:\/\/brilune.eu\/lv\/#website\"},\"primaryImageOfPage\":{\"@id\":\"https:\/\/brilune.eu\/lv\/product\/kompakts-atputas-kresls-2\/#primaryimage\"},\"image\":{\"@id\":\"https:\/\/brilune.eu\/lv\/product\/kompakts-atputas-kresls-2\/#primaryimage\"},\"thumbnailUrl\":\"https:\/\/brilune.eu\/wp-content\/uploads\/2025\/01\/9-5-1.jpg\",\"datePublished\":\"2025-02-18T22:04:59+00:00\",\"dateModified\":\"2025-02-18T22:17:27+00:00\",\"description\":\"\u0160is kr\u0113sls ir paz\u012bstams ar savu augstas kvalit\u0101tes konstrukciju un r\u016bp\u012bg\u0101m deta\u013c\u0101m. Tas ir izgatavots ar iztur\u012bgu koka r\u0101mi un apvilkts ar augst\u0101k\u0101s kvalit\u0101tes audumu...\",\"breadcrumb\":{\"@id\":\"https:\/\/brilune.eu\/lv\/product\/kompakts-atputas-kresls-2\/#breadcrumb\"},\"inLanguage\":\"lv-LV\",\"potentialAction\":[{\"@type\":\"ReadAction\",\"target\":[\"https:\/\/brilune.eu\/lv\/product\/kompakts-atputas-kresls-2\/\"]}]},{\"@type\":\"ImageObject\",\"inLanguage\":\"lv-LV\",\"@id\":\"https:\/\/brilune.eu\/lv\/product\/kompakts-atputas-kresls-2\/#primaryimage\",\"url\":\"https:\/\/brilune.eu\/wp-content\/uploads\/2025\/01\/9-5-1.jpg\",\"contentUrl\":\"https:\/\/brilune.eu\/wp-content\/uploads\/2025\/01\/9-5-1.jpg\",\"width\":760,\"height\":760},{\"@type\":\"BreadcrumbList\",\"@id\":\"https:\/\/brilune.eu\/lv\/product\/kompakts-atputas-kresls-2\/#breadcrumb\",\"itemListElement\":[{\"@type\":\"ListItem\",\"position\":1,\"name\":\"S\u0101kums\",\"item\":\"https:\/\/brilune.eu\/lv\/brilune-mebeles\/\"},{\"@type\":\"ListItem\",\"position\":2,\"name\":\"Visi produkti\",\"item\":\"https:\/\/brilune.eu\/lv\/shop\/\"},{\"@type\":\"ListItem\",\"position\":3,\"name\":\"Kompakts atp\u016btas kr\u0113sls\"}]},{\"@type\":\"WebSite\",\"@id\":\"https:\/\/brilune.eu\/lv\/#website\",\"url\":\"https:\/\/brilune.eu\/lv\/\",\"name\":\"Brilune\",\"description\":\"M\u0113s pied\u0101v\u0101jam unik\u0101lus un nebiju\u0161us dizainus, kas apvieno eleganci, funkcionalit\u0101ti un rado\u0161umu.\",\"potentialAction\":[{\"@type\":\"SearchAction\",\"target\":{\"@type\":\"EntryPoint\",\"urlTemplate\":\"https:\/\/brilune.eu\/lv\/?s={search_term_string}\"},\"query-input\":{\"@type\":\"PropertyValueSpecification\",\"valueRequired\":true,\"valueName\":\"search_term_string\"}}],\"inLanguage\":\"lv-LV\"}]}<\/script>\n<!-- \/ Yoast SEO plugin. -->","yoast_head_json":{"title":"Kompakts atp\u016btas kr\u0113sls","description":"\u0160is kr\u0113sls ir paz\u012bstams ar savu augstas kvalit\u0101tes konstrukciju un r\u016bp\u012bg\u0101m deta\u013c\u0101m. Tas ir izgatavots ar iztur\u012bgu koka r\u0101mi un apvilkts ar augst\u0101k\u0101s kvalit\u0101tes audumu...","robots":{"index":"index","follow":"follow","max-snippet":"max-snippet:-1","max-image-preview":"max-image-preview:large","max-video-preview":"max-video-preview:-1"},"canonical":"https:\/\/brilune.eu\/lv\/product\/kompakts-atputas-kresls-2\/","og_locale":"lv_LV","og_type":"article","og_title":"Kompakts atp\u016btas kr\u0113sls","og_description":"\u0160is kr\u0113sls ir paz\u012bstams ar savu augstas kvalit\u0101tes konstrukciju un r\u016bp\u012bg\u0101m deta\u013c\u0101m. Tas ir izgatavots ar iztur\u012bgu koka r\u0101mi un apvilkts ar augst\u0101k\u0101s kvalit\u0101tes audumu...","og_url":"https:\/\/brilune.eu\/lv\/product\/kompakts-atputas-kresls-2\/","og_site_name":"Brilune","article_modified_time":"2025-02-18T22:17:27+00:00","og_image":[{"width":760,"height":760,"url":"https:\/\/brilune.eu\/wp-content\/uploads\/2025\/01\/9-5-1.jpg","type":"image\/jpeg"}],"twitter_card":"summary_large_image","twitter_misc":{"Est. reading time":"1 minute"},"schema":{"@context":"https:\/\/schema.org","@graph":[{"@type":"WebPage","@id":"https:\/\/brilune.eu\/lv\/product\/kompakts-atputas-kresls-2\/","url":"https:\/\/brilune.eu\/lv\/product\/kompakts-atputas-kresls-2\/","name":"Kompakts atp\u016btas kr\u0113sls","isPartOf":{"@id":"https:\/\/brilune.eu\/lv\/#website"},"primaryImageOfPage":{"@id":"https:\/\/brilune.eu\/lv\/product\/kompakts-atputas-kresls-2\/#primaryimage"},"image":{"@id":"https:\/\/brilune.eu\/lv\/product\/kompakts-atputas-kresls-2\/#primaryimage"},"thumbnailUrl":"https:\/\/brilune.eu\/wp-content\/uploads\/2025\/01\/9-5-1.jpg","datePublished":"2025-02-18T22:04:59+00:00","dateModified":"2025-02-18T22:17:27+00:00","description":"\u0160is kr\u0113sls ir paz\u012bstams ar savu augstas kvalit\u0101tes konstrukciju un r\u016bp\u012bg\u0101m deta\u013c\u0101m. Tas ir izgatavots ar iztur\u012bgu koka r\u0101mi un apvilkts ar augst\u0101k\u0101s kvalit\u0101tes audumu...","breadcrumb":{"@id":"https:\/\/brilune.eu\/lv\/product\/kompakts-atputas-kresls-2\/#breadcrumb"},"inLanguage":"lv-LV","potentialAction":[{"@type":"ReadAction","target":["https:\/\/brilune.eu\/lv\/product\/kompakts-atputas-kresls-2\/"]}]},{"@type":"ImageObject","inLanguage":"lv-LV","@id":"https:\/\/brilune.eu\/lv\/product\/kompakts-atputas-kresls-2\/#primaryimage","url":"https:\/\/brilune.eu\/wp-content\/uploads\/2025\/01\/9-5-1.jpg","contentUrl":"https:\/\/brilune.eu\/wp-content\/uploads\/2025\/01\/9-5-1.jpg","width":760,"height":760},{"@type":"BreadcrumbList","@id":"https:\/\/brilune.eu\/lv\/product\/kompakts-atputas-kresls-2\/#breadcrumb","itemListElement":[{"@type":"ListItem","position":1,"name":"S\u0101kums","item":"https:\/\/brilune.eu\/lv\/brilune-mebeles\/"},{"@type":"ListItem","position":2,"name":"Visi produkti","item":"https:\/\/brilune.eu\/lv\/shop\/"},{"@type":"ListItem","position":3,"name":"Kompakts atp\u016btas kr\u0113sls"}]},{"@type":"WebSite","@id":"https:\/\/brilune.eu\/lv\/#website","url":"https:\/\/brilune.eu\/lv\/","name":"Brilune","description":"M\u0113s pied\u0101v\u0101jam unik\u0101lus un nebiju\u0161us dizainus, kas apvieno eleganci, funkcionalit\u0101ti un rado\u0161umu.","potentialAction":[{"@type":"SearchAction","target":{"@type":"EntryPoint","urlTemplate":"https:\/\/brilune.eu\/lv\/?s={search_term_string}"},"query-input":{"@type":"PropertyValueSpecification","valueRequired":true,"valueName":"search_term_string"}}],"inLanguage":"lv-LV"}]}},"jetpack_sharing_enabled":true,"_links":{"self":[{"href":"https:\/\/brilune.eu\/lv\/wp-json\/wp\/v2\/product\/33621","targetHints":{"allow":["GET"]}}],"collection":[{"href":"https:\/\/brilune.eu\/lv\/wp-json\/wp\/v2\/product"}],"about":[{"href":"https:\/\/brilune.eu\/lv\/wp-json\/wp\/v2\/types\/product"}],"replies":[{"embeddable":true,"href":"https:\/\/brilune.eu\/lv\/wp-json\/wp\/v2\/comments?post=33621"}],"version-history":[{"count":1,"href":"https:\/\/brilune.eu\/lv\/wp-json\/wp\/v2\/product\/33621\/revisions"}],"predecessor-version":[{"id":33667,"href":"https:\/\/brilune.eu\/lv\/wp-json\/wp\/v2\/product\/33621\/revisions\/33667"}],"wp:featuredmedia":[{"embeddable":true,"href":"https:\/\/brilune.eu\/lv\/wp-json\/wp\/v2\/media\/4280"}],"wp:attachment":[{"href":"https:\/\/brilune.eu\/lv\/wp-json\/wp\/v2\/media?parent=33621"}],"wp:term":[{"taxonomy":"product_brand","embeddable":true,"href":"https:\/\/brilune.eu\/lv\/wp-json\/wp\/v2\/product_brand?post=33621"},{"taxonomy":"product_cat","embeddable":true,"href":"https:\/\/brilune.eu\/lv\/wp-json\/wp\/v2\/product_cat?post=33621"},{"taxonomy":"product_tag","embeddable":true,"href":"https:\/\/brilune.eu\/lv\/wp-json\/wp\/v2\/product_tag?post=33621"}],"curies":[{"name":"wp","href":"https:\/\/api.w.org\/{rel}","templated":true}]}}