{"id":33618,"date":"2025-02-19T00:04:59","date_gmt":"2025-02-18T22:04:59","guid":{"rendered":"https:\/\/brilune.eu\/?post_type=product&#038;p=33618"},"modified":"2025-02-19T00:17:26","modified_gmt":"2025-02-18T22:17:26","slug":"musdienigs-kresls-ar-augstu-atzveltni","status":"publish","type":"product","link":"https:\/\/brilune.eu\/lv\/product\/musdienigs-kresls-ar-augstu-atzveltni\/","title":{"rendered":"M\u016bsdien\u012bgs kr\u0113sls ar augstu atzveltni"},"content":{"rendered":"<p>\u0160is kompaktais, modernais kr\u0113sls ar augstu atzveltni ir ide\u0101ls risin\u0101jums atp\u016btai. Pateicoties t\u0101 stabilajai darb\u012bbai, to var izmantot ar\u012b sabiedrisk\u0101s viet\u0101s, piem\u0113ram, atp\u016btas telp\u0101s un uz\u0146em\u0161anas zon\u0101s. T\u0101 polster\u0113t\u0101 plastmasas korpusa strukt\u016bra \u013cauj tai saglab\u0101t prec\u012bzu formu pat p\u0113c ilgsto\u0161as \u200b\u200blieto\u0161anas. Apvilkts ar audumu, kr\u0113sls ir p\u0101rsteidzo\u0161i \u0113rts, neskatoties uz \u0161\u0137ietamo vienk\u0101r\u0161\u012bbu. Izm\u0113ri: 85x87x100 cm.<\/p>\n","protected":false},"excerpt":{"rendered":"<p>\u0160is kompaktais, modernais kr\u0113sls ar augstu atzveltni ir ide\u0101ls risin\u0101jums atp\u016btai. Pateicoties t\u0101 stabilajai veiktsp\u0113jai, to var izmantot ar\u012b sabiedrisk\u0101s viet\u0101s, piem\u0113ram, &#8230;<\/p>\n","protected":false},"featured_media":4263,"comment_status":"open","ping_status":"closed","template":"","meta":[],"product_brand":[],"product_cat":[4763,1391],"product_tag":[],"class_list":{"0":"post-33618","1":"product","2":"type-product","3":"status-publish","4":"has-post-thumbnail","6":"product_cat-atputas-kresls-kresli-3","7":"product_cat-atputas-kresls","9":"first","10":"instock","11":"shipping-taxable","12":"purchasable","13":"product-type-simple"},"yoast_head":"<!-- This site is optimized with the Yoast SEO plugin v26.0 - https:\/\/yoast.com\/wordpress\/plugins\/seo\/ -->\n<title>M\u016bsdien\u012bgs kr\u0113sls ar augstu atzveltni<\/title>\n<meta name=\"description\" content=\"\u0160is kompaktais, modernais kr\u0113sls ar augstu atzveltni ir ide\u0101ls risin\u0101jums atp\u016btai. Pateicoties t\u0101 stabilajai veiktsp\u0113jai, to var izmantot ar\u012b sabiedrisk\u0101s viet\u0101s, piem\u0113ram, ...\" \/>\n<meta name=\"robots\" content=\"index, follow, max-snippet:-1, max-image-preview:large, max-video-preview:-1\" \/>\n<link rel=\"canonical\" href=\"https:\/\/brilune.eu\/lv\/product\/musdienigs-kresls-ar-augstu-atzveltni\/\" \/>\n<meta property=\"og:locale\" content=\"lv_LV\" \/>\n<meta property=\"og:type\" content=\"article\" \/>\n<meta property=\"og:title\" content=\"M\u016bsdien\u012bgs kr\u0113sls ar augstu atzveltni\" \/>\n<meta property=\"og:description\" content=\"\u0160is kompaktais, modernais kr\u0113sls ar augstu atzveltni ir ide\u0101ls risin\u0101jums atp\u016btai. Pateicoties t\u0101 stabilajai veiktsp\u0113jai, to var izmantot ar\u012b sabiedrisk\u0101s viet\u0101s, piem\u0113ram, ...\" \/>\n<meta property=\"og:url\" content=\"https:\/\/brilune.eu\/lv\/product\/musdienigs-kresls-ar-augstu-atzveltni\/\" \/>\n<meta property=\"og:site_name\" content=\"Brilune\" \/>\n<meta property=\"article:modified_time\" content=\"2025-02-18T22:17:26+00:00\" \/>\n<meta property=\"og:image\" content=\"https:\/\/brilune.eu\/wp-content\/uploads\/2025\/01\/13-3.png\" \/>\n\t<meta property=\"og:image:width\" content=\"1000\" \/>\n\t<meta property=\"og:image:height\" content=\"1000\" \/>\n\t<meta property=\"og:image:type\" content=\"image\/png\" \/>\n<meta name=\"twitter:card\" content=\"summary_large_image\" \/>\n<script type=\"application\/ld+json\" class=\"yoast-schema-graph\">{\"@context\":\"https:\/\/schema.org\",\"@graph\":[{\"@type\":\"WebPage\",\"@id\":\"https:\/\/brilune.eu\/lv\/product\/musdienigs-kresls-ar-augstu-atzveltni\/\",\"url\":\"https:\/\/brilune.eu\/lv\/product\/musdienigs-kresls-ar-augstu-atzveltni\/\",\"name\":\"M\u016bsdien\u012bgs kr\u0113sls ar augstu atzveltni\",\"isPartOf\":{\"@id\":\"https:\/\/brilune.eu\/lv\/#website\"},\"primaryImageOfPage\":{\"@id\":\"https:\/\/brilune.eu\/lv\/product\/musdienigs-kresls-ar-augstu-atzveltni\/#primaryimage\"},\"image\":{\"@id\":\"https:\/\/brilune.eu\/lv\/product\/musdienigs-kresls-ar-augstu-atzveltni\/#primaryimage\"},\"thumbnailUrl\":\"https:\/\/brilune.eu\/wp-content\/uploads\/2025\/01\/13-3.png\",\"datePublished\":\"2025-02-18T22:04:59+00:00\",\"dateModified\":\"2025-02-18T22:17:26+00:00\",\"description\":\"\u0160is kompaktais, modernais kr\u0113sls ar augstu atzveltni ir ide\u0101ls risin\u0101jums atp\u016btai. Pateicoties t\u0101 stabilajai veiktsp\u0113jai, to var izmantot ar\u012b sabiedrisk\u0101s viet\u0101s, piem\u0113ram, ...\",\"breadcrumb\":{\"@id\":\"https:\/\/brilune.eu\/lv\/product\/musdienigs-kresls-ar-augstu-atzveltni\/#breadcrumb\"},\"inLanguage\":\"lv-LV\",\"potentialAction\":[{\"@type\":\"ReadAction\",\"target\":[\"https:\/\/brilune.eu\/lv\/product\/musdienigs-kresls-ar-augstu-atzveltni\/\"]}]},{\"@type\":\"ImageObject\",\"inLanguage\":\"lv-LV\",\"@id\":\"https:\/\/brilune.eu\/lv\/product\/musdienigs-kresls-ar-augstu-atzveltni\/#primaryimage\",\"url\":\"https:\/\/brilune.eu\/wp-content\/uploads\/2025\/01\/13-3.png\",\"contentUrl\":\"https:\/\/brilune.eu\/wp-content\/uploads\/2025\/01\/13-3.png\",\"width\":1000,\"height\":1000},{\"@type\":\"BreadcrumbList\",\"@id\":\"https:\/\/brilune.eu\/lv\/product\/musdienigs-kresls-ar-augstu-atzveltni\/#breadcrumb\",\"itemListElement\":[{\"@type\":\"ListItem\",\"position\":1,\"name\":\"S\u0101kums\",\"item\":\"https:\/\/brilune.eu\/lv\/brilune-mebeles\/\"},{\"@type\":\"ListItem\",\"position\":2,\"name\":\"Visi produkti\",\"item\":\"https:\/\/brilune.eu\/lv\/shop\/\"},{\"@type\":\"ListItem\",\"position\":3,\"name\":\"M\u016bsdien\u012bgs kr\u0113sls ar augstu atzveltni\"}]},{\"@type\":\"WebSite\",\"@id\":\"https:\/\/brilune.eu\/lv\/#website\",\"url\":\"https:\/\/brilune.eu\/lv\/\",\"name\":\"Brilune\",\"description\":\"M\u0113s pied\u0101v\u0101jam unik\u0101lus un nebiju\u0161us dizainus, kas apvieno eleganci, funkcionalit\u0101ti un rado\u0161umu.\",\"potentialAction\":[{\"@type\":\"SearchAction\",\"target\":{\"@type\":\"EntryPoint\",\"urlTemplate\":\"https:\/\/brilune.eu\/lv\/?s={search_term_string}\"},\"query-input\":{\"@type\":\"PropertyValueSpecification\",\"valueRequired\":true,\"valueName\":\"search_term_string\"}}],\"inLanguage\":\"lv-LV\"}]}<\/script>\n<!-- \/ Yoast SEO plugin. -->","yoast_head_json":{"title":"M\u016bsdien\u012bgs kr\u0113sls ar augstu atzveltni","description":"\u0160is kompaktais, modernais kr\u0113sls ar augstu atzveltni ir ide\u0101ls risin\u0101jums atp\u016btai. Pateicoties t\u0101 stabilajai veiktsp\u0113jai, to var izmantot ar\u012b sabiedrisk\u0101s viet\u0101s, piem\u0113ram, ...","robots":{"index":"index","follow":"follow","max-snippet":"max-snippet:-1","max-image-preview":"max-image-preview:large","max-video-preview":"max-video-preview:-1"},"canonical":"https:\/\/brilune.eu\/lv\/product\/musdienigs-kresls-ar-augstu-atzveltni\/","og_locale":"lv_LV","og_type":"article","og_title":"M\u016bsdien\u012bgs kr\u0113sls ar augstu atzveltni","og_description":"\u0160is kompaktais, modernais kr\u0113sls ar augstu atzveltni ir ide\u0101ls risin\u0101jums atp\u016btai. Pateicoties t\u0101 stabilajai veiktsp\u0113jai, to var izmantot ar\u012b sabiedrisk\u0101s viet\u0101s, piem\u0113ram, ...","og_url":"https:\/\/brilune.eu\/lv\/product\/musdienigs-kresls-ar-augstu-atzveltni\/","og_site_name":"Brilune","article_modified_time":"2025-02-18T22:17:26+00:00","og_image":[{"width":1000,"height":1000,"url":"https:\/\/brilune.eu\/wp-content\/uploads\/2025\/01\/13-3.png","type":"image\/png"}],"twitter_card":"summary_large_image","schema":{"@context":"https:\/\/schema.org","@graph":[{"@type":"WebPage","@id":"https:\/\/brilune.eu\/lv\/product\/musdienigs-kresls-ar-augstu-atzveltni\/","url":"https:\/\/brilune.eu\/lv\/product\/musdienigs-kresls-ar-augstu-atzveltni\/","name":"M\u016bsdien\u012bgs kr\u0113sls ar augstu atzveltni","isPartOf":{"@id":"https:\/\/brilune.eu\/lv\/#website"},"primaryImageOfPage":{"@id":"https:\/\/brilune.eu\/lv\/product\/musdienigs-kresls-ar-augstu-atzveltni\/#primaryimage"},"image":{"@id":"https:\/\/brilune.eu\/lv\/product\/musdienigs-kresls-ar-augstu-atzveltni\/#primaryimage"},"thumbnailUrl":"https:\/\/brilune.eu\/wp-content\/uploads\/2025\/01\/13-3.png","datePublished":"2025-02-18T22:04:59+00:00","dateModified":"2025-02-18T22:17:26+00:00","description":"\u0160is kompaktais, modernais kr\u0113sls ar augstu atzveltni ir ide\u0101ls risin\u0101jums atp\u016btai. Pateicoties t\u0101 stabilajai veiktsp\u0113jai, to var izmantot ar\u012b sabiedrisk\u0101s viet\u0101s, piem\u0113ram, ...","breadcrumb":{"@id":"https:\/\/brilune.eu\/lv\/product\/musdienigs-kresls-ar-augstu-atzveltni\/#breadcrumb"},"inLanguage":"lv-LV","potentialAction":[{"@type":"ReadAction","target":["https:\/\/brilune.eu\/lv\/product\/musdienigs-kresls-ar-augstu-atzveltni\/"]}]},{"@type":"ImageObject","inLanguage":"lv-LV","@id":"https:\/\/brilune.eu\/lv\/product\/musdienigs-kresls-ar-augstu-atzveltni\/#primaryimage","url":"https:\/\/brilune.eu\/wp-content\/uploads\/2025\/01\/13-3.png","contentUrl":"https:\/\/brilune.eu\/wp-content\/uploads\/2025\/01\/13-3.png","width":1000,"height":1000},{"@type":"BreadcrumbList","@id":"https:\/\/brilune.eu\/lv\/product\/musdienigs-kresls-ar-augstu-atzveltni\/#breadcrumb","itemListElement":[{"@type":"ListItem","position":1,"name":"S\u0101kums","item":"https:\/\/brilune.eu\/lv\/brilune-mebeles\/"},{"@type":"ListItem","position":2,"name":"Visi produkti","item":"https:\/\/brilune.eu\/lv\/shop\/"},{"@type":"ListItem","position":3,"name":"M\u016bsdien\u012bgs kr\u0113sls ar augstu atzveltni"}]},{"@type":"WebSite","@id":"https:\/\/brilune.eu\/lv\/#website","url":"https:\/\/brilune.eu\/lv\/","name":"Brilune","description":"M\u0113s pied\u0101v\u0101jam unik\u0101lus un nebiju\u0161us dizainus, kas apvieno eleganci, funkcionalit\u0101ti un rado\u0161umu.","potentialAction":[{"@type":"SearchAction","target":{"@type":"EntryPoint","urlTemplate":"https:\/\/brilune.eu\/lv\/?s={search_term_string}"},"query-input":{"@type":"PropertyValueSpecification","valueRequired":true,"valueName":"search_term_string"}}],"inLanguage":"lv-LV"}]}},"jetpack_sharing_enabled":true,"_links":{"self":[{"href":"https:\/\/brilune.eu\/lv\/wp-json\/wp\/v2\/product\/33618","targetHints":{"allow":["GET"]}}],"collection":[{"href":"https:\/\/brilune.eu\/lv\/wp-json\/wp\/v2\/product"}],"about":[{"href":"https:\/\/brilune.eu\/lv\/wp-json\/wp\/v2\/types\/product"}],"replies":[{"embeddable":true,"href":"https:\/\/brilune.eu\/lv\/wp-json\/wp\/v2\/comments?post=33618"}],"version-history":[{"count":1,"href":"https:\/\/brilune.eu\/lv\/wp-json\/wp\/v2\/product\/33618\/revisions"}],"predecessor-version":[{"id":33664,"href":"https:\/\/brilune.eu\/lv\/wp-json\/wp\/v2\/product\/33618\/revisions\/33664"}],"wp:featuredmedia":[{"embeddable":true,"href":"https:\/\/brilune.eu\/lv\/wp-json\/wp\/v2\/media\/4263"}],"wp:attachment":[{"href":"https:\/\/brilune.eu\/lv\/wp-json\/wp\/v2\/media?parent=33618"}],"wp:term":[{"taxonomy":"product_brand","embeddable":true,"href":"https:\/\/brilune.eu\/lv\/wp-json\/wp\/v2\/product_brand?post=33618"},{"taxonomy":"product_cat","embeddable":true,"href":"https:\/\/brilune.eu\/lv\/wp-json\/wp\/v2\/product_cat?post=33618"},{"taxonomy":"product_tag","embeddable":true,"href":"https:\/\/brilune.eu\/lv\/wp-json\/wp\/v2\/product_tag?post=33618"}],"curies":[{"name":"wp","href":"https:\/\/api.w.org\/{rel}","templated":true}]}}