{"id":33565,"date":"2025-02-19T00:04:10","date_gmt":"2025-02-18T22:04:10","guid":{"rendered":"https:\/\/brilune.eu\/?post_type=product&#038;p=33565"},"modified":"2025-02-19T00:17:12","modified_gmt":"2025-02-18T22:17:12","slug":"stiligs-atputas-kresls-2","status":"publish","type":"product","link":"https:\/\/brilune.eu\/lv\/product\/stiligs-atputas-kresls-2\/","title":{"rendered":"Stil\u012bgs atp\u016btas kr\u0113sls"},"content":{"rendered":"<p>Izbaudiet komforta un stila iemiesojumu ar m\u016bsu izsmalcin\u0101to groz\u0101mo kr\u0113slu balt\u0101 kr\u0101s\u0101. Izgatavots ar visliel\u0101ko r\u016bp\u012bbu un uzman\u012bbu deta\u013c\u0101m, \u0161is kr\u0113sls pied\u0101v\u0101 perfektu m\u016bsdien\u012bga dizaina un greznas relaks\u0101cijas sajaukumu. T\u0101 unik\u0101l\u0101s \u012bpa\u0161\u012bbas un izcil\u0101 meistar\u012bba padara to par ide\u0101lu papildin\u0101jumu jebkurai dz\u012bves telpai, nodro\u0161inot m\u0101j\u012bgu un aicino\u0161u atmosf\u0113ru, kuru j\u016bs nekad nev\u0113l\u0113sities pamest. Izm\u0113ri: 69x70x69 cm.<\/p>\n","protected":false},"excerpt":{"rendered":"<p>Izbaudiet komforta un stila iemiesojumu ar m\u016bsu izsmalcin\u0101to groz\u0101mo kr\u0113slu balt\u0101 kr\u0101s\u0101. \u0160is kr\u0113sls ir izstr\u0101d\u0101ts ar visliel\u0101ko r\u016bp\u012bbu un uzman\u012bbu deta\u013c\u0101m, un tas pied\u0101v\u0101&#8230;<\/p>\n","protected":false},"featured_media":4136,"comment_status":"open","ping_status":"closed","template":"","meta":[],"product_brand":[],"product_cat":[4763,4762,2519,4765],"product_tag":[],"class_list":{"0":"post-33565","1":"product","2":"type-product","3":"status-publish","4":"has-post-thumbnail","6":"product_cat-atputas-kresls-kresli-3","7":"product_cat-atzveltnes-kresls-kresli-3","8":"product_cat-atzveltnes-kresls-kresli-2-5","9":"product_cat-grozamais-kresls-kresli-3","11":"first","12":"instock","13":"shipping-taxable","14":"purchasable","15":"product-type-simple"},"yoast_head":"<!-- This site is optimized with the Yoast SEO plugin v26.0 - https:\/\/yoast.com\/wordpress\/plugins\/seo\/ -->\n<title>Stil\u012bgs atp\u016btas kr\u0113sls<\/title>\n<meta name=\"description\" content=\"Izbaudiet komforta un stila iemiesojumu ar m\u016bsu izsmalcin\u0101to groz\u0101mo kr\u0113slu balt\u0101 kr\u0101s\u0101. \u0160is kr\u0113sls ir izstr\u0101d\u0101ts ar visliel\u0101ko r\u016bp\u012bbu un uzman\u012bbu deta\u013c\u0101m, un tas pied\u0101v\u0101...\" \/>\n<meta name=\"robots\" content=\"index, follow, max-snippet:-1, max-image-preview:large, max-video-preview:-1\" \/>\n<link rel=\"canonical\" href=\"https:\/\/brilune.eu\/lv\/product\/stiligs-atputas-kresls-2\/\" \/>\n<meta property=\"og:locale\" content=\"lv_LV\" \/>\n<meta property=\"og:type\" content=\"article\" \/>\n<meta property=\"og:title\" content=\"Stil\u012bgs atp\u016btas kr\u0113sls\" \/>\n<meta property=\"og:description\" content=\"Izbaudiet komforta un stila iemiesojumu ar m\u016bsu izsmalcin\u0101to groz\u0101mo kr\u0113slu balt\u0101 kr\u0101s\u0101. \u0160is kr\u0113sls ir izstr\u0101d\u0101ts ar visliel\u0101ko r\u016bp\u012bbu un uzman\u012bbu deta\u013c\u0101m, un tas pied\u0101v\u0101...\" \/>\n<meta property=\"og:url\" content=\"https:\/\/brilune.eu\/lv\/product\/stiligs-atputas-kresls-2\/\" \/>\n<meta property=\"og:site_name\" content=\"Brilune\" \/>\n<meta property=\"article:modified_time\" content=\"2025-02-18T22:17:12+00:00\" \/>\n<meta property=\"og:image\" content=\"https:\/\/brilune.eu\/wp-content\/uploads\/2025\/01\/1-7.jpg\" \/>\n\t<meta property=\"og:image:width\" content=\"720\" \/>\n\t<meta property=\"og:image:height\" content=\"960\" \/>\n\t<meta property=\"og:image:type\" content=\"image\/jpeg\" \/>\n<meta name=\"twitter:card\" content=\"summary_large_image\" \/>\n<script type=\"application\/ld+json\" class=\"yoast-schema-graph\">{\"@context\":\"https:\/\/schema.org\",\"@graph\":[{\"@type\":\"WebPage\",\"@id\":\"https:\/\/brilune.eu\/lv\/product\/stiligs-atputas-kresls-2\/\",\"url\":\"https:\/\/brilune.eu\/lv\/product\/stiligs-atputas-kresls-2\/\",\"name\":\"Stil\u012bgs atp\u016btas kr\u0113sls\",\"isPartOf\":{\"@id\":\"https:\/\/brilune.eu\/lv\/#website\"},\"primaryImageOfPage\":{\"@id\":\"https:\/\/brilune.eu\/lv\/product\/stiligs-atputas-kresls-2\/#primaryimage\"},\"image\":{\"@id\":\"https:\/\/brilune.eu\/lv\/product\/stiligs-atputas-kresls-2\/#primaryimage\"},\"thumbnailUrl\":\"https:\/\/brilune.eu\/wp-content\/uploads\/2025\/01\/1-7.jpg\",\"datePublished\":\"2025-02-18T22:04:10+00:00\",\"dateModified\":\"2025-02-18T22:17:12+00:00\",\"description\":\"Izbaudiet komforta un stila iemiesojumu ar m\u016bsu izsmalcin\u0101to groz\u0101mo kr\u0113slu balt\u0101 kr\u0101s\u0101. \u0160is kr\u0113sls ir izstr\u0101d\u0101ts ar visliel\u0101ko r\u016bp\u012bbu un uzman\u012bbu deta\u013c\u0101m, un tas pied\u0101v\u0101...\",\"breadcrumb\":{\"@id\":\"https:\/\/brilune.eu\/lv\/product\/stiligs-atputas-kresls-2\/#breadcrumb\"},\"inLanguage\":\"lv-LV\",\"potentialAction\":[{\"@type\":\"ReadAction\",\"target\":[\"https:\/\/brilune.eu\/lv\/product\/stiligs-atputas-kresls-2\/\"]}]},{\"@type\":\"ImageObject\",\"inLanguage\":\"lv-LV\",\"@id\":\"https:\/\/brilune.eu\/lv\/product\/stiligs-atputas-kresls-2\/#primaryimage\",\"url\":\"https:\/\/brilune.eu\/wp-content\/uploads\/2025\/01\/1-7.jpg\",\"contentUrl\":\"https:\/\/brilune.eu\/wp-content\/uploads\/2025\/01\/1-7.jpg\",\"width\":720,\"height\":960},{\"@type\":\"BreadcrumbList\",\"@id\":\"https:\/\/brilune.eu\/lv\/product\/stiligs-atputas-kresls-2\/#breadcrumb\",\"itemListElement\":[{\"@type\":\"ListItem\",\"position\":1,\"name\":\"S\u0101kums\",\"item\":\"https:\/\/brilune.eu\/lv\/brilune-mebeles\/\"},{\"@type\":\"ListItem\",\"position\":2,\"name\":\"Visi produkti\",\"item\":\"https:\/\/brilune.eu\/lv\/shop\/\"},{\"@type\":\"ListItem\",\"position\":3,\"name\":\"Stil\u012bgs atp\u016btas kr\u0113sls\"}]},{\"@type\":\"WebSite\",\"@id\":\"https:\/\/brilune.eu\/lv\/#website\",\"url\":\"https:\/\/brilune.eu\/lv\/\",\"name\":\"Brilune\",\"description\":\"M\u0113s pied\u0101v\u0101jam unik\u0101lus un nebiju\u0161us dizainus, kas apvieno eleganci, funkcionalit\u0101ti un rado\u0161umu.\",\"potentialAction\":[{\"@type\":\"SearchAction\",\"target\":{\"@type\":\"EntryPoint\",\"urlTemplate\":\"https:\/\/brilune.eu\/lv\/?s={search_term_string}\"},\"query-input\":{\"@type\":\"PropertyValueSpecification\",\"valueRequired\":true,\"valueName\":\"search_term_string\"}}],\"inLanguage\":\"lv-LV\"}]}<\/script>\n<!-- \/ Yoast SEO plugin. -->","yoast_head_json":{"title":"Stil\u012bgs atp\u016btas kr\u0113sls","description":"Izbaudiet komforta un stila iemiesojumu ar m\u016bsu izsmalcin\u0101to groz\u0101mo kr\u0113slu balt\u0101 kr\u0101s\u0101. \u0160is kr\u0113sls ir izstr\u0101d\u0101ts ar visliel\u0101ko r\u016bp\u012bbu un uzman\u012bbu deta\u013c\u0101m, un tas pied\u0101v\u0101...","robots":{"index":"index","follow":"follow","max-snippet":"max-snippet:-1","max-image-preview":"max-image-preview:large","max-video-preview":"max-video-preview:-1"},"canonical":"https:\/\/brilune.eu\/lv\/product\/stiligs-atputas-kresls-2\/","og_locale":"lv_LV","og_type":"article","og_title":"Stil\u012bgs atp\u016btas kr\u0113sls","og_description":"Izbaudiet komforta un stila iemiesojumu ar m\u016bsu izsmalcin\u0101to groz\u0101mo kr\u0113slu balt\u0101 kr\u0101s\u0101. \u0160is kr\u0113sls ir izstr\u0101d\u0101ts ar visliel\u0101ko r\u016bp\u012bbu un uzman\u012bbu deta\u013c\u0101m, un tas pied\u0101v\u0101...","og_url":"https:\/\/brilune.eu\/lv\/product\/stiligs-atputas-kresls-2\/","og_site_name":"Brilune","article_modified_time":"2025-02-18T22:17:12+00:00","og_image":[{"width":720,"height":960,"url":"https:\/\/brilune.eu\/wp-content\/uploads\/2025\/01\/1-7.jpg","type":"image\/jpeg"}],"twitter_card":"summary_large_image","schema":{"@context":"https:\/\/schema.org","@graph":[{"@type":"WebPage","@id":"https:\/\/brilune.eu\/lv\/product\/stiligs-atputas-kresls-2\/","url":"https:\/\/brilune.eu\/lv\/product\/stiligs-atputas-kresls-2\/","name":"Stil\u012bgs atp\u016btas kr\u0113sls","isPartOf":{"@id":"https:\/\/brilune.eu\/lv\/#website"},"primaryImageOfPage":{"@id":"https:\/\/brilune.eu\/lv\/product\/stiligs-atputas-kresls-2\/#primaryimage"},"image":{"@id":"https:\/\/brilune.eu\/lv\/product\/stiligs-atputas-kresls-2\/#primaryimage"},"thumbnailUrl":"https:\/\/brilune.eu\/wp-content\/uploads\/2025\/01\/1-7.jpg","datePublished":"2025-02-18T22:04:10+00:00","dateModified":"2025-02-18T22:17:12+00:00","description":"Izbaudiet komforta un stila iemiesojumu ar m\u016bsu izsmalcin\u0101to groz\u0101mo kr\u0113slu balt\u0101 kr\u0101s\u0101. \u0160is kr\u0113sls ir izstr\u0101d\u0101ts ar visliel\u0101ko r\u016bp\u012bbu un uzman\u012bbu deta\u013c\u0101m, un tas pied\u0101v\u0101...","breadcrumb":{"@id":"https:\/\/brilune.eu\/lv\/product\/stiligs-atputas-kresls-2\/#breadcrumb"},"inLanguage":"lv-LV","potentialAction":[{"@type":"ReadAction","target":["https:\/\/brilune.eu\/lv\/product\/stiligs-atputas-kresls-2\/"]}]},{"@type":"ImageObject","inLanguage":"lv-LV","@id":"https:\/\/brilune.eu\/lv\/product\/stiligs-atputas-kresls-2\/#primaryimage","url":"https:\/\/brilune.eu\/wp-content\/uploads\/2025\/01\/1-7.jpg","contentUrl":"https:\/\/brilune.eu\/wp-content\/uploads\/2025\/01\/1-7.jpg","width":720,"height":960},{"@type":"BreadcrumbList","@id":"https:\/\/brilune.eu\/lv\/product\/stiligs-atputas-kresls-2\/#breadcrumb","itemListElement":[{"@type":"ListItem","position":1,"name":"S\u0101kums","item":"https:\/\/brilune.eu\/lv\/brilune-mebeles\/"},{"@type":"ListItem","position":2,"name":"Visi produkti","item":"https:\/\/brilune.eu\/lv\/shop\/"},{"@type":"ListItem","position":3,"name":"Stil\u012bgs atp\u016btas kr\u0113sls"}]},{"@type":"WebSite","@id":"https:\/\/brilune.eu\/lv\/#website","url":"https:\/\/brilune.eu\/lv\/","name":"Brilune","description":"M\u0113s pied\u0101v\u0101jam unik\u0101lus un nebiju\u0161us dizainus, kas apvieno eleganci, funkcionalit\u0101ti un rado\u0161umu.","potentialAction":[{"@type":"SearchAction","target":{"@type":"EntryPoint","urlTemplate":"https:\/\/brilune.eu\/lv\/?s={search_term_string}"},"query-input":{"@type":"PropertyValueSpecification","valueRequired":true,"valueName":"search_term_string"}}],"inLanguage":"lv-LV"}]}},"jetpack_sharing_enabled":true,"_links":{"self":[{"href":"https:\/\/brilune.eu\/lv\/wp-json\/wp\/v2\/product\/33565","targetHints":{"allow":["GET"]}}],"collection":[{"href":"https:\/\/brilune.eu\/lv\/wp-json\/wp\/v2\/product"}],"about":[{"href":"https:\/\/brilune.eu\/lv\/wp-json\/wp\/v2\/types\/product"}],"replies":[{"embeddable":true,"href":"https:\/\/brilune.eu\/lv\/wp-json\/wp\/v2\/comments?post=33565"}],"version-history":[{"count":1,"href":"https:\/\/brilune.eu\/lv\/wp-json\/wp\/v2\/product\/33565\/revisions"}],"predecessor-version":[{"id":33610,"href":"https:\/\/brilune.eu\/lv\/wp-json\/wp\/v2\/product\/33565\/revisions\/33610"}],"wp:featuredmedia":[{"embeddable":true,"href":"https:\/\/brilune.eu\/lv\/wp-json\/wp\/v2\/media\/4136"}],"wp:attachment":[{"href":"https:\/\/brilune.eu\/lv\/wp-json\/wp\/v2\/media?parent=33565"}],"wp:term":[{"taxonomy":"product_brand","embeddable":true,"href":"https:\/\/brilune.eu\/lv\/wp-json\/wp\/v2\/product_brand?post=33565"},{"taxonomy":"product_cat","embeddable":true,"href":"https:\/\/brilune.eu\/lv\/wp-json\/wp\/v2\/product_cat?post=33565"},{"taxonomy":"product_tag","embeddable":true,"href":"https:\/\/brilune.eu\/lv\/wp-json\/wp\/v2\/product_tag?post=33565"}],"curies":[{"name":"wp","href":"https:\/\/api.w.org\/{rel}","templated":true}]}}