{"id":33562,"date":"2025-02-19T00:04:09","date_gmt":"2025-02-18T22:04:09","guid":{"rendered":"https:\/\/brilune.eu\/?post_type=product&#038;p=33562"},"modified":"2025-02-19T00:17:07","modified_gmt":"2025-02-18T22:17:07","slug":"musdienigs-atputas-kresls-5","status":"publish","type":"product","link":"https:\/\/brilune.eu\/lv\/product\/musdienigs-atputas-kresls-5\/","title":{"rendered":"M\u016bsdien\u012bgs atp\u016btas kr\u0113sls"},"content":{"rendered":"<p>K\u0101 kompakts atp\u016btas kr\u0113sls, t\u0113rauda karkasa atp\u016btas kr\u0113sla \u0101da ir ide\u0101ls sabiedrotais d\u012bv\u0101niem un liel\u0101kiem atzveltnes kr\u0113sliem. Pateicoties t\u0101 stabilajai darb\u012bbai, to var izmantot ar\u012b sabiedrisk\u0101s viet\u0101s, piem\u0113ram, atp\u016btas telp\u0101s un uz\u0146em\u0161anas zon\u0101s. T\u0101 polster\u0113t\u0101 plastmasas korpusa strukt\u016bra \u013cauj tai saglab\u0101t prec\u012bzu formu pat p\u0113c ilgsto\u0161as \u200b\u200blieto\u0161anas. Ar \u0101du apvilkts kr\u0113sls ir p\u0101rsteidzo\u0161i \u0113rts, neskatoties uz \u0161\u0137ietamo vienk\u0101r\u0161\u012bbu. Izm\u0113ri 75x105x89 cm.<\/p>\n","protected":false},"excerpt":{"rendered":"<p>K\u0101 kompakts atp\u016btas kr\u0113sls, t\u0113rauda karkasa atp\u016btas kr\u0113sla \u0101da ir ide\u0101ls sabiedrotais d\u012bv\u0101niem un liel\u0101kiem atzveltnes kr\u0113sliem. Pateicoties t\u0101 stabilajai veiktsp\u0113jai, tas var&#8230;<\/p>\n","protected":false},"featured_media":4120,"comment_status":"open","ping_status":"closed","template":"","meta":[],"product_brand":[],"product_cat":[1495,4763],"product_tag":[],"class_list":{"0":"post-33562","1":"product","2":"type-product","3":"status-publish","4":"has-post-thumbnail","6":"product_cat-atputas-kresls-kresli-2-3","7":"product_cat-atputas-kresls-kresli-3","9":"first","10":"instock","11":"shipping-taxable","12":"purchasable","13":"product-type-simple"},"yoast_head":"<!-- This site is optimized with the Yoast SEO plugin v26.0 - https:\/\/yoast.com\/wordpress\/plugins\/seo\/ -->\n<title>M\u016bsdien\u012bgs atp\u016btas kr\u0113sls<\/title>\n<meta name=\"description\" content=\"K\u0101 kompakts atp\u016btas kr\u0113sls, t\u0113rauda karkasa atp\u016btas kr\u0113sla \u0101da ir ide\u0101ls sabiedrotais d\u012bv\u0101niem un liel\u0101kiem atzveltnes kr\u0113sliem. Pateicoties t\u0101 stabilajai veiktsp\u0113jai, tas var...\" \/>\n<meta name=\"robots\" content=\"index, follow, max-snippet:-1, max-image-preview:large, max-video-preview:-1\" \/>\n<link rel=\"canonical\" href=\"https:\/\/brilune.eu\/lv\/product\/musdienigs-atputas-kresls-5\/\" \/>\n<meta property=\"og:locale\" content=\"lv_LV\" \/>\n<meta property=\"og:type\" content=\"article\" \/>\n<meta property=\"og:title\" content=\"M\u016bsdien\u012bgs atp\u016btas kr\u0113sls\" \/>\n<meta property=\"og:description\" content=\"K\u0101 kompakts atp\u016btas kr\u0113sls, t\u0113rauda karkasa atp\u016btas kr\u0113sla \u0101da ir ide\u0101ls sabiedrotais d\u012bv\u0101niem un liel\u0101kiem atzveltnes kr\u0113sliem. Pateicoties t\u0101 stabilajai veiktsp\u0113jai, tas var...\" \/>\n<meta property=\"og:url\" content=\"https:\/\/brilune.eu\/lv\/product\/musdienigs-atputas-kresls-5\/\" \/>\n<meta property=\"og:site_name\" content=\"Brilune\" \/>\n<meta property=\"article:modified_time\" content=\"2025-02-18T22:17:07+00:00\" \/>\n<meta property=\"og:image\" content=\"https:\/\/brilune.eu\/wp-content\/uploads\/2025\/01\/4-10-3.jpg\" \/>\n\t<meta property=\"og:image:width\" content=\"800\" \/>\n\t<meta property=\"og:image:height\" content=\"800\" \/>\n\t<meta property=\"og:image:type\" content=\"image\/jpeg\" \/>\n<meta name=\"twitter:card\" content=\"summary_large_image\" \/>\n<script type=\"application\/ld+json\" class=\"yoast-schema-graph\">{\"@context\":\"https:\/\/schema.org\",\"@graph\":[{\"@type\":\"WebPage\",\"@id\":\"https:\/\/brilune.eu\/lv\/product\/musdienigs-atputas-kresls-5\/\",\"url\":\"https:\/\/brilune.eu\/lv\/product\/musdienigs-atputas-kresls-5\/\",\"name\":\"M\u016bsdien\u012bgs atp\u016btas kr\u0113sls\",\"isPartOf\":{\"@id\":\"https:\/\/brilune.eu\/lv\/#website\"},\"primaryImageOfPage\":{\"@id\":\"https:\/\/brilune.eu\/lv\/product\/musdienigs-atputas-kresls-5\/#primaryimage\"},\"image\":{\"@id\":\"https:\/\/brilune.eu\/lv\/product\/musdienigs-atputas-kresls-5\/#primaryimage\"},\"thumbnailUrl\":\"https:\/\/brilune.eu\/wp-content\/uploads\/2025\/01\/4-10-3.jpg\",\"datePublished\":\"2025-02-18T22:04:09+00:00\",\"dateModified\":\"2025-02-18T22:17:07+00:00\",\"description\":\"K\u0101 kompakts atp\u016btas kr\u0113sls, t\u0113rauda karkasa atp\u016btas kr\u0113sla \u0101da ir ide\u0101ls sabiedrotais d\u012bv\u0101niem un liel\u0101kiem atzveltnes kr\u0113sliem. Pateicoties t\u0101 stabilajai veiktsp\u0113jai, tas var...\",\"breadcrumb\":{\"@id\":\"https:\/\/brilune.eu\/lv\/product\/musdienigs-atputas-kresls-5\/#breadcrumb\"},\"inLanguage\":\"lv-LV\",\"potentialAction\":[{\"@type\":\"ReadAction\",\"target\":[\"https:\/\/brilune.eu\/lv\/product\/musdienigs-atputas-kresls-5\/\"]}]},{\"@type\":\"ImageObject\",\"inLanguage\":\"lv-LV\",\"@id\":\"https:\/\/brilune.eu\/lv\/product\/musdienigs-atputas-kresls-5\/#primaryimage\",\"url\":\"https:\/\/brilune.eu\/wp-content\/uploads\/2025\/01\/4-10-3.jpg\",\"contentUrl\":\"https:\/\/brilune.eu\/wp-content\/uploads\/2025\/01\/4-10-3.jpg\",\"width\":800,\"height\":800},{\"@type\":\"BreadcrumbList\",\"@id\":\"https:\/\/brilune.eu\/lv\/product\/musdienigs-atputas-kresls-5\/#breadcrumb\",\"itemListElement\":[{\"@type\":\"ListItem\",\"position\":1,\"name\":\"S\u0101kums\",\"item\":\"https:\/\/brilune.eu\/lv\/brilune-mebeles\/\"},{\"@type\":\"ListItem\",\"position\":2,\"name\":\"Visi produkti\",\"item\":\"https:\/\/brilune.eu\/lv\/shop\/\"},{\"@type\":\"ListItem\",\"position\":3,\"name\":\"M\u016bsdien\u012bgs atp\u016btas kr\u0113sls\"}]},{\"@type\":\"WebSite\",\"@id\":\"https:\/\/brilune.eu\/lv\/#website\",\"url\":\"https:\/\/brilune.eu\/lv\/\",\"name\":\"Brilune\",\"description\":\"M\u0113s pied\u0101v\u0101jam unik\u0101lus un nebiju\u0161us dizainus, kas apvieno eleganci, funkcionalit\u0101ti un rado\u0161umu.\",\"potentialAction\":[{\"@type\":\"SearchAction\",\"target\":{\"@type\":\"EntryPoint\",\"urlTemplate\":\"https:\/\/brilune.eu\/lv\/?s={search_term_string}\"},\"query-input\":{\"@type\":\"PropertyValueSpecification\",\"valueRequired\":true,\"valueName\":\"search_term_string\"}}],\"inLanguage\":\"lv-LV\"}]}<\/script>\n<!-- \/ Yoast SEO plugin. -->","yoast_head_json":{"title":"M\u016bsdien\u012bgs atp\u016btas kr\u0113sls","description":"K\u0101 kompakts atp\u016btas kr\u0113sls, t\u0113rauda karkasa atp\u016btas kr\u0113sla \u0101da ir ide\u0101ls sabiedrotais d\u012bv\u0101niem un liel\u0101kiem atzveltnes kr\u0113sliem. Pateicoties t\u0101 stabilajai veiktsp\u0113jai, tas var...","robots":{"index":"index","follow":"follow","max-snippet":"max-snippet:-1","max-image-preview":"max-image-preview:large","max-video-preview":"max-video-preview:-1"},"canonical":"https:\/\/brilune.eu\/lv\/product\/musdienigs-atputas-kresls-5\/","og_locale":"lv_LV","og_type":"article","og_title":"M\u016bsdien\u012bgs atp\u016btas kr\u0113sls","og_description":"K\u0101 kompakts atp\u016btas kr\u0113sls, t\u0113rauda karkasa atp\u016btas kr\u0113sla \u0101da ir ide\u0101ls sabiedrotais d\u012bv\u0101niem un liel\u0101kiem atzveltnes kr\u0113sliem. Pateicoties t\u0101 stabilajai veiktsp\u0113jai, tas var...","og_url":"https:\/\/brilune.eu\/lv\/product\/musdienigs-atputas-kresls-5\/","og_site_name":"Brilune","article_modified_time":"2025-02-18T22:17:07+00:00","og_image":[{"width":800,"height":800,"url":"https:\/\/brilune.eu\/wp-content\/uploads\/2025\/01\/4-10-3.jpg","type":"image\/jpeg"}],"twitter_card":"summary_large_image","schema":{"@context":"https:\/\/schema.org","@graph":[{"@type":"WebPage","@id":"https:\/\/brilune.eu\/lv\/product\/musdienigs-atputas-kresls-5\/","url":"https:\/\/brilune.eu\/lv\/product\/musdienigs-atputas-kresls-5\/","name":"M\u016bsdien\u012bgs atp\u016btas kr\u0113sls","isPartOf":{"@id":"https:\/\/brilune.eu\/lv\/#website"},"primaryImageOfPage":{"@id":"https:\/\/brilune.eu\/lv\/product\/musdienigs-atputas-kresls-5\/#primaryimage"},"image":{"@id":"https:\/\/brilune.eu\/lv\/product\/musdienigs-atputas-kresls-5\/#primaryimage"},"thumbnailUrl":"https:\/\/brilune.eu\/wp-content\/uploads\/2025\/01\/4-10-3.jpg","datePublished":"2025-02-18T22:04:09+00:00","dateModified":"2025-02-18T22:17:07+00:00","description":"K\u0101 kompakts atp\u016btas kr\u0113sls, t\u0113rauda karkasa atp\u016btas kr\u0113sla \u0101da ir ide\u0101ls sabiedrotais d\u012bv\u0101niem un liel\u0101kiem atzveltnes kr\u0113sliem. Pateicoties t\u0101 stabilajai veiktsp\u0113jai, tas var...","breadcrumb":{"@id":"https:\/\/brilune.eu\/lv\/product\/musdienigs-atputas-kresls-5\/#breadcrumb"},"inLanguage":"lv-LV","potentialAction":[{"@type":"ReadAction","target":["https:\/\/brilune.eu\/lv\/product\/musdienigs-atputas-kresls-5\/"]}]},{"@type":"ImageObject","inLanguage":"lv-LV","@id":"https:\/\/brilune.eu\/lv\/product\/musdienigs-atputas-kresls-5\/#primaryimage","url":"https:\/\/brilune.eu\/wp-content\/uploads\/2025\/01\/4-10-3.jpg","contentUrl":"https:\/\/brilune.eu\/wp-content\/uploads\/2025\/01\/4-10-3.jpg","width":800,"height":800},{"@type":"BreadcrumbList","@id":"https:\/\/brilune.eu\/lv\/product\/musdienigs-atputas-kresls-5\/#breadcrumb","itemListElement":[{"@type":"ListItem","position":1,"name":"S\u0101kums","item":"https:\/\/brilune.eu\/lv\/brilune-mebeles\/"},{"@type":"ListItem","position":2,"name":"Visi produkti","item":"https:\/\/brilune.eu\/lv\/shop\/"},{"@type":"ListItem","position":3,"name":"M\u016bsdien\u012bgs atp\u016btas kr\u0113sls"}]},{"@type":"WebSite","@id":"https:\/\/brilune.eu\/lv\/#website","url":"https:\/\/brilune.eu\/lv\/","name":"Brilune","description":"M\u0113s pied\u0101v\u0101jam unik\u0101lus un nebiju\u0161us dizainus, kas apvieno eleganci, funkcionalit\u0101ti un rado\u0161umu.","potentialAction":[{"@type":"SearchAction","target":{"@type":"EntryPoint","urlTemplate":"https:\/\/brilune.eu\/lv\/?s={search_term_string}"},"query-input":{"@type":"PropertyValueSpecification","valueRequired":true,"valueName":"search_term_string"}}],"inLanguage":"lv-LV"}]}},"jetpack_sharing_enabled":true,"_links":{"self":[{"href":"https:\/\/brilune.eu\/lv\/wp-json\/wp\/v2\/product\/33562","targetHints":{"allow":["GET"]}}],"collection":[{"href":"https:\/\/brilune.eu\/lv\/wp-json\/wp\/v2\/product"}],"about":[{"href":"https:\/\/brilune.eu\/lv\/wp-json\/wp\/v2\/types\/product"}],"replies":[{"embeddable":true,"href":"https:\/\/brilune.eu\/lv\/wp-json\/wp\/v2\/comments?post=33562"}],"version-history":[{"count":1,"href":"https:\/\/brilune.eu\/lv\/wp-json\/wp\/v2\/product\/33562\/revisions"}],"predecessor-version":[{"id":33607,"href":"https:\/\/brilune.eu\/lv\/wp-json\/wp\/v2\/product\/33562\/revisions\/33607"}],"wp:featuredmedia":[{"embeddable":true,"href":"https:\/\/brilune.eu\/lv\/wp-json\/wp\/v2\/media\/4120"}],"wp:attachment":[{"href":"https:\/\/brilune.eu\/lv\/wp-json\/wp\/v2\/media?parent=33562"}],"wp:term":[{"taxonomy":"product_brand","embeddable":true,"href":"https:\/\/brilune.eu\/lv\/wp-json\/wp\/v2\/product_brand?post=33562"},{"taxonomy":"product_cat","embeddable":true,"href":"https:\/\/brilune.eu\/lv\/wp-json\/wp\/v2\/product_cat?post=33562"},{"taxonomy":"product_tag","embeddable":true,"href":"https:\/\/brilune.eu\/lv\/wp-json\/wp\/v2\/product_tag?post=33562"}],"curies":[{"name":"wp","href":"https:\/\/api.w.org\/{rel}","templated":true}]}}