{"id":33495,"date":"2025-02-19T00:03:17","date_gmt":"2025-02-18T22:03:17","guid":{"rendered":"https:\/\/brilune.eu\/?post_type=product&#038;p=33495"},"modified":"2025-02-19T00:16:49","modified_gmt":"2025-02-18T22:16:49","slug":"stiligs-adas-kresls","status":"publish","type":"product","link":"https:\/\/brilune.eu\/lv\/product\/stiligs-adas-kresls\/","title":{"rendered":"Stil\u012bgs \u0101das kr\u0113sls"},"content":{"rendered":"<p>\u0160is kr\u0113sls ir veidots, dom\u0101jot par komfortu un stilu. T\u0101 m\u012bkst\u0101 \u0101das apdare un pl\u012b\u0161a polster\u0113jums nodro\u0161ina \u0113rtu s\u0113d\u0113\u0161anu. Ergonomiskais kr\u0113sla dizains nodro\u0161ina pareizu \u0137erme\u0146a atbalstu s\u0113\u017eot. Turkl\u0101t kr\u0113sla gludais un elegantais dizains padara to par ide\u0101lu papildin\u0101jumu jebkurai modernai viesistabai. Kr\u0113sla meln\u0101 \u0101das apdare un cauru\u013cveida t\u0113rauda r\u0101mis ir ide\u0101la kombin\u0101cija, kas rada skaistu un funkcion\u0101lu m\u0113beli. \u0160is kr\u0113sls ir izgatavots no augstas kvalit\u0101tes materi\u0101liem, kas nodro\u0161ina t\u0101 kalpo\u0161anu gadiem ilgi. Kr\u0113sla \u0101das apdare ir m\u012bksta un iztur\u012bga, padarot to iztur\u012bgu pret nodilumu. Cauru\u013cveida t\u0113rauda r\u0101mis ir iztur\u012bgs, nodro\u0161inot lielisku atbalstu kr\u0113slam. Turkl\u0101t kr\u0113sla dizains ir m\u016b\u017e\u012bgs, kas noz\u012bm\u0113, ka tas b\u016bs stil\u012bgs un funkcion\u0101ls j\u016bsu dz\u012bvojam\u0101s istabas papildin\u0101jums daudzus gadus. Izm\u0113ri: 87x77x73 cm.<\/p>\n","protected":false},"excerpt":{"rendered":"<p>\u0160is kr\u0113sls ir veidots, dom\u0101jot par komfortu un stilu. T\u0101 m\u012bkst\u0101 \u0101das apdare un pl\u012b\u0161a polster\u0113jums nodro\u0161ina \u0113rtu s\u0113d\u0113\u0161anu. Ergonomiskais dizains&#8230;<\/p>\n","protected":false},"featured_media":3950,"comment_status":"open","ping_status":"closed","template":"","meta":[],"product_brand":[],"product_cat":[1495,4763,4769],"product_tag":[],"class_list":{"0":"post-33495","1":"product","2":"type-product","3":"status-publish","4":"has-post-thumbnail","6":"product_cat-atputas-kresls-kresli-2-3","7":"product_cat-atputas-kresls-kresli-3","8":"product_cat-chaise-lounge-kresli-3","10":"first","11":"instock","12":"shipping-taxable","13":"purchasable","14":"product-type-simple"},"yoast_head":"<!-- This site is optimized with the Yoast SEO plugin v26.0 - https:\/\/yoast.com\/wordpress\/plugins\/seo\/ -->\n<title>Stil\u012bgs \u0101das kr\u0113sls<\/title>\n<meta name=\"description\" content=\"\u0160is kr\u0113sls ir veidots, dom\u0101jot par komfortu un stilu. T\u0101 m\u012bkst\u0101 \u0101das apdare un pl\u012b\u0161a polster\u0113jums nodro\u0161ina \u0113rtu s\u0113d\u0113\u0161anu. Ergonomiskais dizains...\" \/>\n<meta name=\"robots\" content=\"index, follow, max-snippet:-1, max-image-preview:large, max-video-preview:-1\" \/>\n<link rel=\"canonical\" href=\"https:\/\/brilune.eu\/lv\/product\/stiligs-adas-kresls\/\" \/>\n<meta property=\"og:locale\" content=\"lv_LV\" \/>\n<meta property=\"og:type\" content=\"article\" \/>\n<meta property=\"og:title\" content=\"Stil\u012bgs \u0101das kr\u0113sls\" \/>\n<meta property=\"og:description\" content=\"\u0160is kr\u0113sls ir veidots, dom\u0101jot par komfortu un stilu. T\u0101 m\u012bkst\u0101 \u0101das apdare un pl\u012b\u0161a polster\u0113jums nodro\u0161ina \u0113rtu s\u0113d\u0113\u0161anu. Ergonomiskais dizains...\" \/>\n<meta property=\"og:url\" content=\"https:\/\/brilune.eu\/lv\/product\/stiligs-adas-kresls\/\" \/>\n<meta property=\"og:site_name\" content=\"Brilune\" \/>\n<meta property=\"article:modified_time\" content=\"2025-02-18T22:16:49+00:00\" \/>\n<meta property=\"og:image\" content=\"https:\/\/brilune.eu\/wp-content\/uploads\/2025\/01\/1-2.png\" \/>\n\t<meta property=\"og:image:width\" content=\"960\" \/>\n\t<meta property=\"og:image:height\" content=\"960\" \/>\n\t<meta property=\"og:image:type\" content=\"image\/png\" \/>\n<meta name=\"twitter:card\" content=\"summary_large_image\" \/>\n<meta name=\"twitter:label1\" content=\"Est. reading time\" \/>\n\t<meta name=\"twitter:data1\" content=\"1 minute\" \/>\n<script type=\"application\/ld+json\" class=\"yoast-schema-graph\">{\"@context\":\"https:\/\/schema.org\",\"@graph\":[{\"@type\":\"WebPage\",\"@id\":\"https:\/\/brilune.eu\/lv\/product\/stiligs-adas-kresls\/\",\"url\":\"https:\/\/brilune.eu\/lv\/product\/stiligs-adas-kresls\/\",\"name\":\"Stil\u012bgs \u0101das kr\u0113sls\",\"isPartOf\":{\"@id\":\"https:\/\/brilune.eu\/lv\/#website\"},\"primaryImageOfPage\":{\"@id\":\"https:\/\/brilune.eu\/lv\/product\/stiligs-adas-kresls\/#primaryimage\"},\"image\":{\"@id\":\"https:\/\/brilune.eu\/lv\/product\/stiligs-adas-kresls\/#primaryimage\"},\"thumbnailUrl\":\"https:\/\/brilune.eu\/wp-content\/uploads\/2025\/01\/1-2.png\",\"datePublished\":\"2025-02-18T22:03:17+00:00\",\"dateModified\":\"2025-02-18T22:16:49+00:00\",\"description\":\"\u0160is kr\u0113sls ir veidots, dom\u0101jot par komfortu un stilu. T\u0101 m\u012bkst\u0101 \u0101das apdare un pl\u012b\u0161a polster\u0113jums nodro\u0161ina \u0113rtu s\u0113d\u0113\u0161anu. Ergonomiskais dizains...\",\"breadcrumb\":{\"@id\":\"https:\/\/brilune.eu\/lv\/product\/stiligs-adas-kresls\/#breadcrumb\"},\"inLanguage\":\"lv-LV\",\"potentialAction\":[{\"@type\":\"ReadAction\",\"target\":[\"https:\/\/brilune.eu\/lv\/product\/stiligs-adas-kresls\/\"]}]},{\"@type\":\"ImageObject\",\"inLanguage\":\"lv-LV\",\"@id\":\"https:\/\/brilune.eu\/lv\/product\/stiligs-adas-kresls\/#primaryimage\",\"url\":\"https:\/\/brilune.eu\/wp-content\/uploads\/2025\/01\/1-2.png\",\"contentUrl\":\"https:\/\/brilune.eu\/wp-content\/uploads\/2025\/01\/1-2.png\",\"width\":960,\"height\":960},{\"@type\":\"BreadcrumbList\",\"@id\":\"https:\/\/brilune.eu\/lv\/product\/stiligs-adas-kresls\/#breadcrumb\",\"itemListElement\":[{\"@type\":\"ListItem\",\"position\":1,\"name\":\"S\u0101kums\",\"item\":\"https:\/\/brilune.eu\/lv\/brilune-mebeles\/\"},{\"@type\":\"ListItem\",\"position\":2,\"name\":\"Visi produkti\",\"item\":\"https:\/\/brilune.eu\/lv\/shop\/\"},{\"@type\":\"ListItem\",\"position\":3,\"name\":\"Stil\u012bgs \u0101das kr\u0113sls\"}]},{\"@type\":\"WebSite\",\"@id\":\"https:\/\/brilune.eu\/lv\/#website\",\"url\":\"https:\/\/brilune.eu\/lv\/\",\"name\":\"Brilune\",\"description\":\"M\u0113s pied\u0101v\u0101jam unik\u0101lus un nebiju\u0161us dizainus, kas apvieno eleganci, funkcionalit\u0101ti un rado\u0161umu.\",\"potentialAction\":[{\"@type\":\"SearchAction\",\"target\":{\"@type\":\"EntryPoint\",\"urlTemplate\":\"https:\/\/brilune.eu\/lv\/?s={search_term_string}\"},\"query-input\":{\"@type\":\"PropertyValueSpecification\",\"valueRequired\":true,\"valueName\":\"search_term_string\"}}],\"inLanguage\":\"lv-LV\"}]}<\/script>\n<!-- \/ Yoast SEO plugin. -->","yoast_head_json":{"title":"Stil\u012bgs \u0101das kr\u0113sls","description":"\u0160is kr\u0113sls ir veidots, dom\u0101jot par komfortu un stilu. T\u0101 m\u012bkst\u0101 \u0101das apdare un pl\u012b\u0161a polster\u0113jums nodro\u0161ina \u0113rtu s\u0113d\u0113\u0161anu. Ergonomiskais dizains...","robots":{"index":"index","follow":"follow","max-snippet":"max-snippet:-1","max-image-preview":"max-image-preview:large","max-video-preview":"max-video-preview:-1"},"canonical":"https:\/\/brilune.eu\/lv\/product\/stiligs-adas-kresls\/","og_locale":"lv_LV","og_type":"article","og_title":"Stil\u012bgs \u0101das kr\u0113sls","og_description":"\u0160is kr\u0113sls ir veidots, dom\u0101jot par komfortu un stilu. T\u0101 m\u012bkst\u0101 \u0101das apdare un pl\u012b\u0161a polster\u0113jums nodro\u0161ina \u0113rtu s\u0113d\u0113\u0161anu. Ergonomiskais dizains...","og_url":"https:\/\/brilune.eu\/lv\/product\/stiligs-adas-kresls\/","og_site_name":"Brilune","article_modified_time":"2025-02-18T22:16:49+00:00","og_image":[{"width":960,"height":960,"url":"https:\/\/brilune.eu\/wp-content\/uploads\/2025\/01\/1-2.png","type":"image\/png"}],"twitter_card":"summary_large_image","twitter_misc":{"Est. reading time":"1 minute"},"schema":{"@context":"https:\/\/schema.org","@graph":[{"@type":"WebPage","@id":"https:\/\/brilune.eu\/lv\/product\/stiligs-adas-kresls\/","url":"https:\/\/brilune.eu\/lv\/product\/stiligs-adas-kresls\/","name":"Stil\u012bgs \u0101das kr\u0113sls","isPartOf":{"@id":"https:\/\/brilune.eu\/lv\/#website"},"primaryImageOfPage":{"@id":"https:\/\/brilune.eu\/lv\/product\/stiligs-adas-kresls\/#primaryimage"},"image":{"@id":"https:\/\/brilune.eu\/lv\/product\/stiligs-adas-kresls\/#primaryimage"},"thumbnailUrl":"https:\/\/brilune.eu\/wp-content\/uploads\/2025\/01\/1-2.png","datePublished":"2025-02-18T22:03:17+00:00","dateModified":"2025-02-18T22:16:49+00:00","description":"\u0160is kr\u0113sls ir veidots, dom\u0101jot par komfortu un stilu. T\u0101 m\u012bkst\u0101 \u0101das apdare un pl\u012b\u0161a polster\u0113jums nodro\u0161ina \u0113rtu s\u0113d\u0113\u0161anu. Ergonomiskais dizains...","breadcrumb":{"@id":"https:\/\/brilune.eu\/lv\/product\/stiligs-adas-kresls\/#breadcrumb"},"inLanguage":"lv-LV","potentialAction":[{"@type":"ReadAction","target":["https:\/\/brilune.eu\/lv\/product\/stiligs-adas-kresls\/"]}]},{"@type":"ImageObject","inLanguage":"lv-LV","@id":"https:\/\/brilune.eu\/lv\/product\/stiligs-adas-kresls\/#primaryimage","url":"https:\/\/brilune.eu\/wp-content\/uploads\/2025\/01\/1-2.png","contentUrl":"https:\/\/brilune.eu\/wp-content\/uploads\/2025\/01\/1-2.png","width":960,"height":960},{"@type":"BreadcrumbList","@id":"https:\/\/brilune.eu\/lv\/product\/stiligs-adas-kresls\/#breadcrumb","itemListElement":[{"@type":"ListItem","position":1,"name":"S\u0101kums","item":"https:\/\/brilune.eu\/lv\/brilune-mebeles\/"},{"@type":"ListItem","position":2,"name":"Visi produkti","item":"https:\/\/brilune.eu\/lv\/shop\/"},{"@type":"ListItem","position":3,"name":"Stil\u012bgs \u0101das kr\u0113sls"}]},{"@type":"WebSite","@id":"https:\/\/brilune.eu\/lv\/#website","url":"https:\/\/brilune.eu\/lv\/","name":"Brilune","description":"M\u0113s pied\u0101v\u0101jam unik\u0101lus un nebiju\u0161us dizainus, kas apvieno eleganci, funkcionalit\u0101ti un rado\u0161umu.","potentialAction":[{"@type":"SearchAction","target":{"@type":"EntryPoint","urlTemplate":"https:\/\/brilune.eu\/lv\/?s={search_term_string}"},"query-input":{"@type":"PropertyValueSpecification","valueRequired":true,"valueName":"search_term_string"}}],"inLanguage":"lv-LV"}]}},"jetpack_sharing_enabled":true,"_links":{"self":[{"href":"https:\/\/brilune.eu\/lv\/wp-json\/wp\/v2\/product\/33495","targetHints":{"allow":["GET"]}}],"collection":[{"href":"https:\/\/brilune.eu\/lv\/wp-json\/wp\/v2\/product"}],"about":[{"href":"https:\/\/brilune.eu\/lv\/wp-json\/wp\/v2\/types\/product"}],"replies":[{"embeddable":true,"href":"https:\/\/brilune.eu\/lv\/wp-json\/wp\/v2\/comments?post=33495"}],"version-history":[{"count":1,"href":"https:\/\/brilune.eu\/lv\/wp-json\/wp\/v2\/product\/33495\/revisions"}],"predecessor-version":[{"id":33542,"href":"https:\/\/brilune.eu\/lv\/wp-json\/wp\/v2\/product\/33495\/revisions\/33542"}],"wp:featuredmedia":[{"embeddable":true,"href":"https:\/\/brilune.eu\/lv\/wp-json\/wp\/v2\/media\/3950"}],"wp:attachment":[{"href":"https:\/\/brilune.eu\/lv\/wp-json\/wp\/v2\/media?parent=33495"}],"wp:term":[{"taxonomy":"product_brand","embeddable":true,"href":"https:\/\/brilune.eu\/lv\/wp-json\/wp\/v2\/product_brand?post=33495"},{"taxonomy":"product_cat","embeddable":true,"href":"https:\/\/brilune.eu\/lv\/wp-json\/wp\/v2\/product_cat?post=33495"},{"taxonomy":"product_tag","embeddable":true,"href":"https:\/\/brilune.eu\/lv\/wp-json\/wp\/v2\/product_tag?post=33495"}],"curies":[{"name":"wp","href":"https:\/\/api.w.org\/{rel}","templated":true}]}}