{"id":33461,"date":"2025-02-19T00:02:50","date_gmt":"2025-02-18T22:02:50","guid":{"rendered":"https:\/\/brilune.eu\/?post_type=product&#038;p=33461"},"modified":"2025-02-19T00:16:36","modified_gmt":"2025-02-18T22:16:36","slug":"musdienigs-atputas-kresls-2","status":"publish","type":"product","link":"https:\/\/brilune.eu\/lv\/product\/musdienigs-atputas-kresls-2\/","title":{"rendered":"M\u016bsdien\u012bgs atp\u016btas kr\u0113sls"},"content":{"rendered":"<p>Kr\u0113slam ir rakstur\u012bgs cauru\u013cveida met\u0101la r\u0101mis, kas veido kr\u0113sla strukt\u016bru. R\u0101mis ir prasm\u012bgi izstr\u0101d\u0101ts un nodro\u0161ina gan stabilit\u0101ti, gan est\u0113tisku pievilc\u012bbu. Atzveltnes kr\u0113sla s\u0113deklis un atzveltne ir apvilkti ar augstas kvalit\u0101tes audumu, kas pied\u0101v\u0101 komfortu un grezn\u012bbu. Viena no izcilaj\u0101m kr\u0113sla \u012bpa\u0161\u012bb\u0101m ir t\u0101 unik\u0101l\u0101 forma. Atzveltne maigi izliekas, nodro\u0161inot ergonomisku atbalstu un \u0113rtu s\u0113d\u0113\u0161anu. Roku balsti ir integr\u0113ti dizain\u0101, papildinot kr\u0113sla kop\u0113jo gludo un racion\u0101lo izskatu. T\u0101s konstrukcij\u0101 izmantotie materi\u0101li ir r\u016bp\u012bgi atlas\u012bti, lai nodro\u0161in\u0101tu iztur\u012bbu un ilgm\u016b\u017e\u012bbu. Izm\u0113ri: 80x103x71 cm.<\/p>\n","protected":false},"excerpt":{"rendered":"<p>Kr\u0113slam ir rakstur\u012bgs cauru\u013cveida met\u0101la r\u0101mis, kas veido kr\u0113sla strukt\u016bru. R\u0101mis ir prasm\u012bgi izstr\u0101d\u0101ts un nodro\u0161ina gan stabilit\u0101ti, gan est\u0113tisku&#8230;<\/p>\n","protected":false},"featured_media":3859,"comment_status":"open","ping_status":"closed","template":"","meta":[],"product_brand":[],"product_cat":[4763,1391,4762],"product_tag":[],"class_list":{"0":"post-33461","1":"product","2":"type-product","3":"status-publish","4":"has-post-thumbnail","6":"product_cat-atputas-kresls-kresli-3","7":"product_cat-atputas-kresls","8":"product_cat-atzveltnes-kresls-kresli-3","10":"first","11":"instock","12":"shipping-taxable","13":"purchasable","14":"product-type-simple"},"yoast_head":"<!-- This site is optimized with the Yoast SEO plugin v26.0 - https:\/\/yoast.com\/wordpress\/plugins\/seo\/ -->\n<title>M\u016bsdien\u012bgs atp\u016btas kr\u0113sls<\/title>\n<meta name=\"description\" content=\"Kr\u0113slam ir rakstur\u012bgs cauru\u013cveida met\u0101la r\u0101mis, kas veido kr\u0113sla strukt\u016bru. R\u0101mis ir prasm\u012bgi izstr\u0101d\u0101ts un nodro\u0161ina gan stabilit\u0101ti, gan est\u0113tisku...\" \/>\n<meta name=\"robots\" content=\"index, follow, max-snippet:-1, max-image-preview:large, max-video-preview:-1\" \/>\n<link rel=\"canonical\" href=\"https:\/\/brilune.eu\/lv\/product\/musdienigs-atputas-kresls-2\/\" \/>\n<meta property=\"og:locale\" content=\"lv_LV\" \/>\n<meta property=\"og:type\" content=\"article\" \/>\n<meta property=\"og:title\" content=\"M\u016bsdien\u012bgs atp\u016btas kr\u0113sls\" \/>\n<meta property=\"og:description\" content=\"Kr\u0113slam ir rakstur\u012bgs cauru\u013cveida met\u0101la r\u0101mis, kas veido kr\u0113sla strukt\u016bru. R\u0101mis ir prasm\u012bgi izstr\u0101d\u0101ts un nodro\u0161ina gan stabilit\u0101ti, gan est\u0113tisku...\" \/>\n<meta property=\"og:url\" content=\"https:\/\/brilune.eu\/lv\/product\/musdienigs-atputas-kresls-2\/\" \/>\n<meta property=\"og:site_name\" content=\"Brilune\" \/>\n<meta property=\"article:modified_time\" content=\"2025-02-18T22:16:36+00:00\" \/>\n<meta property=\"og:image\" content=\"https:\/\/brilune.eu\/wp-content\/uploads\/2025\/01\/1-9-1.jpg\" \/>\n\t<meta property=\"og:image:width\" content=\"800\" \/>\n\t<meta property=\"og:image:height\" content=\"800\" \/>\n\t<meta property=\"og:image:type\" content=\"image\/jpeg\" \/>\n<meta name=\"twitter:card\" content=\"summary_large_image\" \/>\n<meta name=\"twitter:label1\" content=\"Est. reading time\" \/>\n\t<meta name=\"twitter:data1\" content=\"1 minute\" \/>\n<script type=\"application\/ld+json\" class=\"yoast-schema-graph\">{\"@context\":\"https:\/\/schema.org\",\"@graph\":[{\"@type\":\"WebPage\",\"@id\":\"https:\/\/brilune.eu\/lv\/product\/musdienigs-atputas-kresls-2\/\",\"url\":\"https:\/\/brilune.eu\/lv\/product\/musdienigs-atputas-kresls-2\/\",\"name\":\"M\u016bsdien\u012bgs atp\u016btas kr\u0113sls\",\"isPartOf\":{\"@id\":\"https:\/\/brilune.eu\/lv\/#website\"},\"primaryImageOfPage\":{\"@id\":\"https:\/\/brilune.eu\/lv\/product\/musdienigs-atputas-kresls-2\/#primaryimage\"},\"image\":{\"@id\":\"https:\/\/brilune.eu\/lv\/product\/musdienigs-atputas-kresls-2\/#primaryimage\"},\"thumbnailUrl\":\"https:\/\/brilune.eu\/wp-content\/uploads\/2025\/01\/1-9-1.jpg\",\"datePublished\":\"2025-02-18T22:02:50+00:00\",\"dateModified\":\"2025-02-18T22:16:36+00:00\",\"description\":\"Kr\u0113slam ir rakstur\u012bgs cauru\u013cveida met\u0101la r\u0101mis, kas veido kr\u0113sla strukt\u016bru. R\u0101mis ir prasm\u012bgi izstr\u0101d\u0101ts un nodro\u0161ina gan stabilit\u0101ti, gan est\u0113tisku...\",\"breadcrumb\":{\"@id\":\"https:\/\/brilune.eu\/lv\/product\/musdienigs-atputas-kresls-2\/#breadcrumb\"},\"inLanguage\":\"lv-LV\",\"potentialAction\":[{\"@type\":\"ReadAction\",\"target\":[\"https:\/\/brilune.eu\/lv\/product\/musdienigs-atputas-kresls-2\/\"]}]},{\"@type\":\"ImageObject\",\"inLanguage\":\"lv-LV\",\"@id\":\"https:\/\/brilune.eu\/lv\/product\/musdienigs-atputas-kresls-2\/#primaryimage\",\"url\":\"https:\/\/brilune.eu\/wp-content\/uploads\/2025\/01\/1-9-1.jpg\",\"contentUrl\":\"https:\/\/brilune.eu\/wp-content\/uploads\/2025\/01\/1-9-1.jpg\",\"width\":800,\"height\":800},{\"@type\":\"BreadcrumbList\",\"@id\":\"https:\/\/brilune.eu\/lv\/product\/musdienigs-atputas-kresls-2\/#breadcrumb\",\"itemListElement\":[{\"@type\":\"ListItem\",\"position\":1,\"name\":\"S\u0101kums\",\"item\":\"https:\/\/brilune.eu\/lv\/brilune-mebeles\/\"},{\"@type\":\"ListItem\",\"position\":2,\"name\":\"Visi produkti\",\"item\":\"https:\/\/brilune.eu\/lv\/shop\/\"},{\"@type\":\"ListItem\",\"position\":3,\"name\":\"M\u016bsdien\u012bgs atp\u016btas kr\u0113sls\"}]},{\"@type\":\"WebSite\",\"@id\":\"https:\/\/brilune.eu\/lv\/#website\",\"url\":\"https:\/\/brilune.eu\/lv\/\",\"name\":\"Brilune\",\"description\":\"M\u0113s pied\u0101v\u0101jam unik\u0101lus un nebiju\u0161us dizainus, kas apvieno eleganci, funkcionalit\u0101ti un rado\u0161umu.\",\"potentialAction\":[{\"@type\":\"SearchAction\",\"target\":{\"@type\":\"EntryPoint\",\"urlTemplate\":\"https:\/\/brilune.eu\/lv\/?s={search_term_string}\"},\"query-input\":{\"@type\":\"PropertyValueSpecification\",\"valueRequired\":true,\"valueName\":\"search_term_string\"}}],\"inLanguage\":\"lv-LV\"}]}<\/script>\n<!-- \/ Yoast SEO plugin. -->","yoast_head_json":{"title":"M\u016bsdien\u012bgs atp\u016btas kr\u0113sls","description":"Kr\u0113slam ir rakstur\u012bgs cauru\u013cveida met\u0101la r\u0101mis, kas veido kr\u0113sla strukt\u016bru. R\u0101mis ir prasm\u012bgi izstr\u0101d\u0101ts un nodro\u0161ina gan stabilit\u0101ti, gan est\u0113tisku...","robots":{"index":"index","follow":"follow","max-snippet":"max-snippet:-1","max-image-preview":"max-image-preview:large","max-video-preview":"max-video-preview:-1"},"canonical":"https:\/\/brilune.eu\/lv\/product\/musdienigs-atputas-kresls-2\/","og_locale":"lv_LV","og_type":"article","og_title":"M\u016bsdien\u012bgs atp\u016btas kr\u0113sls","og_description":"Kr\u0113slam ir rakstur\u012bgs cauru\u013cveida met\u0101la r\u0101mis, kas veido kr\u0113sla strukt\u016bru. R\u0101mis ir prasm\u012bgi izstr\u0101d\u0101ts un nodro\u0161ina gan stabilit\u0101ti, gan est\u0113tisku...","og_url":"https:\/\/brilune.eu\/lv\/product\/musdienigs-atputas-kresls-2\/","og_site_name":"Brilune","article_modified_time":"2025-02-18T22:16:36+00:00","og_image":[{"width":800,"height":800,"url":"https:\/\/brilune.eu\/wp-content\/uploads\/2025\/01\/1-9-1.jpg","type":"image\/jpeg"}],"twitter_card":"summary_large_image","twitter_misc":{"Est. reading time":"1 minute"},"schema":{"@context":"https:\/\/schema.org","@graph":[{"@type":"WebPage","@id":"https:\/\/brilune.eu\/lv\/product\/musdienigs-atputas-kresls-2\/","url":"https:\/\/brilune.eu\/lv\/product\/musdienigs-atputas-kresls-2\/","name":"M\u016bsdien\u012bgs atp\u016btas kr\u0113sls","isPartOf":{"@id":"https:\/\/brilune.eu\/lv\/#website"},"primaryImageOfPage":{"@id":"https:\/\/brilune.eu\/lv\/product\/musdienigs-atputas-kresls-2\/#primaryimage"},"image":{"@id":"https:\/\/brilune.eu\/lv\/product\/musdienigs-atputas-kresls-2\/#primaryimage"},"thumbnailUrl":"https:\/\/brilune.eu\/wp-content\/uploads\/2025\/01\/1-9-1.jpg","datePublished":"2025-02-18T22:02:50+00:00","dateModified":"2025-02-18T22:16:36+00:00","description":"Kr\u0113slam ir rakstur\u012bgs cauru\u013cveida met\u0101la r\u0101mis, kas veido kr\u0113sla strukt\u016bru. R\u0101mis ir prasm\u012bgi izstr\u0101d\u0101ts un nodro\u0161ina gan stabilit\u0101ti, gan est\u0113tisku...","breadcrumb":{"@id":"https:\/\/brilune.eu\/lv\/product\/musdienigs-atputas-kresls-2\/#breadcrumb"},"inLanguage":"lv-LV","potentialAction":[{"@type":"ReadAction","target":["https:\/\/brilune.eu\/lv\/product\/musdienigs-atputas-kresls-2\/"]}]},{"@type":"ImageObject","inLanguage":"lv-LV","@id":"https:\/\/brilune.eu\/lv\/product\/musdienigs-atputas-kresls-2\/#primaryimage","url":"https:\/\/brilune.eu\/wp-content\/uploads\/2025\/01\/1-9-1.jpg","contentUrl":"https:\/\/brilune.eu\/wp-content\/uploads\/2025\/01\/1-9-1.jpg","width":800,"height":800},{"@type":"BreadcrumbList","@id":"https:\/\/brilune.eu\/lv\/product\/musdienigs-atputas-kresls-2\/#breadcrumb","itemListElement":[{"@type":"ListItem","position":1,"name":"S\u0101kums","item":"https:\/\/brilune.eu\/lv\/brilune-mebeles\/"},{"@type":"ListItem","position":2,"name":"Visi produkti","item":"https:\/\/brilune.eu\/lv\/shop\/"},{"@type":"ListItem","position":3,"name":"M\u016bsdien\u012bgs atp\u016btas kr\u0113sls"}]},{"@type":"WebSite","@id":"https:\/\/brilune.eu\/lv\/#website","url":"https:\/\/brilune.eu\/lv\/","name":"Brilune","description":"M\u0113s pied\u0101v\u0101jam unik\u0101lus un nebiju\u0161us dizainus, kas apvieno eleganci, funkcionalit\u0101ti un rado\u0161umu.","potentialAction":[{"@type":"SearchAction","target":{"@type":"EntryPoint","urlTemplate":"https:\/\/brilune.eu\/lv\/?s={search_term_string}"},"query-input":{"@type":"PropertyValueSpecification","valueRequired":true,"valueName":"search_term_string"}}],"inLanguage":"lv-LV"}]}},"jetpack_sharing_enabled":true,"_links":{"self":[{"href":"https:\/\/brilune.eu\/lv\/wp-json\/wp\/v2\/product\/33461","targetHints":{"allow":["GET"]}}],"collection":[{"href":"https:\/\/brilune.eu\/lv\/wp-json\/wp\/v2\/product"}],"about":[{"href":"https:\/\/brilune.eu\/lv\/wp-json\/wp\/v2\/types\/product"}],"replies":[{"embeddable":true,"href":"https:\/\/brilune.eu\/lv\/wp-json\/wp\/v2\/comments?post=33461"}],"version-history":[{"count":1,"href":"https:\/\/brilune.eu\/lv\/wp-json\/wp\/v2\/product\/33461\/revisions"}],"predecessor-version":[{"id":33507,"href":"https:\/\/brilune.eu\/lv\/wp-json\/wp\/v2\/product\/33461\/revisions\/33507"}],"wp:featuredmedia":[{"embeddable":true,"href":"https:\/\/brilune.eu\/lv\/wp-json\/wp\/v2\/media\/3859"}],"wp:attachment":[{"href":"https:\/\/brilune.eu\/lv\/wp-json\/wp\/v2\/media?parent=33461"}],"wp:term":[{"taxonomy":"product_brand","embeddable":true,"href":"https:\/\/brilune.eu\/lv\/wp-json\/wp\/v2\/product_brand?post=33461"},{"taxonomy":"product_cat","embeddable":true,"href":"https:\/\/brilune.eu\/lv\/wp-json\/wp\/v2\/product_cat?post=33461"},{"taxonomy":"product_tag","embeddable":true,"href":"https:\/\/brilune.eu\/lv\/wp-json\/wp\/v2\/product_tag?post=33461"}],"curies":[{"name":"wp","href":"https:\/\/api.w.org\/{rel}","templated":true}]}}