{"id":33403,"date":"2025-02-19T00:01:59","date_gmt":"2025-02-18T22:01:59","guid":{"rendered":"https:\/\/brilune.eu\/?post_type=product&#038;p=33403"},"modified":"2025-02-19T00:16:17","modified_gmt":"2025-02-18T22:16:17","slug":"elegants-atputas-kresls","status":"publish","type":"product","link":"https:\/\/brilune.eu\/lv\/product\/elegants-atputas-kresls\/","title":{"rendered":"Elegants atp\u016btas kr\u0113sls"},"content":{"rendered":"<p>Ar savu novatorisko dizainu \u0161is kr\u0113sls iemieso m\u016bsdien\u012bguma un elegances b\u016bt\u012bbu. Piln\u012bb\u0101 p\u0101rveidots kr\u0113sls ar t\u012br\u0101m l\u012bnij\u0101m un minim\u0101listisku siluetu, padarot to par ide\u0101lu papildin\u0101jumu jebkurai modernai m\u0101jai vai birojam. T\u0101s ergonomiskais dizains nodro\u0161ina optim\u0101lu komfortu un atbalstu, \u013caujot s\u0113d\u0113t ilgu laiku bez diskomforta. Neatkar\u012bgi no t\u0101, vai j\u016bs baud\u0101t klusu vakaru ar gr\u0101matu vai iesaist\u0101ties dz\u012bv\u0101 sarun\u0101 ar draugiem, \u0161is kr\u0113sls pied\u0101v\u0101 nep\u0101rsp\u0113jamu komfortu un relaks\u0101ciju. Izm\u0113ri: 75x115x73 cm.<\/p>\n","protected":false},"excerpt":{"rendered":"<p>Ar savu novatorisko dizainu \u0161is kr\u0113sls iemieso m\u016bsdien\u012bguma un elegances b\u016bt\u012bbu. Piln\u012bb\u0101 p\u0101rveidots kr\u0113sls ar t\u012br\u0101m l\u012bnij\u0101m un minim\u0101lisma silo&#8230;<\/p>\n","protected":false},"featured_media":2183,"comment_status":"open","ping_status":"closed","template":"","meta":[],"product_brand":[],"product_cat":[1480,4764,4763],"product_tag":[],"class_list":{"0":"post-33403","1":"product","2":"type-product","3":"status-publish","4":"has-post-thumbnail","6":"product_cat-accent-chair-kresli","7":"product_cat-accent-chair-kresli-3-2","8":"product_cat-atputas-kresls-kresli-3","10":"first","11":"instock","12":"shipping-taxable","13":"purchasable","14":"product-type-simple"},"yoast_head":"<!-- This site is optimized with the Yoast SEO plugin v26.0 - https:\/\/yoast.com\/wordpress\/plugins\/seo\/ -->\n<title>Elegants atp\u016btas kr\u0113sls<\/title>\n<meta name=\"description\" content=\"Ar savu novatorisko dizainu \u0161is kr\u0113sls iemieso m\u016bsdien\u012bguma un elegances b\u016bt\u012bbu. Piln\u012bb\u0101 p\u0101rveidots kr\u0113sls ar t\u012br\u0101m l\u012bnij\u0101m un minim\u0101lisma silo...\" \/>\n<meta name=\"robots\" content=\"index, follow, max-snippet:-1, max-image-preview:large, max-video-preview:-1\" \/>\n<link rel=\"canonical\" href=\"https:\/\/brilune.eu\/lv\/product\/elegants-atputas-kresls\/\" \/>\n<meta property=\"og:locale\" content=\"lv_LV\" \/>\n<meta property=\"og:type\" content=\"article\" \/>\n<meta property=\"og:title\" content=\"Elegants atp\u016btas kr\u0113sls\" \/>\n<meta property=\"og:description\" content=\"Ar savu novatorisko dizainu \u0161is kr\u0113sls iemieso m\u016bsdien\u012bguma un elegances b\u016bt\u012bbu. Piln\u012bb\u0101 p\u0101rveidots kr\u0113sls ar t\u012br\u0101m l\u012bnij\u0101m un minim\u0101lisma silo...\" \/>\n<meta property=\"og:url\" content=\"https:\/\/brilune.eu\/lv\/product\/elegants-atputas-kresls\/\" \/>\n<meta property=\"og:site_name\" content=\"Brilune\" \/>\n<meta property=\"article:modified_time\" content=\"2025-02-18T22:16:17+00:00\" \/>\n<meta property=\"og:image\" content=\"https:\/\/brilune.eu\/wp-content\/uploads\/2024\/12\/5-11.jpg\" \/>\n\t<meta property=\"og:image:width\" content=\"800\" \/>\n\t<meta property=\"og:image:height\" content=\"800\" \/>\n\t<meta property=\"og:image:type\" content=\"image\/jpeg\" \/>\n<meta name=\"twitter:card\" content=\"summary_large_image\" \/>\n<meta name=\"twitter:label1\" content=\"Est. reading time\" \/>\n\t<meta name=\"twitter:data1\" content=\"1 minute\" \/>\n<script type=\"application\/ld+json\" class=\"yoast-schema-graph\">{\"@context\":\"https:\/\/schema.org\",\"@graph\":[{\"@type\":\"WebPage\",\"@id\":\"https:\/\/brilune.eu\/lv\/product\/elegants-atputas-kresls\/\",\"url\":\"https:\/\/brilune.eu\/lv\/product\/elegants-atputas-kresls\/\",\"name\":\"Elegants atp\u016btas kr\u0113sls\",\"isPartOf\":{\"@id\":\"https:\/\/brilune.eu\/lv\/#website\"},\"primaryImageOfPage\":{\"@id\":\"https:\/\/brilune.eu\/lv\/product\/elegants-atputas-kresls\/#primaryimage\"},\"image\":{\"@id\":\"https:\/\/brilune.eu\/lv\/product\/elegants-atputas-kresls\/#primaryimage\"},\"thumbnailUrl\":\"https:\/\/brilune.eu\/wp-content\/uploads\/2024\/12\/5-11.jpg\",\"datePublished\":\"2025-02-18T22:01:59+00:00\",\"dateModified\":\"2025-02-18T22:16:17+00:00\",\"description\":\"Ar savu novatorisko dizainu \u0161is kr\u0113sls iemieso m\u016bsdien\u012bguma un elegances b\u016bt\u012bbu. Piln\u012bb\u0101 p\u0101rveidots kr\u0113sls ar t\u012br\u0101m l\u012bnij\u0101m un minim\u0101lisma silo...\",\"breadcrumb\":{\"@id\":\"https:\/\/brilune.eu\/lv\/product\/elegants-atputas-kresls\/#breadcrumb\"},\"inLanguage\":\"lv-LV\",\"potentialAction\":[{\"@type\":\"ReadAction\",\"target\":[\"https:\/\/brilune.eu\/lv\/product\/elegants-atputas-kresls\/\"]}]},{\"@type\":\"ImageObject\",\"inLanguage\":\"lv-LV\",\"@id\":\"https:\/\/brilune.eu\/lv\/product\/elegants-atputas-kresls\/#primaryimage\",\"url\":\"https:\/\/brilune.eu\/wp-content\/uploads\/2024\/12\/5-11.jpg\",\"contentUrl\":\"https:\/\/brilune.eu\/wp-content\/uploads\/2024\/12\/5-11.jpg\",\"width\":800,\"height\":800},{\"@type\":\"BreadcrumbList\",\"@id\":\"https:\/\/brilune.eu\/lv\/product\/elegants-atputas-kresls\/#breadcrumb\",\"itemListElement\":[{\"@type\":\"ListItem\",\"position\":1,\"name\":\"S\u0101kums\",\"item\":\"https:\/\/brilune.eu\/lv\/brilune-mebeles\/\"},{\"@type\":\"ListItem\",\"position\":2,\"name\":\"Visi produkti\",\"item\":\"https:\/\/brilune.eu\/lv\/shop\/\"},{\"@type\":\"ListItem\",\"position\":3,\"name\":\"Elegants atp\u016btas kr\u0113sls\"}]},{\"@type\":\"WebSite\",\"@id\":\"https:\/\/brilune.eu\/lv\/#website\",\"url\":\"https:\/\/brilune.eu\/lv\/\",\"name\":\"Brilune\",\"description\":\"M\u0113s pied\u0101v\u0101jam unik\u0101lus un nebiju\u0161us dizainus, kas apvieno eleganci, funkcionalit\u0101ti un rado\u0161umu.\",\"potentialAction\":[{\"@type\":\"SearchAction\",\"target\":{\"@type\":\"EntryPoint\",\"urlTemplate\":\"https:\/\/brilune.eu\/lv\/?s={search_term_string}\"},\"query-input\":{\"@type\":\"PropertyValueSpecification\",\"valueRequired\":true,\"valueName\":\"search_term_string\"}}],\"inLanguage\":\"lv-LV\"}]}<\/script>\n<!-- \/ Yoast SEO plugin. -->","yoast_head_json":{"title":"Elegants atp\u016btas kr\u0113sls","description":"Ar savu novatorisko dizainu \u0161is kr\u0113sls iemieso m\u016bsdien\u012bguma un elegances b\u016bt\u012bbu. Piln\u012bb\u0101 p\u0101rveidots kr\u0113sls ar t\u012br\u0101m l\u012bnij\u0101m un minim\u0101lisma silo...","robots":{"index":"index","follow":"follow","max-snippet":"max-snippet:-1","max-image-preview":"max-image-preview:large","max-video-preview":"max-video-preview:-1"},"canonical":"https:\/\/brilune.eu\/lv\/product\/elegants-atputas-kresls\/","og_locale":"lv_LV","og_type":"article","og_title":"Elegants atp\u016btas kr\u0113sls","og_description":"Ar savu novatorisko dizainu \u0161is kr\u0113sls iemieso m\u016bsdien\u012bguma un elegances b\u016bt\u012bbu. Piln\u012bb\u0101 p\u0101rveidots kr\u0113sls ar t\u012br\u0101m l\u012bnij\u0101m un minim\u0101lisma silo...","og_url":"https:\/\/brilune.eu\/lv\/product\/elegants-atputas-kresls\/","og_site_name":"Brilune","article_modified_time":"2025-02-18T22:16:17+00:00","og_image":[{"width":800,"height":800,"url":"https:\/\/brilune.eu\/wp-content\/uploads\/2024\/12\/5-11.jpg","type":"image\/jpeg"}],"twitter_card":"summary_large_image","twitter_misc":{"Est. reading time":"1 minute"},"schema":{"@context":"https:\/\/schema.org","@graph":[{"@type":"WebPage","@id":"https:\/\/brilune.eu\/lv\/product\/elegants-atputas-kresls\/","url":"https:\/\/brilune.eu\/lv\/product\/elegants-atputas-kresls\/","name":"Elegants atp\u016btas kr\u0113sls","isPartOf":{"@id":"https:\/\/brilune.eu\/lv\/#website"},"primaryImageOfPage":{"@id":"https:\/\/brilune.eu\/lv\/product\/elegants-atputas-kresls\/#primaryimage"},"image":{"@id":"https:\/\/brilune.eu\/lv\/product\/elegants-atputas-kresls\/#primaryimage"},"thumbnailUrl":"https:\/\/brilune.eu\/wp-content\/uploads\/2024\/12\/5-11.jpg","datePublished":"2025-02-18T22:01:59+00:00","dateModified":"2025-02-18T22:16:17+00:00","description":"Ar savu novatorisko dizainu \u0161is kr\u0113sls iemieso m\u016bsdien\u012bguma un elegances b\u016bt\u012bbu. Piln\u012bb\u0101 p\u0101rveidots kr\u0113sls ar t\u012br\u0101m l\u012bnij\u0101m un minim\u0101lisma silo...","breadcrumb":{"@id":"https:\/\/brilune.eu\/lv\/product\/elegants-atputas-kresls\/#breadcrumb"},"inLanguage":"lv-LV","potentialAction":[{"@type":"ReadAction","target":["https:\/\/brilune.eu\/lv\/product\/elegants-atputas-kresls\/"]}]},{"@type":"ImageObject","inLanguage":"lv-LV","@id":"https:\/\/brilune.eu\/lv\/product\/elegants-atputas-kresls\/#primaryimage","url":"https:\/\/brilune.eu\/wp-content\/uploads\/2024\/12\/5-11.jpg","contentUrl":"https:\/\/brilune.eu\/wp-content\/uploads\/2024\/12\/5-11.jpg","width":800,"height":800},{"@type":"BreadcrumbList","@id":"https:\/\/brilune.eu\/lv\/product\/elegants-atputas-kresls\/#breadcrumb","itemListElement":[{"@type":"ListItem","position":1,"name":"S\u0101kums","item":"https:\/\/brilune.eu\/lv\/brilune-mebeles\/"},{"@type":"ListItem","position":2,"name":"Visi produkti","item":"https:\/\/brilune.eu\/lv\/shop\/"},{"@type":"ListItem","position":3,"name":"Elegants atp\u016btas kr\u0113sls"}]},{"@type":"WebSite","@id":"https:\/\/brilune.eu\/lv\/#website","url":"https:\/\/brilune.eu\/lv\/","name":"Brilune","description":"M\u0113s pied\u0101v\u0101jam unik\u0101lus un nebiju\u0161us dizainus, kas apvieno eleganci, funkcionalit\u0101ti un rado\u0161umu.","potentialAction":[{"@type":"SearchAction","target":{"@type":"EntryPoint","urlTemplate":"https:\/\/brilune.eu\/lv\/?s={search_term_string}"},"query-input":{"@type":"PropertyValueSpecification","valueRequired":true,"valueName":"search_term_string"}}],"inLanguage":"lv-LV"}]}},"jetpack_sharing_enabled":true,"_links":{"self":[{"href":"https:\/\/brilune.eu\/lv\/wp-json\/wp\/v2\/product\/33403","targetHints":{"allow":["GET"]}}],"collection":[{"href":"https:\/\/brilune.eu\/lv\/wp-json\/wp\/v2\/product"}],"about":[{"href":"https:\/\/brilune.eu\/lv\/wp-json\/wp\/v2\/types\/product"}],"replies":[{"embeddable":true,"href":"https:\/\/brilune.eu\/lv\/wp-json\/wp\/v2\/comments?post=33403"}],"version-history":[{"count":1,"href":"https:\/\/brilune.eu\/lv\/wp-json\/wp\/v2\/product\/33403\/revisions"}],"predecessor-version":[{"id":33447,"href":"https:\/\/brilune.eu\/lv\/wp-json\/wp\/v2\/product\/33403\/revisions\/33447"}],"wp:featuredmedia":[{"embeddable":true,"href":"https:\/\/brilune.eu\/lv\/wp-json\/wp\/v2\/media\/2183"}],"wp:attachment":[{"href":"https:\/\/brilune.eu\/lv\/wp-json\/wp\/v2\/media?parent=33403"}],"wp:term":[{"taxonomy":"product_brand","embeddable":true,"href":"https:\/\/brilune.eu\/lv\/wp-json\/wp\/v2\/product_brand?post=33403"},{"taxonomy":"product_cat","embeddable":true,"href":"https:\/\/brilune.eu\/lv\/wp-json\/wp\/v2\/product_cat?post=33403"},{"taxonomy":"product_tag","embeddable":true,"href":"https:\/\/brilune.eu\/lv\/wp-json\/wp\/v2\/product_tag?post=33403"}],"curies":[{"name":"wp","href":"https:\/\/api.w.org\/{rel}","templated":true}]}}