{"id":33397,"date":"2025-02-19T00:01:58","date_gmt":"2025-02-18T22:01:58","guid":{"rendered":"https:\/\/brilune.eu\/?post_type=product&#038;p=33397"},"modified":"2025-02-19T00:16:11","modified_gmt":"2025-02-18T22:16:11","slug":"miksts-kresls","status":"publish","type":"product","link":"https:\/\/brilune.eu\/lv\/product\/miksts-kresls\/","title":{"rendered":"M\u012bksts kr\u0113sls"},"content":{"rendered":"<p>\u0160is atzveltnes kr\u0113sls ir paz\u012bstams ar savu at\u0161\u0137ir\u012bgo un avangarda dizainu, ko raksturo t\u012bras l\u012bnijas un \u0123eometriskas formas. Tam ir mas\u012bvkoka r\u0101mis ar \u0113rtu polster\u0113jumu gan vizu\u0101lai pievilc\u012bbai, gan komfortam. Dizaina m\u0113r\u0137is bija izveidot funkcion\u0101lu, praktisku un vizu\u0101li uzkr\u012bto\u0161u m\u0113beli. Atzveltnes kr\u0113slam ir zems s\u0113deklis un nedaudz sl\u012bpa atzveltne, kas nodro\u0161ina \u0113rtu s\u0113dvietu. T\u0101 kompaktais izm\u0113rs padara to piem\u0113rotu da\u017e\u0101d\u0101m dz\u012bvojam\u0101m telp\u0101m, tostarp dz\u012bvojam\u0101m istab\u0101m, birojiem vai pat atp\u016btas telp\u0101m. Atzveltnes kr\u0113sls ir k\u013cuvis par ikonisku dizainu, kas ir modernisma paraugs, un ir bijis redzams daudz\u0101s dizaina izst\u0101d\u0113s vis\u0101 pasaul\u0113. Kolekcion\u0101ri un dizaina entuziasti to \u013coti pieprasa t\u0101 v\u0113sturisk\u0101s noz\u012bmes un m\u016b\u017e\u012bg\u0101s est\u0113tisk\u0101s pievilc\u012bbas d\u0113\u013c. Izm\u0113ri: 73x80x78 cm.<\/p>\n","protected":false},"excerpt":{"rendered":"<p>\u0160is atzveltnes kr\u0113sls ir paz\u012bstams ar savu at\u0161\u0137ir\u012bgo un avangarda dizainu, ko raksturo t\u012bras l\u012bnijas un \u0123eometriskas formas. Tam ir mas\u012bvkoka r\u0101mis ar \u0113rtu &#8230;<\/p>\n","protected":false},"featured_media":2175,"comment_status":"open","ping_status":"closed","template":"","meta":[],"product_brand":[],"product_cat":[1391,4763,4762],"product_tag":[],"class_list":{"0":"post-33397","1":"product","2":"type-product","3":"status-publish","4":"has-post-thumbnail","6":"product_cat-atputas-kresls","7":"product_cat-atputas-kresls-kresli-3","8":"product_cat-atzveltnes-kresls-kresli-3","10":"first","11":"instock","12":"shipping-taxable","13":"purchasable","14":"product-type-simple"},"yoast_head":"<!-- This site is optimized with the Yoast SEO plugin v26.0 - https:\/\/yoast.com\/wordpress\/plugins\/seo\/ -->\n<title>M\u012bksts kr\u0113sls<\/title>\n<meta name=\"description\" content=\"\u0160is atzveltnes kr\u0113sls ir paz\u012bstams ar savu at\u0161\u0137ir\u012bgo un avangarda dizainu, ko raksturo t\u012bras l\u012bnijas un \u0123eometriskas formas. Tam ir mas\u012bvkoka r\u0101mis ar \u0113rtu ...\" \/>\n<meta name=\"robots\" content=\"index, follow, max-snippet:-1, max-image-preview:large, max-video-preview:-1\" \/>\n<link rel=\"canonical\" href=\"https:\/\/brilune.eu\/lv\/product\/miksts-kresls\/\" \/>\n<meta property=\"og:locale\" content=\"lv_LV\" \/>\n<meta property=\"og:type\" content=\"article\" \/>\n<meta property=\"og:title\" content=\"M\u012bksts kr\u0113sls\" \/>\n<meta property=\"og:description\" content=\"\u0160is atzveltnes kr\u0113sls ir paz\u012bstams ar savu at\u0161\u0137ir\u012bgo un avangarda dizainu, ko raksturo t\u012bras l\u012bnijas un \u0123eometriskas formas. Tam ir mas\u012bvkoka r\u0101mis ar \u0113rtu ...\" \/>\n<meta property=\"og:url\" content=\"https:\/\/brilune.eu\/lv\/product\/miksts-kresls\/\" \/>\n<meta property=\"og:site_name\" content=\"Brilune\" \/>\n<meta property=\"article:modified_time\" content=\"2025-02-18T22:16:11+00:00\" \/>\n<meta property=\"og:image\" content=\"https:\/\/brilune.eu\/wp-content\/uploads\/2024\/12\/7.jpg\" \/>\n\t<meta property=\"og:image:width\" content=\"800\" \/>\n\t<meta property=\"og:image:height\" content=\"800\" \/>\n\t<meta property=\"og:image:type\" content=\"image\/jpeg\" \/>\n<meta name=\"twitter:card\" content=\"summary_large_image\" \/>\n<meta name=\"twitter:label1\" content=\"Est. reading time\" \/>\n\t<meta name=\"twitter:data1\" content=\"1 minute\" \/>\n<script type=\"application\/ld+json\" class=\"yoast-schema-graph\">{\"@context\":\"https:\/\/schema.org\",\"@graph\":[{\"@type\":\"WebPage\",\"@id\":\"https:\/\/brilune.eu\/lv\/product\/miksts-kresls\/\",\"url\":\"https:\/\/brilune.eu\/lv\/product\/miksts-kresls\/\",\"name\":\"M\u012bksts kr\u0113sls\",\"isPartOf\":{\"@id\":\"https:\/\/brilune.eu\/lv\/#website\"},\"primaryImageOfPage\":{\"@id\":\"https:\/\/brilune.eu\/lv\/product\/miksts-kresls\/#primaryimage\"},\"image\":{\"@id\":\"https:\/\/brilune.eu\/lv\/product\/miksts-kresls\/#primaryimage\"},\"thumbnailUrl\":\"https:\/\/brilune.eu\/wp-content\/uploads\/2024\/12\/7.jpg\",\"datePublished\":\"2025-02-18T22:01:58+00:00\",\"dateModified\":\"2025-02-18T22:16:11+00:00\",\"description\":\"\u0160is atzveltnes kr\u0113sls ir paz\u012bstams ar savu at\u0161\u0137ir\u012bgo un avangarda dizainu, ko raksturo t\u012bras l\u012bnijas un \u0123eometriskas formas. Tam ir mas\u012bvkoka r\u0101mis ar \u0113rtu ...\",\"breadcrumb\":{\"@id\":\"https:\/\/brilune.eu\/lv\/product\/miksts-kresls\/#breadcrumb\"},\"inLanguage\":\"lv-LV\",\"potentialAction\":[{\"@type\":\"ReadAction\",\"target\":[\"https:\/\/brilune.eu\/lv\/product\/miksts-kresls\/\"]}]},{\"@type\":\"ImageObject\",\"inLanguage\":\"lv-LV\",\"@id\":\"https:\/\/brilune.eu\/lv\/product\/miksts-kresls\/#primaryimage\",\"url\":\"https:\/\/brilune.eu\/wp-content\/uploads\/2024\/12\/7.jpg\",\"contentUrl\":\"https:\/\/brilune.eu\/wp-content\/uploads\/2024\/12\/7.jpg\",\"width\":800,\"height\":800},{\"@type\":\"BreadcrumbList\",\"@id\":\"https:\/\/brilune.eu\/lv\/product\/miksts-kresls\/#breadcrumb\",\"itemListElement\":[{\"@type\":\"ListItem\",\"position\":1,\"name\":\"S\u0101kums\",\"item\":\"https:\/\/brilune.eu\/lv\/brilune-mebeles\/\"},{\"@type\":\"ListItem\",\"position\":2,\"name\":\"Visi produkti\",\"item\":\"https:\/\/brilune.eu\/lv\/shop\/\"},{\"@type\":\"ListItem\",\"position\":3,\"name\":\"M\u012bksts kr\u0113sls\"}]},{\"@type\":\"WebSite\",\"@id\":\"https:\/\/brilune.eu\/lv\/#website\",\"url\":\"https:\/\/brilune.eu\/lv\/\",\"name\":\"Brilune\",\"description\":\"M\u0113s pied\u0101v\u0101jam unik\u0101lus un nebiju\u0161us dizainus, kas apvieno eleganci, funkcionalit\u0101ti un rado\u0161umu.\",\"potentialAction\":[{\"@type\":\"SearchAction\",\"target\":{\"@type\":\"EntryPoint\",\"urlTemplate\":\"https:\/\/brilune.eu\/lv\/?s={search_term_string}\"},\"query-input\":{\"@type\":\"PropertyValueSpecification\",\"valueRequired\":true,\"valueName\":\"search_term_string\"}}],\"inLanguage\":\"lv-LV\"}]}<\/script>\n<!-- \/ Yoast SEO plugin. -->","yoast_head_json":{"title":"M\u012bksts kr\u0113sls","description":"\u0160is atzveltnes kr\u0113sls ir paz\u012bstams ar savu at\u0161\u0137ir\u012bgo un avangarda dizainu, ko raksturo t\u012bras l\u012bnijas un \u0123eometriskas formas. Tam ir mas\u012bvkoka r\u0101mis ar \u0113rtu ...","robots":{"index":"index","follow":"follow","max-snippet":"max-snippet:-1","max-image-preview":"max-image-preview:large","max-video-preview":"max-video-preview:-1"},"canonical":"https:\/\/brilune.eu\/lv\/product\/miksts-kresls\/","og_locale":"lv_LV","og_type":"article","og_title":"M\u012bksts kr\u0113sls","og_description":"\u0160is atzveltnes kr\u0113sls ir paz\u012bstams ar savu at\u0161\u0137ir\u012bgo un avangarda dizainu, ko raksturo t\u012bras l\u012bnijas un \u0123eometriskas formas. Tam ir mas\u012bvkoka r\u0101mis ar \u0113rtu ...","og_url":"https:\/\/brilune.eu\/lv\/product\/miksts-kresls\/","og_site_name":"Brilune","article_modified_time":"2025-02-18T22:16:11+00:00","og_image":[{"width":800,"height":800,"url":"https:\/\/brilune.eu\/wp-content\/uploads\/2024\/12\/7.jpg","type":"image\/jpeg"}],"twitter_card":"summary_large_image","twitter_misc":{"Est. reading time":"1 minute"},"schema":{"@context":"https:\/\/schema.org","@graph":[{"@type":"WebPage","@id":"https:\/\/brilune.eu\/lv\/product\/miksts-kresls\/","url":"https:\/\/brilune.eu\/lv\/product\/miksts-kresls\/","name":"M\u012bksts kr\u0113sls","isPartOf":{"@id":"https:\/\/brilune.eu\/lv\/#website"},"primaryImageOfPage":{"@id":"https:\/\/brilune.eu\/lv\/product\/miksts-kresls\/#primaryimage"},"image":{"@id":"https:\/\/brilune.eu\/lv\/product\/miksts-kresls\/#primaryimage"},"thumbnailUrl":"https:\/\/brilune.eu\/wp-content\/uploads\/2024\/12\/7.jpg","datePublished":"2025-02-18T22:01:58+00:00","dateModified":"2025-02-18T22:16:11+00:00","description":"\u0160is atzveltnes kr\u0113sls ir paz\u012bstams ar savu at\u0161\u0137ir\u012bgo un avangarda dizainu, ko raksturo t\u012bras l\u012bnijas un \u0123eometriskas formas. Tam ir mas\u012bvkoka r\u0101mis ar \u0113rtu ...","breadcrumb":{"@id":"https:\/\/brilune.eu\/lv\/product\/miksts-kresls\/#breadcrumb"},"inLanguage":"lv-LV","potentialAction":[{"@type":"ReadAction","target":["https:\/\/brilune.eu\/lv\/product\/miksts-kresls\/"]}]},{"@type":"ImageObject","inLanguage":"lv-LV","@id":"https:\/\/brilune.eu\/lv\/product\/miksts-kresls\/#primaryimage","url":"https:\/\/brilune.eu\/wp-content\/uploads\/2024\/12\/7.jpg","contentUrl":"https:\/\/brilune.eu\/wp-content\/uploads\/2024\/12\/7.jpg","width":800,"height":800},{"@type":"BreadcrumbList","@id":"https:\/\/brilune.eu\/lv\/product\/miksts-kresls\/#breadcrumb","itemListElement":[{"@type":"ListItem","position":1,"name":"S\u0101kums","item":"https:\/\/brilune.eu\/lv\/brilune-mebeles\/"},{"@type":"ListItem","position":2,"name":"Visi produkti","item":"https:\/\/brilune.eu\/lv\/shop\/"},{"@type":"ListItem","position":3,"name":"M\u012bksts kr\u0113sls"}]},{"@type":"WebSite","@id":"https:\/\/brilune.eu\/lv\/#website","url":"https:\/\/brilune.eu\/lv\/","name":"Brilune","description":"M\u0113s pied\u0101v\u0101jam unik\u0101lus un nebiju\u0161us dizainus, kas apvieno eleganci, funkcionalit\u0101ti un rado\u0161umu.","potentialAction":[{"@type":"SearchAction","target":{"@type":"EntryPoint","urlTemplate":"https:\/\/brilune.eu\/lv\/?s={search_term_string}"},"query-input":{"@type":"PropertyValueSpecification","valueRequired":true,"valueName":"search_term_string"}}],"inLanguage":"lv-LV"}]}},"jetpack_sharing_enabled":true,"_links":{"self":[{"href":"https:\/\/brilune.eu\/lv\/wp-json\/wp\/v2\/product\/33397","targetHints":{"allow":["GET"]}}],"collection":[{"href":"https:\/\/brilune.eu\/lv\/wp-json\/wp\/v2\/product"}],"about":[{"href":"https:\/\/brilune.eu\/lv\/wp-json\/wp\/v2\/types\/product"}],"replies":[{"embeddable":true,"href":"https:\/\/brilune.eu\/lv\/wp-json\/wp\/v2\/comments?post=33397"}],"version-history":[{"count":1,"href":"https:\/\/brilune.eu\/lv\/wp-json\/wp\/v2\/product\/33397\/revisions"}],"predecessor-version":[{"id":33441,"href":"https:\/\/brilune.eu\/lv\/wp-json\/wp\/v2\/product\/33397\/revisions\/33441"}],"wp:featuredmedia":[{"embeddable":true,"href":"https:\/\/brilune.eu\/lv\/wp-json\/wp\/v2\/media\/2175"}],"wp:attachment":[{"href":"https:\/\/brilune.eu\/lv\/wp-json\/wp\/v2\/media?parent=33397"}],"wp:term":[{"taxonomy":"product_brand","embeddable":true,"href":"https:\/\/brilune.eu\/lv\/wp-json\/wp\/v2\/product_brand?post=33397"},{"taxonomy":"product_cat","embeddable":true,"href":"https:\/\/brilune.eu\/lv\/wp-json\/wp\/v2\/product_cat?post=33397"},{"taxonomy":"product_tag","embeddable":true,"href":"https:\/\/brilune.eu\/lv\/wp-json\/wp\/v2\/product_tag?post=33397"}],"curies":[{"name":"wp","href":"https:\/\/api.w.org\/{rel}","templated":true}]}}