{"id":33239,"date":"2025-02-18T23:50:33","date_gmt":"2025-02-18T21:50:33","guid":{"rendered":"https:\/\/brilune.eu\/?post_type=product&#038;p=33239"},"modified":"2025-02-18T23:56:35","modified_gmt":"2025-02-18T21:56:35","slug":"modish-timber-tv-stativs","status":"publish","type":"product","link":"https:\/\/brilune.eu\/lv\/product\/modish-timber-tv-stativs\/","title":{"rendered":"Modish Timber TV stat\u012bvs"},"content":{"rendered":"<p>\u0160is modernais TV stat\u012bvs kr\u0113mbalt\u0101 kr\u0101s\u0101 b\u016bs stil\u012bgs akcents j\u016bsu interjer\u0101. Ar \u010detr\u0101m durv\u012bm tas pied\u0101v\u0101 \u0113rtu un sl\u0113ptu uzglab\u0101\u0161anas vietu, kas ir ide\u0101li piem\u0113rota da\u017e\u0101du priek\u0161metu k\u0101rto\u0161anai. \u010cetras atvilktnes \u013cauj gl\u012bti sak\u0101rtot visas nepiecie\u0161am\u0101s lietas. Minim\u0101listiskais dizains uzsver \u0161\u012b stat\u012bva eleganci un funkcionalit\u0101ti, savuk\u0101rt iztur\u012bgais koka r\u0101mis nodro\u0161ina iztur\u012bbu.<\/p>\n<p>Materi\u0101ls: Koks. Izm\u0113rs: 160\u00d740\u00d745 cm.<\/p>\n","protected":false},"excerpt":{"rendered":"<p>\u0160is modernais TV stat\u012bvs kr\u0113mbalt\u0101 kr\u0101s\u0101 b\u016bs stil\u012bgs akcents j\u016bsu interjer\u0101. Ar \u010detr\u0101m durv\u012bm tas pied\u0101v\u0101 \u0113rtu un sl\u0113ptu uzglab\u0101\u0161anas vietu, kas ir ide\u0101li piem\u0113rota&#8230;<\/p>\n","protected":false},"featured_media":16497,"comment_status":"open","ping_status":"closed","template":"","meta":[],"product_brand":[],"product_cat":[1319,4752],"product_tag":[],"class_list":{"0":"post-33239","1":"product","2":"type-product","3":"status-publish","4":"has-post-thumbnail","6":"product_cat-tv-stativi","7":"product_cat-tv-stativi-uzglabasana","9":"first","10":"instock","11":"shipping-taxable","12":"purchasable","13":"product-type-variable"},"yoast_head":"<!-- This site is optimized with the Yoast SEO plugin v26.0 - https:\/\/yoast.com\/wordpress\/plugins\/seo\/ -->\n<title>Modish Timber TV stat\u012bvs<\/title>\n<meta name=\"description\" content=\"\u0160is modernais TV stat\u012bvs kr\u0113mbalt\u0101 kr\u0101s\u0101 b\u016bs stil\u012bgs akcents j\u016bsu interjer\u0101. Ar \u010detr\u0101m durv\u012bm tas pied\u0101v\u0101 \u0113rtu un sl\u0113ptu uzglab\u0101\u0161anas vietu, kas ir ide\u0101li piem\u0113rota...\" \/>\n<meta name=\"robots\" content=\"index, follow, max-snippet:-1, max-image-preview:large, max-video-preview:-1\" \/>\n<link rel=\"canonical\" href=\"https:\/\/brilune.eu\/lv\/product\/modish-timber-tv-stativs\/\" \/>\n<meta property=\"og:locale\" content=\"lv_LV\" \/>\n<meta property=\"og:type\" content=\"article\" \/>\n<meta property=\"og:title\" content=\"Modish Timber TV stat\u012bvs\" \/>\n<meta property=\"og:description\" content=\"\u0160is modernais TV stat\u012bvs kr\u0113mbalt\u0101 kr\u0101s\u0101 b\u016bs stil\u012bgs akcents j\u016bsu interjer\u0101. Ar \u010detr\u0101m durv\u012bm tas pied\u0101v\u0101 \u0113rtu un sl\u0113ptu uzglab\u0101\u0161anas vietu, kas ir ide\u0101li piem\u0113rota...\" \/>\n<meta property=\"og:url\" content=\"https:\/\/brilune.eu\/lv\/product\/modish-timber-tv-stativs\/\" \/>\n<meta property=\"og:site_name\" content=\"Brilune\" \/>\n<meta property=\"article:modified_time\" content=\"2025-02-18T21:56:35+00:00\" \/>\n<meta property=\"og:image\" content=\"https:\/\/brilune.eu\/wp-content\/uploads\/2025\/01\/1200x1200-202.jpg\" \/>\n\t<meta property=\"og:image:width\" content=\"800\" \/>\n\t<meta property=\"og:image:height\" content=\"800\" \/>\n\t<meta property=\"og:image:type\" content=\"image\/jpeg\" \/>\n<meta name=\"twitter:card\" content=\"summary_large_image\" \/>\n<script type=\"application\/ld+json\" class=\"yoast-schema-graph\">{\"@context\":\"https:\/\/schema.org\",\"@graph\":[{\"@type\":\"WebPage\",\"@id\":\"https:\/\/brilune.eu\/lv\/product\/modish-timber-tv-stativs\/\",\"url\":\"https:\/\/brilune.eu\/lv\/product\/modish-timber-tv-stativs\/\",\"name\":\"Modish Timber TV stat\u012bvs\",\"isPartOf\":{\"@id\":\"https:\/\/brilune.eu\/lv\/#website\"},\"primaryImageOfPage\":{\"@id\":\"https:\/\/brilune.eu\/lv\/product\/modish-timber-tv-stativs\/#primaryimage\"},\"image\":{\"@id\":\"https:\/\/brilune.eu\/lv\/product\/modish-timber-tv-stativs\/#primaryimage\"},\"thumbnailUrl\":\"https:\/\/brilune.eu\/wp-content\/uploads\/2025\/01\/1200x1200-202.jpg\",\"datePublished\":\"2025-02-18T21:50:33+00:00\",\"dateModified\":\"2025-02-18T21:56:35+00:00\",\"description\":\"\u0160is modernais TV stat\u012bvs kr\u0113mbalt\u0101 kr\u0101s\u0101 b\u016bs stil\u012bgs akcents j\u016bsu interjer\u0101. Ar \u010detr\u0101m durv\u012bm tas pied\u0101v\u0101 \u0113rtu un sl\u0113ptu uzglab\u0101\u0161anas vietu, kas ir ide\u0101li piem\u0113rota...\",\"breadcrumb\":{\"@id\":\"https:\/\/brilune.eu\/lv\/product\/modish-timber-tv-stativs\/#breadcrumb\"},\"inLanguage\":\"lv-LV\",\"potentialAction\":[{\"@type\":\"ReadAction\",\"target\":[\"https:\/\/brilune.eu\/lv\/product\/modish-timber-tv-stativs\/\"]}]},{\"@type\":\"ImageObject\",\"inLanguage\":\"lv-LV\",\"@id\":\"https:\/\/brilune.eu\/lv\/product\/modish-timber-tv-stativs\/#primaryimage\",\"url\":\"https:\/\/brilune.eu\/wp-content\/uploads\/2025\/01\/1200x1200-202.jpg\",\"contentUrl\":\"https:\/\/brilune.eu\/wp-content\/uploads\/2025\/01\/1200x1200-202.jpg\",\"width\":800,\"height\":800},{\"@type\":\"BreadcrumbList\",\"@id\":\"https:\/\/brilune.eu\/lv\/product\/modish-timber-tv-stativs\/#breadcrumb\",\"itemListElement\":[{\"@type\":\"ListItem\",\"position\":1,\"name\":\"S\u0101kums\",\"item\":\"https:\/\/brilune.eu\/lv\/brilune-mebeles\/\"},{\"@type\":\"ListItem\",\"position\":2,\"name\":\"Visi produkti\",\"item\":\"https:\/\/brilune.eu\/lv\/shop\/\"},{\"@type\":\"ListItem\",\"position\":3,\"name\":\"Modish Timber TV stat\u012bvs\"}]},{\"@type\":\"WebSite\",\"@id\":\"https:\/\/brilune.eu\/lv\/#website\",\"url\":\"https:\/\/brilune.eu\/lv\/\",\"name\":\"Brilune\",\"description\":\"M\u0113s pied\u0101v\u0101jam unik\u0101lus un nebiju\u0161us dizainus, kas apvieno eleganci, funkcionalit\u0101ti un rado\u0161umu.\",\"potentialAction\":[{\"@type\":\"SearchAction\",\"target\":{\"@type\":\"EntryPoint\",\"urlTemplate\":\"https:\/\/brilune.eu\/lv\/?s={search_term_string}\"},\"query-input\":{\"@type\":\"PropertyValueSpecification\",\"valueRequired\":true,\"valueName\":\"search_term_string\"}}],\"inLanguage\":\"lv-LV\"}]}<\/script>\n<!-- \/ Yoast SEO plugin. -->","yoast_head_json":{"title":"Modish Timber TV stat\u012bvs","description":"\u0160is modernais TV stat\u012bvs kr\u0113mbalt\u0101 kr\u0101s\u0101 b\u016bs stil\u012bgs akcents j\u016bsu interjer\u0101. Ar \u010detr\u0101m durv\u012bm tas pied\u0101v\u0101 \u0113rtu un sl\u0113ptu uzglab\u0101\u0161anas vietu, kas ir ide\u0101li piem\u0113rota...","robots":{"index":"index","follow":"follow","max-snippet":"max-snippet:-1","max-image-preview":"max-image-preview:large","max-video-preview":"max-video-preview:-1"},"canonical":"https:\/\/brilune.eu\/lv\/product\/modish-timber-tv-stativs\/","og_locale":"lv_LV","og_type":"article","og_title":"Modish Timber TV stat\u012bvs","og_description":"\u0160is modernais TV stat\u012bvs kr\u0113mbalt\u0101 kr\u0101s\u0101 b\u016bs stil\u012bgs akcents j\u016bsu interjer\u0101. Ar \u010detr\u0101m durv\u012bm tas pied\u0101v\u0101 \u0113rtu un sl\u0113ptu uzglab\u0101\u0161anas vietu, kas ir ide\u0101li piem\u0113rota...","og_url":"https:\/\/brilune.eu\/lv\/product\/modish-timber-tv-stativs\/","og_site_name":"Brilune","article_modified_time":"2025-02-18T21:56:35+00:00","og_image":[{"width":800,"height":800,"url":"https:\/\/brilune.eu\/wp-content\/uploads\/2025\/01\/1200x1200-202.jpg","type":"image\/jpeg"}],"twitter_card":"summary_large_image","schema":{"@context":"https:\/\/schema.org","@graph":[{"@type":"WebPage","@id":"https:\/\/brilune.eu\/lv\/product\/modish-timber-tv-stativs\/","url":"https:\/\/brilune.eu\/lv\/product\/modish-timber-tv-stativs\/","name":"Modish Timber TV stat\u012bvs","isPartOf":{"@id":"https:\/\/brilune.eu\/lv\/#website"},"primaryImageOfPage":{"@id":"https:\/\/brilune.eu\/lv\/product\/modish-timber-tv-stativs\/#primaryimage"},"image":{"@id":"https:\/\/brilune.eu\/lv\/product\/modish-timber-tv-stativs\/#primaryimage"},"thumbnailUrl":"https:\/\/brilune.eu\/wp-content\/uploads\/2025\/01\/1200x1200-202.jpg","datePublished":"2025-02-18T21:50:33+00:00","dateModified":"2025-02-18T21:56:35+00:00","description":"\u0160is modernais TV stat\u012bvs kr\u0113mbalt\u0101 kr\u0101s\u0101 b\u016bs stil\u012bgs akcents j\u016bsu interjer\u0101. Ar \u010detr\u0101m durv\u012bm tas pied\u0101v\u0101 \u0113rtu un sl\u0113ptu uzglab\u0101\u0161anas vietu, kas ir ide\u0101li piem\u0113rota...","breadcrumb":{"@id":"https:\/\/brilune.eu\/lv\/product\/modish-timber-tv-stativs\/#breadcrumb"},"inLanguage":"lv-LV","potentialAction":[{"@type":"ReadAction","target":["https:\/\/brilune.eu\/lv\/product\/modish-timber-tv-stativs\/"]}]},{"@type":"ImageObject","inLanguage":"lv-LV","@id":"https:\/\/brilune.eu\/lv\/product\/modish-timber-tv-stativs\/#primaryimage","url":"https:\/\/brilune.eu\/wp-content\/uploads\/2025\/01\/1200x1200-202.jpg","contentUrl":"https:\/\/brilune.eu\/wp-content\/uploads\/2025\/01\/1200x1200-202.jpg","width":800,"height":800},{"@type":"BreadcrumbList","@id":"https:\/\/brilune.eu\/lv\/product\/modish-timber-tv-stativs\/#breadcrumb","itemListElement":[{"@type":"ListItem","position":1,"name":"S\u0101kums","item":"https:\/\/brilune.eu\/lv\/brilune-mebeles\/"},{"@type":"ListItem","position":2,"name":"Visi produkti","item":"https:\/\/brilune.eu\/lv\/shop\/"},{"@type":"ListItem","position":3,"name":"Modish Timber TV stat\u012bvs"}]},{"@type":"WebSite","@id":"https:\/\/brilune.eu\/lv\/#website","url":"https:\/\/brilune.eu\/lv\/","name":"Brilune","description":"M\u0113s pied\u0101v\u0101jam unik\u0101lus un nebiju\u0161us dizainus, kas apvieno eleganci, funkcionalit\u0101ti un rado\u0161umu.","potentialAction":[{"@type":"SearchAction","target":{"@type":"EntryPoint","urlTemplate":"https:\/\/brilune.eu\/lv\/?s={search_term_string}"},"query-input":{"@type":"PropertyValueSpecification","valueRequired":true,"valueName":"search_term_string"}}],"inLanguage":"lv-LV"}]}},"jetpack_sharing_enabled":true,"_links":{"self":[{"href":"https:\/\/brilune.eu\/lv\/wp-json\/wp\/v2\/product\/33239","targetHints":{"allow":["GET"]}}],"collection":[{"href":"https:\/\/brilune.eu\/lv\/wp-json\/wp\/v2\/product"}],"about":[{"href":"https:\/\/brilune.eu\/lv\/wp-json\/wp\/v2\/types\/product"}],"replies":[{"embeddable":true,"href":"https:\/\/brilune.eu\/lv\/wp-json\/wp\/v2\/comments?post=33239"}],"version-history":[{"count":1,"href":"https:\/\/brilune.eu\/lv\/wp-json\/wp\/v2\/product\/33239\/revisions"}],"predecessor-version":[{"id":33257,"href":"https:\/\/brilune.eu\/lv\/wp-json\/wp\/v2\/product\/33239\/revisions\/33257"}],"wp:featuredmedia":[{"embeddable":true,"href":"https:\/\/brilune.eu\/lv\/wp-json\/wp\/v2\/media\/16497"}],"wp:attachment":[{"href":"https:\/\/brilune.eu\/lv\/wp-json\/wp\/v2\/media?parent=33239"}],"wp:term":[{"taxonomy":"product_brand","embeddable":true,"href":"https:\/\/brilune.eu\/lv\/wp-json\/wp\/v2\/product_brand?post=33239"},{"taxonomy":"product_cat","embeddable":true,"href":"https:\/\/brilune.eu\/lv\/wp-json\/wp\/v2\/product_cat?post=33239"},{"taxonomy":"product_tag","embeddable":true,"href":"https:\/\/brilune.eu\/lv\/wp-json\/wp\/v2\/product_tag?post=33239"}],"curies":[{"name":"wp","href":"https:\/\/api.w.org\/{rel}","templated":true}]}}